{"id":152,"date":"2021-12-20T13:14:32","date_gmt":"2021-12-20T13:14:32","guid":{"rendered":"https:\/\/www.femmeharmone.com\/?page_id=152"},"modified":"2026-01-07T22:36:01","modified_gmt":"2026-01-07T22:36:01","slug":"kutatocsoport","status":"publish","type":"page","link":"https:\/\/www.femmeharmone.com\/eng\/kutatointezet\/kutatocsoport\/","title":{"rendered":"Research Group"},"content":{"rendered":"<h2 class=\"wp-block-heading has-text-align-center\"><strong>Forum for Contemporary Women\u2019s Reflections Research Institue<\/strong><\/h2>\n\n\n\n<h3 class=\"wp-block-heading has-text-align-center\"><strong>CULTURAL MEMORY, FEMININITY AND SUSTAINABILITY<\/strong><\/h3>\n\n\n\n<div style=\"height:100px\" aria-hidden=\"true\" class=\"wp-block-spacer\"><\/div>\n\n\n\n<p><em>\"Our society has always been dominated by the yang, or masculine values and attitudes while neglecting their yin or feminine counterparts. Read more self-assertion over assimilation, analysis over synthesis, rational knowledge over intuitive wisdom, science over religion, competition over cooperation, growth over conservation, and so on. This one-sided development has entered an alarming stage - the social, ecological, moral and spiritual crisis.<\/em><\/p>\n\n\n\n<p><em>At the same time, however, we are witnessing the beginning of a huge evolutionary movement that seems to reflect the ancient Chinese saying that \"the yang, having reached its peak, retreats to the foreground to give way to the yin.\"<\/em><\/p>\n\n\n\n<p class=\"has-text-align-right\"><em><em>(Fritjof Capra: The Tao of Physics. Tericum Publishing, p. 15)<\/em><\/em><\/p>\n\n\n\n<div style=\"height:100px\" aria-hidden=\"true\" class=\"wp-block-spacer\"><\/div>\n\n\n\n<p>The Forum for Contemporary Women's Reflections has as its fundamental objective - the contemporary state of femininity. The main objective of the Forum for Contemporary Women's Reflections is to provide a forward-looking, non-ideological, culturally anthropological approach to the current situation of women a future-oriented discussion space. It is motivated by three problems:<\/p>\n\n\n\n<p>1. The situation of femininity is unresolved.<\/p>\n\n\n\n<p>2. There is no known theoretical or practical experiment that is independent of the interests and influences of the moment such as ideologies and there is no current or attempt to address the problem.<\/p>\n\n\n\n<p>3. There is no conceptual framework in the public discourse that can be used to understand the problem in all its complexity.<\/p>\n\n\n\n<p>The last of the above three points is the primary challenge. As long as this is not understandable and the concept is therefore not available in order to communicate the essence of the problem, no further progress can be made. There is no doubt that instinctive feminist movements have tryed to resolve the problem, but the result-centricity and economic aspects have determined the search for a solution, further this has been undertaken in the same masculinist cultural context in which the problem was created. This in turn has had an impact on the scientific apparatus for setting up the background, as well as on the political embedding processes.<\/p>\n\n\n\n<p>We see the liberation of the interpretative framework as possible only in the historical perspective within which the interpretation of the reality of women can be traced through a sufficiently thorough analysis, with all the changes that have brought us to the present-day social context, which is fraught with tensions in the environment. The starting point is the myths that have survived from antiquity, in which the feminine functionality was much more nuanced and much more pronounced than in today's culture. This was followed by the masculine and feminine traditions of Christianity, which have their roots in the Old Testament in the context of a consolidating system of feudal social relations which transformed the thinking of the whole of Europe. Starting from symbolism, the operable human functions, the cultural indoctrination that is still valid today which is now so masculine in its approach and value preferences that the feminine functions of the human body are no longer in accordance with their social value seems unnatural. To resolve this disproportionality, the symbolic world of myths, their historical metamorphosis and changes in social relations, we can see the social changes of societies. In this way, particular attention will be paid to symbolism, myth, religion and theology, the arts, psychology and psychiatry, which will be used to reinterpretations, can be used to build a framework for articulating the real problem - a conceptual framework. The Forum for Contemporary Women's Reflections - in its name - carries that intellectual position, which it must take as a given in the discursive space of femininity previously opened up by others. It is forced to reflect on previous trends in order to define itself in a coordinated way, such in a way not only of discrimination, but also of self-initiated trajectories of thought and new strategies of resolution are also reflected. We intend to resolve this disproportion by interpreting the symbolic world of myths, their historical bmetamorphosis, and changes in social conditions.<\/p>\n\n\n\n<div style=\"height:100px\" aria-hidden=\"true\" class=\"wp-block-spacer\"><\/div>\n\n\n\n<h2 class=\"wp-block-heading has-text-align-center\">Members of the Research Group<\/h2>\n\n\n\n<p class=\"has-text-align-center\">(Click on the name for the CV, hungarian only)<\/p>\n\n\n\n<div style=\"height:60px\" aria-hidden=\"true\" class=\"wp-block-spacer\"><\/div>\n\n\n\n<div class=\"wp-block-buttons is-content-justification-center is-layout-flex wp-container-core-buttons-is-layout-1 wp-block-buttons-is-layout-flex\">\n<div class=\"wp-block-button\"><a class=\"wp-block-button__link wp-element-button\" href=\"https:\/\/www.femmeharmone.com\/wp-content\/uploads\/2023\/11\/Dr_Baros_Gyimothy_Eszter.pdf\" target=\"_blank\" rel=\"noreferrer noopener\">Dr. Eszter Baros-Gyim\u00f3thy<\/a><\/div>\n<\/div>\n\n\n\n<div style=\"height:30px\" aria-hidden=\"true\" class=\"wp-block-spacer\"><\/div>\n\n\n\n<div class=\"wp-block-buttons is-content-justification-center is-layout-flex wp-container-core-buttons-is-layout-2 wp-block-buttons-is-layout-flex\">\n<div class=\"wp-block-button\"><a class=\"wp-block-button__link has-text-align-center wp-element-button\" href=\"https:\/\/www.femmeharmone.com\/wp-content\/uploads\/2024\/05\/Dr_Braun_Laszlo.pdf\" target=\"_blank\" rel=\"noreferrer noopener\">Dr. L\u00e1szl\u00f3 Braun<\/a><\/div>\n<\/div>\n\n\n\n<div style=\"height:30px\" aria-hidden=\"true\" class=\"wp-block-spacer\"><\/div>\n\n\n\n<div class=\"wp-block-buttons is-content-justification-center is-layout-flex wp-container-core-buttons-is-layout-3 wp-block-buttons-is-layout-flex\">\n<div class=\"wp-block-button\"><a class=\"wp-block-button__link wp-element-button\" href=\"https:\/\/www.femmeharmone.com\/wp-content\/uploads\/2023\/11\/Dr_Dioszegi_Szabo_Pal.pdf\" target=\"_blank\" rel=\"noreferrer noopener\">Dr. P\u00e1l Di\u00f3szegi Szab\u00f3<\/a><\/div>\n<\/div>\n\n\n\n<div style=\"height:30px\" aria-hidden=\"true\" class=\"wp-block-spacer\"><\/div>\n\n\n\n<div class=\"wp-block-buttons is-content-justification-center is-layout-flex wp-container-core-buttons-is-layout-4 wp-block-buttons-is-layout-flex\">\n<div class=\"wp-block-button\"><a class=\"wp-block-button__link wp-element-button\" href=\"https:\/\/www.femmeharmone.com\/wp-content\/uploads\/2023\/11\/Dr_Hartmann_Kakucska_Maria_.pdf\" target=\"_blank\" rel=\"noreferrer noopener\">Dr. M\u00e1ria Hartmann-Kakucska<\/a><\/div>\n<\/div>\n\n\n\n<div style=\"height:30px\" aria-hidden=\"true\" class=\"wp-block-spacer\"><\/div>\n\n\n\n<div class=\"wp-block-buttons is-content-justification-center is-layout-flex wp-container-core-buttons-is-layout-5 wp-block-buttons-is-layout-flex\">\n<div class=\"wp-block-button\"><a class=\"wp-block-button__link wp-element-button\" href=\"https:\/\/www.femmeharmone.com\/wp-content\/uploads\/2023\/11\/Dr_J_Ujvary_Zsuzsanna_.pdf\" target=\"_blank\" rel=\"noreferrer noopener\">Dr. Zsuzsanna J. \u00dajv\u00e1ry<\/a><\/div>\n<\/div>\n\n\n\n<div style=\"height:30px\" aria-hidden=\"true\" class=\"wp-block-spacer\"><\/div>\n\n\n\n<div class=\"wp-block-buttons is-content-justification-center is-layout-flex wp-container-core-buttons-is-layout-6 wp-block-buttons-is-layout-flex\">\n<div class=\"wp-block-button\"><a class=\"wp-block-button__link wp-element-button\" href=\"https:\/\/www.femmeharmone.com\/wp-content\/uploads\/2023\/11\/Jozsa_Judit.pdf\" target=\"_blank\" rel=\"noreferrer noopener\">Judit J\u00f3zsa<\/a><\/div>\n<\/div>\n\n\n\n<div style=\"height:30px\" aria-hidden=\"true\" class=\"wp-block-spacer\"><\/div>\n\n\n\n<div class=\"wp-block-buttons is-content-justification-center is-layout-flex wp-container-core-buttons-is-layout-7 wp-block-buttons-is-layout-flex\">\n<div class=\"wp-block-button\"><a class=\"wp-block-button__link wp-element-button\" href=\"https:\/\/www.femmeharmone.com\/wp-content\/uploads\/2023\/11\/Dr_Kiss_Karoly_.pdf\" target=\"_blank\" rel=\"noreferrer noopener\">Dr. K\u00e1roly Kiss<\/a><\/div>\n<\/div>\n\n\n\n<div style=\"height:30px\" aria-hidden=\"true\" class=\"wp-block-spacer\"><\/div>\n\n\n\n<div class=\"wp-block-buttons is-content-justification-center is-layout-flex wp-container-core-buttons-is-layout-8 wp-block-buttons-is-layout-flex\">\n<div class=\"wp-block-button\"><a class=\"wp-block-button__link wp-element-button\" href=\"https:\/\/www.femmeharmone.com\/wp-content\/uploads\/2023\/11\/Kovacs_Roland.pdf\" target=\"_blank\" rel=\"noreferrer noopener\">Roland Kov\u00e1cs<\/a><\/div>\n<\/div>\n\n\n\n<div style=\"height:30px\" aria-hidden=\"true\" class=\"wp-block-spacer\"><\/div>\n\n\n\n<div class=\"wp-block-buttons is-content-justification-center is-layout-flex wp-container-core-buttons-is-layout-9 wp-block-buttons-is-layout-flex\">\n<div class=\"wp-block-button\"><a class=\"wp-block-button__link wp-element-button\" href=\"https:\/\/www.femmeharmone.com\/wp-content\/uploads\/2023\/11\/Dr_Major_Gyongyi.pdf\" target=\"_blank\" rel=\"noreferrer noopener\">Dr. Gy\u00f6ngyi Major<\/a><\/div>\n<\/div>\n\n\n\n<div style=\"height:30px\" aria-hidden=\"true\" class=\"wp-block-spacer\"><\/div>\n\n\n\n<div class=\"wp-block-buttons is-content-justification-center is-layout-flex wp-container-core-buttons-is-layout-10 wp-block-buttons-is-layout-flex\">\n<div class=\"wp-block-button\"><a class=\"wp-block-button__link wp-element-button\" href=\"https:\/\/www.femmeharmone.com\/wp-content\/uploads\/2023\/11\/Dr_Ugrin_Emese.pdf\" target=\"_blank\" rel=\"noreferrer noopener\">Dr. Emese Ugrin<\/a><\/div>\n<\/div>\n\n\n\n<div style=\"height:30px\" aria-hidden=\"true\" class=\"wp-block-spacer\"><\/div>\n\n\n\n<div class=\"wp-block-buttons is-content-justification-center is-layout-flex wp-container-core-buttons-is-layout-11 wp-block-buttons-is-layout-flex\">\n<div class=\"wp-block-button\"><a class=\"wp-block-button__link wp-element-button\" href=\"https:\/\/www.femmeharmone.com\/wp-content\/uploads\/2023\/11\/Prof_Dr_Prokopp_Maria_.pdf\" target=\"_blank\" rel=\"noreferrer noopener\">Prof. Dr. M\u00e1ria Prokopp<\/a><\/div>\n<\/div>\n\n\n\n<div style=\"height:30px\" aria-hidden=\"true\" class=\"wp-block-spacer\"><\/div>\n\n\n\n<div class=\"wp-block-buttons is-content-justification-center is-layout-flex wp-container-core-buttons-is-layout-12 wp-block-buttons-is-layout-flex\">\n<div class=\"wp-block-button\"><a class=\"wp-block-button__link wp-element-button\" href=\"https:\/\/www.femmeharmone.com\/wp-content\/uploads\/2023\/11\/Prof_Dr_Rockenbauer_Antal.pdf\" target=\"_blank\" rel=\"noreferrer noopener\">Prof. Dr. Antal Rockenbauer<\/a><\/div>\n<\/div>\n\n\n\n<div style=\"height:30px\" aria-hidden=\"true\" class=\"wp-block-spacer\"><\/div>\n\n\n\n<div class=\"wp-block-buttons is-content-justification-center is-layout-flex wp-container-core-buttons-is-layout-13 wp-block-buttons-is-layout-flex\">\n<div class=\"wp-block-button\"><a class=\"wp-block-button__link wp-element-button\" href=\"https:\/\/www.femmeharmone.com\/wp-content\/uploads\/2023\/11\/Dr_Vukov_Konstantin_pub.pdf\" target=\"_blank\" rel=\"noreferrer noopener\">Dr. Konstantin Vukov<\/a><\/div>\n<\/div>\n\n\n\n<div style=\"height:100px\" aria-hidden=\"true\" class=\"wp-block-spacer\"><\/div>","protected":false},"excerpt":{"rendered":"<p>KORT\u00c1RS N\u0150I REFLEXI\u00d3K KUTAT\u00d3INT\u00c9ZETE KULTUR\u00c1LIS EML\u00c9KEZET, N\u0150IS\u00c9G \u00c9S FENNTARTHAT\u00d3S\u00c1G \u201eT\u00e1rsadalmunkban mindig is a jang, vagyis a maszkulin \u00e9rt\u00e9kekekt \u00e9s \u00e1ll\u00e1sfoglal\u00e1sokat r\u00e9szes\u00edtett\u00e9k el\u0151nyben, mik\u00f6zben elhanyagolt\u00e1k ezek jin, vagyis feminin megfelel\u0151it. T\u00f6bbre tartottuk az \u00f6n\u00e9rv\u00e9nyes\u00edt\u00e9st a beilleszked\u00e9sn\u00e9l, az elemz\u00e9st a szint\u00e9zisn\u00e9l, a racion\u00e1lis tud\u00e1st az intuit\u00edv b\u00f6lcsess\u00e9gn\u00e9l, a tudom\u00e1nyt a vall\u00e1sn\u00e1l, a versenyt az egy\u00fcttm\u0171k\u00f6d\u00e9sn\u00e9l, a gyarapod\u00e1st&hellip;<\/p>","protected":false},"author":1,"featured_media":0,"parent":11,"menu_order":1,"comment_status":"closed","ping_status":"closed","template":"","meta":{"inline_featured_image":false,"footnotes":""},"categories":[],"tags":[],"_links":{"self":[{"href":"https:\/\/www.femmeharmone.com\/eng\/wp-json\/wp\/v2\/pages\/152"}],"collection":[{"href":"https:\/\/www.femmeharmone.com\/eng\/wp-json\/wp\/v2\/pages"}],"about":[{"href":"https:\/\/www.femmeharmone.com\/eng\/wp-json\/wp\/v2\/types\/page"}],"author":[{"embeddable":true,"href":"https:\/\/www.femmeharmone.com\/eng\/wp-json\/wp\/v2\/users\/1"}],"replies":[{"embeddable":true,"href":"https:\/\/www.femmeharmone.com\/eng\/wp-json\/wp\/v2\/comments?post=152"}],"version-history":[{"count":30,"href":"https:\/\/www.femmeharmone.com\/eng\/wp-json\/wp\/v2\/pages\/152\/revisions"}],"predecessor-version":[{"id":6368,"href":"https:\/\/www.femmeharmone.com\/eng\/wp-json\/wp\/v2\/pages\/152\/revisions\/6368"}],"up":[{"embeddable":true,"href":"https:\/\/www.femmeharmone.com\/eng\/wp-json\/wp\/v2\/pages\/11"}],"wp:attachment":[{"href":"https:\/\/www.femmeharmone.com\/eng\/wp-json\/wp\/v2\/media?parent=152"}],"wp:term":[{"taxonomy":"category","embeddable":true,"href":"https:\/\/www.femmeharmone.com\/eng\/wp-json\/wp\/v2\/categories?post=152"},{"taxonomy":"post_tag","embeddable":true,"href":"https:\/\/www.femmeharmone.com\/eng\/wp-json\/wp\/v2\/tags?post=152"}],"curies":[{"name":"wp","href":"https:\/\/api.w.org\/{rel}","templated":true}]}}