{"id":2027,"date":"2022-08-24T02:09:27","date_gmt":"2022-08-24T02:09:27","guid":{"rendered":"https:\/\/www.femmeharmone.com\/?page_id=2027"},"modified":"2022-08-24T04:15:57","modified_gmt":"2022-08-24T04:15:57","slug":"szerkesztoi-koszonto","status":"publish","type":"page","link":"https:\/\/www.femmeharmone.com\/eng\/a-noi-dimenzio\/ii-evfolyam-2-szam\/koszonto\/szerkesztoi-koszonto\/","title":{"rendered":"Szerkeszt\u0151i k\u00f6sz\u00f6nt\u0151"},"content":{"rendered":"<p style=\"text-align: left;\">A ny\u00e1r az \u00e9szaki f\u00e9ltek\u00e9n az energi\u00e1k tombol\u00e1sa. Ez a kijelent\u00e9s m\u00e1ra egyre kev\u00e9sb\u00e9 tekinthet\u0151 k\u00e9zen-fekv\u0151nek \u2013 sokunk sz\u00e1m\u00e1ra ink\u00e1bb csak arr\u00f3l van sz\u00f3, hogy ny\u00e1ron meleg van. Nagyon meleg, amiben m\u00e1r nem tudunk, vagy nem akarunk dolgozni. Ilyenform\u00e1n az ember ny\u00e1ron ink\u00e1bb energiamini-mumra kapcsol, \u00e9s lehet\u0151leg valami v\u00edzben h\u0171ti mag\u00e1t. Ezzel szemben a term\u00e9szet tavasszal folyama-tos kit\u00e1rulkoz\u00e1sba kezd, ami ny\u00e1r derek\u00e1n \u00e9ri el cs\u00facspontj\u00e1t. Minden akci\u00f3ban van, sok l\u00e9ny ilyenkor gondoskodik azokr\u00f3l a tartal\u00e9kokr\u00f3l, amelyekkel \u00e1tv\u00e9szelheti az \u0151szt\u0151l fokozatosan roml\u00f3 \u00e9letfelt\u00e9te-lek viszontags\u00e1gos, passzivit\u00e1sba fordul\u00f3 id\u0151szak\u00e1t.<\/p>\n<p style=\"text-align: left;\">Ezen okb\u00f3l l\u00e1ttuk c\u00e9lszer\u0171nek foly\u00f3iratunk ny\u00e1ri sz\u00e1m\u00e1t az aktivit\u00e1s bajnokaira, a f\u00e9rfiakra ford\u00edtani. Nem kell ebben keresni provokat\u00edv sz\u00e1nd\u00e9kot, vagy az er\u0151sebb nem ir\u00e1nti rejtett ellen\u00e9rz\u00e9s mot\u00edvu-mait. T\u00e9ny, hogy \u00e9vezredes folyamatban a kult\u00far\u00e1nk meghat\u00e1roz\u00f3an maszkulin be\u00e1ll\u00edt\u00f3d\u00e1s\u00fav\u00e1 alakult. Ennek \u00f6sszetett t\u00f6rt\u00e9nelmi okai vannak, \u00e9s semmif\u00e9lek\u00e9ppen valami szimpl\u00e1n d\u00e9moniz\u00e1lt f\u00e9rfisoviniz-mus. Ett\u0151l m\u00e9g mi, n\u0151k is v\u00e9gig jelen voltunk, s\u0151t a jelenl\u00e9t\u00fcnk n\u00e9lk\u00fcl ez a maszkulin t\u00e1rsadalom sem l\u00e9tezne. \u00c9s ezzel egyszerre t\u00f6bbet is \u00e1ll\u00edtunk, mint ami els\u0151 pillant\u00e1sra szembe\u00f6tl\u0151.<\/p>\n<p style=\"text-align: left;\">Mert n\u0151i r\u00e9szr\u0151l mindig, \u00e9s ma is a legfontosabbnak a jelenl\u00e9tet tartjuk. A n\u0151i l\u00e9tez\u00e9s els\u0151dleges meg-nyilv\u00e1nul\u00e1sa a jelenl\u00e9t, m\u00edg a f\u00e9rfi\u00e9 az aktivit\u00e1s. Ez pedig egy\u00e1ltal\u00e1n nem al\u00e1rendelt szerepbe val\u00f3 be-let\u00f6r\u0151d\u00e9s. Ha megpr\u00f3b\u00e1ljuk szeml\u00e9ltetni term\u00e9szeti k\u00e9ppel e k\u00e9t l\u00e9tez\u00e9si megnyilv\u00e1nul\u00e1s l\u00e9nyeg\u00e9t, \u00fagy a gravit\u00e1ci\u00f3s er\u0151t\u00e9r m\u0171k\u00f6d\u00e9s\u00e9ben meglehet\u0151sen pontos anal\u00f3gi\u00e1ra lel\u00fcnk. A bolyg\u00f3rendszerek ugyanis \u00e9ppen \u00edgy m\u0171k\u00f6dnek. Van a centrumban egy meghat\u00e1roz\u00f3an nagy \u00e9gitest (nevezhetj\u00fck Nap-nak), amelyik relat\u00edve mozdulatlanul \u00e1ll a hely\u00e9n, azonban szemmel nem l\u00e1that\u00f3 m\u00f3don gravit\u00e1ci\u00f3s er\u0151teret gerjeszt maga k\u00f6r\u00fcl. Ez a gravit\u00e1ci\u00f3s er\u0151t\u00e9r pedig a centrum k\u00f6r\u00fcli mozg\u00e1sp\u00e1ly\u00e1n tartja a bolyg\u00f3kat. \u00c9s a bolyg\u00f3k bolyonganak, mozognak, akt\u00edvak, \u00e9s mozg\u00e1suknak teret, okot, c\u00e9lt semmi egy\u00e9b nem ad, mint az er\u0151teret gerjeszt\u0151 centrum.<\/p>\n<p style=\"text-align: left;\">Ha net\u00e1n ennek a n\u0151i foly\u00f3iratnak az olvas\u00e1s\u00e1ban valamely f\u00e9rfit\u00e1rsunk is eljutna id\u00e1ig, \u00fagy h\u00e1zi fel-adatnak adjuk neki annak megfejt\u00e9s\u00e9t, hogy vajon a h\u00fas-v\u00e9r n\u0151 mif\u00e9le er\u0151teret gerjeszt maga k\u00f6r\u00fcl.<\/p>\n<p style=\"text-align: left;\">Mindazon\u00e1ltal, mi, n\u0151k, szeretj\u00fck az er\u0151tereink gerjeszt\u00e9si lehet\u0151s\u00e9geit, \u00e9s szeretj\u00fck az er\u0151tereinkben bolyong\u00f3 f\u00e9rfiakat. K\u00f6vetkez\u00e9sk\u00e9ppen ebben a sz\u00e1mban sikeres \u00e9s k\u00fcl\u00f6nleges f\u00e9rfiakr\u00f3l eml\u00e9kez\u00fcnk meg, akiket szerettek, vagy szerettek volna szeretni n\u0151k, s akiknek p\u00e1lya\u00edv\u00e9re \u00edgy vagy \u00fagy, de minden-k\u00e9ppen meghat\u00e1roz\u00f3an hatott legal\u00e1bb egy n\u0151.<\/p>\n<p style=\"text-align: left;\">A sz\u00e9les sk\u00e1la lehets\u00e9ges v\u00e9gpontjainak k\u00f6zel\u00e9b\u0151l id\u00e9z\u00fcnk ide olyan szem\u00e9lyis\u00e9geket, mint Gy\u00e9m\u00e1nt L\u00e1szl\u00f3, aki a fest\u00e9szetben alkotott kiemelked\u0151t, vagy Ambrus Attila, akinek szertelen energi\u00e1i a csal\u00e1di \u00f6r\u00f6m\u00f6k k\u00f6z\u00f6tt v\u00e1ltak szel\u00edd\u00edthet\u0151kk\u00e9, vagy \u00e9ppen Nikola Tesla, akinek jelenkori m\u00e1sodvir\u00e1gz\u00e1sa egy elhivatott n\u0151nek k\u00f6sz\u00f6nhet\u0151. Z\u00e1rsz\u00f3k\u00e9nt pedig fontosnak tartjuk al\u00e1bb Verebes Ern\u0151nek, a Nemzeti Sz\u00ednh\u00e1z dramaturgj\u00e1nak egy konferenci\u00e1n elhangz\u00f3 gondolatait id\u00e9zn\u00fcnk.<\/p>\n<p style=\"text-align: right;\"><em>Major Gy\u00f6ngyi<\/em><\/p>","protected":false},"excerpt":{"rendered":"<p>A ny\u00e1r az \u00e9szaki f\u00e9ltek\u00e9n az energi\u00e1k tombol\u00e1sa. Ez a kijelent\u00e9s m\u00e1ra egyre kev\u00e9sb\u00e9 tekinthet\u0151 k\u00e9zen-fekv\u0151nek \u2013 sokunk sz\u00e1m\u00e1ra ink\u00e1bb csak arr\u00f3l van sz\u00f3, hogy ny\u00e1ron meleg van. Nagyon meleg, amiben m\u00e1r nem tudunk, vagy nem akarunk dolgozni. Ilyenform\u00e1n az ember ny\u00e1ron ink\u00e1bb energiamini-mumra kapcsol, \u00e9s lehet\u0151leg valami v\u00edzben h\u0171ti mag\u00e1t. Ezzel szemben a term\u00e9szet&hellip;<\/p>","protected":false},"author":1,"featured_media":0,"parent":2025,"menu_order":1,"comment_status":"closed","ping_status":"closed","template":"page-article.php","meta":{"inline_featured_image":false,"footnotes":""},"categories":[],"tags":[],"_links":{"self":[{"href":"https:\/\/www.femmeharmone.com\/eng\/wp-json\/wp\/v2\/pages\/2027"}],"collection":[{"href":"https:\/\/www.femmeharmone.com\/eng\/wp-json\/wp\/v2\/pages"}],"about":[{"href":"https:\/\/www.femmeharmone.com\/eng\/wp-json\/wp\/v2\/types\/page"}],"author":[{"embeddable":true,"href":"https:\/\/www.femmeharmone.com\/eng\/wp-json\/wp\/v2\/users\/1"}],"replies":[{"embeddable":true,"href":"https:\/\/www.femmeharmone.com\/eng\/wp-json\/wp\/v2\/comments?post=2027"}],"version-history":[{"count":3,"href":"https:\/\/www.femmeharmone.com\/eng\/wp-json\/wp\/v2\/pages\/2027\/revisions"}],"predecessor-version":[{"id":2152,"href":"https:\/\/www.femmeharmone.com\/eng\/wp-json\/wp\/v2\/pages\/2027\/revisions\/2152"}],"up":[{"embeddable":true,"href":"https:\/\/www.femmeharmone.com\/eng\/wp-json\/wp\/v2\/pages\/2025"}],"wp:attachment":[{"href":"https:\/\/www.femmeharmone.com\/eng\/wp-json\/wp\/v2\/media?parent=2027"}],"wp:term":[{"taxonomy":"category","embeddable":true,"href":"https:\/\/www.femmeharmone.com\/eng\/wp-json\/wp\/v2\/categories?post=2027"},{"taxonomy":"post_tag","embeddable":true,"href":"https:\/\/www.femmeharmone.com\/eng\/wp-json\/wp\/v2\/tags?post=2027"}],"curies":[{"name":"wp","href":"https:\/\/api.w.org\/{rel}","templated":true}]}}