{"id":2037,"date":"2022-08-24T02:25:34","date_gmt":"2022-08-24T02:25:34","guid":{"rendered":"https:\/\/www.femmeharmone.com\/?page_id=2037"},"modified":"2022-08-27T15:05:37","modified_gmt":"2022-08-27T15:05:37","slug":"olykor-magamat-is-irigylem","status":"publish","type":"page","link":"https:\/\/www.femmeharmone.com\/eng\/a-noi-dimenzio\/ii-evfolyam-2-szam\/nyar\/olykor-magamat-is-irigylem\/","title":{"rendered":"\u201eOlykor magamat is irigylem&#8230;\u201d <em>(Gy\u00e9m\u00e1nt L\u00e1szl\u00f3)<\/em>"},"content":{"rendered":"<div class=\"wp-block-media-text alignwide is-stacked-on-mobile\" style=\"grid-template-columns:28% auto\"><figure class=\"wp-block-media-text__media\"><img loading=\"lazy\" decoding=\"async\" width=\"640\" height=\"960\" src=\"https:\/\/www.femmeharmone.com\/wp-content\/uploads\/2022\/08\/GyemantLaszlo.jpg\" alt=\"\" class=\"wp-image-2038 size-full\" srcset=\"https:\/\/www.femmeharmone.com\/wp-content\/uploads\/2022\/08\/GyemantLaszlo.jpg 640w, https:\/\/www.femmeharmone.com\/wp-content\/uploads\/2022\/08\/GyemantLaszlo-200x300.jpg 200w, https:\/\/www.femmeharmone.com\/wp-content\/uploads\/2022\/08\/GyemantLaszlo-8x12.jpg 8w\" sizes=\"(max-width: 640px) 100vw, 640px\" \/><\/figure><div class=\"wp-block-media-text__content\">\n<p>A c\u00edmben id\u00e9zett f\u00e9lmondat egy kellemes, ny\u00e1resti besz\u00e9lget\u00e9sen hangzott el Gy\u00e9m\u00e1nt L\u00e1szl\u00f3t\u00f3l, amikor sz\u0171k bar\u00e1ti k\u00f6rben 87. sz\u00fclet\u00e9snapj\u00e1t \u00fcnnepelt\u00fck. \u00c9let\u00e9nek k\u00f6nnyed, mes\u00e9l\u0151 kedvvel feleleven\u00edtett fordulatai egy ponton a maguk term\u00e9szetess\u00e9g\u00e9vel simultak bele ebbe a 87 meg\u00e9lt \u00e9vet nagyon is esszenci\u00e1lisan \u00f6sszegz\u0151 n\u00e9h\u00e1ny sz\u00f3ba.<\/p>\n\n\n\n<p>Der\u0171. Felszabadult der\u0171. \u00c9s r\u00e1tekintve erre a nyomaszt\u00f3 t\u00f6rt\u00e9nelmi korszakokat mag\u00e1ba foglal\u00f3 p\u00e1lya\u00edvre, k\u00edv\u00e1nkozna hozz\u00e1tenni, hogy \u201emindennek ellen\u00e9re\u201d. Azonban nem. Ebben a der\u0171ben nyoma nincs fesz\u00fcl\u00e9snek valami ellen\u00e9ben. Kiz\u00e1r\u00f3lag folyamatos r\u00e1csod\u00e1lkoz\u00e1s az \u00e9let gazdags\u00e1g\u00e1ra. Pedig megh\u00e1nyta-vetette a sors. Neki viszont erre mintha mindig csak az lenne a v\u00e1lasza: \u2013 J\u00f3, j\u00f3, csak hagyjatok \u00e9lni, hagyjatok dolgozni.<\/p>\n\n\n\n<p>Szenved\u00e9lyesen \u00e9rdekli a l\u00e9tez\u00e9s. Ahogyan kit\u00e1rul el\u0151tte. \u00c9s mindig kit\u00e1rult, mindig kit\u00e1rul. \u0150 pedig nem tett m\u00e1st, mint er\u0151szaktev\u00e9s n\u00e9lk\u00fcl bel\u00e9pett az \u00faj lehet\u0151s\u00e9gekbe, \u00e9s festett \u00e9s festett \u00e9s fest a mai napig.<\/p>\n<\/div><\/div>\n\n\n<p><\/p>\n<p>Nem mintha nem lettek volna konfliktusai. Mindj\u00e1rt a F\u0151iskol\u00e1n az <em>\u00c9p\u00edtkez\u00e9s<\/em> c\u00edm\u0171 k\u00e9p\u00e9vel mag\u00e1ra vonta a hivatalos kult\u00farpolitika figyelm\u00e9t \u2013 nem \u00e9ppen pozit\u00edv \u00e9rtelemben. Pedig csak azt festette meg \u2013 mondhatni \u00e1rtatlanul \u2013, amit \u00e1t\u00e9lt: a tartalmatlan d\u00edszletvil\u00e1got. Ett\u0151l az \u201e\u00e1rtatlans\u00e1gt\u00f3l\u201d azut\u00e1n mindv\u00e9gig t\u00e1ntor\u00edthatatlan maradt, j\u00f3llehet nem kereste a konfront\u00e1ci\u00f3t. Amikor elhagyta az orsz\u00e1got, az sem egy k\u00f6z\u00f6ns\u00e9ges disszid\u00e1l\u00e1s volt. Hivatalosan utazott K\u00f6lnbe, ahol a k\u00e9peit \u00e1ll\u00edtott\u00e1k ki, majd onnan \u2013 mit sem sejtve arr\u00f3l, hogy el\u0151\u00edr\u00e1st szeg \u2013 utazott tov\u00e1bb Hollandi\u00e1ba. V\u00e9g\u00fcl spont\u00e1n annyi v\u00e9ts\u00e9get szedett \u00f6ssze, amivel m\u00e1r nem lett volna \u00e9rdemes hazamennie. Megny\u00edlt el\u0151tte a vasf\u00fcgg\u00f6ny, \u00e9s ha m\u00e1r \u00edgy alakult, \u00e9lt a lehet\u0151s\u00e9ggel. Magyarorsz\u00e1gr\u00f3l n\u00e9zve hihetetlen\u00fcl fordulatos \u00e9let kezd\u0151d\u00f6tt \u2013 ki\u00e1ll\u00edt\u00e1sok, kapcsolatok, bar\u00e1tok, nagy nevek \u2013, olyan \u00e9lm\u00e9nyek testk\u00f6zelben, amir\u0151l itthon inform\u00e1ci\u00f3t sem lehetett el\u00e9rni. K\u00f6zben egyre csak dolgozott, \u00e9s nem voltak meg\u00e9lhet\u00e9si gondjai, mert a k\u00e9peit el tudta adni. Mi sem jellemz\u0151bb azonban, minthogy ennek az otthon v\u00e1gyva-v\u00e1gyott l\u00e9tm\u00f3dnak sem v\u00e1lt rabj\u00e1v\u00e1, ez sem k\u00f6t\u00f6tte, \u00e9s a K\u00e9pz\u0151m\u0171v\u00e9szeti F\u0151iskola katedr\u00e1j\u00e1nak \u00edg\u00e9rete 12 \u00e9v kaland ut\u00e1n hazahozta. Vissza a szocializmusba.<\/p>\n<p>V\u00e9g\u00fcl a katedr\u00e1t nem kapta meg, de tan\u00e1ri v\u00e9n\u00e1j\u00e1t kibontakoztatta az \u00d3budai Fest\u0151iskol\u00e1ban, amit maga alap\u00edtott.<\/p>\n<p>Ha megpr\u00f3b\u00e1lunk e bels\u0151 szabads\u00e1g eredend\u0151 okai ut\u00e1n nyomozni, k\u00e9t dolog rendk\u00edv\u00fcl felt\u0171n\u0151. Az egyik, hogy a legkor\u00e1bbi \u00e9vekt\u0151l sz\u00edv\u00f3s \u00e9s k\u00f6vetkezetes tudatoss\u00e1ggal fel\u00e9p\u00edtett \u00e9letm\u0171vet l\u00e1thatunk. Els\u0151 ki\u00e1ll\u00edt\u00e1s\u00e1hoz teljes \u00e9retts\u00e9g\u0171 ars poetic\u00e1t fogalmazott meg, amit m\u00e1ig v\u00e1llal, amin m\u00e1ig nem v\u00e1ltoztatna. \u00cdme, egy mondat, ami egy \u00e9let fest\u0151m\u0171v\u00e9szi programj\u00e1nak elegend\u0151:<\/p>\n<p>\u201e<em>R\u00e9szemr\u0151l egy izmusokt\u00f3l mentes, de sokarc\u00fa m\u0171v\u00e9szet alapk\u0151let\u00e9tel\u00e9t s\u00fcrgetem, ahol nem a m\u0171v\u00e9sz egy\u00e9n \u00bberedetis\u00e9ge\u00ab az \u00e9rt\u00e9km\u00e9r\u0151, hanem a kvalit\u00e1s. Nincs sz\u00e1nd\u00e9komban magamnak st\u00edlust teremteni, csup\u00e1n k\u00f6zvet\u00edteni azt, ami eszembe jut, \u00edgy formai sk\u00e1l\u00e1m terjedelm\u00e9t mindenkor \u00e9rdekl\u0151d\u00e9si k\u00f6r\u00f6m hat\u00e1rozza meg, a kifejez\u00e9s l\u00e9tez\u0151 \u00e9s m\u00e9g ki nem tal\u00e1lt lehet\u0151s\u00e9geit igyekszem maxim\u00e1lisan kihaszn\u00e1lni.<\/em>\u201d Ugyanaz a g\u00f6rcs\u00f6kt\u0151l mentes, tereket megnyit\u00f3 bels\u0151 szabads\u00e1g, mint ami az eg\u00e9sz \u00e9letp\u00e1ly\u00e1n v\u00e9gigvonul.<\/p>\n<p>A m\u00e1sik egy komplexusok n\u00e9lk\u00fcli realit\u00e1s\u00e9rz\u00e9k. A <em>Dial\u00f3g \u00e9s monol\u00f3g<\/em> c\u00edm\u0171, Szab\u00f3 Gy\u00f6rggyel k\u00f6z\u00f6sen \u00edrt k\u00f6nyv\u00e9ben p\u00e9ld\u00e1ul a k\u00f6vetkez\u0151 olvashat\u00f3:<\/p>\n<p>\u201e<em>Ernst Fuchs a mai napig valaki, legut\u00f3bbi b\u00e9csi ki\u00e1ll\u00edt\u00e1somat is \u0151 nyitotta meg. Bizony\u00e1ra az\u00e9rt, mert nem ismeri az eg\u00e9sz magyar m\u0171v\u00e9szeti \u00e9letet, engem tart a legjobb magyar fest\u0151nek, h\u00e1t ez, istenem, m\u00e9giscsak j\u00f3lesik! Akkor is, ha nem igaz.<\/em>\u201d (Budapest, 1995. 54. o.)<\/p>\n<p>Realit\u00e1s\u00e9rz\u00e9ke a t\u00e1rgyt\u00f3l f\u00fcggetlen\u00fcl, mindennel kapcsolatban, p\u00f3ztalanul, k\u00f6zvetlen egyszer\u0171s\u00e9ggel m\u0171k\u00f6d\u00f6tt \u00e9s m\u0171k\u00f6dik. Akkor is, ha \u00f6nmag\u00e1r\u00f3l alkot v\u00e9lem\u00e9nyt. \u00c9s az \u0151t k\u00f6r\u00fclvev\u0151 k\u00f6nnyed der\u0171nek sem l\u00e1tjuk egy\u00e9b ok\u00e1t: Gy\u00e9m\u00e1nt L\u00e1szl\u00f3 soha nem akart m\u00e1s lenni, mint Gy\u00e9m\u00e1nt L\u00e1szl\u00f3. \u00c9s ez marad\u00e9ktalanul siker\u00fclt neki.<\/p>\n<p><\/p>\n<p style=\"text-align: right;\">&nbsp;&nbsp;&nbsp;&nbsp;&nbsp; \u2013 <em>Orsz\u00e1gh<\/em> \u2013<\/p>\n<p><\/p>\n<p>A legnagyobb tisztelettel aj\u00e1nljuk az olvas\u00f3nak Gy\u00e9m\u00e1nt L\u00e1szl\u00f3 m\u0171v\u00e9szi hitvall\u00e1s\u00e1nak al\u00e1bb olvashat\u00f3 teljes sz\u00f6veg\u00e9t, \u00e9s az \u00e9let\u00e9nek n\u00e9h\u00e1ny fontos fordulat\u00e1r\u00f3l vele folytatott besz\u00e9lget\u00e9s felv\u00e9tel\u00e9t.<\/p>\n<p><\/p>\n<p>Harmincegy \u00e9vet t\u00f6lt\u00f6ttem el a nekem rendelt \u00e9letid\u0151b\u0151l. Sok tanul\u00e1s \u00e9s vizsga \u00e1ll m\u00f6g\u00f6ttem, szereztem diplom\u00e1t, bar\u00e1tokat \u00e9s ellens\u00e9geket, t\u00fal\u00e9ltem \u00f6r\u00f6m\u00f6ket \u00e9s csal\u00f3d\u00e1sokat \u2013 sohasem unatkoztam. A mesters\u00e9get D\u00fcrert\u0151l, Holbeint\u00f3l, Barcsayt\u00f3l, Hinczt\u0151l, de a legt\u00f6bbet Visky Bal\u00e1st\u00f3l tanultam. Eszm\u00e9nyk\u00e9peim: Derkovits, Dali \u00e9s Ernst Fuchs. Meggy\u0151z\u0151d\u00e9sem, hogy a m\u0171v\u00e9szet nem a m\u00fazeumokban \u00e9l, hanem a korban, amelyben sz\u00fcletik. A m\u00fazeumok m\u0171v\u00e9szete a m\u00falt eszt\u00e9tikai eml\u00e9kk\u00e9szlete. Az \u00e9l\u0151 m\u0171v\u00e9szet eleven hat\u00f3anyag, t\u00f6rt\u00e9nelemteremt\u0151. A m\u0171v\u00e9szet mesters\u00e9g, funkci\u00f3ja van \u2013 a kor vele szemben t\u00e1masztott ig\u00e9nyeit el\u00e9g\u00edti ki. F\u00e9lre\u00e9rt\u00e9s ne ess\u00e9k, mesters\u00e9g alatt nem azt \u00e9rtem, hogy a m\u0171v\u00e9sz munk\u00e1ja \u00e9rt\u00e9kben azonos egy suszter\u00e9vel, csup\u00e1n azt vitatom, hogy lehet valaki m\u0171v\u00e9sz mesters\u00e9gbeli felk\u00e9sz\u00fclts\u00e9g n\u00e9lk\u00fcl is. A m\u0171v\u00e9szet misztifik\u00e1l\u00e1sa egybeesik az izmusok keletkez\u00e9s\u00e9vel. Jellemz\u0151en illusztr\u00e1lja ezt a meg\u00e1llap\u00edt\u00e1somat az expresszionist\u00e1k egyik kinyilatkoztat\u00e1sa, miszerint az expresszionista m\u0171v\u00e9sz nem \u00e1br\u00e1zol, hanem kifejez! A m\u0171v\u00e9szet elvesztette a hitel\u00e9t, \u00e9s ebben az \u00fcgyes teoretikusok a b\u0171n\u00f6s\u00f6k, akik furfangos \u00e9szj\u00e1r\u00e1sukkal becsapt\u00e1k a j\u00f3hiszem\u0171 k\u00f6z\u00f6ns\u00e9get, m\u00edg a diett\u00e1nsok \u201eforradalmi eszm\u00e9ket\u201d lobogtatva t\u00fclekedtek ingyen bel\u00e9p\u0151jegyet k\u00f6vetelve az \u201eizmusok\u201d p\u00e9nzt\u00e1r\u00e1n\u00e1l. A civiliz\u00e1ci\u00f3 mechanikus mozg\u00e1si form\u00e1kat szab az egy\u00e9n sz\u00e1m\u00e1ra. Ezekhez az egy\u00e9n vagy illeszkedik, vagy \u00e1lland\u00f3 \u00f6ssze\u00fctk\u00f6z\u00e9sben van az \u0151t&nbsp; k\u00f6r\u00fclvev\u0151 vil\u00e1ggal, illetve a kapott impulzusokt\u00f3l f\u00fcgg\u0151en v\u00e1ltakoztatja magatart\u00e1s\u00e1t. A technikai civiliz\u00e1ci\u00f3 gyors fejl\u0151d\u00e9se \u00faj utakat nyitott, a vil\u00e1g dolgai megsokszoroz\u00f3dtak, a nagy felfedez\u00e9sek \u00e9rt\u00e9kel\u00e9se sem lehet egy\u00e9rtelm\u0171 (gondolok p\u00e9ld\u00e1ul az atomenergia felhaszn\u00e1l\u00e1s\u00e1ban rejl\u0151 lehet\u0151s\u00e9gekre). Az egy\u00e9n nem rendelkezik olyan \u00e9rz\u00e9kkel (ti. a logik\u00e1r\u00f3l is beigazol\u00f3dott, hogy csak visszafel\u00e9 igazol, el\u0151re k\u00f6vetkeztetve csak a val\u00f3sz\u00edn\u0171s\u00e9get tudja mutatni), mely a bonyolult vil\u00e1gban biztosan vezetn\u00e9. M\u00e1r az is szerencs\u00e9s eset, ha egy valamely dolog logikai \u00e9s pszichikai m\u00e9rlegel\u00e9se azonos eredm\u00e9nyt sz\u00fcl.<\/p>\n<p>Ez\u00e9rt korunk az \u0151t reprezent\u00e1lni hivatott m\u0171v\u00e9szetnek nem szabhat formai k\u00f6t\u00f6tts\u00e9geket! R\u00e9szemr\u0151l egy izmusokt\u00f3l mentes, de sokarc\u00fa m\u0171v\u00e9szet alapk\u0151let\u00e9tel\u00e9t s\u00fcrgetem, ahol nem a m\u0171v\u00e9sz egy\u00e9n \u201eeredetis\u00e9ge\u201d az \u00e9rt\u00e9km\u00e9r\u0151, hanem a kvalit\u00e1s. Nincs sz\u00e1nd\u00e9komban magamnak st\u00edlust teremteni, csup\u00e1n k\u00f6zvet\u00edteni azt, ami eszembe jut, \u00edgy formai sk\u00e1l\u00e1m terjedelm\u00e9t mindenkor \u00e9rdekl\u0151d\u00e9si k\u00f6r\u00f6m hat\u00e1rozza meg, a kifejez\u00e9s l\u00e9tez\u0151 \u00e9s m\u00e9g ki nem tal\u00e1lt lehet\u0151s\u00e9geit igyekszem maxim\u00e1lisan kihaszn\u00e1lni. Azt a koreszm\u00e9nyt keresem, melyben az \u00f6sszes ma \u00e9l\u0151 ember hinni tud, nemzetis\u00e9gre \u00e9s oszt\u00e1lyra val\u00f3 tekintet n\u00e9lk\u00fcl. K\u00e9peimet magyar\u00e1zni, \u00fagy \u00e9rzem, nem r\u00e1m tartozik, de elveim ismerete tal\u00e1n lehet\u0151v\u00e9 teszi azok meg\u00e9rt\u00e9s\u00e9t. Ez a ki\u00e1ll\u00edt\u00e1s els\u0151 nyilv\u00e1nos bemutatkoz\u00e1som a K\u00f6z\u00f6ns\u00e9g el\u0151tt \u2013 \u201esz\u00e1mad\u00e1s a t\u00e1lentomr\u00f3l\u201d, \u00e9s tal\u00e1n az is \u00e9rthet\u0151, hogy r\u00f6vid \u00f6nvallom\u00e1som v\u00e9g\u00e9re azt \u00edrom, hogy tele vagyok szorong\u00e1ssal\u2026<\/p>\n<p><\/p>\n<p style=\"text-align: right;\"><em>Gy\u00e9m\u00e1nt L\u00e1szl\u00f3<\/em><\/p>\n<p style=\"text-align: right;\"><em>Megjelent 1967. \u00e1prilis\u00e1ban a Medny\u00e1nszky-termi ki\u00e1ll\u00edt\u00e1s kapcs\u00e1n<\/em><\/p>\n\n\n<figure class=\"wp-block-embed is-type-video is-provider-youtube wp-block-embed-youtube wp-embed-aspect-16-9 wp-has-aspect-ratio\"><div class=\"wp-block-embed__wrapper\">\n<iframe loading=\"lazy\" title=\"\u201eOlykor magamat is irigylem...\u201d\" width=\"750\" height=\"422\" src=\"https:\/\/www.youtube.com\/embed\/6aDjdeftDck?feature=oembed\" frameborder=\"0\" allow=\"accelerometer; autoplay; clipboard-write; encrypted-media; gyroscope; picture-in-picture\" allowfullscreen><\/iframe>\n<\/div><\/figure>","protected":false},"excerpt":{"rendered":"<p>A c\u00edmben id\u00e9zett f\u00e9lmondat egy kellemes, ny\u00e1resti besz\u00e9lget\u00e9sen hangzott el Gy\u00e9m\u00e1nt L\u00e1szl\u00f3t\u00f3l, amikor sz\u0171k bar\u00e1ti k\u00f6rben 87. sz\u00fclet\u00e9snapj\u00e1t \u00fcnnepelt\u00fck. \u00c9let\u00e9nek k\u00f6nnyed, mes\u00e9l\u0151 kedvvel feleleven\u00edtett fordulatai egy ponton a maguk term\u00e9szetess\u00e9g\u00e9vel simultak bele ebbe a 87 meg\u00e9lt \u00e9vet nagyon is esszenci\u00e1lisan \u00f6sszegz\u0151 n\u00e9h\u00e1ny sz\u00f3ba. Der\u0171. Felszabadult der\u0171. \u00c9s r\u00e1tekintve erre a nyomaszt\u00f3 t\u00f6rt\u00e9nelmi korszakokat mag\u00e1ba foglal\u00f3&hellip;<\/p>","protected":false},"author":1,"featured_media":0,"parent":2035,"menu_order":1,"comment_status":"closed","ping_status":"closed","template":"page-article.php","meta":{"inline_featured_image":false,"footnotes":""},"categories":[],"tags":[],"_links":{"self":[{"href":"https:\/\/www.femmeharmone.com\/eng\/wp-json\/wp\/v2\/pages\/2037"}],"collection":[{"href":"https:\/\/www.femmeharmone.com\/eng\/wp-json\/wp\/v2\/pages"}],"about":[{"href":"https:\/\/www.femmeharmone.com\/eng\/wp-json\/wp\/v2\/types\/page"}],"author":[{"embeddable":true,"href":"https:\/\/www.femmeharmone.com\/eng\/wp-json\/wp\/v2\/users\/1"}],"replies":[{"embeddable":true,"href":"https:\/\/www.femmeharmone.com\/eng\/wp-json\/wp\/v2\/comments?post=2037"}],"version-history":[{"count":13,"href":"https:\/\/www.femmeharmone.com\/eng\/wp-json\/wp\/v2\/pages\/2037\/revisions"}],"predecessor-version":[{"id":2230,"href":"https:\/\/www.femmeharmone.com\/eng\/wp-json\/wp\/v2\/pages\/2037\/revisions\/2230"}],"up":[{"embeddable":true,"href":"https:\/\/www.femmeharmone.com\/eng\/wp-json\/wp\/v2\/pages\/2035"}],"wp:attachment":[{"href":"https:\/\/www.femmeharmone.com\/eng\/wp-json\/wp\/v2\/media?parent=2037"}],"wp:term":[{"taxonomy":"category","embeddable":true,"href":"https:\/\/www.femmeharmone.com\/eng\/wp-json\/wp\/v2\/categories?post=2037"},{"taxonomy":"post_tag","embeddable":true,"href":"https:\/\/www.femmeharmone.com\/eng\/wp-json\/wp\/v2\/tags?post=2037"}],"curies":[{"name":"wp","href":"https:\/\/api.w.org\/{rel}","templated":true}]}}