{"id":2053,"date":"2022-08-24T02:47:39","date_gmt":"2022-08-24T02:47:39","guid":{"rendered":"https:\/\/www.femmeharmone.com\/?page_id=2053"},"modified":"2022-08-27T15:05:53","modified_gmt":"2022-08-27T15:05:53","slug":"sziraky-gabor-soleil","status":"publish","type":"page","link":"https:\/\/www.femmeharmone.com\/eng\/a-noi-dimenzio\/ii-evfolyam-2-szam\/tancmuveszet\/sziraky-gabor-soleil\/","title":{"rendered":"<em>Szir\u00e1ky G\u00e1bor: <\/em>Soleil"},"content":{"rendered":"<figure class=\"wp-block-embed is-type-video is-provider-youtube wp-block-embed-youtube wp-embed-aspect-16-9 wp-has-aspect-ratio\"><div class=\"wp-block-embed__wrapper\">\n<iframe loading=\"lazy\" title=\"Szir\u00e1ky G\u00e1bor: Soleil\" width=\"750\" height=\"422\" src=\"https:\/\/www.youtube.com\/embed\/zQ9urTMlw68?feature=oembed\" frameborder=\"0\" allow=\"accelerometer; autoplay; clipboard-write; encrypted-media; gyroscope; picture-in-picture\" allowfullscreen><\/iframe>\n<\/div><\/figure>\n\n\n\n<div style=\"height:65px\" aria-hidden=\"true\" class=\"wp-block-spacer\"><\/div>\n\n\n\n<p><strong>Zene: Jean-Baptiste Lully \u2013 Marche pour la C\u00e9r\u00e9monie des Turcs<\/strong><\/p>\n\n\n\n<p><strong>Koreogr\u00e1fus \u00e9s rendez\u0151: Szir\u00e1ky G\u00e1bor <\/strong><\/p>\n\n\n\n<p><strong>Sz\u00f3lista: B\u00edr\u00f3 Emese <\/strong><\/p>\n\n\n\n<p><strong>A maszkot tervezte: Nemes K\u00e1roly <\/strong><\/p>\n\n\n\n<p><strong>Operat\u0151r \u00e9s v\u00e1g\u00f3: G\u00e1bor Andr\u00e1s <\/strong><\/p>\n\n\n\n<p><strong>Operat\u0151r: L\u00e1szl\u00f3 P\u00e9ter<\/strong><\/p>\n\n\n\n<div style=\"height:65px\" aria-hidden=\"true\" class=\"wp-block-spacer\"><\/div>\n\n\n<p>Szir\u00e1ky G\u00e1bor ezzel a filmet\u0171ddel lebuktatta mag\u00e1t: a n\u0151k oldal\u00e1n \u00e1ll. S ezt a botl\u00e1s\u00e1t csak az\u00e9rt nem fogjuk szem\u00e9re vetni, mert k\u00e1rp\u00f3tol benn\u00fcnket kiv\u00e1l\u00f3 koreogr\u00e1fi\u00e1kkal, \u00e9s a fennk\u00f6lts\u00e9g \u00e9s nemess\u00e9g olyan benyom\u00e1saival, amelyek m\u00e1r a kor ritkas\u00e1gai k\u00f6z\u00e9 tartoznak. Vonz\u00f3dik az el\u0151kel\u0151 k\u00f6rnyezetek-hez, \u00e9s ezek apr\u00f3 r\u00e9szleteire is k\u00e9pes improvizat\u00edv m\u00f3don l\u00e1tv\u00e1nyt \u00e9p\u00edteni. Itt kiss\u00e9 nyersen vonultatja fel a durvas\u00e1got is, ami \u00edgy hangs\u00falyozott sz\u00ednpadiass\u00e1ggal jelenik meg. M\u00e1r-m\u00e1r k\u00edv\u00e1ncsis\u00e1g gy\u00f6t\u00f6r, hogy mit hozna ki egy f\u00e9kevesztett k\u00f6lts\u00e9gvet\u00e9s\u0171, eg\u00e9sz est\u00e9s balettfilmb\u0151l. Rem\u00e9lj\u00fck, \u0151 is rem\u00e9li, hogy egyszer ezt is meg\u00e9rj\u00fck.<\/p>\n<p style=\"text-align: right;\"><em>\u2013 Orsz\u00e1gh \u2013<\/em><\/p>","protected":false},"excerpt":{"rendered":"<p>Zene: Jean-Baptiste Lully \u2013 Marche pour la C\u00e9r\u00e9monie des Turcs Koreogr\u00e1fus \u00e9s rendez\u0151: Szir\u00e1ky G\u00e1bor Sz\u00f3lista: B\u00edr\u00f3 Emese A maszkot tervezte: Nemes K\u00e1roly Operat\u0151r \u00e9s v\u00e1g\u00f3: G\u00e1bor Andr\u00e1s Operat\u0151r: L\u00e1szl\u00f3 P\u00e9ter Szir\u00e1ky G\u00e1bor ezzel a filmet\u0171ddel lebuktatta mag\u00e1t: a n\u0151k oldal\u00e1n \u00e1ll. S ezt a botl\u00e1s\u00e1t csak az\u00e9rt nem fogjuk szem\u00e9re vetni, mert k\u00e1rp\u00f3tol benn\u00fcnket&hellip;<\/p>","protected":false},"author":1,"featured_media":0,"parent":2051,"menu_order":1,"comment_status":"closed","ping_status":"closed","template":"page-article.php","meta":{"inline_featured_image":false,"footnotes":""},"categories":[],"tags":[],"_links":{"self":[{"href":"https:\/\/www.femmeharmone.com\/eng\/wp-json\/wp\/v2\/pages\/2053"}],"collection":[{"href":"https:\/\/www.femmeharmone.com\/eng\/wp-json\/wp\/v2\/pages"}],"about":[{"href":"https:\/\/www.femmeharmone.com\/eng\/wp-json\/wp\/v2\/types\/page"}],"author":[{"embeddable":true,"href":"https:\/\/www.femmeharmone.com\/eng\/wp-json\/wp\/v2\/users\/1"}],"replies":[{"embeddable":true,"href":"https:\/\/www.femmeharmone.com\/eng\/wp-json\/wp\/v2\/comments?post=2053"}],"version-history":[{"count":9,"href":"https:\/\/www.femmeharmone.com\/eng\/wp-json\/wp\/v2\/pages\/2053\/revisions"}],"predecessor-version":[{"id":2231,"href":"https:\/\/www.femmeharmone.com\/eng\/wp-json\/wp\/v2\/pages\/2053\/revisions\/2231"}],"up":[{"embeddable":true,"href":"https:\/\/www.femmeharmone.com\/eng\/wp-json\/wp\/v2\/pages\/2051"}],"wp:attachment":[{"href":"https:\/\/www.femmeharmone.com\/eng\/wp-json\/wp\/v2\/media?parent=2053"}],"wp:term":[{"taxonomy":"category","embeddable":true,"href":"https:\/\/www.femmeharmone.com\/eng\/wp-json\/wp\/v2\/categories?post=2053"},{"taxonomy":"post_tag","embeddable":true,"href":"https:\/\/www.femmeharmone.com\/eng\/wp-json\/wp\/v2\/tags?post=2053"}],"curies":[{"name":"wp","href":"https:\/\/api.w.org\/{rel}","templated":true}]}}