{"id":2079,"date":"2022-08-24T03:14:02","date_gmt":"2022-08-24T03:14:02","guid":{"rendered":"https:\/\/www.femmeharmone.com\/?page_id=2079"},"modified":"2022-08-30T15:31:39","modified_gmt":"2022-08-30T15:31:39","slug":"terek-anna-langolo-fold","status":"publish","type":"page","link":"https:\/\/www.femmeharmone.com\/eng\/a-noi-dimenzio\/ii-evfolyam-2-szam\/irodalom\/terek-anna-langolo-fold\/","title":{"rendered":"<em>Ter\u00e9k Anna: <\/em>L\u00e1ngol\u00f3 f\u00f6ld"},"content":{"rendered":"<p>A Vajdas\u00e1g az a hely, ahol a t\u00f6rt\u00e9nelem kegyetlen sodra kipr\u00e9seli a magyars\u00e1gb\u00f3l az egy f\u0151re es\u0151 legt\u00f6bb tehets\u00e9get. Innen j\u00f6tt Ter\u00e9k Anna, aki imm\u00e1r sikeres \u00edr\u00f3. M\u00e9lt\u00e1n. N\u00e9h\u00e1ny h\u00f3nappal ezel\u0151tt sokan tal\u00e1n m\u00e9g n\u00e9mi flegmas\u00e1ggal tolt\u00e1k volna f\u00e9lre az itt publik\u00e1lt vers\u00e9t, amiben bizony m\u00e9lyre megy, eg\u00e9szen a boszork\u00e1ny\u0151s\u00f6k \u00e1toksz\u00f3r\u00f3 sz\u00f3m\u00e1gi\u00e1j\u00e1ig. \u00c9s semmi p\u00f3z. Minden pont, minden vessz\u0151 a hely\u00e9n, ahogyan szembefordul azzal, aki sorsot m\u00e9r r\u00e1. Lassan pedig elkezdhet derengeni, hogy az, amit sz\u00e1m\u00e1ra kiker\u00fclhetetlen sz\u00f6vev\u00e9nny\u00e9 tett a szerbiai h\u00e1bor\u00fa, imm\u00e1r lopakodva sz\u00f6v\u0151dik \u00e1t hozz\u00e1nk is, s\u0151t, az eg\u00e9sz, boldog Eur\u00f3p\u00e1ba.<\/p>\n<p>Ter\u00e9k Ann\u00e1nak nem csak egy arca van. Felder\u00edt\u0151 utakra v\u00e1llalkozik a k\u00f6nnyebb m\u0171fajokban is, id\u0151nk\u00e9nt humort is csillantva. Az al\u00e1bbi kritika egy m\u0171faji hat\u00e1rokon mozg\u00f3 darabj\u00e1nak \u00fajvid\u00e9ki bemutat\u00f3j\u00e1r\u00f3l k\u00e9sz\u00fclt. Mindenk\u00e9ppen j\u00f3, hogy ilyen sz\u00e9les palett\u00e1n pr\u00f3b\u00e1lja ki mag\u00e1t. Sok-sok al\u00e1mer\u00fcl\u00e9s, sok-sok alkot\u00e1s j\u00f6n m\u00e9g, ami ut\u00e1n v\u00e1rjuk egy j\u00f3 alapokra fel\u00e9p\u00edtett \u00e9letm\u0171 meghat\u00e1roz\u00f3 darabj\u00e1t.<\/p>\n<p style=\"text-align: right;\"><em>(Szerk.)<\/em><\/p>\n\n\n<div data-wp-interactive=\"core\/file\" class=\"wp-block-file aligncenter\"><object data-wp-bind--hidden=\"!state.hasPdfPreview\"  class=\"wp-block-file__embed\" data=\"https:\/\/www.femmeharmone.com\/wp-content\/uploads\/2022\/08\/ND_2022Nyar_v1_8_Terek_Anna_Langolo_Fold.pdf\" type=\"application\/pdf\" style=\"width:100%;height:1033px\" aria-label=\"Embed of ND_2022Nyar_v1_8_Terek_Anna_Langolo_Fold be\u00e1gyaz\u00e1sa.\"><\/object><a id=\"wp-block-file--media-59cf4c5b-d270-4480-933e-4ef9979e44cc\" href=\"https:\/\/www.femmeharmone.com\/wp-content\/uploads\/2022\/08\/ND_2022Nyar_v1_8_Terek_Anna_Langolo_Fold.pdf\">ND_2022Nyar_v1_8_Terek_Anna_Langolo_Fold<\/a><a href=\"https:\/\/www.femmeharmone.com\/wp-content\/uploads\/2022\/08\/ND_2022Nyar_v1_8_Terek_Anna_Langolo_Fold.pdf\" class=\"wp-block-file__button\" download aria-describedby=\"wp-block-file--media-59cf4c5b-d270-4480-933e-4ef9979e44cc\">Let\u00f6lt\u00e9s<\/a><\/div>","protected":false},"excerpt":{"rendered":"<p>A Vajdas\u00e1g az a hely, ahol a t\u00f6rt\u00e9nelem kegyetlen sodra kipr\u00e9seli a magyars\u00e1gb\u00f3l az egy f\u0151re es\u0151 legt\u00f6bb tehets\u00e9get. Innen j\u00f6tt Ter\u00e9k Anna, aki imm\u00e1r sikeres \u00edr\u00f3. M\u00e9lt\u00e1n. N\u00e9h\u00e1ny h\u00f3nappal ezel\u0151tt sokan tal\u00e1n m\u00e9g n\u00e9mi flegmas\u00e1ggal tolt\u00e1k volna f\u00e9lre az itt publik\u00e1lt vers\u00e9t, amiben bizony m\u00e9lyre megy, eg\u00e9szen a boszork\u00e1ny\u0151s\u00f6k \u00e1toksz\u00f3r\u00f3 sz\u00f3m\u00e1gi\u00e1j\u00e1ig. \u00c9s semmi p\u00f3z.&hellip;<\/p>","protected":false},"author":1,"featured_media":0,"parent":2056,"menu_order":1,"comment_status":"closed","ping_status":"closed","template":"page-article.php","meta":{"inline_featured_image":false,"footnotes":""},"categories":[],"tags":[],"_links":{"self":[{"href":"https:\/\/www.femmeharmone.com\/eng\/wp-json\/wp\/v2\/pages\/2079"}],"collection":[{"href":"https:\/\/www.femmeharmone.com\/eng\/wp-json\/wp\/v2\/pages"}],"about":[{"href":"https:\/\/www.femmeharmone.com\/eng\/wp-json\/wp\/v2\/types\/page"}],"author":[{"embeddable":true,"href":"https:\/\/www.femmeharmone.com\/eng\/wp-json\/wp\/v2\/users\/1"}],"replies":[{"embeddable":true,"href":"https:\/\/www.femmeharmone.com\/eng\/wp-json\/wp\/v2\/comments?post=2079"}],"version-history":[{"count":7,"href":"https:\/\/www.femmeharmone.com\/eng\/wp-json\/wp\/v2\/pages\/2079\/revisions"}],"predecessor-version":[{"id":2279,"href":"https:\/\/www.femmeharmone.com\/eng\/wp-json\/wp\/v2\/pages\/2079\/revisions\/2279"}],"up":[{"embeddable":true,"href":"https:\/\/www.femmeharmone.com\/eng\/wp-json\/wp\/v2\/pages\/2056"}],"wp:attachment":[{"href":"https:\/\/www.femmeharmone.com\/eng\/wp-json\/wp\/v2\/media?parent=2079"}],"wp:term":[{"taxonomy":"category","embeddable":true,"href":"https:\/\/www.femmeharmone.com\/eng\/wp-json\/wp\/v2\/categories?post=2079"},{"taxonomy":"post_tag","embeddable":true,"href":"https:\/\/www.femmeharmone.com\/eng\/wp-json\/wp\/v2\/tags?post=2079"}],"curies":[{"name":"wp","href":"https:\/\/api.w.org\/{rel}","templated":true}]}}