{"id":2104,"date":"2022-08-24T03:23:39","date_gmt":"2022-08-24T03:23:39","guid":{"rendered":"https:\/\/www.femmeharmone.com\/?page_id=2104"},"modified":"2022-08-30T14:55:12","modified_gmt":"2022-08-30T14:55:12","slug":"magnetikus-vonzodasok-egy-japan-festo-palyaiven-fukui-yusuke-festomuvesszel-major-gyongyi-beszelgetett","status":"publish","type":"page","link":"https:\/\/www.femmeharmone.com\/eng\/a-noi-dimenzio\/ii-evfolyam-2-szam\/kepzo-es-iparmuveszet\/magnetikus-vonzodasok-egy-japan-festo-palyaiven-fukui-yusuke-festomuvesszel-major-gyongyi-beszelgetett\/","title":{"rendered":"Magnetikus vonz\u00f3d\u00e1sok egy jap\u00e1n fest\u0151 p\u00e1lya\u00edv\u00e9n \u2013 <em>Fukui Yusuke fest\u0151m\u0171v\u00e9sszel Major Gy\u00f6ngyi besz\u00e9lgetett<\/em>"},"content":{"rendered":"<div data-wp-interactive=\"core\/file\" class=\"wp-block-file\"><object data-wp-bind--hidden=\"!state.hasPdfPreview\"  class=\"wp-block-file__embed\" data=\"https:\/\/www.femmeharmone.com\/wp-content\/uploads\/2022\/08\/ND_2022Nyar_v1_8_Magnetikus_vonzodasok.pdf\" type=\"application\/pdf\" style=\"width:100%;height:1033px\" aria-label=\"Embed of ND_2022Nyar_v1_8_Magnetikus_vonzodasok be\u00e1gyaz\u00e1sa.\"><\/object><a id=\"wp-block-file--media-c572c225-ac84-4165-86c0-cd0004631d3d\" href=\"https:\/\/www.femmeharmone.com\/wp-content\/uploads\/2022\/08\/ND_2022Nyar_v1_8_Magnetikus_vonzodasok.pdf\">ND_2022Nyar_v1_8_Magnetikus_vonzodasok<\/a><a href=\"https:\/\/www.femmeharmone.com\/wp-content\/uploads\/2022\/08\/ND_2022Nyar_v1_8_Magnetikus_vonzodasok.pdf\" class=\"wp-block-file__button\" download aria-describedby=\"wp-block-file--media-c572c225-ac84-4165-86c0-cd0004631d3d\">Let\u00f6lt\u00e9s<\/a><\/div>","protected":false},"excerpt":{"rendered":"","protected":false},"author":1,"featured_media":0,"parent":2058,"menu_order":2,"comment_status":"closed","ping_status":"closed","template":"page-article.php","meta":{"inline_featured_image":false,"footnotes":""},"categories":[],"tags":[],"_links":{"self":[{"href":"https:\/\/www.femmeharmone.com\/eng\/wp-json\/wp\/v2\/pages\/2104"}],"collection":[{"href":"https:\/\/www.femmeharmone.com\/eng\/wp-json\/wp\/v2\/pages"}],"about":[{"href":"https:\/\/www.femmeharmone.com\/eng\/wp-json\/wp\/v2\/types\/page"}],"author":[{"embeddable":true,"href":"https:\/\/www.femmeharmone.com\/eng\/wp-json\/wp\/v2\/users\/1"}],"replies":[{"embeddable":true,"href":"https:\/\/www.femmeharmone.com\/eng\/wp-json\/wp\/v2\/comments?post=2104"}],"version-history":[{"count":4,"href":"https:\/\/www.femmeharmone.com\/eng\/wp-json\/wp\/v2\/pages\/2104\/revisions"}],"predecessor-version":[{"id":2260,"href":"https:\/\/www.femmeharmone.com\/eng\/wp-json\/wp\/v2\/pages\/2104\/revisions\/2260"}],"up":[{"embeddable":true,"href":"https:\/\/www.femmeharmone.com\/eng\/wp-json\/wp\/v2\/pages\/2058"}],"wp:attachment":[{"href":"https:\/\/www.femmeharmone.com\/eng\/wp-json\/wp\/v2\/media?parent=2104"}],"wp:term":[{"taxonomy":"category","embeddable":true,"href":"https:\/\/www.femmeharmone.com\/eng\/wp-json\/wp\/v2\/categories?post=2104"},{"taxonomy":"post_tag","embeddable":true,"href":"https:\/\/www.femmeharmone.com\/eng\/wp-json\/wp\/v2\/tags?post=2104"}],"curies":[{"name":"wp","href":"https:\/\/api.w.org\/{rel}","templated":true}]}}