{"id":2107,"date":"2022-08-24T03:27:34","date_gmt":"2022-08-24T03:27:34","guid":{"rendered":"https:\/\/www.femmeharmone.com\/?page_id=2107"},"modified":"2022-09-01T20:58:15","modified_gmt":"2022-09-01T20:58:15","slug":"bevezetes-a-vonal-magiajaba-huszti-zoltan-festeszete","status":"publish","type":"page","link":"https:\/\/www.femmeharmone.com\/eng\/a-noi-dimenzio\/ii-evfolyam-2-szam\/kepzo-es-iparmuveszet\/bevezetes-a-vonal-magiajaba-huszti-zoltan-festeszete\/","title":{"rendered":"Bevezet\u00e9s a vonal m\u00e1gi\u00e1j\u00e1ba \u2013 <em>Huszti Zolt\u00e1n fest\u00e9szete<\/em>"},"content":{"rendered":"<div data-wp-interactive=\"core\/file\" class=\"wp-block-file aligncenter\"><object data-wp-bind--hidden=\"!state.hasPdfPreview\"  class=\"wp-block-file__embed\" data=\"https:\/\/www.femmeharmone.com\/wp-content\/uploads\/2022\/09\/ND_2022Nyar_v1_8_Huszti_Zoltan.pdf\" type=\"application\/pdf\" style=\"width:100%;height:1033px\" aria-label=\"Embed of ND_2022Nyar_v1_8_Huszti_Zoltan be\u00e1gyaz\u00e1sa.\"><\/object><a id=\"wp-block-file--media-d292dacc-6b58-4e20-a174-03d19eeb26cf\" href=\"https:\/\/www.femmeharmone.com\/wp-content\/uploads\/2022\/09\/ND_2022Nyar_v1_8_Huszti_Zoltan.pdf\">ND_2022Nyar_v1_8_Huszti_Zoltan<\/a><a href=\"https:\/\/www.femmeharmone.com\/wp-content\/uploads\/2022\/09\/ND_2022Nyar_v1_8_Huszti_Zoltan.pdf\" class=\"wp-block-file__button\" download aria-describedby=\"wp-block-file--media-d292dacc-6b58-4e20-a174-03d19eeb26cf\">Let\u00f6lt\u00e9s<\/a><\/div>","protected":false},"excerpt":{"rendered":"","protected":false},"author":1,"featured_media":0,"parent":2058,"menu_order":3,"comment_status":"closed","ping_status":"closed","template":"page-article.php","meta":{"inline_featured_image":false,"footnotes":""},"categories":[],"tags":[],"_links":{"self":[{"href":"https:\/\/www.femmeharmone.com\/eng\/wp-json\/wp\/v2\/pages\/2107"}],"collection":[{"href":"https:\/\/www.femmeharmone.com\/eng\/wp-json\/wp\/v2\/pages"}],"about":[{"href":"https:\/\/www.femmeharmone.com\/eng\/wp-json\/wp\/v2\/types\/page"}],"author":[{"embeddable":true,"href":"https:\/\/www.femmeharmone.com\/eng\/wp-json\/wp\/v2\/users\/1"}],"replies":[{"embeddable":true,"href":"https:\/\/www.femmeharmone.com\/eng\/wp-json\/wp\/v2\/comments?post=2107"}],"version-history":[{"count":8,"href":"https:\/\/www.femmeharmone.com\/eng\/wp-json\/wp\/v2\/pages\/2107\/revisions"}],"predecessor-version":[{"id":2289,"href":"https:\/\/www.femmeharmone.com\/eng\/wp-json\/wp\/v2\/pages\/2107\/revisions\/2289"}],"up":[{"embeddable":true,"href":"https:\/\/www.femmeharmone.com\/eng\/wp-json\/wp\/v2\/pages\/2058"}],"wp:attachment":[{"href":"https:\/\/www.femmeharmone.com\/eng\/wp-json\/wp\/v2\/media?parent=2107"}],"wp:term":[{"taxonomy":"category","embeddable":true,"href":"https:\/\/www.femmeharmone.com\/eng\/wp-json\/wp\/v2\/categories?post=2107"},{"taxonomy":"post_tag","embeddable":true,"href":"https:\/\/www.femmeharmone.com\/eng\/wp-json\/wp\/v2\/tags?post=2107"}],"curies":[{"name":"wp","href":"https:\/\/api.w.org\/{rel}","templated":true}]}}