{"id":2118,"date":"2022-08-24T03:41:10","date_gmt":"2022-08-24T03:41:10","guid":{"rendered":"https:\/\/www.femmeharmone.com\/?page_id=2118"},"modified":"2022-08-30T15:06:11","modified_gmt":"2022-08-30T15:06:11","slug":"hajnady-zoltan-a-haboru-es-beke-mint-szoveglabirintus-az-ariadne-fonal-rejtelye","status":"publish","type":"page","link":"https:\/\/www.femmeharmone.com\/eng\/a-noi-dimenzio\/ii-evfolyam-2-szam\/tudomany\/hajnady-zoltan-a-haboru-es-beke-mint-szoveglabirintus-az-ariadne-fonal-rejtelye\/","title":{"rendered":"<em>Hajn\u00e1dy Zolt\u00e1n: <\/em>A H\u00e1bor\u00fa \u00e9s b\u00e9ke mint sz\u00f6veglabirintus \u2013 Az Ariadn\u00e9-fonal rejt\u00e9lye"},"content":{"rendered":"<p class=\"has-text-align-right\"><a href=\"https:\/\/doi.org\/10.55344\/andfh.2202064\" target=\"_blank\" rel=\"noreferrer noopener\">DOI: 10.55344\/andfh.2202064<\/a><\/p>\n\n\n\n<p><strong>A tanulm\u00e1ny c\u00e9lja a tolsztoji sz\u00f6veglabirintusnak mint irodalmi toposznak a vizsg\u00e1lata a <em>H\u00e1bor\u00fa \u00e9s b\u00e9k\u00e9<\/em>ben. A reg\u00e9nyeposz sz\u00fczs\u00e9je m\u00e9lystrukt\u00far\u00e1j\u00e1ban nem a mes\u00e9re, hanem a m\u00edtoszra megy vissza. A labirintus konkr\u00e9t topogr\u00e1fiai le\u00edr\u00e1sa nem szerepel a reg\u00e9nyben, csakl\u00e1tensen van jelen, mint a k\u00fcl\u00f6nb\u00f6z\u0151 \u00e9letutak bej\u00e1r\u00e1s\u00e1nak \u00e9s az igazs\u00e1g keres\u00e9s\u00e9nek a metafor\u00e1ja. A labirintus sz\u00e1mos l\u00e9nyeges \u00f6sszetev\u0151j\u00e9t megtal\u00e1ljuk benne: a sz\u0171k falak k\u00f6z\u00f6tt a hal\u00e1l birodalm\u00e1ban bolyong\u00f3 h\u0151st, a sz\u00f6rnyeteggel v\u00edvott harcot, az \u00e9letbe visszavezet\u0151 utat megtal\u00e1lni seg\u00edt\u0151 fiatal l\u00e1ny mot\u00edvum\u00e1t, a beavat\u00e1si \u00e9s \u00e1ldozati szertart\u00e1st, a szabad\u00edt\u00f3 h\u0151s \u00fcnnepl\u00e9s\u00e9t t\u00e1nccal, zen\u00e9vel stb. Mindez \u00f6sszhangban van a klasszikus k\u00e1nonnal. Ak\u00e1rh\u00e1ny labirintuson kereszt\u00fcl is vezessen a h\u0151s \u00fatja, v\u00e9g\u00fcl a szerz\u0151nek az a feladata, hogy az embert kivezesse az egzisztenci\u00e1lis labirintusb\u00f3l.<\/strong><\/p>\n\n\n\n<div style=\"height:100px\" aria-hidden=\"true\" class=\"wp-block-spacer\"><\/div>\n\n\n\n<div data-wp-interactive=\"core\/file\" class=\"wp-block-file aligncenter\"><object data-wp-bind--hidden=\"!state.hasPdfPreview\"  class=\"wp-block-file__embed\" data=\"https:\/\/www.femmeharmone.com\/wp-content\/uploads\/2022\/08\/ND_2022Nyar_v1_8_Hajnady.pdf\" type=\"application\/pdf\" style=\"width:100%;height:1033px\" aria-label=\"Embed of ND_2022Nyar_v1_8_Hajnady be\u00e1gyaz\u00e1sa.\"><\/object><a id=\"wp-block-file--media-7b307715-950d-4437-8b7d-d8cfd4edac75\" href=\"https:\/\/www.femmeharmone.com\/wp-content\/uploads\/2022\/08\/ND_2022Nyar_v1_8_Hajnady.pdf\">ND_2022Nyar_v1_8_Hajnady<\/a><a href=\"https:\/\/www.femmeharmone.com\/wp-content\/uploads\/2022\/08\/ND_2022Nyar_v1_8_Hajnady.pdf\" class=\"wp-block-file__button\" download aria-describedby=\"wp-block-file--media-7b307715-950d-4437-8b7d-d8cfd4edac75\">Let\u00f6lt\u00e9s<\/a><\/div>","protected":false},"excerpt":{"rendered":"<p>DOI: 10.55344\/andfh.2202064 A tanulm\u00e1ny c\u00e9lja a tolsztoji sz\u00f6veglabirintusnak mint irodalmi toposznak a vizsg\u00e1lata a H\u00e1bor\u00fa \u00e9s b\u00e9k\u00e9ben. A reg\u00e9nyeposz sz\u00fczs\u00e9je m\u00e9lystrukt\u00far\u00e1j\u00e1ban nem a mes\u00e9re, hanem a m\u00edtoszra megy vissza. A labirintus konkr\u00e9t topogr\u00e1fiai le\u00edr\u00e1sa nem szerepel a reg\u00e9nyben, csakl\u00e1tensen van jelen, mint a k\u00fcl\u00f6nb\u00f6z\u0151 \u00e9letutak bej\u00e1r\u00e1s\u00e1nak \u00e9s az igazs\u00e1g keres\u00e9s\u00e9nek a metafor\u00e1ja. A labirintus sz\u00e1mos&hellip;<\/p>","protected":false},"author":1,"featured_media":0,"parent":2060,"menu_order":2,"comment_status":"closed","ping_status":"closed","template":"page-article.php","meta":{"inline_featured_image":false,"footnotes":""},"categories":[],"tags":[],"_links":{"self":[{"href":"https:\/\/www.femmeharmone.com\/eng\/wp-json\/wp\/v2\/pages\/2118"}],"collection":[{"href":"https:\/\/www.femmeharmone.com\/eng\/wp-json\/wp\/v2\/pages"}],"about":[{"href":"https:\/\/www.femmeharmone.com\/eng\/wp-json\/wp\/v2\/types\/page"}],"author":[{"embeddable":true,"href":"https:\/\/www.femmeharmone.com\/eng\/wp-json\/wp\/v2\/users\/1"}],"replies":[{"embeddable":true,"href":"https:\/\/www.femmeharmone.com\/eng\/wp-json\/wp\/v2\/comments?post=2118"}],"version-history":[{"count":9,"href":"https:\/\/www.femmeharmone.com\/eng\/wp-json\/wp\/v2\/pages\/2118\/revisions"}],"predecessor-version":[{"id":2274,"href":"https:\/\/www.femmeharmone.com\/eng\/wp-json\/wp\/v2\/pages\/2118\/revisions\/2274"}],"up":[{"embeddable":true,"href":"https:\/\/www.femmeharmone.com\/eng\/wp-json\/wp\/v2\/pages\/2060"}],"wp:attachment":[{"href":"https:\/\/www.femmeharmone.com\/eng\/wp-json\/wp\/v2\/media?parent=2118"}],"wp:term":[{"taxonomy":"category","embeddable":true,"href":"https:\/\/www.femmeharmone.com\/eng\/wp-json\/wp\/v2\/categories?post=2118"},{"taxonomy":"post_tag","embeddable":true,"href":"https:\/\/www.femmeharmone.com\/eng\/wp-json\/wp\/v2\/tags?post=2118"}],"curies":[{"name":"wp","href":"https:\/\/api.w.org\/{rel}","templated":true}]}}