{"id":2120,"date":"2022-08-24T03:43:27","date_gmt":"2022-08-24T03:43:27","guid":{"rendered":"https:\/\/www.femmeharmone.com\/?page_id=2120"},"modified":"2022-08-30T15:06:30","modified_gmt":"2022-08-30T15:06:30","slug":"cselenyi-istvan-gabor-szofia-latomasok-ii-resz","status":"publish","type":"page","link":"https:\/\/www.femmeharmone.com\/eng\/a-noi-dimenzio\/ii-evfolyam-2-szam\/tudomany\/cselenyi-istvan-gabor-szofia-latomasok-ii-resz\/","title":{"rendered":"<em>Csel\u00e9nyi Istv\u00e1n G\u00e1bor \u2020: <\/em>Sz\u00f3fia-l\u00e1tom\u00e1sok II. r\u00e9sz"},"content":{"rendered":"<p class=\"has-text-align-right\"><a rel=\"noreferrer noopener\" href=\"https:\/\/doi.org\/10.55344\/andfh.2202080\" target=\"_blank\">DOI:<\/a><a href=\"https:\/\/doi.org\/10.55344\/andfh.2202080\" target=\"_blank\" rel=\"noreferrer noopener\"> <\/a><a rel=\"noreferrer noopener\" href=\"https:\/\/doi.org\/10.55344\/andfh.2202080\" target=\"_blank\">10.55344\/andfh.2202080<\/a><\/p>\n\n\n\n<p><strong>A szerz\u0151 a Nostra aetate szellem\u00e9ben v\u00e1llalkozik Szophi\u00e1nak a t\u00f6bbi vil\u00e1gvall\u00e1sban (el\u0151t\u00e9rben a buddhizmussal \u00e9s taoizmussal) jelenl\u00e9v\u0151 anal\u00f3gi\u00e1it felkutatni, hans\u00falyozva a keleti vall\u00e1sok panteista monizmus\u00e1t. Pragnya Paramita (\u2019T\u00f6k\u00e9letes B\u00f6lcsesss\u00e9g\u2019) alakj\u00e1t, vagyis Buddha le\u00e1ny\u00e1t, Sz\u00f3fia \u201eunokatestv\u00e9r\u00e9t\u201d, m\u00e1sfel\u0151l Tao \u0151sanya alakj\u00e1t emelve ki, r\u00e1mutat azoknak az Isteni B\u00f6lcsess\u00e9ggel megmutatkoz\u00f3 hasonlatoss\u00e1g\u00e1ra. A nemis\u00e9g az isteni l\u00e9tben t\u00e9m\u00e1ja kapcs\u00e1n Balthasar sv\u00e1jci katolikus teol\u00f3gus szexualit\u00e1s-elm\u00e9lete az elemz\u00e9s t\u00e1rgya, melyet \u00e9ppen a Sz\u00f3fia-elv be\u00e9p\u00edt\u00e9se tehetne teljess\u00e9. A t\u00e9m\u00e1nak az \u0151skereszt\u00e9ny hagyom\u00e1nyig visszavezethet\u0151 filoz\u00f3fia-teol\u00f3giai lenyomatainak \u00e9rtelmez\u00e9se Szent \u00c1goston, Aquin\u00f3i Szent Tam\u00e1s, Jakob B\u00f6hme, Luigi Bogliolo, Yves Congar, Henri Boulad gondolatai ment\u00e9n v\u00e1lik megk\u00f6zel\u00edthet\u0151v\u00e9 a Logos\u2013Sz\u00f3fia viszony mint kiindul\u00f3pont alapj\u00e1n. A cikket a p\u00fcnk\u00f6sdi liturgia a lelkeket a Szentl\u00e9lek \u00e1ltal egyes\u00edt\u0151 felid\u00e9z\u00e9se z\u00e1rja.<\/strong><\/p>\n\n\n\n<div style=\"height:100px\" aria-hidden=\"true\" class=\"wp-block-spacer\"><\/div>\n\n\n\n<div data-wp-interactive=\"core\/file\" class=\"wp-block-file aligncenter\"><object data-wp-bind--hidden=\"!state.hasPdfPreview\"  class=\"wp-block-file__embed\" data=\"https:\/\/www.femmeharmone.com\/wp-content\/uploads\/2022\/08\/ND_2022Nyar_v1_8_Cselenyi.pdf\" type=\"application\/pdf\" style=\"width:100%;height:1033px\" aria-label=\"Embed of ND_2022Nyar_v1_8_Cselenyi be\u00e1gyaz\u00e1sa.\"><\/object><a id=\"wp-block-file--media-b3bf655e-5ca8-41b5-86dd-e56422416e70\" href=\"https:\/\/www.femmeharmone.com\/wp-content\/uploads\/2022\/08\/ND_2022Nyar_v1_8_Cselenyi.pdf\">ND_2022Nyar_v1_8_Cselenyi<\/a><a href=\"https:\/\/www.femmeharmone.com\/wp-content\/uploads\/2022\/08\/ND_2022Nyar_v1_8_Cselenyi.pdf\" class=\"wp-block-file__button\" download aria-describedby=\"wp-block-file--media-b3bf655e-5ca8-41b5-86dd-e56422416e70\">Let\u00f6lt\u00e9s<\/a><\/div>","protected":false},"excerpt":{"rendered":"<p>DOI: 10.55344\/andfh.2202080 A szerz\u0151 a Nostra aetate szellem\u00e9ben v\u00e1llalkozik Szophi\u00e1nak a t\u00f6bbi vil\u00e1gvall\u00e1sban (el\u0151t\u00e9rben a buddhizmussal \u00e9s taoizmussal) jelenl\u00e9v\u0151 anal\u00f3gi\u00e1it felkutatni, hans\u00falyozva a keleti vall\u00e1sok panteista monizmus\u00e1t. Pragnya Paramita (\u2019T\u00f6k\u00e9letes B\u00f6lcsesss\u00e9g\u2019) alakj\u00e1t, vagyis Buddha le\u00e1ny\u00e1t, Sz\u00f3fia \u201eunokatestv\u00e9r\u00e9t\u201d, m\u00e1sfel\u0151l Tao \u0151sanya alakj\u00e1t emelve ki, r\u00e1mutat azoknak az Isteni B\u00f6lcsess\u00e9ggel megmutatkoz\u00f3 hasonlatoss\u00e1g\u00e1ra. A nemis\u00e9g az isteni l\u00e9tben&hellip;<\/p>","protected":false},"author":1,"featured_media":0,"parent":2060,"menu_order":3,"comment_status":"closed","ping_status":"closed","template":"page-article.php","meta":{"inline_featured_image":false,"footnotes":""},"categories":[],"tags":[],"_links":{"self":[{"href":"https:\/\/www.femmeharmone.com\/eng\/wp-json\/wp\/v2\/pages\/2120"}],"collection":[{"href":"https:\/\/www.femmeharmone.com\/eng\/wp-json\/wp\/v2\/pages"}],"about":[{"href":"https:\/\/www.femmeharmone.com\/eng\/wp-json\/wp\/v2\/types\/page"}],"author":[{"embeddable":true,"href":"https:\/\/www.femmeharmone.com\/eng\/wp-json\/wp\/v2\/users\/1"}],"replies":[{"embeddable":true,"href":"https:\/\/www.femmeharmone.com\/eng\/wp-json\/wp\/v2\/comments?post=2120"}],"version-history":[{"count":8,"href":"https:\/\/www.femmeharmone.com\/eng\/wp-json\/wp\/v2\/pages\/2120\/revisions"}],"predecessor-version":[{"id":2275,"href":"https:\/\/www.femmeharmone.com\/eng\/wp-json\/wp\/v2\/pages\/2120\/revisions\/2275"}],"up":[{"embeddable":true,"href":"https:\/\/www.femmeharmone.com\/eng\/wp-json\/wp\/v2\/pages\/2060"}],"wp:attachment":[{"href":"https:\/\/www.femmeharmone.com\/eng\/wp-json\/wp\/v2\/media?parent=2120"}],"wp:term":[{"taxonomy":"category","embeddable":true,"href":"https:\/\/www.femmeharmone.com\/eng\/wp-json\/wp\/v2\/categories?post=2120"},{"taxonomy":"post_tag","embeddable":true,"href":"https:\/\/www.femmeharmone.com\/eng\/wp-json\/wp\/v2\/tags?post=2120"}],"curies":[{"name":"wp","href":"https:\/\/api.w.org\/{rel}","templated":true}]}}