{"id":2122,"date":"2022-08-24T03:44:05","date_gmt":"2022-08-24T03:44:05","guid":{"rendered":"https:\/\/www.femmeharmone.com\/?page_id=2122"},"modified":"2022-08-30T15:00:08","modified_gmt":"2022-08-30T15:00:08","slug":"jozsa-gyorgy-zoltan-puthagorasz-orosz-olvasatai","status":"publish","type":"page","link":"https:\/\/www.femmeharmone.com\/eng\/a-noi-dimenzio\/ii-evfolyam-2-szam\/tudomany\/jozsa-gyorgy-zoltan-puthagorasz-orosz-olvasatai\/","title":{"rendered":"<em>J\u00f3zsa Gy\u00f6rgy Zolt\u00e1n: <\/em>P\u00fcthagorasz orosz \u201eolvasatai\u201d"},"content":{"rendered":"<p class=\"has-text-align-right\"><a rel=\"noreferrer noopener\" href=\"https:\/\/doi.org\/10.55344\/andfh.2202090\" target=\"_blank\">DOI: 10.55344\/andfh.2202090<\/a><\/p>\n\n\n\n<p><strong>A dolgozat a 19\u201320. sz\u00e1zad fordul\u00f3j\u00e1n megmutatkoz\u00f3 oroszorsz\u00e1gi P\u00fcthagorasz-kultusz n\u00e9mely vonatkoz\u00e1sait t\u00e1rgyalja, melyben P\u00fcthagorasz nem els\u0151sorban matematikusi, hanem vall\u00e1salap\u00edt\u00f3i min\u0151s\u00e9gben jelenik meg. Szellemi \u00f6r\u00f6ks\u00e9ge kev\u00e9s kiv\u00e9tellel valamennyi kort\u00e1rs \u00edr\u00f3t meg\u00e9rintette, a korszak orosz filoz\u00f3fusai is t\u00e1j\u00e9koz\u00f3d\u00e1si pontnak tekintett\u00e9k. A kultusz \u00fczenete a m\u00e1nak a vil\u00e1gharm\u00f3nia tan\u00e1nak \u00e9rv\u00e9nye, a szinkretikus vil\u00e1gl\u00e1t\u00e1s ig\u00e9nye lehet, mely nem monopoliz\u00e1lja a kult\u00fara \u00e9s a vil\u00e1g\u00e9rt\u00e9s fogalmi rendszer\u00e9t. P\u00fcthagorasz nagy beavatottk\u00e9nt, m\u00e1gusk\u00e9nt, politikusk\u00e9nt jelenik meg a kort\u00e1rsak \u00e9rtelmez\u00e9s\u00e9ben. Vizsg\u00e1l\u00f3d\u00e1sunkat a dekadens \u00e9s szimbolista irodalomnak \u201ea Sz\u00e9ps\u00e9g k\u00e9plete\u201d nyom\u00e1ba ered\u0151 alkot\u00f3ira korl\u00e1tozzuk.<\/strong><\/p>\n\n\n\n<div style=\"height:100px\" aria-hidden=\"true\" class=\"wp-block-spacer\"><\/div>\n\n\n\n<div data-wp-interactive=\"core\/file\" class=\"wp-block-file\"><object data-wp-bind--hidden=\"!state.hasPdfPreview\"  class=\"wp-block-file__embed\" data=\"https:\/\/www.femmeharmone.com\/wp-content\/uploads\/2022\/08\/ND_2022Nyar_v1_8_Jozsa.pdf\" type=\"application\/pdf\" style=\"width:100%;height:1033px\" aria-label=\"Embed of ND_2022Nyar_v1_8_Jozsa be\u00e1gyaz\u00e1sa.\"><\/object><a id=\"wp-block-file--media-b49a1edb-001a-4e80-b0fc-ebef8dbb53a5\" href=\"https:\/\/www.femmeharmone.com\/wp-content\/uploads\/2022\/08\/ND_2022Nyar_v1_8_Jozsa.pdf\">ND_2022Nyar_v1_8_Jozsa<\/a><a href=\"https:\/\/www.femmeharmone.com\/wp-content\/uploads\/2022\/08\/ND_2022Nyar_v1_8_Jozsa.pdf\" class=\"wp-block-file__button\" download aria-describedby=\"wp-block-file--media-b49a1edb-001a-4e80-b0fc-ebef8dbb53a5\">Let\u00f6lt\u00e9s<\/a><\/div>","protected":false},"excerpt":{"rendered":"<p>DOI: 10.55344\/andfh.2202090 A dolgozat a 19\u201320. sz\u00e1zad fordul\u00f3j\u00e1n megmutatkoz\u00f3 oroszorsz\u00e1gi P\u00fcthagorasz-kultusz n\u00e9mely vonatkoz\u00e1sait t\u00e1rgyalja, melyben P\u00fcthagorasz nem els\u0151sorban matematikusi, hanem vall\u00e1salap\u00edt\u00f3i min\u0151s\u00e9gben jelenik meg. Szellemi \u00f6r\u00f6ks\u00e9ge kev\u00e9s kiv\u00e9tellel valamennyi kort\u00e1rs \u00edr\u00f3t meg\u00e9rintette, a korszak orosz filoz\u00f3fusai is t\u00e1j\u00e9koz\u00f3d\u00e1si pontnak tekintett\u00e9k. A kultusz \u00fczenete a m\u00e1nak a vil\u00e1gharm\u00f3nia tan\u00e1nak \u00e9rv\u00e9nye, a szinkretikus vil\u00e1gl\u00e1t\u00e1s ig\u00e9nye lehet, mely&hellip;<\/p>","protected":false},"author":1,"featured_media":0,"parent":2060,"menu_order":4,"comment_status":"closed","ping_status":"closed","template":"page-article.php","meta":{"inline_featured_image":false,"footnotes":""},"categories":[],"tags":[],"_links":{"self":[{"href":"https:\/\/www.femmeharmone.com\/eng\/wp-json\/wp\/v2\/pages\/2122"}],"collection":[{"href":"https:\/\/www.femmeharmone.com\/eng\/wp-json\/wp\/v2\/pages"}],"about":[{"href":"https:\/\/www.femmeharmone.com\/eng\/wp-json\/wp\/v2\/types\/page"}],"author":[{"embeddable":true,"href":"https:\/\/www.femmeharmone.com\/eng\/wp-json\/wp\/v2\/users\/1"}],"replies":[{"embeddable":true,"href":"https:\/\/www.femmeharmone.com\/eng\/wp-json\/wp\/v2\/comments?post=2122"}],"version-history":[{"count":7,"href":"https:\/\/www.femmeharmone.com\/eng\/wp-json\/wp\/v2\/pages\/2122\/revisions"}],"predecessor-version":[{"id":2266,"href":"https:\/\/www.femmeharmone.com\/eng\/wp-json\/wp\/v2\/pages\/2122\/revisions\/2266"}],"up":[{"embeddable":true,"href":"https:\/\/www.femmeharmone.com\/eng\/wp-json\/wp\/v2\/pages\/2060"}],"wp:attachment":[{"href":"https:\/\/www.femmeharmone.com\/eng\/wp-json\/wp\/v2\/media?parent=2122"}],"wp:term":[{"taxonomy":"category","embeddable":true,"href":"https:\/\/www.femmeharmone.com\/eng\/wp-json\/wp\/v2\/categories?post=2122"},{"taxonomy":"post_tag","embeddable":true,"href":"https:\/\/www.femmeharmone.com\/eng\/wp-json\/wp\/v2\/tags?post=2122"}],"curies":[{"name":"wp","href":"https:\/\/api.w.org\/{rel}","templated":true}]}}