{"id":2124,"date":"2022-08-24T03:45:50","date_gmt":"2022-08-24T03:45:50","guid":{"rendered":"https:\/\/www.femmeharmone.com\/?page_id=2124"},"modified":"2022-08-30T15:00:40","modified_gmt":"2022-08-30T15:00:40","slug":"a-tesla-civilizacio-kapujaban-milka-kresojaval-a-belgradi-nikola-tesla-orokseg-kutatokozpont-igazgatonojevel-major-gyongyi-beszelgetett","status":"publish","type":"page","link":"https:\/\/www.femmeharmone.com\/eng\/a-noi-dimenzio\/ii-evfolyam-2-szam\/noportrek\/a-tesla-civilizacio-kapujaban-milka-kresojaval-a-belgradi-nikola-tesla-orokseg-kutatokozpont-igazgatonojevel-major-gyongyi-beszelgetett\/","title":{"rendered":"A Tesla-civiliz\u00e1ci\u00f3 kapuj\u00e1ban? <em>\u2013 Milka Kresoj\u00e1val, a belgr\u00e1di Nikola Tesla \u00d6r\u00f6ks\u00e9g Kutat\u00f3k\u00f6zpont igazgat\u00f3n\u0151j\u00e9vel Major Gy\u00f6ngyi besz\u00e9lgetett<\/em>"},"content":{"rendered":"<div data-wp-interactive=\"core\/file\" class=\"wp-block-file aligncenter\"><object data-wp-bind--hidden=\"!state.hasPdfPreview\"  class=\"wp-block-file__embed\" data=\"https:\/\/www.femmeharmone.com\/wp-content\/uploads\/2022\/08\/ND_2022Nyar_v1_8_Milka_Kresoja.pdf\" type=\"application\/pdf\" style=\"width:100%;height:1033px\" aria-label=\"Embed of ND_2022Nyar_v1_8_Milka_Kresoja be\u00e1gyaz\u00e1sa.\"><\/object><a id=\"wp-block-file--media-66dcd6b8-8290-47cf-b623-6fc0214e2a59\" href=\"https:\/\/www.femmeharmone.com\/wp-content\/uploads\/2022\/08\/ND_2022Nyar_v1_8_Milka_Kresoja.pdf\">ND_2022Nyar_v1_8_Milka_Kresoja<\/a><a href=\"https:\/\/www.femmeharmone.com\/wp-content\/uploads\/2022\/08\/ND_2022Nyar_v1_8_Milka_Kresoja.pdf\" class=\"wp-block-file__button\" download aria-describedby=\"wp-block-file--media-66dcd6b8-8290-47cf-b623-6fc0214e2a59\">Let\u00f6lt\u00e9s<\/a><\/div>","protected":false},"excerpt":{"rendered":"","protected":false},"author":1,"featured_media":0,"parent":2062,"menu_order":1,"comment_status":"closed","ping_status":"closed","template":"page-article.php","meta":{"inline_featured_image":false,"footnotes":""},"categories":[],"tags":[],"_links":{"self":[{"href":"https:\/\/www.femmeharmone.com\/eng\/wp-json\/wp\/v2\/pages\/2124"}],"collection":[{"href":"https:\/\/www.femmeharmone.com\/eng\/wp-json\/wp\/v2\/pages"}],"about":[{"href":"https:\/\/www.femmeharmone.com\/eng\/wp-json\/wp\/v2\/types\/page"}],"author":[{"embeddable":true,"href":"https:\/\/www.femmeharmone.com\/eng\/wp-json\/wp\/v2\/users\/1"}],"replies":[{"embeddable":true,"href":"https:\/\/www.femmeharmone.com\/eng\/wp-json\/wp\/v2\/comments?post=2124"}],"version-history":[{"count":4,"href":"https:\/\/www.femmeharmone.com\/eng\/wp-json\/wp\/v2\/pages\/2124\/revisions"}],"predecessor-version":[{"id":2267,"href":"https:\/\/www.femmeharmone.com\/eng\/wp-json\/wp\/v2\/pages\/2124\/revisions\/2267"}],"up":[{"embeddable":true,"href":"https:\/\/www.femmeharmone.com\/eng\/wp-json\/wp\/v2\/pages\/2062"}],"wp:attachment":[{"href":"https:\/\/www.femmeharmone.com\/eng\/wp-json\/wp\/v2\/media?parent=2124"}],"wp:term":[{"taxonomy":"category","embeddable":true,"href":"https:\/\/www.femmeharmone.com\/eng\/wp-json\/wp\/v2\/categories?post=2124"},{"taxonomy":"post_tag","embeddable":true,"href":"https:\/\/www.femmeharmone.com\/eng\/wp-json\/wp\/v2\/tags?post=2124"}],"curies":[{"name":"wp","href":"https:\/\/api.w.org\/{rel}","templated":true}]}}