{"id":2128,"date":"2022-08-24T03:48:30","date_gmt":"2022-08-24T03:48:30","guid":{"rendered":"https:\/\/www.femmeharmone.com\/?page_id=2128"},"modified":"2022-12-01T01:52:50","modified_gmt":"2022-12-01T01:52:50","slug":"prokopp-maria-uj-kutatasok-esztergom-megyei-jogu-varos-epiteszeti-ertekeirol-vukov-konstantin","status":"publish","type":"page","link":"https:\/\/www.femmeharmone.com\/eng\/a-noi-dimenzio\/ii-evfolyam-2-szam\/szemle\/prokopp-maria-uj-kutatasok-esztergom-megyei-jogu-varos-epiteszeti-ertekeirol-vukov-konstantin\/","title":{"rendered":"<em>Prokopp M\u00e1ria:<\/em> \u00daj kutat\u00e1sok Esztergom megyei jog\u00fa v\u00e1ros \u00e9p\u00edt\u00e9szeti \u00e9rt\u00e9keir\u0151l <em>(Vukov Konstantin)<\/em>"},"content":{"rendered":"<div data-wp-interactive=\"core\/file\" class=\"wp-block-file aligncenter\"><object data-wp-bind--hidden=\"!state.hasPdfPreview\"  class=\"wp-block-file__embed\" data=\"https:\/\/www.femmeharmone.com\/wp-content\/uploads\/2022\/08\/ND_2022Nyar_v1_8_Vukov.pdf\" type=\"application\/pdf\" style=\"width:100%;height:1033px\" aria-label=\"Embed of ND_2022Nyar_v1_8_Vukov be\u00e1gyaz\u00e1sa.\"><\/object><a id=\"wp-block-file--media-be2db343-04ee-4ffa-866b-d80aece3d5d9\" href=\"https:\/\/www.femmeharmone.com\/wp-content\/uploads\/2022\/08\/ND_2022Nyar_v1_8_Vukov.pdf\">ND_2022Nyar_v1_8_Vukov<\/a><a href=\"https:\/\/www.femmeharmone.com\/wp-content\/uploads\/2022\/08\/ND_2022Nyar_v1_8_Vukov.pdf\" class=\"wp-block-file__button\" download aria-describedby=\"wp-block-file--media-be2db343-04ee-4ffa-866b-d80aece3d5d9\">Let\u00f6lt\u00e9s<\/a><\/div>","protected":false},"excerpt":{"rendered":"","protected":false},"author":1,"featured_media":0,"parent":2064,"menu_order":2,"comment_status":"closed","ping_status":"closed","template":"page-article.php","meta":{"inline_featured_image":false,"footnotes":""},"categories":[],"tags":[],"_links":{"self":[{"href":"https:\/\/www.femmeharmone.com\/eng\/wp-json\/wp\/v2\/pages\/2128"}],"collection":[{"href":"https:\/\/www.femmeharmone.com\/eng\/wp-json\/wp\/v2\/pages"}],"about":[{"href":"https:\/\/www.femmeharmone.com\/eng\/wp-json\/wp\/v2\/types\/page"}],"author":[{"embeddable":true,"href":"https:\/\/www.femmeharmone.com\/eng\/wp-json\/wp\/v2\/users\/1"}],"replies":[{"embeddable":true,"href":"https:\/\/www.femmeharmone.com\/eng\/wp-json\/wp\/v2\/comments?post=2128"}],"version-history":[{"count":5,"href":"https:\/\/www.femmeharmone.com\/eng\/wp-json\/wp\/v2\/pages\/2128\/revisions"}],"predecessor-version":[{"id":2873,"href":"https:\/\/www.femmeharmone.com\/eng\/wp-json\/wp\/v2\/pages\/2128\/revisions\/2873"}],"up":[{"embeddable":true,"href":"https:\/\/www.femmeharmone.com\/eng\/wp-json\/wp\/v2\/pages\/2064"}],"wp:attachment":[{"href":"https:\/\/www.femmeharmone.com\/eng\/wp-json\/wp\/v2\/media?parent=2128"}],"wp:term":[{"taxonomy":"category","embeddable":true,"href":"https:\/\/www.femmeharmone.com\/eng\/wp-json\/wp\/v2\/categories?post=2128"},{"taxonomy":"post_tag","embeddable":true,"href":"https:\/\/www.femmeharmone.com\/eng\/wp-json\/wp\/v2\/tags?post=2128"}],"curies":[{"name":"wp","href":"https:\/\/api.w.org\/{rel}","templated":true}]}}