{"id":2132,"date":"2022-08-24T03:51:33","date_gmt":"2022-08-24T03:51:33","guid":{"rendered":"https:\/\/www.femmeharmone.com\/?page_id=2132"},"modified":"2022-08-30T15:02:58","modified_gmt":"2022-08-30T15:02:58","slug":"a-tehetseg-villanasai-nagy-rebeka-egy-eletpalya-kezdopontjan","status":"publish","type":"page","link":"https:\/\/www.femmeharmone.com\/eng\/a-noi-dimenzio\/ii-evfolyam-2-szam\/tehetsegek-foruma\/a-tehetseg-villanasai-nagy-rebeka-egy-eletpalya-kezdopontjan\/","title":{"rendered":"A tehets\u00e9g villan\u00e1sai \u2013 <em>Nagy Rebeka egy \u00e9letp\u00e1lya kezd\u0151pontj\u00e1n<\/em>"},"content":{"rendered":"<div data-wp-interactive=\"core\/file\" class=\"wp-block-file aligncenter\"><object data-wp-bind--hidden=\"!state.hasPdfPreview\"  class=\"wp-block-file__embed\" data=\"https:\/\/www.femmeharmone.com\/wp-content\/uploads\/2022\/08\/ND_2022Nyar_v1_8_Nagy_Rebeka.pdf\" type=\"application\/pdf\" style=\"width:100%;height:1033px\" aria-label=\"Embed of ND_2022Nyar_v1_8_Nagy_Rebeka be\u00e1gyaz\u00e1sa.\"><\/object><a id=\"wp-block-file--media-457424d7-9675-484c-93a3-1a90d99e732f\" href=\"https:\/\/www.femmeharmone.com\/wp-content\/uploads\/2022\/08\/ND_2022Nyar_v1_8_Nagy_Rebeka.pdf\">ND_2022Nyar_v1_8_Nagy_Rebeka<\/a><a href=\"https:\/\/www.femmeharmone.com\/wp-content\/uploads\/2022\/08\/ND_2022Nyar_v1_8_Nagy_Rebeka.pdf\" class=\"wp-block-file__button\" download aria-describedby=\"wp-block-file--media-457424d7-9675-484c-93a3-1a90d99e732f\">Let\u00f6lt\u00e9s<\/a><\/div>","protected":false},"excerpt":{"rendered":"","protected":false},"author":1,"featured_media":0,"parent":2066,"menu_order":1,"comment_status":"closed","ping_status":"closed","template":"page-article.php","meta":{"inline_featured_image":false,"footnotes":""},"categories":[],"tags":[],"_links":{"self":[{"href":"https:\/\/www.femmeharmone.com\/eng\/wp-json\/wp\/v2\/pages\/2132"}],"collection":[{"href":"https:\/\/www.femmeharmone.com\/eng\/wp-json\/wp\/v2\/pages"}],"about":[{"href":"https:\/\/www.femmeharmone.com\/eng\/wp-json\/wp\/v2\/types\/page"}],"author":[{"embeddable":true,"href":"https:\/\/www.femmeharmone.com\/eng\/wp-json\/wp\/v2\/users\/1"}],"replies":[{"embeddable":true,"href":"https:\/\/www.femmeharmone.com\/eng\/wp-json\/wp\/v2\/comments?post=2132"}],"version-history":[{"count":3,"href":"https:\/\/www.femmeharmone.com\/eng\/wp-json\/wp\/v2\/pages\/2132\/revisions"}],"predecessor-version":[{"id":2272,"href":"https:\/\/www.femmeharmone.com\/eng\/wp-json\/wp\/v2\/pages\/2132\/revisions\/2272"}],"up":[{"embeddable":true,"href":"https:\/\/www.femmeharmone.com\/eng\/wp-json\/wp\/v2\/pages\/2066"}],"wp:attachment":[{"href":"https:\/\/www.femmeharmone.com\/eng\/wp-json\/wp\/v2\/media?parent=2132"}],"wp:term":[{"taxonomy":"category","embeddable":true,"href":"https:\/\/www.femmeharmone.com\/eng\/wp-json\/wp\/v2\/categories?post=2132"},{"taxonomy":"post_tag","embeddable":true,"href":"https:\/\/www.femmeharmone.com\/eng\/wp-json\/wp\/v2\/tags?post=2132"}],"curies":[{"name":"wp","href":"https:\/\/api.w.org\/{rel}","templated":true}]}}