{"id":2134,"date":"2022-08-24T03:55:25","date_gmt":"2022-08-24T03:55:25","guid":{"rendered":"https:\/\/www.femmeharmone.com\/?page_id=2134"},"modified":"2022-08-27T14:58:45","modified_gmt":"2022-08-27T14:58:45","slug":"szent-istvan-es-a-nomozgalom-gizella-konferencia-es-folyoiratunk-bemutatasa","status":"publish","type":"page","link":"https:\/\/www.femmeharmone.com\/eng\/a-noi-dimenzio\/ii-evfolyam-2-szam\/ismeret-szerzo\/szent-istvan-es-a-nomozgalom-gizella-konferencia-es-folyoiratunk-bemutatasa\/","title":{"rendered":"Szent Istv\u00e1n \u00e9s a n\u0151mozgalom \u2013 <em>Gizella-konferencia \u00e9s foly\u00f3iratunk bemutat\u00e1sa<\/em>"},"content":{"rendered":"<h2 class=\"has-text-align-center wp-block-heading\">Szent Istv\u00e1n \u00e9s a n\u0151mozgalom<\/h2>\n\n\n<p>\u00a0<\/p>\n<p>Els\u0151 pillant\u00e1sra meglep\u0151 lehet \u00e1llamalap\u00edt\u00f3 kir\u00e1lyunk \u00fcnnep\u00e9hez t\u00e1rs\u00edtani b\u00e1rmif\u00e9le jelenkori n\u0151mozgalmat, azonban mint az l\u00e1that\u00f3 lesz, nagyon is indokolt. Az alapvet\u0151 ok erre a jelent\u0151s id\u0151ugr\u00e1sra, annak meg\u00e9rt\u00e9si ig\u00e9nye, hogy mi\u00e9rt nincs Magyarorsz\u00e1gon olyan egy\u00e9rtelm\u0171 elfogadotts\u00e1ga a nyugati n\u0151mozgalmaknak, mint amilyen elfogadott\u00e1 v\u00e1ltak a kezdem\u00e9nyez\u00e9sek helysz\u00edn\u00e9n. Ezzel a lend\u00fclettel persze mindj\u00e1rt az a k\u00e9rd\u00e9s is feltehet\u0151 lenne, hogy mi\u00e9rt nem j\u00f6tt l\u00e9tre Magyarorsz\u00e1gon olyan szervezet, amelyik a Nyugat-Eur\u00f3p\u00e1ban \u00e9led\u0151 n\u0151mozgalmak vonal\u00e1ban lenne kezdem\u00e9nyez\u0151k\u00e9nt sz\u00e1mba vehet\u0151. Az \u00f6nmag\u00e1t progressz\u00edvnak gondol\u00f3 k\u00f6r\u00f6knek megvan erre a v\u00e1laszuk a nyugati \u00e9s keleti t\u00e1rsadalmi fejl\u0151d\u00e9s \u00f6sszevet\u00e9s\u00e9b\u0151l, illetve a keleti elmaradotts\u00e1gb\u00f3l k\u00f6vetkeztetve az id\u0151beli aszinkronit\u00e1sra.<\/p>\n<p>S ha a \u201efejletts\u00e9g\u201d fogalom \u00e9rtelmez\u00e9si tartom\u00e1nya k\u00f6r\u00fcl nem is tartjuk \u00e9rdemesnek vit\u00e1ba bonyol\u00f3dni, \u00e9s els\u0151 k\u00f6zel\u00edt\u00e9sben \u00e9rvel\u00e9s\u00fckre nem \u00e9l\u00fcnk ellenvet\u00e9ssel, meghat\u00e1roz\u00f3 s\u00fallyal mer\u00fcl fel r\u00e9sz\u00fckr\u0151l egy ismerethi\u00e1ny az Eur\u00f3p\u00e1ban k\u00e9ts\u00e9gtelen m\u00f3don egyed\u00fcl\u00e1ll\u00f3, szokatlan, \u00e9s k\u00edv\u00fclr\u0151l nem is felt\u00e9tlen \u00e9rthet\u0151, speci\u00e1lisan magyar kult\u00far\u00e1r\u00f3l. Magyarorsz\u00e1gon ugyanis a n\u0151k helyzete a honalap\u00edt\u00e1st\u00f3l m\u00e1s volt, m\u00e9ghozz\u00e1 a kereszt\u00e9nys\u00e9get megel\u0151z\u0151 kult\u00far\u00e1t\u00f3l \u00e1t\u00f6r\u00f6kl\u00f6tten m\u00e1s volt, mint Eur\u00f3p\u00e1ban b\u00e1rhol.<\/p>\n<p>E helyt nincs lehet\u0151s\u00e9g r\u00e9szletes kifejt\u00e9sre, mert ez a t\u00e1rgy hosszabb \u00fctemez\u00e9s\u0171 tudom\u00e1nyos kutat\u00f3munk\u00e1ink feladatai k\u00f6z\u00f6tt oldhat\u00f3 meg megfelel\u0151 ig\u00e9nnyel, mindenesetre m\u00f3dunkban \u00e1ll kiemelni az \u00e1tutaz\u00f3 k\u00fclhoniak \u00e1ltal oly meglep\u0151nek tal\u00e1lt n\u0151tiszteletet. Ez a n\u0151tisztelet pedig nem furcsa \u00e9s \u00f6sszef\u00fcgg\u00e9stelen inhomogenit\u00e1sa volt a magyar kult\u00far\u00e1nak, hanem szerves r\u00e9sze, miut\u00e1n k\u00f6zvetlen\u00fcl kapcsol\u00f3dott az Emese \u00e1lmak\u00e9nt meg\u0151rz\u00f6tt m\u00edtoszhoz, vagy a nyelvben szervesen jelenl\u00e9v\u0151 <em>Boldogasszony<\/em> kultuszhoz, vagy \u00e9ppens\u00e9ggel ahhoz a t\u00e9nyhez, hogy Szent Istv\u00e1n nem valamelyik kort\u00e1rs szt\u00e1rszentnek, vagy az Atyaisten jobbj\u00e1n tr\u00f3nol\u00f3 J\u00e9zus Krisztusnak, hanem \u00e9ppen Sz\u0171z M\u00e1ri\u00e1nak aj\u00e1nlotta v\u00e9delm\u00e9be Magyarorsz\u00e1got. S ennek a n\u0151tiszteletnek a szerv\u00fclts\u00e9ge levezetett eg\u00e9szen a k\u00f6zjogig, minthogy p\u00e9ld\u00e1ul a n\u0151k r\u00e9szesei voltak az \u00f6r\u00f6kl\u00e9si jognak, szemben a fejlett nyugattal. M\u00e1s k\u00e9rd\u00e9s, hogy Eur\u00f3p\u00e1ba be\u00e9kel\u0151dve, a \u201efejl\u0151d\u00e9sben\u201d kullogva a nyugat ut\u00e1n, a n\u0151k helyzete az \u00fajkor fel\u00e9 haladva, a k\u00fclhoni gazdas\u00e1gi \u00e9s t\u00e1rsadalmi bek\u00f6t\u00f6tts\u00e9gek hat\u00e1sak\u00e9nt egyre ink\u00e1bb hasonult a t\u00e1g k\u00f6rnyezethez. Ezzel egy\u00fctt m\u00e1ig \u00e9rezteti hat\u00e1s\u00e1t a hagyom\u00e1ny, aminek k\u00f6vetkezt\u00e9ben a n\u0151k t\u00e1rsadalomban \u00e9s csal\u00e1dban meg\u00e9lt val\u00f3s\u00e1gos helyzete nem \u00e1ll olyan \u00e9les ellent\u00e9tben az egy\u00e9bk\u00e9nt m\u00e1ra t\u00e9nylegesen maszkulin meghat\u00e1rozotts\u00e1g\u00fa kult\u00far\u00e1val. Kor\u00e1ntsem probl\u00e9mamentes a helyzet, azonban a hagyom\u00e1nyban keresend\u0151 okai vannak annak a t\u00e9nynek, hogy Magyarorsz\u00e1gon, \u00e9s k\u00fcl\u00f6n\u00f6sen a vid\u00e9ki Magyarorsz\u00e1gon nincs val\u00f3s motiv\u00e1ci\u00f3 ki\u00e9lezni \u00e9s mozgalomm\u00e1 alak\u00edtani a f\u00e9rfi-n\u0151 konfliktust.<\/p>\n<p>Fentiek v\u00e9giggondol\u00e1s\u00e1ra \u00e9rdemes az id\u0151ben visszafel\u00e9 haladva a kult\u00fara gy\u00f6k\u00e9rmot\u00edvum\u00e1ig visszany\u00falni. Ebben egy hat\u00e1rpontot jelent Szent Istv\u00e1n, mivel \u00edr\u00e1sos eml\u00e9kek hi\u00e1ny\u00e1ban n\u00e1la kor\u00e1bbr\u00f3l megb\u00edzhat\u00f3 forr\u00e1sokkal nem rendelkez\u00fcnk. \u00c1llamalap\u00edt\u00e1s\u00e1nak \u00fcnnep\u00e9n viszont kihagyhatatlan Gizell\u00e1ra, hitves\u00e9re, a bajor hercegn\u0151re eml\u00e9kezn\u00fcnk, aki uralkod\u00f3i p\u00e1rja volt f\u00e9rj\u00e9nek. A r\u00e1nk maradt \u00e1br\u00e1zol\u00e1sokon nem al\u00e1rendelt, hanem t\u00e1rsszerepben jelenik meg. Ez pedig nem v\u00e9letlen, hanem a kult\u00far\u00e1nk szerves r\u00e9sze, ami kifejez\u0151dik a koron\u00e1z\u00e1si szertart\u00e1sban is. A hagyom\u00e1nyoknak megfelel\u0151en a magyar kir\u00e1lyn\u00e9kat szint\u00e9n megkoron\u00e1zt\u00e1k, \u00e9s a koron\u00e1z\u00e1si szertart\u00e1s alkalm\u00e1val a koron\u00e1z\u00f3 egyh\u00e1zi m\u00e9lt\u00f3s\u00e1g a t\u00e1rsuralkod\u00f3i rang jelz\u00e9sek\u00e9nt a kir\u00e1lyn\u00e9 v\u00e1ll\u00e1hoz \u00e9rintette a Szent Koron\u00e1t.<\/p>\n<p>Szent Istv\u00e1n \u00fcnnepe r\u00e9sz\u00fcnkre ez\u00e9rt Gizell\u00e1val, a hitvessel egy\u00fctt teljes. S ugyanez okb\u00f3l nem tekintj\u00fck Magyarorsz\u00e1gon a n\u0151k helyzet\u00e9nek probl\u00e9m\u00e1j\u00e1t jogi k\u00e9rd\u00e9snek.<\/p>\n<p>\u00a0<\/p>\n<p style=\"text-align: right;\"><em>\u00a0(Szerk.)<\/em><\/p>\n\n\n<figure class=\"wp-block-embed is-type-video is-provider-youtube wp-block-embed-youtube wp-embed-aspect-16-9 wp-has-aspect-ratio\"><div class=\"wp-block-embed__wrapper\">\n<iframe loading=\"lazy\" title=\"Gizella-konferencia \u00e9s foly\u00f3iratunk bemutat\u00e1sa\" width=\"750\" height=\"422\" src=\"https:\/\/www.youtube.com\/embed\/wayQZiSnEfQ?feature=oembed\" frameborder=\"0\" allow=\"accelerometer; autoplay; clipboard-write; encrypted-media; gyroscope; picture-in-picture\" allowfullscreen><\/iframe>\n<\/div><\/figure>","protected":false},"excerpt":{"rendered":"<p>Szent Istv\u00e1n \u00e9s a n\u0151mozgalom \u00a0 Els\u0151 pillant\u00e1sra meglep\u0151 lehet \u00e1llamalap\u00edt\u00f3 kir\u00e1lyunk \u00fcnnep\u00e9hez t\u00e1rs\u00edtani b\u00e1rmif\u00e9le jelenkori n\u0151mozgalmat, azonban mint az l\u00e1that\u00f3 lesz, nagyon is indokolt. Az alapvet\u0151 ok erre a jelent\u0151s id\u0151ugr\u00e1sra, annak meg\u00e9rt\u00e9si ig\u00e9nye, hogy mi\u00e9rt nincs Magyarorsz\u00e1gon olyan egy\u00e9rtelm\u0171 elfogadotts\u00e1ga a nyugati n\u0151mozgalmaknak, mint amilyen elfogadott\u00e1 v\u00e1ltak a kezdem\u00e9nyez\u00e9sek helysz\u00edn\u00e9n. Ezzel a lend\u00fclettel&hellip;<\/p>","protected":false},"author":1,"featured_media":0,"parent":2068,"menu_order":1,"comment_status":"closed","ping_status":"closed","template":"page-article.php","meta":{"inline_featured_image":false,"footnotes":""},"categories":[],"tags":[],"_links":{"self":[{"href":"https:\/\/www.femmeharmone.com\/eng\/wp-json\/wp\/v2\/pages\/2134"}],"collection":[{"href":"https:\/\/www.femmeharmone.com\/eng\/wp-json\/wp\/v2\/pages"}],"about":[{"href":"https:\/\/www.femmeharmone.com\/eng\/wp-json\/wp\/v2\/types\/page"}],"author":[{"embeddable":true,"href":"https:\/\/www.femmeharmone.com\/eng\/wp-json\/wp\/v2\/users\/1"}],"replies":[{"embeddable":true,"href":"https:\/\/www.femmeharmone.com\/eng\/wp-json\/wp\/v2\/comments?post=2134"}],"version-history":[{"count":3,"href":"https:\/\/www.femmeharmone.com\/eng\/wp-json\/wp\/v2\/pages\/2134\/revisions"}],"predecessor-version":[{"id":2223,"href":"https:\/\/www.femmeharmone.com\/eng\/wp-json\/wp\/v2\/pages\/2134\/revisions\/2223"}],"up":[{"embeddable":true,"href":"https:\/\/www.femmeharmone.com\/eng\/wp-json\/wp\/v2\/pages\/2068"}],"wp:attachment":[{"href":"https:\/\/www.femmeharmone.com\/eng\/wp-json\/wp\/v2\/media?parent=2134"}],"wp:term":[{"taxonomy":"category","embeddable":true,"href":"https:\/\/www.femmeharmone.com\/eng\/wp-json\/wp\/v2\/categories?post=2134"},{"taxonomy":"post_tag","embeddable":true,"href":"https:\/\/www.femmeharmone.com\/eng\/wp-json\/wp\/v2\/tags?post=2134"}],"curies":[{"name":"wp","href":"https:\/\/api.w.org\/{rel}","templated":true}]}}