{"id":2337,"date":"2022-09-25T23:28:15","date_gmt":"2022-09-25T23:28:15","guid":{"rendered":"https:\/\/www.femmeharmone.com\/?page_id=2337"},"modified":"2025-01-23T23:02:04","modified_gmt":"2025-01-23T23:02:04","slug":"konnektografia-es-noiseg","status":"publish","type":"page","link":"https:\/\/www.femmeharmone.com\/eng\/kutatointezet\/projektek\/mi-noiseg-es-uj-paradigmak\/konnektografia-es-noiseg\/","title":{"rendered":"Konnektogr\u00e1fia \u00e9s n\u0151is\u00e9g"},"content":{"rendered":"<div style=\"height:50px\" aria-hidden=\"true\" class=\"wp-block-spacer\"><\/div>\n\n\n\n<h2 class=\"wp-block-heading has-text-align-center\">Publik\u00e1ci\u00f3k<\/h2>\n\n\n\n<div style=\"height:100px\" aria-hidden=\"true\" class=\"wp-block-spacer\"><\/div>\n\n\n\n<div class=\"wp-block-buttons is-content-justification-center is-layout-flex wp-container-core-buttons-is-layout-1 wp-block-buttons-is-layout-flex\">\n<div class=\"wp-block-button is-style-fill\"><a class=\"wp-block-button__link wp-element-button\" href=\"https:\/\/www.femmeharmone.com\/wp-content\/uploads\/2022\/09\/KISEBBSEGI-LET-A-GEOPILLANAT-KONTEXTUSABAN.pdf\" target=\"_blank\" rel=\"noreferrer noopener\">Kisebbs\u00e9gi l\u00e9t a geopillanat kontextus\u00e1ban (pdf)<\/a><\/div>\n<\/div>\n\n\n\n<div style=\"height:100px\" aria-hidden=\"true\" class=\"wp-block-spacer\"><\/div>\n\n\n\n<div class=\"wp-block-buttons is-content-justification-center is-layout-flex wp-container-core-buttons-is-layout-2 wp-block-buttons-is-layout-flex\">\n<div class=\"wp-block-button is-style-fill\"><a class=\"wp-block-button__link wp-element-button\" href=\"https:\/\/www.femmeharmone.com\/wp-content\/uploads\/2022\/09\/A-gazdasag-fraktal-jellege.pdf\" target=\"_blank\" rel=\"noreferrer noopener\">A gazdas\u00e1g frakt\u00e1l jellege (pdf)<\/a><\/div>\n<\/div>\n\n\n\n<div style=\"height:100px\" aria-hidden=\"true\" class=\"wp-block-spacer\"><\/div>\n\n\n\n<div class=\"wp-block-buttons is-content-justification-center is-layout-flex wp-container-core-buttons-is-layout-3 wp-block-buttons-is-layout-flex\">\n<div class=\"wp-block-button is-style-fill\"><a class=\"wp-block-button__link wp-element-button\" href=\"https:\/\/www.femmeharmone.com\/wp-content\/uploads\/2022\/09\/A-kozgazdasagtan-uj-narrativaja.pdf\" target=\"_blank\" rel=\"noreferrer noopener\">A k\u00f6zgazdas\u00e1gtan \u00faj narrat\u00edv\u00e1ja (pdf)<\/a><\/div>\n<\/div>\n\n\n\n<div style=\"height:100px\" aria-hidden=\"true\" class=\"wp-block-spacer\"><\/div>\n\n\n\n<div class=\"wp-block-buttons is-content-justification-center is-layout-flex wp-container-core-buttons-is-layout-4 wp-block-buttons-is-layout-flex\">\n<div class=\"wp-block-button is-style-fill\"><a class=\"wp-block-button__link wp-element-button\" href=\"https:\/\/www.femmeharmone.com\/wp-content\/uploads\/2022\/09\/A-gazdasagi-modell-atertelmezhetosege-a-homo-oeconomicus-uj-identitasa.pdf\" target=\"_blank\" rel=\"noreferrer noopener\">A gazdas\u00e1gi modell \u00e1t\u00e9rtelmezhet\u0151s\u00e9ge a homo oeconomicus \u00faj identit\u00e1sa (pdf)<\/a><\/div>\n<\/div>\n\n\n\n<div style=\"height:100px\" aria-hidden=\"true\" class=\"wp-block-spacer\"><\/div>\n\n\n\n<div class=\"wp-block-buttons is-content-justification-center is-layout-flex wp-container-core-buttons-is-layout-5 wp-block-buttons-is-layout-flex\">\n<div class=\"wp-block-button is-style-fill\"><a class=\"wp-block-button__link wp-element-button\" href=\"https:\/\/www.femmeharmone.com\/wp-content\/uploads\/2022\/09\/Demografiai-valsag-mint-biztonsagpolitikai-kihivas.pdf\" target=\"_blank\" rel=\"noreferrer noopener\">Demogr\u00e1fiai v\u00e1ls\u00e1g mint biztons\u00e1gpolitikai kih\u00edv\u00e1s (pdf)<\/a><\/div>\n<\/div>\n\n\n\n<div style=\"height:100px\" aria-hidden=\"true\" class=\"wp-block-spacer\"><\/div>\n\n\n\n<div class=\"wp-block-buttons is-content-justification-center is-layout-flex wp-container-core-buttons-is-layout-6 wp-block-buttons-is-layout-flex\">\n<div class=\"wp-block-button is-style-fill\"><a class=\"wp-block-button__link wp-element-button\" href=\"https:\/\/www.femmeharmone.com\/wp-content\/uploads\/2022\/09\/Creatio-continua.pdf\" target=\"_blank\" rel=\"noreferrer noopener\">Creatio continua (pdf)<\/a><\/div>\n<\/div>\n\n\n\n<div style=\"height:100px\" aria-hidden=\"true\" class=\"wp-block-spacer\"><\/div>\n\n\n\n<div class=\"wp-block-buttons is-content-justification-center is-layout-flex wp-container-core-buttons-is-layout-7 wp-block-buttons-is-layout-flex\">\n<div class=\"wp-block-button is-style-fill\"><a class=\"wp-block-button__link wp-element-button\" href=\"https:\/\/www.femmeharmone.com\/wp-content\/uploads\/2022\/09\/MI-a-szemely-autonomiaja-es-jogi-kihivasok.pdf\" target=\"_blank\" rel=\"noreferrer noopener\">MI a szem\u00e9ly auton\u00f3mi\u00e1ja \u00e9s jogi kih\u00edv\u00e1sok (pdf)<\/a><\/div>\n<\/div>\n\n\n\n<div style=\"height:100px\" aria-hidden=\"true\" class=\"wp-block-spacer\"><\/div>\n\n\n\n<div class=\"wp-block-buttons is-content-justification-center is-layout-flex wp-container-core-buttons-is-layout-8 wp-block-buttons-is-layout-flex\">\n<div class=\"wp-block-button is-style-fill\"><a class=\"wp-block-button__link wp-element-button\" href=\"https:\/\/www.femmeharmone.com\/wp-content\/uploads\/2022\/09\/Gyongyi-Major_PHILOSOPHICAL-NARRATIVE-OF-ENVIRONMENTALLY-SUSTAINABLE-ECONOMY.pdf\" target=\"_blank\" rel=\"noreferrer noopener\">Philosophical Narrative of Environmentally Sustainable Economy (pdf)<\/a><\/div>\n<\/div>\n\n\n\n<div style=\"height:100px\" aria-hidden=\"true\" class=\"wp-block-spacer\"><\/div>\n\n\n\n<div class=\"wp-block-buttons is-content-justification-center is-layout-flex wp-container-core-buttons-is-layout-9 wp-block-buttons-is-layout-flex\">\n<div class=\"wp-block-button is-style-fill\"><a class=\"wp-block-button__link wp-element-button\" href=\"https:\/\/www.femmeharmone.com\/wp-content\/uploads\/2022\/09\/Managing-VUCA-Through-Integrative-Self.pdf\" target=\"_blank\" rel=\"noreferrer noopener\">Managing VUCA Through Integrative Self (pdf)<\/a><\/div>\n<\/div>\n\n\n\n<div style=\"height:100px\" aria-hidden=\"true\" class=\"wp-block-spacer\"><\/div>\n\n\n\n<h2 class=\"wp-block-heading has-text-align-center\">Tov\u00e1bbk\u00e9pz\u00e9s<\/h2>\n\n\n\n<figure class=\"wp-block-embed aligncenter is-type-video is-provider-youtube wp-block-embed-youtube wp-embed-aspect-16-9 wp-has-aspect-ratio\"><div class=\"wp-block-embed__wrapper\">\n<iframe loading=\"lazy\" title=\"30 10 2013 Szakmai tov\u00e1bbk\u00e9pz\u00e9s fiatal k\u00f6zgazd\u00e1szoknak\" width=\"750\" height=\"422\" src=\"https:\/\/www.youtube.com\/embed\/BqAmkXLtxCY?feature=oembed\" frameborder=\"0\" allow=\"accelerometer; autoplay; clipboard-write; encrypted-media; gyroscope; picture-in-picture\" allowfullscreen><\/iframe>\n<\/div><\/figure>\n\n\n\n<div style=\"height:100px\" aria-hidden=\"true\" class=\"wp-block-spacer\"><\/div>\n\n\n\n<h2 class=\"wp-block-heading has-text-align-center\">Konferencia<\/h2>\n\n\n\n<figure class=\"wp-block-embed aligncenter is-type-video is-provider-youtube wp-block-embed-youtube wp-embed-aspect-16-9 wp-has-aspect-ratio\"><div class=\"wp-block-embed__wrapper\">\n<iframe loading=\"lazy\" title=\"Major Gy\u00f6ngyi k\u00f6zgazd\u00e1sz\" width=\"750\" height=\"422\" src=\"https:\/\/www.youtube.com\/embed\/yA-XMFsPZFw?feature=oembed\" frameborder=\"0\" allow=\"accelerometer; autoplay; clipboard-write; encrypted-media; gyroscope; picture-in-picture\" allowfullscreen><\/iframe>\n<\/div><\/figure>\n\n\n\n<div style=\"height:60px\" aria-hidden=\"true\" class=\"wp-block-spacer\"><\/div>\n\n\n\n<h3 class=\"wp-block-heading has-text-align-center\">Konferencia k\u00f6tet<\/h3>\n\n\n\n<div data-wp-interactive=\"core\/file\" class=\"wp-block-file\"><object data-wp-bind--hidden=\"!state.hasPdfPreview\"  class=\"wp-block-file__embed\" data=\"https:\/\/www.femmeharmone.com\/wp-content\/uploads\/2021\/12\/Pro-Philosophia-evkonyv.pdf\" type=\"application\/pdf\" style=\"width:100%;height:600px\" aria-label=\"Embed of Pro-Philosophia-evkonyv.\"><\/object><a id=\"wp-block-file--media-dc4a8da9-7411-4b26-bf5e-13cca3c208ed\" href=\"https:\/\/www.femmeharmone.com\/wp-content\/uploads\/2021\/12\/Pro-Philosophia-evkonyv.pdf\">Pro-Philosophia-evkonyv<\/a><a href=\"https:\/\/www.femmeharmone.com\/wp-content\/uploads\/2021\/12\/Pro-Philosophia-evkonyv.pdf\" class=\"wp-block-file__button wp-element-button\" download aria-describedby=\"wp-block-file--media-dc4a8da9-7411-4b26-bf5e-13cca3c208ed\">Let\u00f6lt\u00e9s<\/a><\/div>\n\n\n\n<div style=\"height:100px\" aria-hidden=\"true\" class=\"wp-block-spacer\"><\/div>","protected":false},"excerpt":{"rendered":"<p>Publik\u00e1ci\u00f3k Tov\u00e1bbk\u00e9pz\u00e9s Konferencia Konferencia k\u00f6tet<\/p>","protected":false},"author":1,"featured_media":0,"parent":3794,"menu_order":5,"comment_status":"closed","ping_status":"closed","template":"","meta":{"inline_featured_image":false,"footnotes":""},"categories":[],"tags":[],"_links":{"self":[{"href":"https:\/\/www.femmeharmone.com\/eng\/wp-json\/wp\/v2\/pages\/2337"}],"collection":[{"href":"https:\/\/www.femmeharmone.com\/eng\/wp-json\/wp\/v2\/pages"}],"about":[{"href":"https:\/\/www.femmeharmone.com\/eng\/wp-json\/wp\/v2\/types\/page"}],"author":[{"embeddable":true,"href":"https:\/\/www.femmeharmone.com\/eng\/wp-json\/wp\/v2\/users\/1"}],"replies":[{"embeddable":true,"href":"https:\/\/www.femmeharmone.com\/eng\/wp-json\/wp\/v2\/comments?post=2337"}],"version-history":[{"count":38,"href":"https:\/\/www.femmeharmone.com\/eng\/wp-json\/wp\/v2\/pages\/2337\/revisions"}],"predecessor-version":[{"id":5410,"href":"https:\/\/www.femmeharmone.com\/eng\/wp-json\/wp\/v2\/pages\/2337\/revisions\/5410"}],"up":[{"embeddable":true,"href":"https:\/\/www.femmeharmone.com\/eng\/wp-json\/wp\/v2\/pages\/3794"}],"wp:attachment":[{"href":"https:\/\/www.femmeharmone.com\/eng\/wp-json\/wp\/v2\/media?parent=2337"}],"wp:term":[{"taxonomy":"category","embeddable":true,"href":"https:\/\/www.femmeharmone.com\/eng\/wp-json\/wp\/v2\/categories?post=2337"},{"taxonomy":"post_tag","embeddable":true,"href":"https:\/\/www.femmeharmone.com\/eng\/wp-json\/wp\/v2\/tags?post=2337"}],"curies":[{"name":"wp","href":"https:\/\/api.w.org\/{rel}","templated":true}]}}