{"id":2591,"date":"2022-11-15T23:15:26","date_gmt":"2022-11-15T23:15:26","guid":{"rendered":"https:\/\/www.femmeharmone.com\/?page_id=2591"},"modified":"2025-11-05T11:09:37","modified_gmt":"2025-11-05T11:09:37","slug":"arpad-hazi-kiralylanyok","status":"publish","type":"page","link":"https:\/\/www.femmeharmone.com\/eng\/kutatointezet\/projektek\/arpad-hazi-kiralylanyok\/","title":{"rendered":"\u00c1rp\u00e1d-h\u00e1zi kir\u00e1lyl\u00e1nyok"},"content":{"rendered":"<div style=\"height:50px\" aria-hidden=\"true\" class=\"wp-block-spacer\"><\/div>\n\n\n\n<h3 class=\"wp-block-heading has-text-align-center\">Projektvezet\u0151k: <strong>Dr. Zsuzsanna J. \u00dajv\u00e1ry <\/strong>\u00e9s<strong> Dr. Gy\u00f6ngyi Major<\/strong><\/h3>\n\n\n\n<div style=\"height:50px\" aria-hidden=\"true\" class=\"wp-block-spacer\"><\/div>\n\n\n\n<p>Az \u00c1rp\u00e1d-h\u00e1zi kir\u00e1lyok n\u0151i lesz\u00e1rmazottair\u00f3l fennmaradt \u00edr\u00e1sbeli \u00e9s szellemi hagyat\u00e9kb\u00f3l n\u00e9h\u00e1ny rendk\u00edv\u00fcl felt\u0171n\u0151, s t\u00f6bb, kev\u00e9sb\u00e9 \u00e9szrevehet\u0151 mot\u00edvumra figyelhet\u00fcnk fel. Kiemelked\u0151 p\u00e9ld\u00e1ul, hogy milyen jelent\u0151s sz\u00e1mban avatt\u00e1k \u0151ket szentt\u00e9. Kev\u00e9ss\u00e9 szembet\u0171n\u0151, \u00e9s a t\u00f6rt\u00e9net\u00edr\u00e1s is sokkal kev\u00e9sb\u00e9 tekinti t\u00e1rgy\u00e1nak hitvesi helyt\u00e1ll\u00e1suk \u00e1br\u00e1zol\u00e1s\u00e1t. Amennyiben azonban a nem annyira n\u00e9pszer\u0171 \u00e9s l\u00e1tv\u00e1nyos, de ann\u00e1l mark\u00e1nsabb funkci\u00f3kat helyezz\u00fck f\u00f3kuszba, kider\u00fcl, hogy jelent\u0151s\u00e9g\u00fck a t\u00f6rt\u00e9nelem fordul\u00f3pontjain nem kev\u00e9sb\u00e9 meghat\u00e1roz\u00f3, mint h\u0151sk\u00e9nt, kit\u0171n\u0151 diplomatak\u00e9nt, vagy nagyszer\u0171 gazdas\u00e1gi ir\u00e1ny\u00edt\u00f3k\u00e9nt jegyzett f\u00e9rjeik\u00e9. Ez a t\u00e9ny pedig felveti annak ig\u00e9ny\u00e9t, hogy a jelenlegi h\u0151s-kultuszra alapozott t\u00f6rt\u00e9nelemszeml\u00e9let\u00fcnket \u2013 ami eredend\u0151en egy f\u00e9rfi-koncepci\u00f3j\u00fa t\u00f6rt\u00e9net\u00edr\u00e1shoz vezetett \u2013 \u00e9rdemes kiterjeszten\u00fcnk egy sz\u00e9lesebb perspekt\u00edv\u00e1ra.<\/p>\n\n\n\n<p>Kultur\u00e1lis eml\u00e9kezet\u00fcnk m\u00e9g halv\u00e1nyan \u0151rzi azt a mint\u00e1zatot, amikor a n\u0151 nem harcol, hanem bet\u00f6lti a t\u00e1rsadalmi szerep\u00e9t, amikor elfoglalja azt a m\u00e1s sz\u00e1m\u00e1ra elfoglalhatatlan \u00e9s egyben n\u00e9lk\u00fcl\u00f6zhetetlen helyet, amit csakis \u0151 t\u00f6lthet be. Amikor nem versenyez a f\u00e9rfivel, hanem megk\u00fcl\u00f6nb\u00f6zteti mag\u00e1t, \u00e9s bizonyos \u00e9rtelemben elk\u00fcl\u00f6n\u00fcl t\u0151le. Amikor a n\u0151is\u00e9g nem kik\u00e9nyszer\u00edtett jog \u00e1ltal jelenik meg, hanem saj\u00e1t szakr\u00e1lis funkci\u00f3j\u00e1nak ismeret\u00e9ben \u00e9s tudat\u00e1ban l\u00e1tja el azt a feladatot, amivel az embernek az \u00e9l\u0151 univerzum adott pontj\u00e1n a konkr\u00e9t \u00e9letet biztos\u00edtja.<\/p>\n\n\n\n<p>Hangs\u00falyozand\u00f3 azonban, hogy nem valamif\u00e9le \u0151si, vagy \u0151sinek tartott \u00e1llapot restaur\u00e1ci\u00f3s sz\u00e1nd\u00e9k\u00e1r\u00f3l van itt sz\u00f3, hanem a j\u00f6v\u0151 v\u00edzi\u00f3j\u00e1nak re\u00e1lis fel\u00e9p\u00edt\u00e9s\u00e9hez elengedhetetlen kultur\u00e1lis \u00f6r\u00f6ks\u00e9g meg\u00e9rt\u00e9s\u00e9r\u0151l. A magyar kult\u00far\u00e1ban hagyom\u00e1nyos n\u0151tisztelet, a Regnum Marianum eszm\u00e9je, a k\u00f6z\u00e9pkori magyar jogrendben a n\u0151kre vonatkoz\u00f3 joggyakorlat, a Boldogasszony-kultusz, Szent Istv\u00e1n orsz\u00e1g-felaj\u00e1nl\u00e1sa, vissza eg\u00e9szen Emese \u00e1lm\u00e1ig olyan egyenes vonalat alkotnak a m\u00faltba, amely a t\u00e1rsadalmi tudatban a jelenlegihez k\u00e9pest eg\u00e9szen m\u00e1s n\u0151k\u00e9pet jelen\u00edt meg a m\u00e1nak. Olyan n\u0151k\u00e9pet, amelynek halv\u00e1nyul\u00e1sa k\u00f6vezte ki az utat a szingularit\u00e1s ir\u00e1ny\u00e1ba.<\/p>\n\n\n\n<div style=\"height:100px\" aria-hidden=\"true\" class=\"wp-block-spacer\"><\/div>\n\n\n\n<h2 class=\"wp-block-heading has-text-align-center\"><strong>Sponsa mea, Regina nostra (2025)<\/strong><\/h2>\n\n\n\n<div style=\"height:50px\" aria-hidden=\"true\" class=\"wp-block-spacer\"><\/div>\n\n\n\n<div data-wp-interactive=\"core\/file\" class=\"wp-block-file\"><object data-wp-bind--hidden=\"!state.hasPdfPreview\"  class=\"wp-block-file__embed\" data=\"https:\/\/www.femmeharmone.com\/wp-content\/uploads\/2025\/10\/Sponsa_mea_regina_nostra.pdf\" type=\"application\/pdf\" style=\"width:100%;height:1500px\" aria-label=\"Embed of Sponsa_mea_regina_nostra.\"><\/object><a id=\"wp-block-file--media-378d2a59-fb10-44f4-8491-3d867f8c37b0\" href=\"https:\/\/www.femmeharmone.com\/wp-content\/uploads\/2025\/10\/Sponsa_mea_regina_nostra.pdf\">Sponsa_mea_regina_nostra<\/a><a href=\"https:\/\/www.femmeharmone.com\/wp-content\/uploads\/2025\/10\/Sponsa_mea_regina_nostra.pdf\" class=\"wp-block-file__button wp-element-button\" download aria-describedby=\"wp-block-file--media-378d2a59-fb10-44f4-8491-3d867f8c37b0\">Let\u00f6lt\u00e9s<\/a><\/div>\n\n\n\n<div style=\"height:100px\" aria-hidden=\"true\" class=\"wp-block-spacer\"><\/div>\n\n\n\n<h2 class=\"wp-block-heading has-text-align-center\"><strong>Magyar n\u0151i szentek<\/strong><\/h2>\n\n\n\n<div style=\"height:100px\" aria-hidden=\"true\" class=\"wp-block-spacer\"><\/div>\n\n\n\n<h4 class=\"wp-block-heading has-text-align-center\">\u201eMAGYAR N\u0150I SZENTEK \u00c9S BOLDOG EML\u00c9K\u0170EK\u201d &#8211; <br>tudom\u00e1nyos konferencia<\/h4>\n\n\n\n<p class=\"has-text-align-center\">2023.09.19.<\/p>\n\n\n\n<p class=\"has-text-align-center\">Magyar Nemzeti M\u00fazeum, Budapest<\/p>\n\n\n\n<figure class=\"wp-block-image size-large\"><img loading=\"lazy\" decoding=\"async\" width=\"1024\" height=\"565\" src=\"https:\/\/www.femmeharmone.com\/wp-content\/uploads\/2023\/10\/20230919_111720cr-1024x565.jpg\" alt=\"\" class=\"wp-image-3732\" srcset=\"https:\/\/www.femmeharmone.com\/wp-content\/uploads\/2023\/10\/20230919_111720cr-1024x565.jpg 1024w, https:\/\/www.femmeharmone.com\/wp-content\/uploads\/2023\/10\/20230919_111720cr-300x166.jpg 300w, https:\/\/www.femmeharmone.com\/wp-content\/uploads\/2023\/10\/20230919_111720cr-768x424.jpg 768w, https:\/\/www.femmeharmone.com\/wp-content\/uploads\/2023\/10\/20230919_111720cr-1536x848.jpg 1536w, https:\/\/www.femmeharmone.com\/wp-content\/uploads\/2023\/10\/20230919_111720cr-2048x1130.jpg 2048w, https:\/\/www.femmeharmone.com\/wp-content\/uploads\/2023\/10\/20230919_111720cr-18x10.jpg 18w, https:\/\/www.femmeharmone.com\/wp-content\/uploads\/2023\/10\/20230919_111720cr-1568x865.jpg 1568w\" sizes=\"(max-width: 1024px) 100vw, 1024px\" \/><\/figure>\n\n\n\n<figure class=\"wp-block-gallery has-nested-images columns-default is-cropped wp-block-gallery-1 is-layout-flex wp-block-gallery-is-layout-flex\">\n<figure class=\"wp-block-image size-large\"><img loading=\"lazy\" decoding=\"async\" width=\"1024\" height=\"1024\" data-id=\"3733\" src=\"https:\/\/www.femmeharmone.com\/wp-content\/uploads\/2023\/10\/20230919_111948-1024x1024.jpg\" alt=\"\" class=\"wp-image-3733\" srcset=\"https:\/\/www.femmeharmone.com\/wp-content\/uploads\/2023\/10\/20230919_111948-1024x1024.jpg 1024w, https:\/\/www.femmeharmone.com\/wp-content\/uploads\/2023\/10\/20230919_111948-300x300.jpg 300w, https:\/\/www.femmeharmone.com\/wp-content\/uploads\/2023\/10\/20230919_111948-150x150.jpg 150w, https:\/\/www.femmeharmone.com\/wp-content\/uploads\/2023\/10\/20230919_111948-768x768.jpg 768w, https:\/\/www.femmeharmone.com\/wp-content\/uploads\/2023\/10\/20230919_111948-1536x1536.jpg 1536w, https:\/\/www.femmeharmone.com\/wp-content\/uploads\/2023\/10\/20230919_111948-2048x2048.jpg 2048w, https:\/\/www.femmeharmone.com\/wp-content\/uploads\/2023\/10\/20230919_111948-12x12.jpg 12w, https:\/\/www.femmeharmone.com\/wp-content\/uploads\/2023\/10\/20230919_111948-1568x1568.jpg 1568w\" sizes=\"(max-width: 1024px) 100vw, 1024px\" \/><\/figure>\n\n\n\n<figure class=\"wp-block-image size-large\"><img loading=\"lazy\" decoding=\"async\" width=\"1024\" height=\"1024\" data-id=\"3734\" src=\"https:\/\/www.femmeharmone.com\/wp-content\/uploads\/2023\/10\/20230919_152946-1024x1024.jpg\" alt=\"\" class=\"wp-image-3734\" srcset=\"https:\/\/www.femmeharmone.com\/wp-content\/uploads\/2023\/10\/20230919_152946-1024x1024.jpg 1024w, https:\/\/www.femmeharmone.com\/wp-content\/uploads\/2023\/10\/20230919_152946-300x300.jpg 300w, https:\/\/www.femmeharmone.com\/wp-content\/uploads\/2023\/10\/20230919_152946-150x150.jpg 150w, https:\/\/www.femmeharmone.com\/wp-content\/uploads\/2023\/10\/20230919_152946-768x768.jpg 768w, https:\/\/www.femmeharmone.com\/wp-content\/uploads\/2023\/10\/20230919_152946-1536x1536.jpg 1536w, https:\/\/www.femmeharmone.com\/wp-content\/uploads\/2023\/10\/20230919_152946-2048x2048.jpg 2048w, https:\/\/www.femmeharmone.com\/wp-content\/uploads\/2023\/10\/20230919_152946-12x12.jpg 12w, https:\/\/www.femmeharmone.com\/wp-content\/uploads\/2023\/10\/20230919_152946-1568x1568.jpg 1568w\" sizes=\"(max-width: 1024px) 100vw, 1024px\" \/><\/figure>\n\n\n\n<figure class=\"wp-block-image size-large\"><img loading=\"lazy\" decoding=\"async\" width=\"1024\" height=\"602\" data-id=\"3735\" src=\"https:\/\/www.femmeharmone.com\/wp-content\/uploads\/2023\/10\/DSC_0208cr-1024x602.jpg\" alt=\"\" class=\"wp-image-3735\" srcset=\"https:\/\/www.femmeharmone.com\/wp-content\/uploads\/2023\/10\/DSC_0208cr-1024x602.jpg 1024w, https:\/\/www.femmeharmone.com\/wp-content\/uploads\/2023\/10\/DSC_0208cr-300x176.jpg 300w, https:\/\/www.femmeharmone.com\/wp-content\/uploads\/2023\/10\/DSC_0208cr-768x452.jpg 768w, https:\/\/www.femmeharmone.com\/wp-content\/uploads\/2023\/10\/DSC_0208cr-1536x903.jpg 1536w, https:\/\/www.femmeharmone.com\/wp-content\/uploads\/2023\/10\/DSC_0208cr-2048x1204.jpg 2048w, https:\/\/www.femmeharmone.com\/wp-content\/uploads\/2023\/10\/DSC_0208cr-18x12.jpg 18w, https:\/\/www.femmeharmone.com\/wp-content\/uploads\/2023\/10\/DSC_0208cr-1568x922.jpg 1568w\" sizes=\"(max-width: 1024px) 100vw, 1024px\" \/><\/figure>\n<\/figure>\n\n\n\n<figure class=\"wp-block-embed is-type-video is-provider-youtube wp-block-embed-youtube wp-embed-aspect-16-9 wp-has-aspect-ratio\"><div class=\"wp-block-embed__wrapper\">\n<iframe loading=\"lazy\" title=\"\u201eMAGYAR N\u0150I SZENTEK \u00c9S BOLDOG EML\u00c9K\u0170EK\u201d  - tudom\u00e1nyos konferencia , megnyit\u00f3\" width=\"750\" height=\"422\" src=\"https:\/\/www.youtube.com\/embed\/td_rWeELsRI?feature=oembed\" frameborder=\"0\" allow=\"accelerometer; autoplay; clipboard-write; encrypted-media; gyroscope; picture-in-picture; web-share\" referrerpolicy=\"strict-origin-when-cross-origin\" allowfullscreen><\/iframe>\n<\/div><\/figure>\n\n\n\n<figure class=\"wp-block-embed is-type-video is-provider-youtube wp-block-embed-youtube wp-embed-aspect-16-9 wp-has-aspect-ratio\"><div class=\"wp-block-embed__wrapper\">\n<iframe loading=\"lazy\" title=\"Boldog Gizella, akit k\u00e9t n\u00e9p vall a mag\u00e1\u00e9nak\" width=\"750\" height=\"422\" src=\"https:\/\/www.youtube.com\/embed\/D5-aLnMojcQ?feature=oembed\" frameborder=\"0\" allow=\"accelerometer; autoplay; clipboard-write; encrypted-media; gyroscope; picture-in-picture; web-share\" referrerpolicy=\"strict-origin-when-cross-origin\" allowfullscreen><\/iframe>\n<\/div><\/figure>\n\n\n\n<figure class=\"wp-block-embed is-type-video is-provider-youtube wp-block-embed-youtube wp-embed-aspect-16-9 wp-has-aspect-ratio\"><div class=\"wp-block-embed__wrapper\">\n<iframe loading=\"lazy\" title=\"Az esztergomiels\u0151 bazilika, mint a n\u00e9met hagyom\u00e1nyok \u00f6r\u00f6k\u00f6se \u2013 Gizella \u00e1jtatoss\u00e1g\u00e1nak helysz\u00edne\" width=\"750\" height=\"422\" src=\"https:\/\/www.youtube.com\/embed\/8qQ34m33uak?feature=oembed\" frameborder=\"0\" allow=\"accelerometer; autoplay; clipboard-write; encrypted-media; gyroscope; picture-in-picture; web-share\" referrerpolicy=\"strict-origin-when-cross-origin\" allowfullscreen><\/iframe>\n<\/div><\/figure>\n\n\n\n<figure class=\"wp-block-embed is-type-video is-provider-youtube wp-block-embed-youtube wp-embed-aspect-16-9 wp-has-aspect-ratio\"><div class=\"wp-block-embed__wrapper\">\n<iframe loading=\"lazy\" title=\"Szent Piroska \u00e1br\u00e1zol\u00e1sai\" width=\"750\" height=\"422\" src=\"https:\/\/www.youtube.com\/embed\/yPyFuJgUg_I?feature=oembed\" frameborder=\"0\" allow=\"accelerometer; autoplay; clipboard-write; encrypted-media; gyroscope; picture-in-picture; web-share\" referrerpolicy=\"strict-origin-when-cross-origin\" allowfullscreen><\/iframe>\n<\/div><\/figure>\n\n\n\n<figure class=\"wp-block-embed is-type-video is-provider-youtube wp-block-embed-youtube wp-embed-aspect-16-9 wp-has-aspect-ratio\"><div class=\"wp-block-embed__wrapper\">\n<iframe loading=\"lazy\" title=\"Isten rabjai \u2013 Margit, a Kiengesztel\u00e9s szentje\" width=\"750\" height=\"422\" src=\"https:\/\/www.youtube.com\/embed\/rbioR0qWxVA?feature=oembed\" frameborder=\"0\" allow=\"accelerometer; autoplay; clipboard-write; encrypted-media; gyroscope; picture-in-picture; web-share\" referrerpolicy=\"strict-origin-when-cross-origin\" allowfullscreen><\/iframe>\n<\/div><\/figure>\n\n\n\n<figure class=\"wp-block-embed is-type-video is-provider-youtube wp-block-embed-youtube wp-embed-aspect-16-9 wp-has-aspect-ratio\"><div class=\"wp-block-embed__wrapper\">\n<iframe loading=\"lazy\" title=\"Szent Margit XIII. sz\u00e1zadi \u201emodern\u201d vall\u00e1soss\u00e1ga\" width=\"750\" height=\"422\" src=\"https:\/\/www.youtube.com\/embed\/VBks38VE0OM?feature=oembed\" frameborder=\"0\" allow=\"accelerometer; autoplay; clipboard-write; encrypted-media; gyroscope; picture-in-picture; web-share\" referrerpolicy=\"strict-origin-when-cross-origin\" allowfullscreen><\/iframe>\n<\/div><\/figure>\n\n\n\n<figure class=\"wp-block-embed is-type-video is-provider-youtube wp-block-embed-youtube wp-embed-aspect-16-9 wp-has-aspect-ratio\"><div class=\"wp-block-embed__wrapper\">\n<iframe loading=\"lazy\" title=\"\u201e\u2026suum officium more suo celebrabant\u201d. Liturgikus reform \u00c9szak-Eur\u00f3p\u00e1ban a 11. sz\u00e1zadban\" width=\"750\" height=\"422\" src=\"https:\/\/www.youtube.com\/embed\/XePYKR4tHus?feature=oembed\" frameborder=\"0\" allow=\"accelerometer; autoplay; clipboard-write; encrypted-media; gyroscope; picture-in-picture; web-share\" referrerpolicy=\"strict-origin-when-cross-origin\" allowfullscreen><\/iframe>\n<\/div><\/figure>\n\n\n\n<figure class=\"wp-block-embed is-type-video is-provider-youtube wp-block-embed-youtube wp-embed-aspect-16-9 wp-has-aspect-ratio\"><div class=\"wp-block-embed__wrapper\">\n<iframe loading=\"lazy\" title=\"Hozz\u00e1sz\u00f3l\u00e1sok Szil\u00e9ziai Szent Hedvignek k\u00f6z\u00e9p-eur\u00f3pai \u00e1br\u00e1zol\u00e1saihoz\" width=\"750\" height=\"422\" src=\"https:\/\/www.youtube.com\/embed\/FKqJ297en4A?feature=oembed\" frameborder=\"0\" allow=\"accelerometer; autoplay; clipboard-write; encrypted-media; gyroscope; picture-in-picture; web-share\" referrerpolicy=\"strict-origin-when-cross-origin\" allowfullscreen><\/iframe>\n<\/div><\/figure>\n\n\n\n<figure class=\"wp-block-embed is-type-video is-provider-youtube wp-block-embed-youtube wp-embed-aspect-16-9 wp-has-aspect-ratio\"><div class=\"wp-block-embed__wrapper\">\n<iframe loading=\"lazy\" title=\"Temesv\u00e1ri Pelb\u00e1lt Szent Erzs\u00e9bet-k\u00e9pe\" width=\"750\" height=\"422\" src=\"https:\/\/www.youtube.com\/embed\/ErK-2JoZaNM?feature=oembed\" frameborder=\"0\" allow=\"accelerometer; autoplay; clipboard-write; encrypted-media; gyroscope; picture-in-picture; web-share\" referrerpolicy=\"strict-origin-when-cross-origin\" allowfullscreen><\/iframe>\n<\/div><\/figure>\n\n\n\n<figure class=\"wp-block-embed is-type-video is-provider-youtube wp-block-embed-youtube wp-embed-aspect-16-9 wp-has-aspect-ratio\"><div class=\"wp-block-embed__wrapper\">\n<iframe loading=\"lazy\" title=\"Szent Hedvig tisztelete Lengyelorsz\u00e1gban\" width=\"750\" height=\"422\" src=\"https:\/\/www.youtube.com\/embed\/V8Q6kEBjjmQ?feature=oembed\" frameborder=\"0\" allow=\"accelerometer; autoplay; clipboard-write; encrypted-media; gyroscope; picture-in-picture; web-share\" referrerpolicy=\"strict-origin-when-cross-origin\" allowfullscreen><\/iframe>\n<\/div><\/figure>\n\n\n\n<figure class=\"wp-block-embed is-type-video is-provider-youtube wp-block-embed-youtube wp-embed-aspect-16-9 wp-has-aspect-ratio\"><div class=\"wp-block-embed__wrapper\">\n<iframe loading=\"lazy\" title=\"Szentek \u00e9s boldogok - szent p\u00e9ldak\u00e9peink \u00fatj\u00e1n\" width=\"750\" height=\"422\" src=\"https:\/\/www.youtube.com\/embed\/W1zDH6u7cow?feature=oembed\" frameborder=\"0\" allow=\"accelerometer; autoplay; clipboard-write; encrypted-media; gyroscope; picture-in-picture; web-share\" referrerpolicy=\"strict-origin-when-cross-origin\" allowfullscreen><\/iframe>\n<\/div><\/figure>\n\n\n\n<figure class=\"wp-block-embed is-type-video is-provider-youtube wp-block-embed-youtube wp-embed-aspect-16-9 wp-has-aspect-ratio\"><div class=\"wp-block-embed__wrapper\">\n<iframe loading=\"lazy\" title=\"Apponyi Albertn\u00e9 a k\u00e9t vil\u00e1gh\u00e1bor\u00fa k\u00f6z\u00f6tt\" width=\"750\" height=\"422\" src=\"https:\/\/www.youtube.com\/embed\/QuJsbykDpyE?feature=oembed\" frameborder=\"0\" allow=\"accelerometer; autoplay; clipboard-write; encrypted-media; gyroscope; picture-in-picture; web-share\" referrerpolicy=\"strict-origin-when-cross-origin\" allowfullscreen><\/iframe>\n<\/div><\/figure>\n\n\n\n<figure class=\"wp-block-embed is-type-video is-provider-youtube wp-block-embed-youtube wp-embed-aspect-16-9 wp-has-aspect-ratio\"><div class=\"wp-block-embed__wrapper\">\n<iframe loading=\"lazy\" title=\"Kereszt\u00e9ny n\u0151i h\u0151s\u00f6k a 20. sz\u00e1zadi diktat\u00far\u00e1k idej\u00e9n Magyarorsz\u00e1gon\" width=\"750\" height=\"422\" src=\"https:\/\/www.youtube.com\/embed\/ZNoqm7NB_pI?feature=oembed\" frameborder=\"0\" allow=\"accelerometer; autoplay; clipboard-write; encrypted-media; gyroscope; picture-in-picture; web-share\" referrerpolicy=\"strict-origin-when-cross-origin\" allowfullscreen><\/iframe>\n<\/div><\/figure>\n\n\n\n<figure class=\"wp-block-embed is-type-video is-provider-youtube wp-block-embed-youtube wp-embed-aspect-16-9 wp-has-aspect-ratio\"><div class=\"wp-block-embed__wrapper\">\n<iframe loading=\"lazy\" title=\"Feh\u00e9r Anna Szent Erzs\u00e9bet-szerzetesn\u0151v\u00e9r, gy\u00f3gypedag\u00f3gus \u2013 a boldogg\u00e1 avat\u00e1s rem\u00e9ny\u00e9ben\" width=\"750\" height=\"422\" src=\"https:\/\/www.youtube.com\/embed\/vJtkI3VXSHA?feature=oembed\" frameborder=\"0\" allow=\"accelerometer; autoplay; clipboard-write; encrypted-media; gyroscope; picture-in-picture; web-share\" referrerpolicy=\"strict-origin-when-cross-origin\" allowfullscreen><\/iframe>\n<\/div><\/figure>\n\n\n\n<div data-wp-interactive=\"core\/file\" class=\"wp-block-file\"><object data-wp-bind--hidden=\"!state.hasPdfPreview\"  class=\"wp-block-file__embed\" data=\"https:\/\/www.femmeharmone.com\/wp-content\/uploads\/2023\/10\/20230919_MNM_meghivo.pdf\" type=\"application\/pdf\" style=\"width:100%;height:600px\" aria-label=\"Embed of 20230919_MNM_meghivo.\"><\/object><a id=\"wp-block-file--media-a8bbe954-8d7b-4185-8c31-249ce9315966\" href=\"https:\/\/www.femmeharmone.com\/eng\/intezet\/archivum\/2023-2\/20230919_mnm_meghivo\/\">20230919_MNM_meghivo<\/a><a href=\"https:\/\/www.femmeharmone.com\/wp-content\/uploads\/2023\/10\/20230919_MNM_meghivo.pdf\" class=\"wp-block-file__button wp-element-button\" download aria-describedby=\"wp-block-file--media-a8bbe954-8d7b-4185-8c31-249ce9315966\">Let\u00f6lt\u00e9s<\/a><\/div>\n\n\n\n<div data-wp-interactive=\"core\/file\" class=\"wp-block-file\"><object data-wp-bind--hidden=\"!state.hasPdfPreview\"  class=\"wp-block-file__embed\" data=\"https:\/\/www.femmeharmone.com\/wp-content\/uploads\/2023\/10\/20230919_MNM_programok.pdf\" type=\"application\/pdf\" style=\"width:100%;height:600px\" aria-label=\"Embed of 20230919_MNM_programok.\"><\/object><a id=\"wp-block-file--media-f2fc2ab1-5b39-4036-892d-6dc840d1b385\" href=\"https:\/\/www.femmeharmone.com\/wp-content\/uploads\/2023\/10\/20230919_MNM_programok.pdf\">20230919_MNM_programok<\/a><a href=\"https:\/\/www.femmeharmone.com\/wp-content\/uploads\/2023\/10\/20230919_MNM_programok.pdf\" class=\"wp-block-file__button wp-element-button\" download aria-describedby=\"wp-block-file--media-f2fc2ab1-5b39-4036-892d-6dc840d1b385\">Let\u00f6lt\u00e9s<\/a><\/div>\n\n\n\n<div style=\"height:100px\" aria-hidden=\"true\" class=\"wp-block-spacer\"><\/div>\n\n\n\n<hr class=\"wp-block-separator has-alpha-channel-opacity\"\/>\n\n\n\n<div style=\"height:100px\" aria-hidden=\"true\" class=\"wp-block-spacer\"><\/div>\n\n\n\n<h2 class=\"wp-block-heading has-text-align-center\">Kir\u00e1lyl\u00e1nyaink &#8211; tudom\u00e1nykommunik\u00e1ci\u00f3<\/h2>\n\n\n\n<div style=\"height:100px\" aria-hidden=\"true\" class=\"wp-block-spacer\"><\/div>\n\n\n\n<p>Minden el\u0151ad\u00e1s megtekinthet\u0151 az al\u00e1bbi lej\u00e1tsz\u00e1si list\u00e1ban, a leg\u00fajabb van el\u00f6l, jobb fels\u0151 sarokban a list\u00e1ra kattintva lehet a kor\u00e1bbiakra v\u00e1ltani.<\/p>\n\n\n\n<figure class=\"wp-block-embed is-type-video is-provider-youtube wp-block-embed-youtube wp-embed-aspect-16-9 wp-has-aspect-ratio\"><div class=\"wp-block-embed__wrapper\">\n<iframe loading=\"lazy\" title=\"\u00c1rp\u00e1d-h\u00e1zi \u00e9s Anjou-h\u00e1zi kir\u00e1lyl\u00e1nyok\" width=\"750\" height=\"422\" src=\"https:\/\/www.youtube.com\/embed\/videoseries?list=PLDrVPXYa4K3AkjVlWA4xCbWXBQJwlOTbO\" frameborder=\"0\" allow=\"accelerometer; autoplay; clipboard-write; encrypted-media; gyroscope; picture-in-picture; web-share\" referrerpolicy=\"strict-origin-when-cross-origin\" allowfullscreen><\/iframe>\n<\/div><\/figure>\n\n\n\n<div style=\"height:50px\" aria-hidden=\"true\" class=\"wp-block-spacer\"><\/div>\n\n\n\n<p class=\"has-text-align-center\">2023. febru\u00e1r 28. <br>Dr. J. \u00dajv\u00e1ry Zsuzsanna: \u00c1rp\u00e1d-h\u00e1zi Szent Erzs\u00e9bet \u00e9letszents\u00e9ge \u00e9s kultusza<\/p>\n\n\n\n<p class=\"has-text-align-center\">2023. m\u00e1rcius 28. <br>Prof. Dr. Prokopp M\u00e1ria: \u00c1rp\u00e1d-h\u00e1zi Szent Piroska \u00e9s \u00c1rp\u00e1d-h\u00e1zi Szent Margit \u00e9s tisztelete<\/p>\n\n\n\n<p class=\"has-text-align-center\">2023. m\u00e1jus 23. <br>Prof. Dr. Prokopp M\u00e1ria: Magyarorsz\u00e1gi M\u00e1ria, n\u00e1polyi kir\u00e1lyn\u00e9, az eur\u00f3pai kult\u00fara vez\u00e9regy\u00e9nis\u00e9ge 1270-1323 k\u00f6z\u00f6tt (53 \u00e9v)<\/p>\n\n\n\n<p class=\"has-text-align-center\">2023. j\u00fanius 13. <br>Dr. J. \u00dajv\u00e1ry Zsuzsanna: Pr\u00e1gai Szent \u00c1gnes \u00e9s IV. B\u00e9la le\u00e1nyai<\/p>\n\n\n\n<div style=\"height:100px\" aria-hidden=\"true\" class=\"wp-block-spacer\"><\/div>","protected":false},"excerpt":{"rendered":"<p>Projektvezet\u0151k: Dr. J. \u00dajv\u00e1ry Zsuzsanna \u00e9s Dr. Major Gy\u00f6ngyi Az \u00c1rp\u00e1d-h\u00e1zi kir\u00e1lyok n\u0151i lesz\u00e1rmazottair\u00f3l fennmaradt \u00edr\u00e1sbeli \u00e9s szellemi hagyat\u00e9kb\u00f3l n\u00e9h\u00e1ny rendk\u00edv\u00fcl felt\u0171n\u0151, s t\u00f6bb, kev\u00e9sb\u00e9 \u00e9szrevehet\u0151 mot\u00edvumra figyelhet\u00fcnk fel. Kiemelked\u0151 p\u00e9ld\u00e1ul, hogy milyen jelent\u0151s sz\u00e1mban avatt\u00e1k \u0151ket szentt\u00e9. Kev\u00e9ss\u00e9 szembet\u0171n\u0151, \u00e9s a t\u00f6rt\u00e9net\u00edr\u00e1s is sokkal kev\u00e9sb\u00e9 tekinti t\u00e1rgy\u00e1nak hitvesi helyt\u00e1ll\u00e1suk \u00e1br\u00e1zol\u00e1s\u00e1t. Amennyiben azonban a nem&hellip;<\/p>","protected":false},"author":1,"featured_media":0,"parent":154,"menu_order":2,"comment_status":"closed","ping_status":"closed","template":"","meta":{"inline_featured_image":false,"footnotes":""},"categories":[],"tags":[],"_links":{"self":[{"href":"https:\/\/www.femmeharmone.com\/eng\/wp-json\/wp\/v2\/pages\/2591"}],"collection":[{"href":"https:\/\/www.femmeharmone.com\/eng\/wp-json\/wp\/v2\/pages"}],"about":[{"href":"https:\/\/www.femmeharmone.com\/eng\/wp-json\/wp\/v2\/types\/page"}],"author":[{"embeddable":true,"href":"https:\/\/www.femmeharmone.com\/eng\/wp-json\/wp\/v2\/users\/1"}],"replies":[{"embeddable":true,"href":"https:\/\/www.femmeharmone.com\/eng\/wp-json\/wp\/v2\/comments?post=2591"}],"version-history":[{"count":14,"href":"https:\/\/www.femmeharmone.com\/eng\/wp-json\/wp\/v2\/pages\/2591\/revisions"}],"predecessor-version":[{"id":6272,"href":"https:\/\/www.femmeharmone.com\/eng\/wp-json\/wp\/v2\/pages\/2591\/revisions\/6272"}],"up":[{"embeddable":true,"href":"https:\/\/www.femmeharmone.com\/eng\/wp-json\/wp\/v2\/pages\/154"}],"wp:attachment":[{"href":"https:\/\/www.femmeharmone.com\/eng\/wp-json\/wp\/v2\/media?parent=2591"}],"wp:term":[{"taxonomy":"category","embeddable":true,"href":"https:\/\/www.femmeharmone.com\/eng\/wp-json\/wp\/v2\/categories?post=2591"},{"taxonomy":"post_tag","embeddable":true,"href":"https:\/\/www.femmeharmone.com\/eng\/wp-json\/wp\/v2\/tags?post=2591"}],"curies":[{"name":"wp","href":"https:\/\/api.w.org\/{rel}","templated":true}]}}