{"id":2599,"date":"2022-11-15T23:27:20","date_gmt":"2022-11-15T23:27:20","guid":{"rendered":"https:\/\/www.femmeharmone.com\/?page_id=2599"},"modified":"2025-11-05T15:10:44","modified_gmt":"2025-11-05T15:10:44","slug":"magyarorszag-a-keresztenyseg-vedobastyaja","status":"publish","type":"page","link":"https:\/\/www.femmeharmone.com\/eng\/kutatointezet\/projektek\/tortenelmi-eloadas-sorozatok\/magyarorszag-a-keresztenyseg-vedobastyaja\/","title":{"rendered":"Magyarorsz\u00e1g \u2013 \u201eA Kereszt\u00e9nys\u00e9g v\u00e9d\u0151b\u00e1sty\u00e1ja\u201d"},"content":{"rendered":"<div style=\"height:50px\" aria-hidden=\"true\" class=\"wp-block-spacer\"><\/div>\n\n\n\n<h3 class=\"wp-block-heading has-text-align-center\">Projektvezet\u0151 \u00e9s el\u0151ad\u00f3: <strong>Dr. Zsuzsanna J. \u00dajv\u00e1ry<\/strong><\/h3>\n\n\n\n<div style=\"height:50px\" aria-hidden=\"true\" class=\"wp-block-spacer\"><\/div>\n\n\n\n<h4 class=\"wp-block-heading has-text-align-center\"><strong>Hogyan v\u00e9dte a Magyar Kir\u00e1lys\u00e1g a kereszt\u00e9ny Eur\u00f3p\u00e1t az Oszm\u00e1n Birodalom ellen\u00e9ben<\/strong><\/h4>\n\n\n\n<div style=\"height:50px\" aria-hidden=\"true\" class=\"wp-block-spacer\"><\/div>\n\n\n\n<p>Minden el\u0151ad\u00e1s megtekinthet\u0151 az al\u00e1bbi lej\u00e1tsz\u00e1si list\u00e1ban, a leg\u00fajabb van el\u00f6l, jobb fels\u0151 sarokban a list\u00e1ra kattintva lehet a kor\u00e1bbiakra v\u00e1ltani.<\/p>\n\n\n\n<figure class=\"wp-block-embed is-type-video is-provider-youtube wp-block-embed-youtube wp-embed-aspect-16-9 wp-has-aspect-ratio\"><div class=\"wp-block-embed__wrapper\">\n<iframe loading=\"lazy\" title=\"Magyarorsz\u00e1g \u2013 \u201eA Kereszt\u00e9nys\u00e9g v\u00e9d\u0151b\u00e1sty\u00e1ja\u201d\" width=\"750\" height=\"422\" src=\"https:\/\/www.youtube.com\/embed\/videoseries?list=PLDrVPXYa4K3BpEaLeQVmRNIt_HWs0XY7f\" frameborder=\"0\" allow=\"accelerometer; autoplay; clipboard-write; encrypted-media; gyroscope; picture-in-picture; web-share\" referrerpolicy=\"strict-origin-when-cross-origin\" allowfullscreen><\/iframe>\n<\/div><\/figure>\n\n\n\n<div style=\"height:50px\" aria-hidden=\"true\" class=\"wp-block-spacer\"><\/div>\n\n\n\n<p class=\"has-text-align-center\">1.<br>2023. szeptember 26.<br>Az Oszm\u00e1n Birodalom felemelked\u00e9se \u00e9s a Magyar Kir\u00e1lys\u00e1g a 14-15. sz\u00e1zadban, Hunyadi J\u00e1nos harcai<\/p>\n\n\n\n<p class=\"has-text-align-center\">2.<br>2023. okt\u00f3ber 24.<br>Moh\u00e1cs \u00e9s az 1543-44-es harcok. A magyar v\u00e9gv\u00e1rrendszer ki\u00e9p\u00edt\u00e9se, a magyar t\u00e1rs. militariz\u00e1l\u00f3d\u00e1sa<\/p>\n\n\n\n<p class=\"has-text-align-center\">3.<br>2023. november 28.<br>Eger, Szigetv\u00e1r \u00e9s Gyula eleste (1552, 1556, 1566)<\/p>\n\n\n\n<p class=\"has-text-align-center\">4.<br>2023. december 12.<br>Az oszm\u00e1n berendezked\u00e9s, a magyarorsz\u00e1gi oszm\u00e1n uralom, oszm\u00e1n-t\u00f6r\u00f6k katonas\u00e1g<\/p>\n\n\n\n<p class=\"has-text-align-center\">5.<br>2024. janu\u00e1r 30.<br>A tizen\u00f6t \u00e9ves h\u00e1bor\u00fa \u00e9s k\u00f6vetkezm\u00e9nyei<\/p>\n\n\n\n<p class=\"has-text-align-center\">6.<br>2024. febru\u00e1r 27.<br>Bethlen G\u00e1bor<\/p>\n\n\n\n<p class=\"has-text-align-center\">7.<br>2024. m\u00e1rcius 26.<br>A zsitvatoroki b\u00e9ke \u00e9s a hossz\u00fa \u201eb\u00e9kekorszak\u201d harcai. 1663 \u2013 \u00c9rsek\u00fajv\u00e1r eleste<\/p>\n\n\n\n<p class=\"has-text-align-center\">8.<br>2024. \u00e1prilis 16.<br>Zr\u00ednyi Mikl\u00f3s harcai \u00e9s a vasv\u00e1ri b\u00e9ke (1664)<\/p>\n\n\n\n<p class=\"has-text-align-center\">9.<br>2024. m\u00e1jus 28.<br>A k\u00e9t R\u00e1k\u00f3czi fejedelem uralma Erd\u00e9lyben. Erd\u00e9ly tat\u00e1r-d\u00fal\u00e1sa<\/p>\n\n\n\n<p class=\"has-text-align-center\">10.<br>2024. j\u00fanius 18.<br>A t\u00f6r\u00f6k al\u00f3li felszabad\u00edt\u00f3 h\u00e1bor\u00fa \u00e9s a karl\u00f3cai b\u00e9ke (1699)<\/p>","protected":false},"excerpt":{"rendered":"<p>Projektvezet\u0151 \u00e9s el\u0151ad\u00f3: Dr. J. \u00dajv\u00e1ry Zsuzsanna Hogyan v\u00e9dte a Magyar Kir\u00e1lys\u00e1g a kereszt\u00e9ny Eur\u00f3p\u00e1t az Oszm\u00e1n Birodalom ellen\u00e9ben Minden el\u0151ad\u00e1s megtekinthet\u0151 az al\u00e1bbi lej\u00e1tsz\u00e1si list\u00e1ban, a leg\u00fajabb van el\u00f6l, jobb fels\u0151 sarokban a list\u00e1ra kattintva lehet a kor\u00e1bbiakra v\u00e1ltani. 1.2023. szeptember 26.Az Oszm\u00e1n Birodalom felemelked\u00e9se \u00e9s a Magyar Kir\u00e1lys\u00e1g a 14-15. sz\u00e1zadban, Hunyadi J\u00e1nos&hellip;<\/p>","protected":false},"author":1,"featured_media":0,"parent":4955,"menu_order":2,"comment_status":"closed","ping_status":"closed","template":"","meta":{"inline_featured_image":false,"footnotes":""},"categories":[],"tags":[],"_links":{"self":[{"href":"https:\/\/www.femmeharmone.com\/eng\/wp-json\/wp\/v2\/pages\/2599"}],"collection":[{"href":"https:\/\/www.femmeharmone.com\/eng\/wp-json\/wp\/v2\/pages"}],"about":[{"href":"https:\/\/www.femmeharmone.com\/eng\/wp-json\/wp\/v2\/types\/page"}],"author":[{"embeddable":true,"href":"https:\/\/www.femmeharmone.com\/eng\/wp-json\/wp\/v2\/users\/1"}],"replies":[{"embeddable":true,"href":"https:\/\/www.femmeharmone.com\/eng\/wp-json\/wp\/v2\/comments?post=2599"}],"version-history":[{"count":24,"href":"https:\/\/www.femmeharmone.com\/eng\/wp-json\/wp\/v2\/pages\/2599\/revisions"}],"predecessor-version":[{"id":6291,"href":"https:\/\/www.femmeharmone.com\/eng\/wp-json\/wp\/v2\/pages\/2599\/revisions\/6291"}],"up":[{"embeddable":true,"href":"https:\/\/www.femmeharmone.com\/eng\/wp-json\/wp\/v2\/pages\/4955"}],"wp:attachment":[{"href":"https:\/\/www.femmeharmone.com\/eng\/wp-json\/wp\/v2\/media?parent=2599"}],"wp:term":[{"taxonomy":"category","embeddable":true,"href":"https:\/\/www.femmeharmone.com\/eng\/wp-json\/wp\/v2\/categories?post=2599"},{"taxonomy":"post_tag","embeddable":true,"href":"https:\/\/www.femmeharmone.com\/eng\/wp-json\/wp\/v2\/tags?post=2599"}],"curies":[{"name":"wp","href":"https:\/\/api.w.org\/{rel}","templated":true}]}}