{"id":2666,"date":"2022-11-18T13:38:03","date_gmt":"2022-11-18T13:38:03","guid":{"rendered":"https:\/\/www.femmeharmone.com\/?page_id=2666"},"modified":"2025-01-23T23:01:58","modified_gmt":"2025-01-23T23:01:58","slug":"no-csalad-mesterseges-intelligencia","status":"publish","type":"page","link":"https:\/\/www.femmeharmone.com\/eng\/kutatointezet\/projektek\/mi-noiseg-es-uj-paradigmak\/no-csalad-mesterseges-intelligencia\/","title":{"rendered":"N\u0151, Csal\u00e1d, Mesters\u00e9ges Intelligencia"},"content":{"rendered":"<div style=\"height:50px\" aria-hidden=\"true\" class=\"wp-block-spacer\"><\/div>\n\n\n\n<h4 class=\"wp-block-heading has-text-align-center\"><strong>A n\u0151k\u00e9p \u00e9s az anyaszerep jelent\u0151s\u00e9ge az \u00e9letk\u00e9pes t\u00e1rsadalmi modell \u00fajratermel\u00e9s\u00e9ben<\/strong><\/h4>\n\n\n\n<div style=\"height:50px\" aria-hidden=\"true\" class=\"wp-block-spacer\"><\/div>\n\n\n\n<p>A t\u00e1rsadalmi modell alapja a csal\u00e1dmodell, amin bel\u00fcl a feln\u00f6vekv\u0151 gyermekben els\u0151dlegesen r\u00f6gz\u00fclnek a legkisebb t\u00e1rsadalmi egys\u00e9gen bel\u00fcli, vagyis a csal\u00e1don bel\u00fcli \u00e9rintkez\u00e9si- \u00e9s magatart\u00e1sform\u00e1k. Az \u00edgy bev\u00e9s\u0151d\u0151 mint\u00e1k hat\u00e1rozz\u00e1k meg, hogy a feln\u0151tt a saj\u00e1t \u00e9let\u00e9ben mennyiben lesz motiv\u00e1lt \u00e9s mennyiben lesz k\u00e9pes \u00fajratermelni az \u00e9letk\u00e9pes &#8222;csal\u00e1dot&#8221;, mint az \u00e9letk\u00e9pes t\u00e1rsadalom elemi alkot\u00f3j\u00e1t. Mindebben az any\u00e1nak kett\u0151s \u00e9rtelemben is p\u00f3tolhatatlan szerepe van:<\/p>\n\n\n\n<p>1. Biol\u00f3giai meghat\u00e1rozotts\u00e1g\u00e1nak k\u00f6vetkezt\u00e9ben \u0151 az, akinek legintimebb \u00e9s ez\u00e1ltal legmeghat\u00e1roz\u00f3bb a kapcsolata a gyermekkel, k\u00f6vetkez\u00e9sk\u00e9pp d\u00f6nt\u0151 befoly\u00e1ssal b\u00edr a gyermekben r\u00f6gz\u00fcl\u0151 mint\u00e1kra.<\/p>\n\n\n\n<p>2. Az anya fizikai \u00e9s lelki helyzete szerint fokozottan motiv\u00e1lt egy eg\u00e9szs\u00e9ges csal\u00e1dmodell m\u0171k\u00f6dtet\u00e9s\u00e9ben, illetve a csal\u00e1di m\u0171k\u00f6d\u00e9s harm\u00f3ni\u00e1j\u00e1nak fenntart\u00e1s\u00e1ban, \u00e9s egy\u00e1ltal\u00e1n a csal\u00e1d \u00f6sszetart\u00e1s\u00e1ban.<\/p>\n\n\n\n<p>Az anya ilyen ir\u00e1ny\u00fa motiv\u00e1ci\u00f3ja \u00e1ltal\u00e1ban \u00f6szt\u00f6n\u00f6sen megnyilv\u00e1nul, azonban a t\u00e1rsadalmi m\u0171k\u00f6d\u00e9s megfelel\u0151 tiszt\u00e1ntart\u00e1sa \u00e9rdek\u00e9ben rendk\u00edv\u00fcl l\u00e9nyeges a motiv\u00e1ci\u00f3t az \u00f6szt\u00f6n\u00f6s szintr\u0151l tudatos szintre emelni. A tudatoss\u00e1g emel\u00e9se a megfelel\u0151en nagy mint\u00e1ra alapozott tesztek eredm\u00e9nyein fel\u00e9p\u00edtett tr\u00e9ningekkel, nagyobb r\u00e9tegeket megmozgat\u00f3, c\u00e9lorient\u00e1ltan&nbsp;szervezett t\u00e1rsadalmi esem\u00e9nyekkel, egy\u00e9ni foglalkoz\u00e1sokkal, kiaj\u00e1nlhat\u00f3 szakirodalommal t\u00e1mogathat\u00f3. L\u00e9nyeges el\u00e9rni, hogy az any\u00e1k a csal\u00e1di b\u00e1zison k\u00edv\u00fcl, \u00e9lm\u00e9nyszer\u0171en k\u00f6t\u0151djenek olyan sz\u00e9lesebb b\u00e1zisba, amelyik a csal\u00e1don bel\u00fcli anya-szerep\u00fcket, illetve a csal\u00e1d integrit\u00e1s\u00e1t&nbsp;fenntart\u00f3 t\u00f6rekv\u00e9s\u00fcket&nbsp;hat\u00e9konyan t\u00e1mogatja. Ez\u00e1ltal megteremt\u0151dik egy h\u00e1rmas k\u00f6t\u0151d\u00e9s: szem\u00e9ly-csal\u00e1d-t\u00e1rsadalom, melyben mindh\u00e1rom szerepl\u0151 &#8222;nyertess\u00e9&#8221; v\u00e1lik.<\/p>\n\n\n\n<div style=\"height:30px\" aria-hidden=\"true\" class=\"wp-block-spacer\"><\/div>\n\n\n\n<h4 class=\"wp-block-heading has-text-align-center\"><strong>A n\u0151 szerepe a csal\u00e1d \u00e9s a 4.0 kih\u00edv\u00e1sainak viszonylat\u00e1ban<\/strong><\/h4>\n\n\n\n<p><\/p>\n\n\n\n<p>Fontos hangs\u00falyozni, hogy a fenti folyamatban a val\u00f3s hat\u00f3er\u0151k term\u00e9szetes, mindenki \u00e1ltal m\u0171k\u00f6dtethet\u0151 aktivit\u00e1sok, melyek nem ig\u00e9nylik egy\u00e9b technikai eszk\u00f6z\u00f6k t\u00e1mogat\u00e1s\u00e1t. \u00c1ltal\u00e1ban kommunik\u00e1ci\u00f3r\u00f3l, \u00e9rzelmek m\u0171k\u00f6dtet\u00e9s\u00e9r\u0151l, azok kifejez\u00e9s\u00e9r\u0151l, a m\u00e1sik jav\u00e1ra elv\u00e9gzett cselekv\u00e9sekr\u0151l van sz\u00f3. Ezt a term\u00e9szett\u0151l jelenl\u00e9v\u0151 eszk\u00f6zrendszert azonban egyre nagyobb m\u00e9rt\u00e9kben befoly\u00e1solhatja \u00e9s meghat\u00e1rozott ir\u00e1nyokba t\u00e9r\u00edtheti az a m\u0171vi\/g\u00e9pi vil\u00e1g, aminek a mag\u00e1n\u00e9letbe be\u00e9p\u00fcl\u00e9se a robotik\u00e1val, informatik\u00e1val, mesters\u00e9ges intelligenci\u00e1val megkezd\u0151d\u00f6tt \u00e9s v\u00e1rhat\u00f3an gyorsul\u00f3 \u00fctemben fog folytat\u00f3dni.<\/p>\n\n\n\n<p>L\u00e9nyeges ez\u00e9rt az \u00edgy keletkez\u0151 \u00faj technik\u00e1knak az ismerete, ami nem az elz\u00e1rk\u00f3z\u00e1st, hanem a megfelel\u0151 alkalmaz\u00e1st t\u00e1mogatja. A technik\u00e1k tudatos, auton\u00f3m haszn\u00e1lata a megfelel\u0151 ismeretek n\u00e9lk\u00fcl elk\u00e9pzelhetetlen, ez\u00e9rt c\u00e9lja a KNRF-nek a folyton b\u0151v\u00fcl\u0151, fogyaszthat\u00f3v\u00e1 v\u00e1l\u00f3 \u00faj technik\u00e1k bemutat\u00e1sa, azoknak hasznos \u00e9s vesz\u00e9lyes vonzataival&nbsp;egy\u00fctt. L\u00e9nyeges, hogy azok az \u00faj technik\u00e1k, amelyek energi\u00e1kat szabad\u00edthatnak&nbsp;fel a hat\u00e9konyabb csal\u00e1di m\u0171k\u00f6d\u00e9s megteremt\u00e9s\u00e9hez, megfelel\u0151 alkalmaz\u00e1sra ker\u00fcljenek, ugyanakkor azok a technik\u00e1k, amelyek rombolj\u00e1k vagy kiv\u00e1ltj\u00e1k a csal\u00e1di funkci\u00f3kat, megfelel\u0151 \u00e1ll\u00e1sfoglal\u00e1s mellett ker\u00fcljenek bemutat\u00e1sra. A c\u00e9l az eg\u00e9szs\u00e9ges t\u00e1rsadalom, az eg\u00e9szs\u00e9ges csal\u00e1d, az eg\u00e9szs\u00e9ges szem\u00e9ly meg\u0151rz\u00e9se a term\u00e9szet \u00e9s a g\u00e9pi vil\u00e1g fenntarthat\u00f3 egyens\u00faly\u00e1ban.<\/p>\n\n\n\n<div style=\"height:50px\" aria-hidden=\"true\" class=\"wp-block-spacer\"><\/div>","protected":false},"excerpt":{"rendered":"<p>A n\u0151k\u00e9p \u00e9s az anyaszerep jelent\u0151s\u00e9ge az \u00e9letk\u00e9pes t\u00e1rsadalmi modell \u00fajratermel\u00e9s\u00e9ben A t\u00e1rsadalmi modell alapja a csal\u00e1dmodell, amin bel\u00fcl a feln\u00f6vekv\u0151 gyermekben els\u0151dlegesen r\u00f6gz\u00fclnek a legkisebb t\u00e1rsadalmi egys\u00e9gen bel\u00fcli, vagyis a csal\u00e1don bel\u00fcli \u00e9rintkez\u00e9si- \u00e9s magatart\u00e1sform\u00e1k. Az \u00edgy bev\u00e9s\u0151d\u0151 mint\u00e1k hat\u00e1rozz\u00e1k meg, hogy a feln\u0151tt a saj\u00e1t \u00e9let\u00e9ben mennyiben lesz motiv\u00e1lt \u00e9s mennyiben lesz k\u00e9pes&hellip;<\/p>","protected":false},"author":1,"featured_media":0,"parent":3794,"menu_order":4,"comment_status":"closed","ping_status":"closed","template":"","meta":{"inline_featured_image":false,"footnotes":""},"categories":[],"tags":[],"_links":{"self":[{"href":"https:\/\/www.femmeharmone.com\/eng\/wp-json\/wp\/v2\/pages\/2666"}],"collection":[{"href":"https:\/\/www.femmeharmone.com\/eng\/wp-json\/wp\/v2\/pages"}],"about":[{"href":"https:\/\/www.femmeharmone.com\/eng\/wp-json\/wp\/v2\/types\/page"}],"author":[{"embeddable":true,"href":"https:\/\/www.femmeharmone.com\/eng\/wp-json\/wp\/v2\/users\/1"}],"replies":[{"embeddable":true,"href":"https:\/\/www.femmeharmone.com\/eng\/wp-json\/wp\/v2\/comments?post=2666"}],"version-history":[{"count":10,"href":"https:\/\/www.femmeharmone.com\/eng\/wp-json\/wp\/v2\/pages\/2666\/revisions"}],"predecessor-version":[{"id":5408,"href":"https:\/\/www.femmeharmone.com\/eng\/wp-json\/wp\/v2\/pages\/2666\/revisions\/5408"}],"up":[{"embeddable":true,"href":"https:\/\/www.femmeharmone.com\/eng\/wp-json\/wp\/v2\/pages\/3794"}],"wp:attachment":[{"href":"https:\/\/www.femmeharmone.com\/eng\/wp-json\/wp\/v2\/media?parent=2666"}],"wp:term":[{"taxonomy":"category","embeddable":true,"href":"https:\/\/www.femmeharmone.com\/eng\/wp-json\/wp\/v2\/categories?post=2666"},{"taxonomy":"post_tag","embeddable":true,"href":"https:\/\/www.femmeharmone.com\/eng\/wp-json\/wp\/v2\/tags?post=2666"}],"curies":[{"name":"wp","href":"https:\/\/api.w.org\/{rel}","templated":true}]}}