{"id":2692,"date":"2022-11-30T13:45:46","date_gmt":"2022-11-30T13:45:46","guid":{"rendered":"https:\/\/www.femmeharmone.com\/?page_id=2692"},"modified":"2024-03-07T18:57:48","modified_gmt":"2024-03-07T18:57:48","slug":"ii-evfolyam-kulonszam","status":"publish","type":"page","link":"https:\/\/www.femmeharmone.com\/eng\/a-noi-dimenzio\/ii-evfolyam-kulonszam\/","title":{"rendered":"II. \u00e9vfolyam k\u00fcl\u00f6nsz\u00e1m"},"content":{"rendered":"<div class=\"wp-block-buttons is-content-justification-center is-layout-flex wp-container-core-buttons-is-layout-1 wp-block-buttons-is-layout-flex\">\n<div class=\"wp-block-button is-style-outline\"><a class=\"wp-block-button__link wp-element-button\" href=\"https:\/\/www.femmeharmone.com\/wp-content\/uploads\/2022\/12\/ND_2022KSZ_v2_2.pdf\" target=\"_blank\" rel=\"noreferrer noopener\">II. \u00e9vfolyam k\u00fcl\u00f6nsz\u00e1m (teljes pdf)<\/a><\/div>\n<\/div>","protected":false},"excerpt":{"rendered":"<p>2022<\/p>","protected":false},"author":1,"featured_media":2704,"parent":9,"menu_order":4,"comment_status":"closed","ping_status":"closed","template":"page-issue.php","meta":{"inline_featured_image":false,"footnotes":""},"categories":[],"tags":[],"_links":{"self":[{"href":"https:\/\/www.femmeharmone.com\/eng\/wp-json\/wp\/v2\/pages\/2692"}],"collection":[{"href":"https:\/\/www.femmeharmone.com\/eng\/wp-json\/wp\/v2\/pages"}],"about":[{"href":"https:\/\/www.femmeharmone.com\/eng\/wp-json\/wp\/v2\/types\/page"}],"author":[{"embeddable":true,"href":"https:\/\/www.femmeharmone.com\/eng\/wp-json\/wp\/v2\/users\/1"}],"replies":[{"embeddable":true,"href":"https:\/\/www.femmeharmone.com\/eng\/wp-json\/wp\/v2\/comments?post=2692"}],"version-history":[{"count":13,"href":"https:\/\/www.femmeharmone.com\/eng\/wp-json\/wp\/v2\/pages\/2692\/revisions"}],"predecessor-version":[{"id":4267,"href":"https:\/\/www.femmeharmone.com\/eng\/wp-json\/wp\/v2\/pages\/2692\/revisions\/4267"}],"up":[{"embeddable":true,"href":"https:\/\/www.femmeharmone.com\/eng\/wp-json\/wp\/v2\/pages\/9"}],"wp:featuredmedia":[{"embeddable":true,"href":"https:\/\/www.femmeharmone.com\/eng\/wp-json\/wp\/v2\/media\/2704"}],"wp:attachment":[{"href":"https:\/\/www.femmeharmone.com\/eng\/wp-json\/wp\/v2\/media?parent=2692"}],"wp:term":[{"taxonomy":"category","embeddable":true,"href":"https:\/\/www.femmeharmone.com\/eng\/wp-json\/wp\/v2\/categories?post=2692"},{"taxonomy":"post_tag","embeddable":true,"href":"https:\/\/www.femmeharmone.com\/eng\/wp-json\/wp\/v2\/tags?post=2692"}],"curies":[{"name":"wp","href":"https:\/\/api.w.org\/{rel}","templated":true}]}}