{"id":2720,"date":"2022-11-30T22:18:02","date_gmt":"2022-11-30T22:18:02","guid":{"rendered":"https:\/\/www.femmeharmone.com\/?page_id=2720"},"modified":"2022-12-01T02:02:22","modified_gmt":"2022-12-01T02:02:22","slug":"sziraky-gabor-voyage","status":"publish","type":"page","link":"https:\/\/www.femmeharmone.com\/eng\/a-noi-dimenzio\/ii-evfolyam-kulonszam\/tancmuveszet\/sziraky-gabor-voyage\/","title":{"rendered":"<em>Szir\u00e1ky G\u00e1bor:<\/em> Voyage"},"content":{"rendered":"<figure class=\"wp-block-embed is-type-video is-provider-youtube wp-block-embed-youtube wp-embed-aspect-16-9 wp-has-aspect-ratio\"><div class=\"wp-block-embed__wrapper\">\n<iframe loading=\"lazy\" title=\"Gabor Sziraky: Voyage\" width=\"750\" height=\"422\" src=\"https:\/\/www.youtube.com\/embed\/jPvWzxlBNZ0?feature=oembed\" frameborder=\"0\" allow=\"accelerometer; autoplay; clipboard-write; encrypted-media; gyroscope; picture-in-picture\" allowfullscreen><\/iframe>\n<\/div><\/figure>\n\n\n\n<p><strong>Zene: Rachmaninov \u2013 Vocalise<br>El\u0151ad\u00f3: Magyar Von\u00f3stri\u00f3<br>Hangszerelte: Rudolf Andr\u00e1s<br>Koreogr\u00e1fus \u00e9s rendez\u0151: Szir\u00e1ky G\u00e1bor<br>Sz\u00f3lista: B\u00edr\u00f3 Emese<br>Vide\u00f3: Andr\u00e1s G\u00e1bor, P\u00e9ter L\u00e1szl\u00f3<\/strong><\/p>\n\n\n\n<div style=\"height:50px\" aria-hidden=\"true\" class=\"wp-block-spacer\"><\/div>\n\n\n\n<p>Szir\u00e1ky G\u00e1bor filmet\u0171dje a mai kultur\u00e1lis k\u00f6zegben egy eg\u00e9szen kiv\u00e9teles alkot\u00e1s. \u00c9s ez a kiv\u00e9teless\u00e9g term\u00e9szetesen nem a technikai \u00e9rtelemben vett megval\u00f3s\u00edt\u00e1s ok\u00e1n vet\u0151dik fel. Mert a kamera vezet\u00e9se, az \u00e9jszakai v\u00e1ros f\u00e9nyj\u00e1t\u00e9k\u00e1nak maxim\u00e1lis kihaszn\u00e1l\u00e1sa, a mondanival\u00f3 al\u00e1 besimul\u00f3 v\u00e1g\u00e1stechnika, a zene finom illeszt\u00e9se\u2026 mind-mind eml\u00edthet\u0151, s ezek \u00e9ppen az\u00e9rt nem felt\u0171n\u0151k, mert dac\u00e1ra, hogy nem f\u0151vil\u00e1gos\u00edt\u00f3k, hangm\u00e9rn\u00f6k\u00f6k, asszisztensek hada vonul fel a forgat\u00e1sn\u00e1l, hanem egy n\u00e9h\u00e1ny f\u0151s st\u00e1b \u2013 rutinnal \u00e9s \u00f6sszeszokotts\u00e1ggal, egy nagyon pontosan megtervezett folyamatban v\u00e9gezve a dolg\u00e1t \u2013, pillanatra sem veszi el a n\u00e9z\u0151 figyelm\u00e9t a f\u00f3kuszr\u00f3l, hanem a leveg\u0151v\u00e9tel term\u00e9szetess\u00e9g\u00e9vel v\u00e9gzi a h\u00e1tt\u00e9rben a m\u0171v\u00e9szi artikul\u00e1ci\u00f3 szolg\u00e1lat\u00e1t.<\/p>\n\n\n\n<p>\u2013 Hanem\u2026! \u2013 H\u00e1t az \u00fczenet! A film \u00fczenete. Az bizony egy rendk\u00edv\u00fcl er\u0151s gesztus ebben a v\u00e9gk\u00e9pp elt\u00f6megesed\u0151 kultur\u00e1lis k\u00f6zegben, hogy <strong>m\u00e9g mindig vagyunk!<\/strong><\/p>\n\n\n\n<p>\u2013 Kik is tulajdonk\u00e9ppen?<\/p>\n\n\n\n<p>Valljuk be \u2013 a XIX. sz\u00e1zad v\u00e9g\u00e9re cs\u00facsra j\u00e1ratott m\u0171v\u00e9szi kifejez\u00e9si form\u00e1k k\u00f6z\u00f6tt is k\u00fcl\u00f6nleges szubkult\u00far\u00e1t jelentett a klasszikus balett, k\u00e9t jelent\u0151s k\u00f6zponttal (Moszkva \u00e9s P\u00e1rizs) f\u0151\u00fari kegyb\u0151l f\u00f6nntartva, s rendelkez\u00e9s\u00e9re bocs\u00e1tva annak a l\u00e9leksz\u00e1m\u00e1ban sz\u0171k, \u00e9rt\u0151 k\u00f6z\u00f6ns\u00e9gnek, amelyik \u00edzl\u00e9s\u00e9nek reflexi\u00f3i \u0151rk\u00f6dtek az \u00f6nc\u00e9l\u00fa elfajul\u00e1s lehet\u0151s\u00e9geivel szemben a m\u0171v\u00e9szi kifejez\u00e9s tisztas\u00e1g\u00e1n. \u00c9s l\u00e9nyegtelenek ma m\u00e1r a h\u00e1tt\u00e9rben foly\u00f3 intrik\u00e1k, vagy a szexu\u00e1lis ragadoz\u00f3k vad\u00e1szter\u00fcletek\u00e9nt jelent\u0151ss\u00e9 v\u00e1lt funkci\u00f3k, viszont l\u00e9nyeges az \u00e9rv\u00e9nyes, saj\u00e1t bels\u0151 t\u00f6rv\u00e9nyeit kitermel\u0151 kifejez\u00e9si forma, ami l\u00e9trej\u00f6tt, az\u00f3ta is van, \u00e9s birtokba vehet\u0151. Mindez pedig csupa sz\u00e9p, csupa j\u00f3, csupa\u2026 \u2013 br\u00e1v\u00f3\u2026! \u2013 br\u00e1v\u00f3! \u2013 lehetne a n\u00e9z\u0151t\u00e9rr\u0151l az interneten \u00e1t eg\u00e9szen a f\u00fclhallgat\u00f3k mag\u00e1ny\u00e1ig hallatszva, ha k\u00f6zben nem fordult volna nagyot a vil\u00e1g, \u00e9s a klasszikus balett a szubkult\u00fara st\u00e1tuszb\u00f3l nem szegment\u00e1l\u00f3dott volna m\u00e9g tov\u00e1bb, s sodr\u00f3dott volna sok egy\u00e9b sorst\u00e1rs\u00e1val egy\u00fctt a kult\u00fara eg\u00e9sz\u00e9n bel\u00fcl az \u201eeml\u00e9k\u201d kateg\u00f3ria perem\u00e9re.<\/p>\n\n\n\n<p>\u2013 \u00c9s akkor j\u00f6n Szir\u00e1ky G\u00e1bor, \u00e9s azt mondja \u2013 nem kiab\u00e1lja, de nagyon hat\u00e1rozottan \u00e1ll\u00edtja \u2013, hogy <strong>m\u00e9g vagyunk.<\/strong> S a luxus, ami k\u00f6r\u00fclveszi ezt a nagyon is val\u00f3s\u00e1gos, h\u00fas-v\u00e9r balerin\u00e1t, tal\u00e1n csak l\u00e1tv\u00e1nytechnika, de a spiccet, a piruettet \u2013 azt k\u00e9rem, ott \u00e9s akkor meg kell csin\u00e1lni, \u00e9s ennek a rendk\u00edv\u00fcli munk\u00e1nak az \u00e1r\u00e1t valakik megfizett\u00e9k egy kult\u00fara \u00e1tad\u00e1s\u00e1val, tan\u00edt\u00e1s\u00e1val, tanul\u00e1s\u00e1val, felv\u00e1llal\u00e1s\u00e1nak \u00e1ldozat\u00e1val, \u00e9s \u00edme: a megjelen\u00edt\u00e9s\u00e9vel. Innen pedig az \u00fczenet hiteles: <strong>t\u00e9nyleg vannak.<\/strong><\/p>\n\n\n\n<p>Az \u00fczenet egyetlen egy n\u0151re b\u00edzva. Sz\u00e9ps\u00e9g\u00e9ben t\u00f6r\u00e9keny, fizikai val\u00f3j\u00e1ban er\u0151s \u00e9s eg\u00e9szs\u00e9ges n\u0151re. L\u00e1tv\u00e1ny\u00e1ban n\u00e9mi hanyag nemt\u00f6r\u0151d\u00f6ms\u00e9ggel szembe\u00e1ll\u00edtva az uralkod\u00f3 t\u00f6meg\u00edzl\u00e9ssel az arisztokratizmus nagyon is korszer\u0171 jegyeit, s Rahmanyinovval \u00f6sszefogva, aki a klasszikus zene konszon\u00e1ns vil\u00e1g\u00e1t m\u00e1r finoman \u00e9s tudatosan \u00e9rintkezteti a pokol m\u00e9ly\u00e9n k\u00e9sz\u00fcl\u0151d\u0151 disszonanci\u00e1val, a n\u0151i t\u00f6r\u00e9kenys\u00e9gben \u00e1tutaztatja nek\u00fcnk ide, a XXI. sz\u00e1zadba a sz\u00e9ps\u00e9get, a kecsess\u00e9get, a kellemet \u00e9s a b\u00e1jt. A modern kori k\u00f6nyv\u00e9get\u00e9sek vil\u00e1g\u00e1ban csak rem\u00e9nykedhet\u00fcnk, hogy ez\u00e9rt nem \u00e9rdemel ki nyilv\u00e1nos lincsel\u00e9st, s vakmer\u0151 gondolatk\u00e9nt felmer\u00fcl benn\u00fcnk egy \u00e1br\u00e1nd arr\u00f3l, ha ebben a beteg kult\u00far\u00e1ban az eg\u00e9szs\u00e9g \u00edgy felmutatott l\u00e1tv\u00e1nya v\u00e1lna fert\u0151z\u0151v\u00e9&#8230;<\/p>\n\n\n\n<p class=\"has-text-align-right\"><em>Szerk.<\/em><\/p>","protected":false},"excerpt":{"rendered":"<p>Zene: Rachmaninov \u2013 VocaliseEl\u0151ad\u00f3: Magyar Von\u00f3stri\u00f3Hangszerelte: Rudolf Andr\u00e1sKoreogr\u00e1fus \u00e9s rendez\u0151: Szir\u00e1ky G\u00e1borSz\u00f3lista: B\u00edr\u00f3 EmeseVide\u00f3: Andr\u00e1s G\u00e1bor, P\u00e9ter L\u00e1szl\u00f3 Szir\u00e1ky G\u00e1bor filmet\u0171dje a mai kultur\u00e1lis k\u00f6zegben egy eg\u00e9szen kiv\u00e9teles alkot\u00e1s. \u00c9s ez a kiv\u00e9teless\u00e9g term\u00e9szetesen nem a technikai \u00e9rtelemben vett megval\u00f3s\u00edt\u00e1s ok\u00e1n vet\u0151dik fel. Mert a kamera vezet\u00e9se, az \u00e9jszakai v\u00e1ros f\u00e9nyj\u00e1t\u00e9k\u00e1nak maxim\u00e1lis kihaszn\u00e1l\u00e1sa, a mondanival\u00f3&hellip;<\/p>","protected":false},"author":1,"featured_media":0,"parent":2718,"menu_order":1,"comment_status":"closed","ping_status":"closed","template":"page-article.php","meta":{"inline_featured_image":false,"footnotes":""},"categories":[],"tags":[],"_links":{"self":[{"href":"https:\/\/www.femmeharmone.com\/eng\/wp-json\/wp\/v2\/pages\/2720"}],"collection":[{"href":"https:\/\/www.femmeharmone.com\/eng\/wp-json\/wp\/v2\/pages"}],"about":[{"href":"https:\/\/www.femmeharmone.com\/eng\/wp-json\/wp\/v2\/types\/page"}],"author":[{"embeddable":true,"href":"https:\/\/www.femmeharmone.com\/eng\/wp-json\/wp\/v2\/users\/1"}],"replies":[{"embeddable":true,"href":"https:\/\/www.femmeharmone.com\/eng\/wp-json\/wp\/v2\/comments?post=2720"}],"version-history":[{"count":3,"href":"https:\/\/www.femmeharmone.com\/eng\/wp-json\/wp\/v2\/pages\/2720\/revisions"}],"predecessor-version":[{"id":2879,"href":"https:\/\/www.femmeharmone.com\/eng\/wp-json\/wp\/v2\/pages\/2720\/revisions\/2879"}],"up":[{"embeddable":true,"href":"https:\/\/www.femmeharmone.com\/eng\/wp-json\/wp\/v2\/pages\/2718"}],"wp:attachment":[{"href":"https:\/\/www.femmeharmone.com\/eng\/wp-json\/wp\/v2\/media?parent=2720"}],"wp:term":[{"taxonomy":"category","embeddable":true,"href":"https:\/\/www.femmeharmone.com\/eng\/wp-json\/wp\/v2\/categories?post=2720"},{"taxonomy":"post_tag","embeddable":true,"href":"https:\/\/www.femmeharmone.com\/eng\/wp-json\/wp\/v2\/tags?post=2720"}],"curies":[{"name":"wp","href":"https:\/\/api.w.org\/{rel}","templated":true}]}}