{"id":2737,"date":"2022-11-30T22:37:31","date_gmt":"2022-11-30T22:37:31","guid":{"rendered":"https:\/\/www.femmeharmone.com\/?page_id=2737"},"modified":"2022-11-30T22:46:07","modified_gmt":"2022-11-30T22:46:07","slug":"karakter-ardey-edina-es-gyemant-laszlo-festmenyei","status":"publish","type":"page","link":"https:\/\/www.femmeharmone.com\/eng\/a-noi-dimenzio\/ii-evfolyam-kulonszam\/no-ferfi-szimbiozis\/karakter-ardey-edina-es-gyemant-laszlo-festmenyei\/","title":{"rendered":"Karakter \u2013 Ardey Edina \u00e9s Gy\u00e9m\u00e1nt L\u00e1szl\u00f3 festm\u00e9nyei"},"content":{"rendered":"<div data-wp-interactive=\"core\/file\" class=\"wp-block-file\"><object data-wp-bind--hidden=\"!state.hasPdfPreview\"  class=\"wp-block-file__embed\" data=\"https:\/\/www.femmeharmone.com\/wp-content\/uploads\/2022\/11\/Karakter.pdf\" type=\"application\/pdf\" style=\"width:100%;height:1100px\" aria-label=\"Embed of Karakter.\"><\/object><a id=\"wp-block-file--media-45a8d917-969e-4eba-9c30-4a2e5b176ab0\" href=\"https:\/\/www.femmeharmone.com\/wp-content\/uploads\/2022\/11\/Karakter.pdf\">Karakter<\/a><a href=\"https:\/\/www.femmeharmone.com\/wp-content\/uploads\/2022\/11\/Karakter.pdf\" class=\"wp-block-file__button wp-element-button\" download aria-describedby=\"wp-block-file--media-45a8d917-969e-4eba-9c30-4a2e5b176ab0\">Let\u00f6lt\u00e9s<\/a><\/div>","protected":false},"excerpt":{"rendered":"","protected":false},"author":1,"featured_media":0,"parent":2729,"menu_order":3,"comment_status":"closed","ping_status":"closed","template":"page-article.php","meta":{"inline_featured_image":false,"footnotes":""},"categories":[],"tags":[],"_links":{"self":[{"href":"https:\/\/www.femmeharmone.com\/eng\/wp-json\/wp\/v2\/pages\/2737"}],"collection":[{"href":"https:\/\/www.femmeharmone.com\/eng\/wp-json\/wp\/v2\/pages"}],"about":[{"href":"https:\/\/www.femmeharmone.com\/eng\/wp-json\/wp\/v2\/types\/page"}],"author":[{"embeddable":true,"href":"https:\/\/www.femmeharmone.com\/eng\/wp-json\/wp\/v2\/users\/1"}],"replies":[{"embeddable":true,"href":"https:\/\/www.femmeharmone.com\/eng\/wp-json\/wp\/v2\/comments?post=2737"}],"version-history":[{"count":3,"href":"https:\/\/www.femmeharmone.com\/eng\/wp-json\/wp\/v2\/pages\/2737\/revisions"}],"predecessor-version":[{"id":2745,"href":"https:\/\/www.femmeharmone.com\/eng\/wp-json\/wp\/v2\/pages\/2737\/revisions\/2745"}],"up":[{"embeddable":true,"href":"https:\/\/www.femmeharmone.com\/eng\/wp-json\/wp\/v2\/pages\/2729"}],"wp:attachment":[{"href":"https:\/\/www.femmeharmone.com\/eng\/wp-json\/wp\/v2\/media?parent=2737"}],"wp:term":[{"taxonomy":"category","embeddable":true,"href":"https:\/\/www.femmeharmone.com\/eng\/wp-json\/wp\/v2\/categories?post=2737"},{"taxonomy":"post_tag","embeddable":true,"href":"https:\/\/www.femmeharmone.com\/eng\/wp-json\/wp\/v2\/tags?post=2737"}],"curies":[{"name":"wp","href":"https:\/\/api.w.org\/{rel}","templated":true}]}}