{"id":2746,"date":"2022-11-30T22:49:11","date_gmt":"2022-11-30T22:49:11","guid":{"rendered":"https:\/\/www.femmeharmone.com\/?page_id=2746"},"modified":"2022-11-30T22:49:12","modified_gmt":"2022-11-30T22:49:12","slug":"frissesseg-gesztelyi-nagy-zsuzsa-osgany-sara-es-ory-annamaria-festeszete","status":"publish","type":"page","link":"https:\/\/www.femmeharmone.com\/eng\/a-noi-dimenzio\/ii-evfolyam-kulonszam\/noi-kiteljesedes\/frissesseg-gesztelyi-nagy-zsuzsa-osgany-sara-es-ory-annamaria-festeszete\/","title":{"rendered":"Frissess\u00e9g \u2013 Gesztelyi Nagy Zsuzsa, Osg\u00e1ny S\u00e1ra \u00e9s \u0150ry Annam\u00e1ria fest\u00e9szete"},"content":{"rendered":"<div data-wp-interactive=\"core\/file\" class=\"wp-block-file\"><object data-wp-bind--hidden=\"!state.hasPdfPreview\"  class=\"wp-block-file__embed\" data=\"https:\/\/www.femmeharmone.com\/wp-content\/uploads\/2022\/11\/Frissesseg.pdf\" type=\"application\/pdf\" style=\"width:100%;height:1100px\" aria-label=\"Embed of Frissesseg.\"><\/object><a id=\"wp-block-file--media-2c44fdda-4dc0-4f92-b62d-3b12720b8016\" href=\"https:\/\/www.femmeharmone.com\/wp-content\/uploads\/2022\/11\/Frissesseg.pdf\">Frissesseg<\/a><a href=\"https:\/\/www.femmeharmone.com\/wp-content\/uploads\/2022\/11\/Frissesseg.pdf\" class=\"wp-block-file__button wp-element-button\" download aria-describedby=\"wp-block-file--media-2c44fdda-4dc0-4f92-b62d-3b12720b8016\">Let\u00f6lt\u00e9s<\/a><\/div>","protected":false},"excerpt":{"rendered":"","protected":false},"author":1,"featured_media":0,"parent":2731,"menu_order":5,"comment_status":"closed","ping_status":"closed","template":"page-article.php","meta":{"inline_featured_image":false,"footnotes":""},"categories":[],"tags":[],"_links":{"self":[{"href":"https:\/\/www.femmeharmone.com\/eng\/wp-json\/wp\/v2\/pages\/2746"}],"collection":[{"href":"https:\/\/www.femmeharmone.com\/eng\/wp-json\/wp\/v2\/pages"}],"about":[{"href":"https:\/\/www.femmeharmone.com\/eng\/wp-json\/wp\/v2\/types\/page"}],"author":[{"embeddable":true,"href":"https:\/\/www.femmeharmone.com\/eng\/wp-json\/wp\/v2\/users\/1"}],"replies":[{"embeddable":true,"href":"https:\/\/www.femmeharmone.com\/eng\/wp-json\/wp\/v2\/comments?post=2746"}],"version-history":[{"count":1,"href":"https:\/\/www.femmeharmone.com\/eng\/wp-json\/wp\/v2\/pages\/2746\/revisions"}],"predecessor-version":[{"id":2747,"href":"https:\/\/www.femmeharmone.com\/eng\/wp-json\/wp\/v2\/pages\/2746\/revisions\/2747"}],"up":[{"embeddable":true,"href":"https:\/\/www.femmeharmone.com\/eng\/wp-json\/wp\/v2\/pages\/2731"}],"wp:attachment":[{"href":"https:\/\/www.femmeharmone.com\/eng\/wp-json\/wp\/v2\/media?parent=2746"}],"wp:term":[{"taxonomy":"category","embeddable":true,"href":"https:\/\/www.femmeharmone.com\/eng\/wp-json\/wp\/v2\/categories?post=2746"},{"taxonomy":"post_tag","embeddable":true,"href":"https:\/\/www.femmeharmone.com\/eng\/wp-json\/wp\/v2\/tags?post=2746"}],"curies":[{"name":"wp","href":"https:\/\/api.w.org\/{rel}","templated":true}]}}