{"id":2778,"date":"2022-12-01T00:23:10","date_gmt":"2022-12-01T00:23:10","guid":{"rendered":"https:\/\/www.femmeharmone.com\/?page_id=2778"},"modified":"2022-12-09T16:52:38","modified_gmt":"2022-12-09T16:52:38","slug":"szabo-ferenc-teilhard-de-chardin-az-orok-noi","status":"publish","type":"page","link":"https:\/\/www.femmeharmone.com\/eng\/a-noi-dimenzio\/ii-evfolyam-kulonszam\/az-orok-noi\/szabo-ferenc-teilhard-de-chardin-az-orok-noi\/","title":{"rendered":"<em>Szab\u00f3 Ferenc \u2020:<\/em> Teilhard De Chardin: \u201eAz \u00d6r\u00f6k N\u0151i\u201d"},"content":{"rendered":"<p class=\"has-text-align-right\"><a href=\"https:\/\/doi.org\/10.55344\/andfhksz.2201007\" target=\"_blank\" rel=\"noreferrer noopener\">DOI: 10.55344\/andfhksz.2201007<\/a><\/p>\n\n\n\n<p><em>Absztrakt<\/em><\/p>\n\n\n\n<p>A jezsuita tud\u00f3s evolucionista vil\u00e1gk\u00e9p\u00e9be, az Egyetemes Krisztus \u00e1ltal vonzott <em>\u201eteremt\u0151 egyes\u00fcl\u00e9s\u201d<\/em> v\u00edzi\u00f3j\u00e1ba illeszti a testi szerelem \u201ekozmikus energi\u00e1j\u00e1t\u201d, \u00e9s innen kiindulva magyar\u00e1zza a f\u00e9rfi \u00e9s a n\u0151 \u201espiritu\u00e1lis\u201d szerelm\u00e9t. Az egyre nagyobb szellemis\u00e9g fel\u00e9 tart\u00f3 vil\u00e1gfejl\u0151d\u00e9sben az \u00c9rosz Agap\u00e9v\u00e1 alakulhat a Szeretet-Isten vonz\u00e1s\u00e1ra, \u00e9s ebben a szem\u00e9lyesed\u0151 mindens\u00e9gben d\u00f6nt\u0151 szerepe van az eszm\u00e9nyi <em>\u00d6r\u00f6k N\u0151i, <\/em>BEATRIX magasba emel\u0151 vonz\u00e1s\u00e1nak. Teilhard szerint az \u201eAnyag lelki hatalm\u00e1nak\u201d cs\u00facspontj\u00e1n ragyog fel<em> a testi szerelem \u00e9s a \u201eN\u0151i\u201d lelki hatalma. <\/em>A jezsuita Teilhard e v\u00edzi\u00f3 t\u00e1vlat\u00e1ban \u00e9rtelmezi a szerzetesi tisztas\u00e1g-fogadalom evang\u00e9liumi eszm\u00e9ny\u00e9t. Az <em>\u00d6r\u00f6k N\u0151i<\/em> t\u00f6k\u00e9letes eszm\u00e9nye J\u00e9zus Sz\u0171z-Anyja, az ISTENSZ\u00dcL\u0150.<\/p>\n\n\n\n<p><em>Kulcsszavak: <\/em>szexualit\u00e1s\/szerelem, Anyag lelki hatalma, szublim\u00e1l\u00e1s, szerzetesi tisztas\u00e1g, Beatrix, \u00d6r\u00f6k N\u0151i, Sz\u0171z Sz\u00fcl\u0151je Istennek.<\/p>\n\n\n\n<p class=\"has-text-align-center\"><strong>Teilhard de Chardin, <em>The Eternal Feminine<\/em><\/strong><\/p>\n\n\n\n<p><em>Abstract<\/em><\/p>\n\n\n\n<p>The Jesuit scholar inserts the \u201ccosmic energy\u201d of bodily love into the evolutionist worldview of the \u201ccreative union\u201d attracted by the Universal Christ, and from there explains the \u201cspiritual\u201d love of man and woman. In the evolution of the world toward increasing spirituality, Eros can be transformed into an Agape to attract God of Love, and in this personalizing universe, the elevating attraction of the ideal \u201cEternal Feminine\u201d, BEATRICE, plays a crucial role. According to Teilhard, at the climax of the \u201cspiritual power of matter\u201d shines the bodily love and the spiritual power of the \u201cFemale\u201d. In the perspective of this vision, the Jesuit Teilhard interprets the gospel ideal of the monastic vow of Chastity. The perfect ideal of the \u201cEternal Feminine\u201d is Virgin Mother of Jesus, GOD-BEARER.<\/p>\n\n\n\n<p><em>Keywords: <\/em>sexuality\/love, spiritual power of matter, subliming, vow of Chastity, Beatrice, Eternal Feminine, Virgin Mother of Jesus, God-bearer.<\/p>\n\n\n\n<div style=\"height:100px\" aria-hidden=\"true\" class=\"wp-block-spacer\"><\/div>\n\n\n\n<div data-wp-interactive=\"core\/file\" class=\"wp-block-file\"><object data-wp-bind--hidden=\"!state.hasPdfPreview\"  class=\"wp-block-file__embed\" data=\"https:\/\/www.femmeharmone.com\/wp-content\/uploads\/2022\/12\/ND_2022KSZ_v2_2_SzaboFerenc.pdf\" type=\"application\/pdf\" style=\"width:100%;height:1100px\" aria-label=\"Embed of ND_2022KSZ_v2_2_SzaboFerenc.\"><\/object><a id=\"wp-block-file--media-f247d04b-6580-436a-83f8-46dc1adf1466\" href=\"https:\/\/www.femmeharmone.com\/wp-content\/uploads\/2022\/12\/ND_2022KSZ_v2_2_SzaboFerenc.pdf\">ND_2022KSZ_v2_2_SzaboFerenc<\/a><a href=\"https:\/\/www.femmeharmone.com\/wp-content\/uploads\/2022\/12\/ND_2022KSZ_v2_2_SzaboFerenc.pdf\" class=\"wp-block-file__button wp-element-button\" download aria-describedby=\"wp-block-file--media-f247d04b-6580-436a-83f8-46dc1adf1466\">Let\u00f6lt\u00e9s<\/a><\/div>","protected":false},"excerpt":{"rendered":"<p>DOI: 10.55344\/andfhksz.2201007 Absztrakt A jezsuita tud\u00f3s evolucionista vil\u00e1gk\u00e9p\u00e9be, az Egyetemes Krisztus \u00e1ltal vonzott \u201eteremt\u0151 egyes\u00fcl\u00e9s\u201d v\u00edzi\u00f3j\u00e1ba illeszti a testi szerelem \u201ekozmikus energi\u00e1j\u00e1t\u201d, \u00e9s innen kiindulva magyar\u00e1zza a f\u00e9rfi \u00e9s a n\u0151 \u201espiritu\u00e1lis\u201d szerelm\u00e9t. Az egyre nagyobb szellemis\u00e9g fel\u00e9 tart\u00f3 vil\u00e1gfejl\u0151d\u00e9sben az \u00c9rosz Agap\u00e9v\u00e1 alakulhat a Szeretet-Isten vonz\u00e1s\u00e1ra, \u00e9s ebben a szem\u00e9lyesed\u0151 mindens\u00e9gben d\u00f6nt\u0151 szerepe van&hellip;<\/p>","protected":false},"author":1,"featured_media":0,"parent":2723,"menu_order":1,"comment_status":"closed","ping_status":"closed","template":"page-article.php","meta":{"inline_featured_image":false,"footnotes":""},"categories":[],"tags":[],"_links":{"self":[{"href":"https:\/\/www.femmeharmone.com\/eng\/wp-json\/wp\/v2\/pages\/2778"}],"collection":[{"href":"https:\/\/www.femmeharmone.com\/eng\/wp-json\/wp\/v2\/pages"}],"about":[{"href":"https:\/\/www.femmeharmone.com\/eng\/wp-json\/wp\/v2\/types\/page"}],"author":[{"embeddable":true,"href":"https:\/\/www.femmeharmone.com\/eng\/wp-json\/wp\/v2\/users\/1"}],"replies":[{"embeddable":true,"href":"https:\/\/www.femmeharmone.com\/eng\/wp-json\/wp\/v2\/comments?post=2778"}],"version-history":[{"count":7,"href":"https:\/\/www.femmeharmone.com\/eng\/wp-json\/wp\/v2\/pages\/2778\/revisions"}],"predecessor-version":[{"id":2949,"href":"https:\/\/www.femmeharmone.com\/eng\/wp-json\/wp\/v2\/pages\/2778\/revisions\/2949"}],"up":[{"embeddable":true,"href":"https:\/\/www.femmeharmone.com\/eng\/wp-json\/wp\/v2\/pages\/2723"}],"wp:attachment":[{"href":"https:\/\/www.femmeharmone.com\/eng\/wp-json\/wp\/v2\/media?parent=2778"}],"wp:term":[{"taxonomy":"category","embeddable":true,"href":"https:\/\/www.femmeharmone.com\/eng\/wp-json\/wp\/v2\/categories?post=2778"},{"taxonomy":"post_tag","embeddable":true,"href":"https:\/\/www.femmeharmone.com\/eng\/wp-json\/wp\/v2\/tags?post=2778"}],"curies":[{"name":"wp","href":"https:\/\/api.w.org\/{rel}","templated":true}]}}