{"id":2784,"date":"2022-12-01T00:33:47","date_gmt":"2022-12-01T00:33:47","guid":{"rendered":"https:\/\/www.femmeharmone.com\/?page_id=2784"},"modified":"2022-12-09T16:53:27","modified_gmt":"2022-12-09T16:53:27","slug":"racz-ildiko-maria-az-orok-noi-vallasfilozofiai-es-irodalmi-toposzainak-bunyini-valtozata","status":"publish","type":"page","link":"https:\/\/www.femmeharmone.com\/eng\/a-noi-dimenzio\/ii-evfolyam-kulonszam\/az-orok-noi\/racz-ildiko-maria-az-orok-noi-vallasfilozofiai-es-irodalmi-toposzainak-bunyini-valtozata\/","title":{"rendered":"<em>R\u00e1cz Ildik\u00f3 M\u00e1ria:<\/em> Az \u201e\u00f6r\u00f6k n\u0151i\u201d vall\u00e1sfiloz\u00f3fiai \u00e9s irodalmi toposzainak bunyini v\u00e1ltozata"},"content":{"rendered":"<p class=\"has-text-align-right\"><a href=\"https:\/\/doi.org\/10.55344\/andfhksz.2201015\" target=\"_blank\" rel=\"noreferrer noopener\">DOI: 10.55344\/andfhksz.2201015<\/a><\/p>\n\n\n\n<p><em>Absztrakt<\/em><strong><em><\/em><\/strong><\/p>\n\n\n\n<p>A Nobel-d\u00edjas orosz emigr\u00e1ns, Ivan Bunyin szerelem-filoz\u00f3fi\u00e1j\u00e1ban az \u00edr\u00f3 l\u00e9tszeml\u00e9let\u00e9re alapvet\u0151en jellemz\u0151 dualisztikus l\u00e1t\u00e1sm\u00f3d jelentkezik. N\u0151alakjainak \u201eangyali\u201d \u00e9s \u201ed\u00e9moni\u201d ellent\u00e9tp\u00e1rj\u00e1ban \u201e\u00e9gi\u201d \u00e9s \u201ef\u00f6ldi\u201d szerelem dichot\u00f3mi\u00e1ja t\u00fckr\u00f6z\u0151dik vissza. M\u00e9g el\u0151bbi az <em>\u00d6r\u00f6k Asszonyi<\/em> el\u00e9rhetetlen ide\u00e1j\u00e1nak megtestes\u00edt\u0151je, ut\u00f3bbi, a <em>Femme Fatale<\/em>, a testi \u00f6r\u00f6m\u00f6k, a szexualit\u00e1s f\u00f6ldi \u00edg\u00e9ret\u00e9nek hordoz\u00f3ja. Bunyin n\u0151i h\u0151sei k\u00f6z\u00f6tt ugyancsak megtal\u00e1lhat\u00f3 a <em>B\u00f6lcs Asszony Avat\u00e1rja<\/em> (valamely \u0151si, archaikus b\u00f6lcsess\u00e9g megtestes\u00fcl\u00e9se) vagy <em>\u00cdzisz eman\u00e1ci\u00f3ja <\/em>(mint \u00e9let \u00e9s hal\u00e1l f\u00f6ldi t\u00f6rv\u00e9nyei felett \u00e1ll\u00f3 kozmikus energia testet \u00f6lt\u00e9se). \u00c9s ahogyan <em>jin<\/em> \u00e9s <em>jang <\/em>szimb\u00f3lumai a k\u00ednai filoz\u00f3fi\u00e1ban, Bunyin n\u0151alakjai is m\u00e9lyen magukban rejtenek valamit saj\u00e1t ellent\u00e9tp\u00e1rjukb\u00f3l.<strong><em><\/em><\/strong><\/p>\n\n\n\n<p><em>Kulcsszavak:<\/em> Ivan Bunyin, Sophiol\u00f3gia, \u00d6r\u00f6k Asszonyi, Femme Fatale, Avatar, \u00cdzisz.<\/p>\n\n\n\n<p class=\"has-text-align-center\"><strong>Bunin&#8217;s Version of \u2018The Eternal Feminine\u2019 Religious, Philosophical and Literary Topoi<\/strong><\/p>\n\n\n\n<p><em>Abstract<\/em><strong><em><\/em><\/strong><\/p>\n\n\n\n<p>The first Russian Nobel Prize Laureate in Literature, the emigrant Ivan Bunin employs a dualistic vision that is inherent in the writer\u2019s philosophy of love. The \u2018angelic\u2019 and \u2018demonic\u2019 opposites of his female figures reflect the dichotomy of \u2018heavenly\u2019 and \u2018earthly\u2019 love. The former is the epitome of the <em>Eternal Feminine<\/em> unattainable idea, the latter, the <em>Femme Fatale<\/em>, the object of bodily pleasures, the earthly promise of sexuality. Bunin\u2019s female heroes also include the <em>Avatar of the Wise Woman<\/em> (the embodiment of some ancient, archaic wisdom) or the <em>Emanation of Isis<\/em> (incarnation of the cosmic energy above the earthly laws of life and death). And just as the symbols of <em>yin<\/em> and <em>yang<\/em> in Chinese philosophy, Bunin\u2019s female characters have something deeply hidden of their own opposites.<\/p>\n\n\n\n<p><em>Keywords:<\/em> Ivan Bunin, Sophiology, Eternal Feminine, Femme Fatale, Avatar, Isis.<\/p>\n\n\n\n<div style=\"height:100px\" aria-hidden=\"true\" class=\"wp-block-spacer\"><\/div>\n\n\n\n<div data-wp-interactive=\"core\/file\" class=\"wp-block-file\"><object data-wp-bind--hidden=\"!state.hasPdfPreview\"  class=\"wp-block-file__embed\" data=\"https:\/\/www.femmeharmone.com\/wp-content\/uploads\/2022\/12\/ND_2022KSZ_v2_2_RaczIldikoMaria.pdf\" type=\"application\/pdf\" style=\"width:100%;height:1100px\" aria-label=\"Embed of ND_2022KSZ_v2_2_RaczIldikoMaria.\"><\/object><a id=\"wp-block-file--media-438bc6e7-fab8-40d3-9488-f1cfccbc3c8c\" href=\"https:\/\/www.femmeharmone.com\/wp-content\/uploads\/2022\/12\/ND_2022KSZ_v2_2_RaczIldikoMaria.pdf\">ND_2022KSZ_v2_2_RaczIldikoMaria<\/a><a href=\"https:\/\/www.femmeharmone.com\/wp-content\/uploads\/2022\/12\/ND_2022KSZ_v2_2_RaczIldikoMaria.pdf\" class=\"wp-block-file__button wp-element-button\" download aria-describedby=\"wp-block-file--media-438bc6e7-fab8-40d3-9488-f1cfccbc3c8c\">Let\u00f6lt\u00e9s<\/a><\/div>","protected":false},"excerpt":{"rendered":"<p>DOI: 10.55344\/andfhksz.2201015 Absztrakt A Nobel-d\u00edjas orosz emigr\u00e1ns, Ivan Bunyin szerelem-filoz\u00f3fi\u00e1j\u00e1ban az \u00edr\u00f3 l\u00e9tszeml\u00e9let\u00e9re alapvet\u0151en jellemz\u0151 dualisztikus l\u00e1t\u00e1sm\u00f3d jelentkezik. N\u0151alakjainak \u201eangyali\u201d \u00e9s \u201ed\u00e9moni\u201d ellent\u00e9tp\u00e1rj\u00e1ban \u201e\u00e9gi\u201d \u00e9s \u201ef\u00f6ldi\u201d szerelem dichot\u00f3mi\u00e1ja t\u00fckr\u00f6z\u0151dik vissza. M\u00e9g el\u0151bbi az \u00d6r\u00f6k Asszonyi el\u00e9rhetetlen ide\u00e1j\u00e1nak megtestes\u00edt\u0151je, ut\u00f3bbi, a Femme Fatale, a testi \u00f6r\u00f6m\u00f6k, a szexualit\u00e1s f\u00f6ldi \u00edg\u00e9ret\u00e9nek hordoz\u00f3ja. Bunyin n\u0151i h\u0151sei k\u00f6z\u00f6tt ugyancsak&hellip;<\/p>","protected":false},"author":1,"featured_media":0,"parent":2723,"menu_order":2,"comment_status":"closed","ping_status":"closed","template":"page-article.php","meta":{"inline_featured_image":false,"footnotes":""},"categories":[],"tags":[],"_links":{"self":[{"href":"https:\/\/www.femmeharmone.com\/eng\/wp-json\/wp\/v2\/pages\/2784"}],"collection":[{"href":"https:\/\/www.femmeharmone.com\/eng\/wp-json\/wp\/v2\/pages"}],"about":[{"href":"https:\/\/www.femmeharmone.com\/eng\/wp-json\/wp\/v2\/types\/page"}],"author":[{"embeddable":true,"href":"https:\/\/www.femmeharmone.com\/eng\/wp-json\/wp\/v2\/users\/1"}],"replies":[{"embeddable":true,"href":"https:\/\/www.femmeharmone.com\/eng\/wp-json\/wp\/v2\/comments?post=2784"}],"version-history":[{"count":4,"href":"https:\/\/www.femmeharmone.com\/eng\/wp-json\/wp\/v2\/pages\/2784\/revisions"}],"predecessor-version":[{"id":2950,"href":"https:\/\/www.femmeharmone.com\/eng\/wp-json\/wp\/v2\/pages\/2784\/revisions\/2950"}],"up":[{"embeddable":true,"href":"https:\/\/www.femmeharmone.com\/eng\/wp-json\/wp\/v2\/pages\/2723"}],"wp:attachment":[{"href":"https:\/\/www.femmeharmone.com\/eng\/wp-json\/wp\/v2\/media?parent=2784"}],"wp:term":[{"taxonomy":"category","embeddable":true,"href":"https:\/\/www.femmeharmone.com\/eng\/wp-json\/wp\/v2\/categories?post=2784"},{"taxonomy":"post_tag","embeddable":true,"href":"https:\/\/www.femmeharmone.com\/eng\/wp-json\/wp\/v2\/tags?post=2784"}],"curies":[{"name":"wp","href":"https:\/\/api.w.org\/{rel}","templated":true}]}}