{"id":2786,"date":"2022-12-01T00:37:31","date_gmt":"2022-12-01T00:37:31","guid":{"rendered":"https:\/\/www.femmeharmone.com\/?page_id=2786"},"modified":"2022-12-09T16:53:55","modified_gmt":"2022-12-09T16:53:55","slug":"barna-gabor-a-nepi-maria-tisztelet","status":"publish","type":"page","link":"https:\/\/www.femmeharmone.com\/eng\/a-noi-dimenzio\/ii-evfolyam-kulonszam\/az-orok-noi\/barna-gabor-a-nepi-maria-tisztelet\/","title":{"rendered":"<em>Barna G\u00e1bor:<\/em> A n\u00e9pi M\u00e1ria-tisztelet"},"content":{"rendered":"<p class=\"has-text-align-right\"><a href=\"https:\/\/doi.org\/10.55344\/andfhksz.2201024\" target=\"_blank\" rel=\"noreferrer noopener\">DOI: 10.55344\/andfhksz.2201024<\/a><\/p>\n\n\n\n<p><em>Absztrakt<\/em><\/p>\n\n\n\n<p>A n\u00e9pi M\u00e1ria-tisztelet legjellemz\u0151bb von\u00e1sa a nagy \u00e9rzelmi tel\u00edtetts\u00e9g, amely a barokkban alakult ki. A M\u00e1ria-tisztelet magatart\u00e1s volt: a M\u00e1ri\u00e1val val\u00f3 tal\u00e1lkoz\u00e1s keres\u00e9se, \u00e9let\u00e9vel val\u00f3 egy\u00fctt\u00e9l\u00e9s. A magyar n\u00e9pi \u00e1h\u00edtat a Sz\u0171zany\u00e1t a maga paraszti k\u00f6rnyezet\u00e9be \u00e1ll\u00edtotta. A M\u00e1ria-\u00fcnnepek a M\u00e1ria-\u00e9lm\u00e9ny k\u00f6zvetlens\u00e9g\u00e9t, bizalmass\u00e1g\u00e1t ny\u00fajtott\u00e1k, \u00f6sszek\u00f6t\u00f6tt\u00e9k az emberit \u00e9s az emberfelettit, a f\u00f6ldit \u00e9s a mennyeit, lehet\u0151s\u00e9get \u00e9s keretet teremtettek az \u00e1t\u00e9l\u00e9sre, az ut\u00e1nz\u00e1sra. M\u00e1ria f\u00f6ldi \u00e9desanyak\u00e9nt val\u00f3s\u00e1gosan is \u00e1t\u00e9lte Fia \u00e9let\u00e9nek, m\u0171k\u00f6d\u00e9s\u00e9nek, megpr\u00f3b\u00e1ltat\u00e1sainak, kereszthal\u00e1l\u00e1nak esem\u00e9nyeit, ez\u00e9rt k\u00f6nnyebben \u00e9s jobban meg\u00e9rtheti az emberi szenved\u00e9st, f\u00e1jdalmat, de az \u00f6r\u00f6m\u00f6ket is. Saj\u00e1t \u00f6r\u00f6meiket, gondjaikat, f\u00e1jdalmaikat \u00f6ssze tudt\u00e1k teh\u00e1t kapcsolni M\u00e1ria \u00f6r\u00f6m\u00e9vel, gondjaival, f\u00e1jdalm\u00e1val.<\/p>\n\n\n\n<p><em>Kulcsszavak:<\/em> M\u00e1ria, paraszts\u00e1g, \u00e9rzelmi tel\u00edtetts\u00e9g, egy\u00fctt\u00e9rz\u00e9s.<\/p>\n\n\n\n<p class=\"has-text-align-center\"><strong>The Cult of the Virgin Mary in Folk Tradition<\/strong><\/p>\n\n\n\n<p><em>Abstract<\/em><\/p>\n\n\n\n<p>The most characteristic feature of the popular veneration of Virgin Mary is the great&nbsp;emotional saturation which was formed in the Baroque Age. Veneration of the Virgin was an attitude: search for meeting with Mary, coexistence with her life. The popular veneration set the Virgin into peasant environment. Marian feasts offered the immediacy and familiarity of the Marian experience, linked the human and superhuman, the immanent and transcendence, created possibility and frame for empathy and imitation. Virgin Mary as earthly mother experienced events of life, operation, trial, crucifixion of her Son, that is why she can understand easier and better human misery, pain, grief, but gladness as well. So people could link their joy, troubles, pains with those of Virgin Mary.<\/p>\n\n\n\n<p><em>Keywords:<\/em> Mary, peasantry, great emotional saturation, empathy.<\/p>\n\n\n\n<div style=\"height:100px\" aria-hidden=\"true\" class=\"wp-block-spacer\"><\/div>\n\n\n\n<div data-wp-interactive=\"core\/file\" class=\"wp-block-file\"><object data-wp-bind--hidden=\"!state.hasPdfPreview\"  class=\"wp-block-file__embed\" data=\"https:\/\/www.femmeharmone.com\/wp-content\/uploads\/2022\/12\/ND_2022KSZ_v2_2_BarnaGabor.pdf\" type=\"application\/pdf\" style=\"width:100%;height:1100px\" aria-label=\"Embed of ND_2022KSZ_v2_2_BarnaGabor.\"><\/object><a id=\"wp-block-file--media-4f17af63-6043-443d-a2b2-e32fb6684d18\" href=\"https:\/\/www.femmeharmone.com\/wp-content\/uploads\/2022\/12\/ND_2022KSZ_v2_2_BarnaGabor.pdf\">ND_2022KSZ_v2_2_BarnaGabor<\/a><a href=\"https:\/\/www.femmeharmone.com\/wp-content\/uploads\/2022\/12\/ND_2022KSZ_v2_2_BarnaGabor.pdf\" class=\"wp-block-file__button wp-element-button\" download aria-describedby=\"wp-block-file--media-4f17af63-6043-443d-a2b2-e32fb6684d18\">Let\u00f6lt\u00e9s<\/a><\/div>","protected":false},"excerpt":{"rendered":"<p>DOI: 10.55344\/andfhksz.2201024 Absztrakt A n\u00e9pi M\u00e1ria-tisztelet legjellemz\u0151bb von\u00e1sa a nagy \u00e9rzelmi tel\u00edtetts\u00e9g, amely a barokkban alakult ki. A M\u00e1ria-tisztelet magatart\u00e1s volt: a M\u00e1ri\u00e1val val\u00f3 tal\u00e1lkoz\u00e1s keres\u00e9se, \u00e9let\u00e9vel val\u00f3 egy\u00fctt\u00e9l\u00e9s. A magyar n\u00e9pi \u00e1h\u00edtat a Sz\u0171zany\u00e1t a maga paraszti k\u00f6rnyezet\u00e9be \u00e1ll\u00edtotta. A M\u00e1ria-\u00fcnnepek a M\u00e1ria-\u00e9lm\u00e9ny k\u00f6zvetlens\u00e9g\u00e9t, bizalmass\u00e1g\u00e1t ny\u00fajtott\u00e1k, \u00f6sszek\u00f6t\u00f6tt\u00e9k az emberit \u00e9s az emberfelettit, a f\u00f6ldit&hellip;<\/p>","protected":false},"author":1,"featured_media":0,"parent":2723,"menu_order":3,"comment_status":"closed","ping_status":"closed","template":"page-article.php","meta":{"inline_featured_image":false,"footnotes":""},"categories":[],"tags":[],"_links":{"self":[{"href":"https:\/\/www.femmeharmone.com\/eng\/wp-json\/wp\/v2\/pages\/2786"}],"collection":[{"href":"https:\/\/www.femmeharmone.com\/eng\/wp-json\/wp\/v2\/pages"}],"about":[{"href":"https:\/\/www.femmeharmone.com\/eng\/wp-json\/wp\/v2\/types\/page"}],"author":[{"embeddable":true,"href":"https:\/\/www.femmeharmone.com\/eng\/wp-json\/wp\/v2\/users\/1"}],"replies":[{"embeddable":true,"href":"https:\/\/www.femmeharmone.com\/eng\/wp-json\/wp\/v2\/comments?post=2786"}],"version-history":[{"count":3,"href":"https:\/\/www.femmeharmone.com\/eng\/wp-json\/wp\/v2\/pages\/2786\/revisions"}],"predecessor-version":[{"id":2951,"href":"https:\/\/www.femmeharmone.com\/eng\/wp-json\/wp\/v2\/pages\/2786\/revisions\/2951"}],"up":[{"embeddable":true,"href":"https:\/\/www.femmeharmone.com\/eng\/wp-json\/wp\/v2\/pages\/2723"}],"wp:attachment":[{"href":"https:\/\/www.femmeharmone.com\/eng\/wp-json\/wp\/v2\/media?parent=2786"}],"wp:term":[{"taxonomy":"category","embeddable":true,"href":"https:\/\/www.femmeharmone.com\/eng\/wp-json\/wp\/v2\/categories?post=2786"},{"taxonomy":"post_tag","embeddable":true,"href":"https:\/\/www.femmeharmone.com\/eng\/wp-json\/wp\/v2\/tags?post=2786"}],"curies":[{"name":"wp","href":"https:\/\/api.w.org\/{rel}","templated":true}]}}