{"id":2793,"date":"2022-12-01T00:54:26","date_gmt":"2022-12-01T00:54:26","guid":{"rendered":"https:\/\/www.femmeharmone.com\/?page_id=2793"},"modified":"2022-12-09T16:55:13","modified_gmt":"2022-12-09T16:55:13","slug":"bugovits-valeria-anna-karenina-alakja-es-a-biblia-noeszmenye-az-istenkereso-tolsztojmunkassagaban","status":"publish","type":"page","link":"https:\/\/www.femmeharmone.com\/eng\/a-noi-dimenzio\/ii-evfolyam-kulonszam\/nofelfogas-es-abrazolas\/bugovits-valeria-anna-karenina-alakja-es-a-biblia-noeszmenye-az-istenkereso-tolsztojmunkassagaban\/","title":{"rendered":"<em>Bugovits Val\u00e9ria:<\/em> Anna Karenina alakja \u00e9s a Biblia n\u0151eszm\u00e9nye az istenkeres\u0151 Tolsztoj<br>munk\u00e1ss\u00e1g\u00e1ban"},"content":{"rendered":"<p class=\"has-text-align-right\"><a href=\"https:\/\/doi.org\/10.55344\/andfhksz.2201068\" target=\"_blank\" rel=\"noreferrer noopener\">DOI: 10.55344\/andfhksz.22068<\/a><\/p>\n\n\n\n<p><em>Absztrakt<\/em><\/p>\n\n\n\n<p>Vizsg\u00e1lati szempontom a tradicion\u00e1lis n\u0151i sors \u00e9s a tolsztoji erk\u00f6lcs (tal\u00e1lkoz\u00e1sa) az Anna Karenin\u00e1ban. A h\u00e1zass\u00e1g \u00e9s a b\u0171n probl\u00e9m\u00e1ja, a h\u00e1zast\u00e1rsi h\u0171s\u00e9g; h\u0171s\u00e9g-h\u0171tlens\u00e9g prob-l\u00e9mak\u00f6re is kifejt\u00e9sre ker\u00fcl. A \u201en\u0151k\u00e9rd\u00e9s\u201d dimenzi\u00f3it Hugh Mclean \u00e9rtekez\u00e9se (2005) alap-j\u00e1n k\u00f6zel\u00edtettem meg. A n\u0151i szerepek \u00e9s sorsok soksz\u00edn\u0171s\u00e9g\u00e9nek k\u00f6z\u00e9ppontba \u00e1ll\u00edt\u00e1s\u00e1val, a l\u00e9lektani reg\u00e9ny ism\u00e9rveinek felfedez\u00e9s\u00e9vel igyekeztem \u00faj aspektust bevonni a tolsztoji m\u0171 \u00e9rtelmez\u00e9s\u00e9be.<br>A hit \u00e9s a hivatalos vall\u00e1s ellentmond\u00e1sai k\u00f6z\u00f6tt verg\u0151d\u0151 Tolsztoj \u00fatkeres\u00e9s\u00e9t \u00e9s a bibliai tan\u00edt\u00e1sokhoz kapcsol\u00f3d\u00f3 n\u00e9zeteit, valamint a reg\u00e9ny mott\u00f3j\u00e1t elemezve arra a k\u00e9r-d\u00e9sre kerestem v\u00e1laszt, hogy a Biblia n\u0151k\u00e9pe \u00e9s Anna Karenina alakja hogyan fon\u00f3dik egym\u00e1sba az istenkeres\u0151 Tolsztoj munk\u00e1ss\u00e1g\u00e1ban. Az \u00d3sz\u00f6vets\u00e9g \u00e9s az \u00dajsz\u00f6vets\u00e9g v\u00e1la-szainak felt\u00e1r\u00e1s\u00e1val arra a k\u00f6vetkeztet\u00e9sre jutottam, hogy Tolsztoj nem \u00edt\u00e9li el a h\u00e1zass\u00e1g-t\u00f6r\u0151 Ann\u00e1t, csup\u00e1n meg\u00edt\u00e9li tett\u00e9t. Az \u00edt\u00e9letet az \u00daristenre b\u00edzza.<\/p>\n\n\n\n<p><em>Kulcsszavak:<\/em><strong> <\/strong>tradicion\u00e1lis n\u0151i sors, tolsztoji erk\u00f6lcs, b\u0171n, b\u00fcntet\u00e9s, a mott\u00f3, Biblia, h\u00e1zast\u00e1rsi h\u0171s\u00e9g.<\/p>\n\n\n\n<p class=\"has-text-align-center\"><strong>Anna Karenina\u2019s Character and the Feminine Ideal of the Bible in God-Seeking Tolstoy\u2019s Oeuvre<\/strong><\/p>\n\n\n\n<p><em>Abstract<\/em><\/p>\n\n\n\n<p>The goal of this writing is to carry on research work in the novel titled <em>Anna Karenina<\/em> in&nbsp;connection with the canonical women\u2019s fate, its intersection with Tolstoy\u2019s morality in Anna\u2019s life. Other questions are also investigated: fault, confession of fault, remission of fault or punishment for it. The paper also focuses our attention on the <em>Bible<\/em> to show us the order of the Old Testament on marital fidelity, the answer of the New Testament to the same thing, and Tolstoy\u2019s solution. The meaning of the epigraph, the theme of the form of the novel, the continuation of the Russian and world literature canon is also in the centre of the analysis. The conclusion is: Tolstoy does not disapprove of Anna\u2019s fault, only judges her attitude.<\/p>\n\n\n\n<p><em>Keywords:<\/em><strong> <\/strong>canonical women\u2019s fate, Tolstoy\u2019s morality, fault, punishment, the epigraph, the <em>Bible,<\/em> marital fidelity.<\/p>\n\n\n\n<div style=\"height:100px\" aria-hidden=\"true\" class=\"wp-block-spacer\"><\/div>\n\n\n\n<div data-wp-interactive=\"core\/file\" class=\"wp-block-file\"><object data-wp-bind--hidden=\"!state.hasPdfPreview\"  class=\"wp-block-file__embed\" data=\"https:\/\/www.femmeharmone.com\/wp-content\/uploads\/2022\/12\/ND_2022KSZ_v2_2_BugovitsValeria.pdf\" type=\"application\/pdf\" style=\"width:100%;height:1100px\" aria-label=\"Embed of ND_2022KSZ_v2_2_BugovitsValeria.\"><\/object><a id=\"wp-block-file--media-064b0985-299e-483a-9b17-cea331a66e40\" href=\"https:\/\/www.femmeharmone.com\/wp-content\/uploads\/2022\/12\/ND_2022KSZ_v2_2_BugovitsValeria.pdf\">ND_2022KSZ_v2_2_BugovitsValeria<\/a><a href=\"https:\/\/www.femmeharmone.com\/wp-content\/uploads\/2022\/12\/ND_2022KSZ_v2_2_BugovitsValeria.pdf\" class=\"wp-block-file__button wp-element-button\" download aria-describedby=\"wp-block-file--media-064b0985-299e-483a-9b17-cea331a66e40\">Let\u00f6lt\u00e9s<\/a><\/div>","protected":false},"excerpt":{"rendered":"<p>DOI: 10.55344\/andfhksz.22068 Absztrakt Vizsg\u00e1lati szempontom a tradicion\u00e1lis n\u0151i sors \u00e9s a tolsztoji erk\u00f6lcs (tal\u00e1lkoz\u00e1sa) az Anna Karenin\u00e1ban. A h\u00e1zass\u00e1g \u00e9s a b\u0171n probl\u00e9m\u00e1ja, a h\u00e1zast\u00e1rsi h\u0171s\u00e9g; h\u0171s\u00e9g-h\u0171tlens\u00e9g prob-l\u00e9mak\u00f6re is kifejt\u00e9sre ker\u00fcl. A \u201en\u0151k\u00e9rd\u00e9s\u201d dimenzi\u00f3it Hugh Mclean \u00e9rtekez\u00e9se (2005) alap-j\u00e1n k\u00f6zel\u00edtettem meg. A n\u0151i szerepek \u00e9s sorsok soksz\u00edn\u0171s\u00e9g\u00e9nek k\u00f6z\u00e9ppontba \u00e1ll\u00edt\u00e1s\u00e1val, a l\u00e9lektani reg\u00e9ny ism\u00e9rveinek felfedez\u00e9s\u00e9vel igyekeztem&hellip;<\/p>","protected":false},"author":1,"featured_media":0,"parent":2725,"menu_order":3,"comment_status":"closed","ping_status":"closed","template":"page-article.php","meta":{"inline_featured_image":false,"footnotes":""},"categories":[],"tags":[],"_links":{"self":[{"href":"https:\/\/www.femmeharmone.com\/eng\/wp-json\/wp\/v2\/pages\/2793"}],"collection":[{"href":"https:\/\/www.femmeharmone.com\/eng\/wp-json\/wp\/v2\/pages"}],"about":[{"href":"https:\/\/www.femmeharmone.com\/eng\/wp-json\/wp\/v2\/types\/page"}],"author":[{"embeddable":true,"href":"https:\/\/www.femmeharmone.com\/eng\/wp-json\/wp\/v2\/users\/1"}],"replies":[{"embeddable":true,"href":"https:\/\/www.femmeharmone.com\/eng\/wp-json\/wp\/v2\/comments?post=2793"}],"version-history":[{"count":3,"href":"https:\/\/www.femmeharmone.com\/eng\/wp-json\/wp\/v2\/pages\/2793\/revisions"}],"predecessor-version":[{"id":2954,"href":"https:\/\/www.femmeharmone.com\/eng\/wp-json\/wp\/v2\/pages\/2793\/revisions\/2954"}],"up":[{"embeddable":true,"href":"https:\/\/www.femmeharmone.com\/eng\/wp-json\/wp\/v2\/pages\/2725"}],"wp:attachment":[{"href":"https:\/\/www.femmeharmone.com\/eng\/wp-json\/wp\/v2\/media?parent=2793"}],"wp:term":[{"taxonomy":"category","embeddable":true,"href":"https:\/\/www.femmeharmone.com\/eng\/wp-json\/wp\/v2\/categories?post=2793"},{"taxonomy":"post_tag","embeddable":true,"href":"https:\/\/www.femmeharmone.com\/eng\/wp-json\/wp\/v2\/tags?post=2793"}],"curies":[{"name":"wp","href":"https:\/\/api.w.org\/{rel}","templated":true}]}}