{"id":2797,"date":"2022-12-01T01:02:11","date_gmt":"2022-12-01T01:02:11","guid":{"rendered":"https:\/\/www.femmeharmone.com\/?page_id=2797"},"modified":"2022-12-09T16:56:43","modified_gmt":"2022-12-09T16:56:43","slug":"ivancso-istvan-egy-felbetort-pedagogusi-palya-ivancso-tiborne-hodi-maria-magdolnahivatasbeli-kalvariaja","status":"publish","type":"page","link":"https:\/\/www.femmeharmone.com\/eng\/a-noi-dimenzio\/ii-evfolyam-kulonszam\/noportrek\/ivancso-istvan-egy-felbetort-pedagogusi-palya-ivancso-tiborne-hodi-maria-magdolnahivatasbeli-kalvariaja\/","title":{"rendered":"<em>Ivancs\u00f3 Istv\u00e1n:<\/em> Egy f\u00e9lbet\u00f6rt pedag\u00f3gusi p\u00e1lya: Ivancs\u00f3 Tiborn\u00e9 H\u00f3di M\u00e1ria Magdolna<br>hivat\u00e1sbeli k\u00e1lv\u00e1ri\u00e1ja"},"content":{"rendered":"<p class=\"has-text-align-right\"><a href=\"https:\/\/doi.org\/10.55344\/andfhksz.2201096\" target=\"_blank\" rel=\"noreferrer noopener\">DOI: 10.55344\/andfhksz.2201096<\/a><\/p>\n\n\n\n<p><em>Absztrakt<\/em><\/p>\n\n\n\n<p>A dolgozat szem\u00e9lyes, fi\u00fai visszaeml\u00e9kez\u00e9sk\u00e9nt Ivancs\u00f3 Tiborn\u00e9 \u00e9letp\u00e1ly\u00e1j\u00e1t k\u00eds\u00e9ri nyomon mint a p\u00e1rt \u00e1ltal ir\u00e1ny\u00edtott \u00e1llamban az egyh\u00e1zi \u00e9rtelmis\u00e9gire v\u00e1r\u00f3 sorsot. Egyes epiz\u00f3djai felvillantj\u00e1k az igazs\u00e1gtalans\u00e1gok val\u00f3s mozzanatait, a szocialista rendszer szoci\u00e1lis l\u00e9tbizonytalans\u00e1g\u00e1t. A Miasszonyunkr\u00f3l Nevezett Szeg\u00e9ny Iskolan\u0151v\u00e9rek Rendj\u00e9n\u00e9l tanult fiatal n\u0151 zenei k\u00e9pess\u00e9gek tekintet\u00e9ben is kiemelked\u0151 teljes\u00edtm\u00e9nyt ny\u00fajtott. Tan\u00edt\u00f3k\u00e9pz\u0151i oklevel\u00e9t 1947-ben vette \u00e1t, ennek dac\u00e1ra nem helyezkedhetett el tan\u00edt\u00f3n\u0151k\u00e9nt, minthogy \u0151 is, g\u00f6r\u00f6gkatolikus pap f\u00e9rje is h\u00edv\u0151 csal\u00e1db\u00f3l sz\u00e1rmazott. Pedag\u00f3gus \u00e1ll\u00e1st el\u0151sz\u00f6r csup\u00e1n 1976 december\u00e9ben, \u00f3vod\u00e1ban kaphatott, majd az 1979\/1980-as tan\u00e9vben tan\u00edt\u00f3i \u00e1ll\u00e1st. \u00dcgye rehabilit\u00e1ci\u00f3ja r\u00e9szleges volt, minthogy tisztess\u00e9ges nyugd\u00edjell\u00e1t\u00e1st nem foly\u00f3s\u00edtott sz\u00e1m\u00e1ra a Magyar \u00c1llam. Dokument\u00e1lt anyagk\u00e9nt az \u00edr\u00e1s a m\u00faltfelt\u00e1r\u00e1s r\u00e9sz\u00e9t k\u00e9pezi.<\/p>\n\n\n\n<p><em>Kulcsszavak:<\/em> egyh\u00e1z \u00e9s \u00e1llam viszonya, g\u00f6r\u00f6g katolikus egyh\u00e1z t\u00f6rt\u00e9nete, n\u0151 \u00e9s professzonalit\u00e1s, es\u00e9lyegyenl\u0151s\u00e9g, vall\u00e1s \u00e9s oktat\u00e1s.<\/p>\n\n\n\n<p class=\"has-text-align-center\"><strong>A Teacher at Calvary. The Broken Professional Career of Tiborn\u00e9 Ivancs\u00f3 M\u00e1ria Magdolna H\u00f3di<\/strong><\/p>\n\n\n\n<p><em>Abstract<\/em><\/p>\n\n\n\n<p>Containing filial memoires the paper traces back the life and career of Mrs Ivancs\u00f3, as a destiny awaiting an ecclesiastic intellectual in the state governed by the communist party. Particular episodes throw the flashlight on real moments of injustice, the social insecurity of the socialist state. Having received education from The Order of School Sisters of Notre Dame, the young woman\u2019s performance was also outstanding in respect of musical abili-ties. She took her elementary school teacher\u2019s degree in 1947, nevertheless she could not get employed as one, as both she and her husband, a Greek Catholic priest, had come from a pious family. For the first time in her life she was employed as a pedagogue in a kindergarten in December 1976, then as an elementary school teacher in the academic year 1979\u20131980.<br>Her rehabilitation was a partial process, as no decent pension was issued to provide her by the Hungarian State. As a documented material the paper functions as a part of revealing the past.<\/p>\n\n\n\n<p><em>Keywords:<\/em> the relationship between Church and state, the History of the Greek Catholic Church, females and professionalism, equal chances, religion and education.<\/p>\n\n\n\n<div style=\"height:100px\" aria-hidden=\"true\" class=\"wp-block-spacer\"><\/div>\n\n\n\n<div data-wp-interactive=\"core\/file\" class=\"wp-block-file\"><object data-wp-bind--hidden=\"!state.hasPdfPreview\"  class=\"wp-block-file__embed\" data=\"https:\/\/www.femmeharmone.com\/wp-content\/uploads\/2022\/12\/ND_2022KSZ_v2_2_IvancsoIstvan.pdf\" type=\"application\/pdf\" style=\"width:100%;height:1100px\" aria-label=\"Embed of ND_2022KSZ_v2_2_IvancsoIstvan.\"><\/object><a id=\"wp-block-file--media-f18103cb-e2a3-41bb-a7c2-96eada88d641\" href=\"https:\/\/www.femmeharmone.com\/wp-content\/uploads\/2022\/12\/ND_2022KSZ_v2_2_IvancsoIstvan.pdf\">ND_2022KSZ_v2_2_IvancsoIstvan<\/a><a href=\"https:\/\/www.femmeharmone.com\/wp-content\/uploads\/2022\/12\/ND_2022KSZ_v2_2_IvancsoIstvan.pdf\" class=\"wp-block-file__button wp-element-button\" download aria-describedby=\"wp-block-file--media-f18103cb-e2a3-41bb-a7c2-96eada88d641\">Let\u00f6lt\u00e9s<\/a><\/div>","protected":false},"excerpt":{"rendered":"<p>DOI: 10.55344\/andfhksz.2201096 Absztrakt A dolgozat szem\u00e9lyes, fi\u00fai visszaeml\u00e9kez\u00e9sk\u00e9nt Ivancs\u00f3 Tiborn\u00e9 \u00e9letp\u00e1ly\u00e1j\u00e1t k\u00eds\u00e9ri nyomon mint a p\u00e1rt \u00e1ltal ir\u00e1ny\u00edtott \u00e1llamban az egyh\u00e1zi \u00e9rtelmis\u00e9gire v\u00e1r\u00f3 sorsot. Egyes epiz\u00f3djai felvillantj\u00e1k az igazs\u00e1gtalans\u00e1gok val\u00f3s mozzanatait, a szocialista rendszer szoci\u00e1lis l\u00e9tbizonytalans\u00e1g\u00e1t. A Miasszonyunkr\u00f3l Nevezett Szeg\u00e9ny Iskolan\u0151v\u00e9rek Rendj\u00e9n\u00e9l tanult fiatal n\u0151 zenei k\u00e9pess\u00e9gek tekintet\u00e9ben is kiemelked\u0151 teljes\u00edtm\u00e9nyt ny\u00fajtott. Tan\u00edt\u00f3k\u00e9pz\u0151i oklevel\u00e9t 1947-ben&hellip;<\/p>","protected":false},"author":1,"featured_media":0,"parent":2727,"menu_order":1,"comment_status":"closed","ping_status":"closed","template":"page-article.php","meta":{"inline_featured_image":false,"footnotes":""},"categories":[],"tags":[],"_links":{"self":[{"href":"https:\/\/www.femmeharmone.com\/eng\/wp-json\/wp\/v2\/pages\/2797"}],"collection":[{"href":"https:\/\/www.femmeharmone.com\/eng\/wp-json\/wp\/v2\/pages"}],"about":[{"href":"https:\/\/www.femmeharmone.com\/eng\/wp-json\/wp\/v2\/types\/page"}],"author":[{"embeddable":true,"href":"https:\/\/www.femmeharmone.com\/eng\/wp-json\/wp\/v2\/users\/1"}],"replies":[{"embeddable":true,"href":"https:\/\/www.femmeharmone.com\/eng\/wp-json\/wp\/v2\/comments?post=2797"}],"version-history":[{"count":3,"href":"https:\/\/www.femmeharmone.com\/eng\/wp-json\/wp\/v2\/pages\/2797\/revisions"}],"predecessor-version":[{"id":2956,"href":"https:\/\/www.femmeharmone.com\/eng\/wp-json\/wp\/v2\/pages\/2797\/revisions\/2956"}],"up":[{"embeddable":true,"href":"https:\/\/www.femmeharmone.com\/eng\/wp-json\/wp\/v2\/pages\/2727"}],"wp:attachment":[{"href":"https:\/\/www.femmeharmone.com\/eng\/wp-json\/wp\/v2\/media?parent=2797"}],"wp:term":[{"taxonomy":"category","embeddable":true,"href":"https:\/\/www.femmeharmone.com\/eng\/wp-json\/wp\/v2\/categories?post=2797"},{"taxonomy":"post_tag","embeddable":true,"href":"https:\/\/www.femmeharmone.com\/eng\/wp-json\/wp\/v2\/tags?post=2797"}],"curies":[{"name":"wp","href":"https:\/\/api.w.org\/{rel}","templated":true}]}}