{"id":2799,"date":"2022-12-01T01:06:30","date_gmt":"2022-12-01T01:06:30","guid":{"rendered":"https:\/\/www.femmeharmone.com\/?page_id=2799"},"modified":"2022-12-09T16:57:08","modified_gmt":"2022-12-09T16:57:08","slug":"j-ujvary-zsuzsanna-grof-batthyany-lajosne-zichy-antonia","status":"publish","type":"page","link":"https:\/\/www.femmeharmone.com\/eng\/a-noi-dimenzio\/ii-evfolyam-kulonszam\/noportrek\/j-ujvary-zsuzsanna-grof-batthyany-lajosne-zichy-antonia\/","title":{"rendered":"<em>J. \u00dajv\u00e1ry Zsuzsanna:<\/em> Gr\u00f3f Batthy\u00e1ny Lajosn\u00e9 Zichy Ant\u00f3nia"},"content":{"rendered":"<p class=\"has-text-align-right\"><a href=\"https:\/\/doi.org\/10.55344\/andfhksz.2201105\" target=\"_blank\" rel=\"noreferrer noopener\">DOI: 10.55344\/andfhksz.2201105<\/a><\/p>\n\n\n\n<p><em>Absztrakt<\/em><\/p>\n\n\n\n<p>Gr\u00f3f Batthy\u00e1ny Lajos els\u0151 l\u00e1t\u00e1sra beleszeretett a sug\u00e1rz\u00f3 sz\u00e9ps\u00e9g\u0171 Zichy Ant\u00f3ni\u00e1ba, majd feles\u00e9g\u00fcl vette. Ant\u00f3nia l\u00e1ngol\u00f3 hazafis\u00e1g\u00e1val a reformkor \u00fcnnepelt sz\u00e9ps\u00e9ge, a reformtal\u00e1lkoz\u00f3k \u00e9s b\u00e1lok h\u00e1ziasszonya volt, \u00e9s maga is nagyban radikaliz\u00e1lta f\u00e9rje politikai n\u00e9zeteit, seg\u00edtette karrierj\u00e9t. Batthy\u00e1ny Lajost, Magyarorsz\u00e1g Els\u0151 Felel\u0151s Korm\u00e1ny\u00e1nak minisztereln\u00f6k\u00e9t I. Ferenc J\u00f3zsef cs\u00e1sz\u00e1r 1849 janu\u00e1rj\u00e1ban letart\u00f3ztatta, majd kiv\u00e9gezt\u00e9k. Ant\u00f3nia szerelm\u00e9nek kiolthatatlan t\u00fcz\u00e9t, h\u0171s\u00e9g\u00e9nek \u00e9s megbocs\u00e1t\u00e1s\u00e1nak elapadhatatlan k\u00fatfej\u00e9t mutatj\u00e1k f\u00e9rje fogs\u00e1ga \u00e9s el\u00edt\u00e9l\u00e9se kapcs\u00e1n tett er\u0151fesz\u00edt\u00e9sei, amelyeket ut\u00f3lag <em>Eml\u00e9kirat<\/em>ba\u00f6nt\u00f6tt gyermekei sz\u00e1m\u00e1ra. Ez az asszony n\u0151is\u00e9ge mellett mindv\u00e9gig sziklaszil\u00e1rd \u00e9s hajl\u00edthatatlan maradt, mint egy b\u00e1tor katona; olyan volt, mint f\u00e9rje a politik\u00e1ban. Sz\u00e1m\u00e1ra a f\u00e9rfi volt <strong>honorary president of the<em> halhatatlan kedves<\/em><\/strong><em>.<\/em><\/p>\n\n\n\n<p><em>Kulcsszavak:<\/em> reformkor, hazafis\u00e1g, l\u00e1ngol\u00f3 szeretet, m\u00e1rt\u00edr, <strong><em>\u201ehalhatatlan kedves<\/em><\/strong>\u201d.<\/p>\n\n\n\n<p class=\"has-text-align-center\"><strong>Antonia Zichy, the Wife of Count Lajos Batthy\u00e1ny<\/strong><\/p>\n\n\n\n<p><em>Abstract<\/em><\/p>\n\n\n\n<p>At first sight, Count Lajos Batthy\u00e1ny fell in love with the radiant beauty Ant\u00f3nia Zichy, and then married her. During the Reform-era Antonia with her flaming patriotism was the beauty celebrated hostess of reform meetings and balls, and she herself greatly radicalized her &nbsp;&nbsp;&nbsp;&nbsp;husband\u2019s political views, helping her political career. Lajos Batthy\u00e1ny became the Prime&nbsp; &nbsp;Minister of the First Responsible Government of Hungary in 1848. He was illegally arrested by Emperor Franz Joseph I in January 1849, then executed. The unquenchable fire of Antonia\u2019s love, the inexhaustible source of her loyality and forgiveness are shown by her efforts during her husband\u2019s captivity; which she subsequently poured into his<em> Memoirs<\/em> for her children. This woman, along with her femininity, remained rock solid and inflexible throughout, like a brave soldier; she was like her husband in politics. For her, the man was the <em>\u201c<\/em>immortal dear\u201d.<\/p>\n\n\n\n<p><em>Keywords:<\/em> reform era, patriotism, flaming love, martyr, <strong><em>&#8222;immortal dear&#8221;.<\/em><\/strong><strong><em><\/em><\/strong><\/p>\n\n\n\n<div style=\"height:100px\" aria-hidden=\"true\" class=\"wp-block-spacer\"><\/div>\n\n\n\n<div data-wp-interactive=\"core\/file\" class=\"wp-block-file\"><object data-wp-bind--hidden=\"!state.hasPdfPreview\"  class=\"wp-block-file__embed\" data=\"https:\/\/www.femmeharmone.com\/wp-content\/uploads\/2022\/12\/ND_2022KSZ_v2_2_JUjvaryZsuzsanna.pdf\" type=\"application\/pdf\" style=\"width:100%;height:1100px\" aria-label=\"Embed of ND_2022KSZ_v2_2_JUjvaryZsuzsanna.\"><\/object><a id=\"wp-block-file--media-8f913760-48e8-4ae9-8932-4b2bf8bd4a38\" href=\"https:\/\/www.femmeharmone.com\/wp-content\/uploads\/2022\/12\/ND_2022KSZ_v2_2_JUjvaryZsuzsanna.pdf\">ND_2022KSZ_v2_2_JUjvaryZsuzsanna<\/a><a href=\"https:\/\/www.femmeharmone.com\/wp-content\/uploads\/2022\/12\/ND_2022KSZ_v2_2_JUjvaryZsuzsanna.pdf\" class=\"wp-block-file__button wp-element-button\" download aria-describedby=\"wp-block-file--media-8f913760-48e8-4ae9-8932-4b2bf8bd4a38\">Let\u00f6lt\u00e9s<\/a><\/div>","protected":false},"excerpt":{"rendered":"<p>DOI: 10.55344\/andfhksz.2201105 Absztrakt Gr\u00f3f Batthy\u00e1ny Lajos els\u0151 l\u00e1t\u00e1sra beleszeretett a sug\u00e1rz\u00f3 sz\u00e9ps\u00e9g\u0171 Zichy Ant\u00f3ni\u00e1ba, majd feles\u00e9g\u00fcl vette. Ant\u00f3nia l\u00e1ngol\u00f3 hazafis\u00e1g\u00e1val a reformkor \u00fcnnepelt sz\u00e9ps\u00e9ge, a reformtal\u00e1lkoz\u00f3k \u00e9s b\u00e1lok h\u00e1ziasszonya volt, \u00e9s maga is nagyban radikaliz\u00e1lta f\u00e9rje politikai n\u00e9zeteit, seg\u00edtette karrierj\u00e9t. Batthy\u00e1ny Lajost, Magyarorsz\u00e1g Els\u0151 Felel\u0151s Korm\u00e1ny\u00e1nak minisztereln\u00f6k\u00e9t I. Ferenc J\u00f3zsef cs\u00e1sz\u00e1r 1849 janu\u00e1rj\u00e1ban letart\u00f3ztatta, majd&hellip;<\/p>","protected":false},"author":1,"featured_media":0,"parent":2727,"menu_order":2,"comment_status":"closed","ping_status":"closed","template":"page-article.php","meta":{"inline_featured_image":false,"footnotes":""},"categories":[],"tags":[],"_links":{"self":[{"href":"https:\/\/www.femmeharmone.com\/eng\/wp-json\/wp\/v2\/pages\/2799"}],"collection":[{"href":"https:\/\/www.femmeharmone.com\/eng\/wp-json\/wp\/v2\/pages"}],"about":[{"href":"https:\/\/www.femmeharmone.com\/eng\/wp-json\/wp\/v2\/types\/page"}],"author":[{"embeddable":true,"href":"https:\/\/www.femmeharmone.com\/eng\/wp-json\/wp\/v2\/users\/1"}],"replies":[{"embeddable":true,"href":"https:\/\/www.femmeharmone.com\/eng\/wp-json\/wp\/v2\/comments?post=2799"}],"version-history":[{"count":3,"href":"https:\/\/www.femmeharmone.com\/eng\/wp-json\/wp\/v2\/pages\/2799\/revisions"}],"predecessor-version":[{"id":2957,"href":"https:\/\/www.femmeharmone.com\/eng\/wp-json\/wp\/v2\/pages\/2799\/revisions\/2957"}],"up":[{"embeddable":true,"href":"https:\/\/www.femmeharmone.com\/eng\/wp-json\/wp\/v2\/pages\/2727"}],"wp:attachment":[{"href":"https:\/\/www.femmeharmone.com\/eng\/wp-json\/wp\/v2\/media?parent=2799"}],"wp:term":[{"taxonomy":"category","embeddable":true,"href":"https:\/\/www.femmeharmone.com\/eng\/wp-json\/wp\/v2\/categories?post=2799"},{"taxonomy":"post_tag","embeddable":true,"href":"https:\/\/www.femmeharmone.com\/eng\/wp-json\/wp\/v2\/tags?post=2799"}],"curies":[{"name":"wp","href":"https:\/\/api.w.org\/{rel}","templated":true}]}}