{"id":2803,"date":"2022-12-01T01:14:03","date_gmt":"2022-12-01T01:14:03","guid":{"rendered":"https:\/\/www.femmeharmone.com\/?page_id=2803"},"modified":"2022-12-09T16:58:20","modified_gmt":"2022-12-09T16:58:20","slug":"cselenyi-istvan-gabor-ferfinak-es-nonek-teremtette-oket-ter-127","status":"publish","type":"page","link":"https:\/\/www.femmeharmone.com\/eng\/a-noi-dimenzio\/ii-evfolyam-kulonszam\/no-ferfi-szimbiozis\/cselenyi-istvan-gabor-ferfinak-es-nonek-teremtette-oket-ter-127\/","title":{"rendered":"<em>Csel\u00e9nyi Istv\u00e1n G\u00e1bor \u2020:<\/em> \u201eF\u00e9rfinak \u00e9s n\u0151nek teremtette \u0151ket.\u201d (Ter. 1,27)"},"content":{"rendered":"<p class=\"has-text-align-right\"><a href=\"https:\/\/doi.org\/10.55344\/andfhksz.2201138\" target=\"_blank\" rel=\"noreferrer noopener\">DOI: 10.55344\/andfhksz.2201138<\/a><\/p>\n\n\n\n<p><em>Absztrakt<\/em><\/p>\n\n\n\n<p>A term\u00e9szetben \u00e9s az emberben minden\u00fctt polarit\u00e1sokat tal\u00e1lunk (l\u00e1sd ellent\u00e9tes t\u00f6lt\u00e9s\u0171 r\u00e9szecsk\u00e9k, anyag \u00e9s forma, test \u00e9s l\u00e9lek, f\u00e9rfi \u00e9s n\u0151). A kett\u0151ss\u00e9gek mindig egy \u201eharmadikban\u201d jutnak egys\u00e9gre, mint amilyen az embern\u00e9l a gyermek. Ez alkotja az emberi l\u00e9t \u201ehardware-j\u00e9t\u201d, ontol\u00f3giai alapj\u00e1t. A nagy k\u00e9rd\u00e9s: vajon az isteni l\u00e9tben is megvan-e mindennek a gy\u00f6kere? A hagyom\u00e1nyos istenk\u00e9p maszkulin jelleg\u0171. Pedig m\u00e1r az \u00d3sz\u00f6vets\u00e9g is sokszor n\u0151i-anyai hasonlatokkal, k\u00e9pekkel sz\u00f3l Istenr\u0151l. Isten Lelke (Ruah), valamint a Hokma-Szophia-B\u00f6lcsess\u00e9g fogalma n\u0151i term\u00e9szet\u0171, \u00e9s a kett\u0151 egybefon\u00f3dik (ui. a B\u00f6lcsess\u00e9g Lelke). Az \u00dajsz\u00f6vets\u00e9gben a Szentl\u00e9lek viszi tov\u00e1bb ezt a (jelk\u00e9pes \u00e9rtelemben vett) n\u0151i jelleget: J\u00e9zus szerint a Szentl\u00e9lek sz\u00fcl \u00fajj\u00e1 benn\u00fcnket (v\u00f6. Jn 3,5). Az \u0151segyh\u00e1z zsid\u00f3kereszt\u00e9ny \u00e9s sz\u00edr vonulata tov\u00e1bbvitte ezt a n\u0151i-anyai jelleget. Ennek alapj\u00e1n elmondhatjuk: f\u00e9rfi \u00e9s n\u0151 kett\u0151ss\u00e9ge \u00e9s egys\u00e9ge nemcsak ontol\u00f3giai adotts\u00e1g sz\u00e1munkra, hanem \u00e9ppen abban gy\u00f6kerezik, hogy Isten k\u00e9pm\u00e1sa vagyunk. Erre az alapra kell \u00e9p\u00edten\u00fcnk emberi l\u00e9t\u00fcnket \u00e9s t\u00e1rsadalmunkat!<\/p>\n\n\n\n<p><em>Kulcsszavak: <\/em>polarit\u00e1sok, f\u00e9rfi \u00e9s n\u0151 kett\u0151ss\u00e9ge \u00e9s egys\u00e9ge, az isteni l\u00e9t anyai von\u00e1sai.<\/p>\n\n\n\n<p class=\"has-text-align-center\"><strong>\u201cMale and female he created them.\u201d (Genesis 1:27)<\/strong><\/p>\n\n\n\n<p><em>Abstract<\/em><\/p>\n\n\n\n<p>In nature and the man everywhere there are polarities (e.g. positive and negative particles, matter and form, body and soul, man and woman). These opposites become united in a \u201ethird\u201d one, in the case of man: the child. This constitutes the \u201ehardware\u201d, the ontological foundation of the human being. The great question is whether it is rooted in the divine being. The traditional image of God is masculine, even though the Old Testament speaks about God in feminine-maternal images and similes on several occasions. The Spirit of God (Ruach) and Hokmah-Sophia are feminine concepts and the two are intertwined (i.e. the Spirit of the&nbsp;Sophia). In the New Testament, the Holy Spirit takes over this \u201efeminine\u201d character in a symbolic sense: as Jesus says the Spirit gives us new life, we are reborn through the Spirit (Johannes 3:5). The Judeo-Christian and the Syriac branches of ancient Christianity preserved the tradition of the feminine-maternal character of Holy Spirit. On this basis we can claim that the binary nature and unity of man and woman is not only an ontological foundation for us, but is rooted in the fact that we are created as the image of God. We have to build our human life and society onto this very foundation!<\/p>\n\n\n\n<p><em>Keywords: <\/em>polarities, difference and unity of man and woman, the maternal characteristics of the divine being.<\/p>\n\n\n\n<div style=\"height:100px\" aria-hidden=\"true\" class=\"wp-block-spacer\"><\/div>\n\n\n\n<div data-wp-interactive=\"core\/file\" class=\"wp-block-file\"><object data-wp-bind--hidden=\"!state.hasPdfPreview\"  class=\"wp-block-file__embed\" data=\"https:\/\/www.femmeharmone.com\/wp-content\/uploads\/2022\/12\/ND_2022KSZ_v2_2_CselenyiIstvanGabor.pdf\" type=\"application\/pdf\" style=\"width:100%;height:1100px\" aria-label=\"Embed of ND_2022KSZ_v2_2_CselenyiIstvanGabor.\"><\/object><a id=\"wp-block-file--media-6980d544-a5fe-4c48-addb-092e38483c57\" href=\"https:\/\/www.femmeharmone.com\/wp-content\/uploads\/2022\/12\/ND_2022KSZ_v2_2_CselenyiIstvanGabor.pdf\">ND_2022KSZ_v2_2_CselenyiIstvanGabor<\/a><a href=\"https:\/\/www.femmeharmone.com\/wp-content\/uploads\/2022\/12\/ND_2022KSZ_v2_2_CselenyiIstvanGabor.pdf\" class=\"wp-block-file__button wp-element-button\" download aria-describedby=\"wp-block-file--media-6980d544-a5fe-4c48-addb-092e38483c57\">Let\u00f6lt\u00e9s<\/a><\/div>","protected":false},"excerpt":{"rendered":"<p>DOI: 10.55344\/andfhksz.2201138 Absztrakt A term\u00e9szetben \u00e9s az emberben minden\u00fctt polarit\u00e1sokat tal\u00e1lunk (l\u00e1sd ellent\u00e9tes t\u00f6lt\u00e9s\u0171 r\u00e9szecsk\u00e9k, anyag \u00e9s forma, test \u00e9s l\u00e9lek, f\u00e9rfi \u00e9s n\u0151). A kett\u0151ss\u00e9gek mindig egy \u201eharmadikban\u201d jutnak egys\u00e9gre, mint amilyen az embern\u00e9l a gyermek. Ez alkotja az emberi l\u00e9t \u201ehardware-j\u00e9t\u201d, ontol\u00f3giai alapj\u00e1t. A nagy k\u00e9rd\u00e9s: vajon az isteni l\u00e9tben is megvan-e mindennek&hellip;<\/p>","protected":false},"author":1,"featured_media":0,"parent":2729,"menu_order":2,"comment_status":"closed","ping_status":"closed","template":"page-article.php","meta":{"inline_featured_image":false,"footnotes":""},"categories":[],"tags":[],"_links":{"self":[{"href":"https:\/\/www.femmeharmone.com\/eng\/wp-json\/wp\/v2\/pages\/2803"}],"collection":[{"href":"https:\/\/www.femmeharmone.com\/eng\/wp-json\/wp\/v2\/pages"}],"about":[{"href":"https:\/\/www.femmeharmone.com\/eng\/wp-json\/wp\/v2\/types\/page"}],"author":[{"embeddable":true,"href":"https:\/\/www.femmeharmone.com\/eng\/wp-json\/wp\/v2\/users\/1"}],"replies":[{"embeddable":true,"href":"https:\/\/www.femmeharmone.com\/eng\/wp-json\/wp\/v2\/comments?post=2803"}],"version-history":[{"count":4,"href":"https:\/\/www.femmeharmone.com\/eng\/wp-json\/wp\/v2\/pages\/2803\/revisions"}],"predecessor-version":[{"id":2959,"href":"https:\/\/www.femmeharmone.com\/eng\/wp-json\/wp\/v2\/pages\/2803\/revisions\/2959"}],"up":[{"embeddable":true,"href":"https:\/\/www.femmeharmone.com\/eng\/wp-json\/wp\/v2\/pages\/2729"}],"wp:attachment":[{"href":"https:\/\/www.femmeharmone.com\/eng\/wp-json\/wp\/v2\/media?parent=2803"}],"wp:term":[{"taxonomy":"category","embeddable":true,"href":"https:\/\/www.femmeharmone.com\/eng\/wp-json\/wp\/v2\/categories?post=2803"},{"taxonomy":"post_tag","embeddable":true,"href":"https:\/\/www.femmeharmone.com\/eng\/wp-json\/wp\/v2\/tags?post=2803"}],"curies":[{"name":"wp","href":"https:\/\/api.w.org\/{rel}","templated":true}]}}