{"id":2807,"date":"2022-12-01T01:32:29","date_gmt":"2022-12-01T01:32:29","guid":{"rendered":"https:\/\/www.femmeharmone.com\/?page_id=2807"},"modified":"2022-12-09T17:00:37","modified_gmt":"2022-12-09T17:00:37","slug":"jozsa-gyorgy-zoltan-noiseg-es-megismeres-vlagyimir-szolovjov-szophiologiaja-az-oroszifju-szimbolistak-ertelmezeseben","status":"publish","type":"page","link":"https:\/\/www.femmeharmone.com\/eng\/a-noi-dimenzio\/ii-evfolyam-kulonszam\/noiseg-es-tarsadalom\/jozsa-gyorgy-zoltan-noiseg-es-megismeres-vlagyimir-szolovjov-szophiologiaja-az-oroszifju-szimbolistak-ertelmezeseben\/","title":{"rendered":"<em>J\u00f3zsa Gy\u00f6rgy Zolt\u00e1n:<\/em> N\u0151is\u00e9g \u00e9s megismer\u00e9s. Vlagyimir Szolovjov szophiol\u00f3gi\u00e1ja az orosz<br>ifj\u00faszimbolist\u00e1k \u00e9rtelmez\u00e9s\u00e9ben"},"content":{"rendered":"<p class=\"has-text-align-right\"><a href=\"https:\/\/doi.org\/10.55344\/andfhksz.2201218\" target=\"_blank\" rel=\"noreferrer noopener\">DOI: 10.55344\/andfhksz.2201218<\/a><\/p>\n\n\n\n<p><em>Absztrakt<\/em><\/p>\n\n\n\n<p>A tanulm\u00e1ny t\u00f6m\u00f6ren \u00f6sszegzi a N\u0151ies\u00e9gr\u0151l sz\u00f3l\u00f3 tan\u00edt\u00e1sok az orosz sz\u00e1zadfordul\u00f3n jelentkez\u0151 vari\u00e1nsainak n\u00e9mely forr\u00e1s\u00e1t, bemutatva legf\u0151bb k\u00e9pvisel\u0151it. Kiindul\u00f3 pontul szolg\u00e1l a c\u00edmben megjel\u00f6lt Vlagyimir Szolovjov Sophia-tana, melynek hat\u00e1sa nemcsak a soron k\u00f6vetkez\u0151 irodalmi nemzed\u00e9k po\u00e9tik\u00e1j\u00e1t \u00e9s \u00fatkeres\u00e9seit hat\u00e1rozta meg, val\u00f3j\u00e1ban t\u00f6bb vonatkoz\u00e1sban kimutathat\u00f3 az analitikus pszichol\u00f3gi\u00e1ban is. Ezek a p\u00e1rhuzamos \u00fatkeres\u00e9sek a gnoszeol\u00f3gia spiritu\u00e1lis gy\u00f6kereinek tudatosul\u00e1s\u00e1ra mutatnak r\u00e1, hiszen Sophi\u00e1t gnoszeol\u00f3giai \u00e9s gnosztikus fogalomk\u00e9nt is \u201erendez\u0151 elvk\u00e9nt\u201d fogt\u00e1k fel. A Sophia-tan el\u0151zm\u00e9nyei az orosz kult\u00far\u00e1ban is kimutathat\u00f3k.&nbsp;<\/p>\n\n\n\n<p><em>Kulcsszavak:<\/em> \u00f6r\u00f6k N\u0151is\u00e9g, Sophia, Vlagyimir Szolovjov, orosz szimbolizmus, gnoszeol\u00f3gia, anima.<\/p>\n\n\n\n<p>The Feminine and Cognition. Vladimir Solovyov&#8217;s Sophiology Interpreted by the Younger<\/p>\n\n\n\n<p class=\"has-text-align-center\"><strong>Generation of Russian Symbolists<\/strong><\/p>\n\n\n\n<p><em>Abstract<\/em><\/p>\n\n\n\n<p>The study laconically summarizes some sources of doctrines on the Feminine occurring in the fin-de-si\u00e8cle Russia, introducing their chief representatives. The teaching on Sophia by Vladimir Solovyov serves as a starting point, whose impact determined not only the poetics and seekings of the subsequent generation of men of letters, in fact, in several aspects it can be detected in analytical psychology. These parallel way seekings are pointed at the cognition of spiritual roots of gnoseology, since Sophia as a concept of both gnoseology and Gnosticism, was acknowledged as &nbsp;\u2018a principle setting order\u2019.&nbsp; Antecedents of the Sophia-doctrine can be detected in Russian culture.<\/p>\n\n\n\n<p><em>Keywords:<\/em> Ewig-Weibliche, Sophia, Vladimir Solovyov, Russian Symbolism, gnoseology, anima.<\/p>\n\n\n\n<div style=\"height:100px\" aria-hidden=\"true\" class=\"wp-block-spacer\"><\/div>\n\n\n\n<div data-wp-interactive=\"core\/file\" class=\"wp-block-file\"><object data-wp-bind--hidden=\"!state.hasPdfPreview\"  class=\"wp-block-file__embed\" data=\"https:\/\/www.femmeharmone.com\/wp-content\/uploads\/2022\/12\/ND_2022KSZ_v2_2_JozsaGyorgyZoltan.pdf\" type=\"application\/pdf\" style=\"width:100%;height:1100px\" aria-label=\"Embed of ND_2022KSZ_v2_2_JozsaGyorgyZoltan.\"><\/object><a id=\"wp-block-file--media-e8597f04-a8f0-4ae7-bef1-c7bee9502c69\" href=\"https:\/\/www.femmeharmone.com\/wp-content\/uploads\/2022\/12\/ND_2022KSZ_v2_2_JozsaGyorgyZoltan.pdf\">ND_2022KSZ_v2_2_JozsaGyorgyZoltan<\/a><a href=\"https:\/\/www.femmeharmone.com\/wp-content\/uploads\/2022\/12\/ND_2022KSZ_v2_2_JozsaGyorgyZoltan.pdf\" class=\"wp-block-file__button wp-element-button\" download aria-describedby=\"wp-block-file--media-e8597f04-a8f0-4ae7-bef1-c7bee9502c69\">Let\u00f6lt\u00e9s<\/a><\/div>","protected":false},"excerpt":{"rendered":"<p>DOI: 10.55344\/andfhksz.2201218 Absztrakt A tanulm\u00e1ny t\u00f6m\u00f6ren \u00f6sszegzi a N\u0151ies\u00e9gr\u0151l sz\u00f3l\u00f3 tan\u00edt\u00e1sok az orosz sz\u00e1zadfordul\u00f3n jelentkez\u0151 vari\u00e1nsainak n\u00e9mely forr\u00e1s\u00e1t, bemutatva legf\u0151bb k\u00e9pvisel\u0151it. Kiindul\u00f3 pontul szolg\u00e1l a c\u00edmben megjel\u00f6lt Vlagyimir Szolovjov Sophia-tana, melynek hat\u00e1sa nemcsak a soron k\u00f6vetkez\u0151 irodalmi nemzed\u00e9k po\u00e9tik\u00e1j\u00e1t \u00e9s \u00fatkeres\u00e9seit hat\u00e1rozta meg, val\u00f3j\u00e1ban t\u00f6bb vonatkoz\u00e1sban kimutathat\u00f3 az analitikus pszichol\u00f3gi\u00e1ban is. Ezek a p\u00e1rhuzamos \u00fatkeres\u00e9sek&hellip;<\/p>","protected":false},"author":1,"featured_media":0,"parent":2733,"menu_order":1,"comment_status":"closed","ping_status":"closed","template":"page-article.php","meta":{"inline_featured_image":false,"footnotes":""},"categories":[],"tags":[],"_links":{"self":[{"href":"https:\/\/www.femmeharmone.com\/eng\/wp-json\/wp\/v2\/pages\/2807"}],"collection":[{"href":"https:\/\/www.femmeharmone.com\/eng\/wp-json\/wp\/v2\/pages"}],"about":[{"href":"https:\/\/www.femmeharmone.com\/eng\/wp-json\/wp\/v2\/types\/page"}],"author":[{"embeddable":true,"href":"https:\/\/www.femmeharmone.com\/eng\/wp-json\/wp\/v2\/users\/1"}],"replies":[{"embeddable":true,"href":"https:\/\/www.femmeharmone.com\/eng\/wp-json\/wp\/v2\/comments?post=2807"}],"version-history":[{"count":4,"href":"https:\/\/www.femmeharmone.com\/eng\/wp-json\/wp\/v2\/pages\/2807\/revisions"}],"predecessor-version":[{"id":2963,"href":"https:\/\/www.femmeharmone.com\/eng\/wp-json\/wp\/v2\/pages\/2807\/revisions\/2963"}],"up":[{"embeddable":true,"href":"https:\/\/www.femmeharmone.com\/eng\/wp-json\/wp\/v2\/pages\/2733"}],"wp:attachment":[{"href":"https:\/\/www.femmeharmone.com\/eng\/wp-json\/wp\/v2\/media?parent=2807"}],"wp:term":[{"taxonomy":"category","embeddable":true,"href":"https:\/\/www.femmeharmone.com\/eng\/wp-json\/wp\/v2\/categories?post=2807"},{"taxonomy":"post_tag","embeddable":true,"href":"https:\/\/www.femmeharmone.com\/eng\/wp-json\/wp\/v2\/tags?post=2807"}],"curies":[{"name":"wp","href":"https:\/\/api.w.org\/{rel}","templated":true}]}}