{"id":2817,"date":"2022-12-01T01:34:15","date_gmt":"2022-12-01T01:34:15","guid":{"rendered":"https:\/\/www.femmeharmone.com\/?page_id=2817"},"modified":"2022-12-09T17:00:59","modified_gmt":"2022-12-09T17:00:59","slug":"toth-i-janos-a-termekenysegtudatos-tarsadalom","status":"publish","type":"page","link":"https:\/\/www.femmeharmone.com\/eng\/a-noi-dimenzio\/ii-evfolyam-kulonszam\/noiseg-es-tarsadalom\/toth-i-janos-a-termekenysegtudatos-tarsadalom\/","title":{"rendered":"<em>T\u00f3th I. J\u00e1nos:<\/em> A term\u00e9kenys\u00e9gtudatos t\u00e1rsadalom"},"content":{"rendered":"<p class=\"has-text-align-right\"><a href=\"https:\/\/doi.org\/10.55344\/andfhksz.2201234\" target=\"_blank\" rel=\"noreferrer noopener\">DOI: 10.55344\/andfhksz.2201234<\/a><\/p>\n\n\n\n<p><em>Absztrakt<\/em><\/p>\n\n\n\n<p>A modern t\u00e1rsadalmak gazdas\u00e1gtudatos t\u00e1rsadalmak, ahol m\u00e1s probl\u00e9ma, \u00edgy p\u00e9ld\u00e1ul a n\u00e9pesed\u00e9s t\u00e9m\u00e1ja is csak m\u00e1sodlagos jelent\u0151s\u00e9get kaphat. Hossz\u00fat\u00e1von azonban ez a politika nem fenntarthat\u00f3, mert mind a t\u00fals\u00e1gosan magas, mind a t\u00fals\u00e1gosan alacsony term\u00e9kenys\u00e9gi r\u00e1ta s\u00falyos fenntarthat\u00f3s\u00e1gi, demogr\u00e1fiai \u00e9s gazdas\u00e1gi probl\u00e9m\u00e1kat eredm\u00e9nyez. Ezek a v\u00e1ls\u00e1gok csak a kettes k\u00f6r\u00fcli term\u00e9kenys\u00e9gi r\u00e1ta, ide\u00e1lis esetben a 2,1 gyerek\/n\u0151 \u00e9rt\u00e9k mellett ker\u00fclhet\u0151ek el. Ez\u00e9rt a modern t\u00e1rsadalmaknak tudatosan kell t\u00f6rekedni\u00fck erre a term\u00e9kenys\u00e9gi r\u00e1t\u00e1ra. E folyamat els\u0151 l\u00e9p\u00e9sek\u00e9nt fel kell ismerni\u00fck a term\u00e9kenys\u00e9gi r\u00e1ta centr\u00e1lis szerep\u00e9t a t\u00e1rsadalom \u00e9let\u00e9ben, azaz a gazdas\u00e1g-centrikus modern t\u00e1rsadalmaknak term\u00e9kenys\u00e9g tudatos t\u00e1rsadalomm\u00e1 kell alakulniuk.<\/p>\n\n\n\n<p><em>Kulcsszavak<strong>:<\/strong><\/em> fenntarthat\u00f3 fejl\u0151d\u00e9s, natalizmus, konzervat\u00edv modernit\u00e1s.<\/p>\n\n\n\n<p class=\"has-text-align-center\"><strong>Fertility-Conscious Societies<\/strong><\/p>\n\n\n\n<p><em>Abstract<\/em><\/p>\n\n\n\n<p>Modern societies are economically conscious societies, where other issues, such as the topic of population, can only be of secondary importance. However, this policy is not sustainable in the long run because fertility rates that are either too high or too low result in serious problems in sustainability, demographic and economy. These crises can be avoided only if a fertility rate of around two or, ideally, of 2.1 children \/ woman is achieved. Therefore, modern societies must consciously strive to achieve this fertility rate. The first step in this process is to recognize the central role of the fertility rate in the life of the society, that is, economy-centric modern societies need to evolve into fertility-conscious societies.<\/p>\n\n\n\n<p><em>Keywords:<\/em> sustainable development, natalism, conservative modernity.<\/p>\n\n\n\n<div style=\"height:100px\" aria-hidden=\"true\" class=\"wp-block-spacer\"><\/div>\n\n\n\n<div data-wp-interactive=\"core\/file\" class=\"wp-block-file\"><object data-wp-bind--hidden=\"!state.hasPdfPreview\"  class=\"wp-block-file__embed\" data=\"https:\/\/www.femmeharmone.com\/wp-content\/uploads\/2022\/12\/ND_2022KSZ_v2_2_TothIJanos.pdf\" type=\"application\/pdf\" style=\"width:100%;height:1100px\" aria-label=\"Embed of ND_2022KSZ_v2_2_TothIJanos.\"><\/object><a id=\"wp-block-file--media-abc72cd7-2bcb-4e42-b4a2-86c889662815\" href=\"https:\/\/www.femmeharmone.com\/wp-content\/uploads\/2022\/12\/ND_2022KSZ_v2_2_TothIJanos.pdf\">ND_2022KSZ_v2_2_TothIJanos<\/a><a href=\"https:\/\/www.femmeharmone.com\/wp-content\/uploads\/2022\/12\/ND_2022KSZ_v2_2_TothIJanos.pdf\" class=\"wp-block-file__button wp-element-button\" download aria-describedby=\"wp-block-file--media-abc72cd7-2bcb-4e42-b4a2-86c889662815\">Let\u00f6lt\u00e9s<\/a><\/div>","protected":false},"excerpt":{"rendered":"<p>DOI: 10.55344\/andfhksz.2201234 Absztrakt A modern t\u00e1rsadalmak gazdas\u00e1gtudatos t\u00e1rsadalmak, ahol m\u00e1s probl\u00e9ma, \u00edgy p\u00e9ld\u00e1ul a n\u00e9pesed\u00e9s t\u00e9m\u00e1ja is csak m\u00e1sodlagos jelent\u0151s\u00e9get kaphat. Hossz\u00fat\u00e1von azonban ez a politika nem fenntarthat\u00f3, mert mind a t\u00fals\u00e1gosan magas, mind a t\u00fals\u00e1gosan alacsony term\u00e9kenys\u00e9gi r\u00e1ta s\u00falyos fenntarthat\u00f3s\u00e1gi, demogr\u00e1fiai \u00e9s gazdas\u00e1gi probl\u00e9m\u00e1kat eredm\u00e9nyez. Ezek a v\u00e1ls\u00e1gok csak a kettes k\u00f6r\u00fcli term\u00e9kenys\u00e9gi r\u00e1ta,&hellip;<\/p>","protected":false},"author":1,"featured_media":0,"parent":2733,"menu_order":2,"comment_status":"closed","ping_status":"closed","template":"page-article.php","meta":{"inline_featured_image":false,"footnotes":""},"categories":[],"tags":[],"_links":{"self":[{"href":"https:\/\/www.femmeharmone.com\/eng\/wp-json\/wp\/v2\/pages\/2817"}],"collection":[{"href":"https:\/\/www.femmeharmone.com\/eng\/wp-json\/wp\/v2\/pages"}],"about":[{"href":"https:\/\/www.femmeharmone.com\/eng\/wp-json\/wp\/v2\/types\/page"}],"author":[{"embeddable":true,"href":"https:\/\/www.femmeharmone.com\/eng\/wp-json\/wp\/v2\/users\/1"}],"replies":[{"embeddable":true,"href":"https:\/\/www.femmeharmone.com\/eng\/wp-json\/wp\/v2\/comments?post=2817"}],"version-history":[{"count":3,"href":"https:\/\/www.femmeharmone.com\/eng\/wp-json\/wp\/v2\/pages\/2817\/revisions"}],"predecessor-version":[{"id":2964,"href":"https:\/\/www.femmeharmone.com\/eng\/wp-json\/wp\/v2\/pages\/2817\/revisions\/2964"}],"up":[{"embeddable":true,"href":"https:\/\/www.femmeharmone.com\/eng\/wp-json\/wp\/v2\/pages\/2733"}],"wp:attachment":[{"href":"https:\/\/www.femmeharmone.com\/eng\/wp-json\/wp\/v2\/media?parent=2817"}],"wp:term":[{"taxonomy":"category","embeddable":true,"href":"https:\/\/www.femmeharmone.com\/eng\/wp-json\/wp\/v2\/categories?post=2817"},{"taxonomy":"post_tag","embeddable":true,"href":"https:\/\/www.femmeharmone.com\/eng\/wp-json\/wp\/v2\/tags?post=2817"}],"curies":[{"name":"wp","href":"https:\/\/api.w.org\/{rel}","templated":true}]}}