{"id":2819,"date":"2022-12-01T01:36:27","date_gmt":"2022-12-01T01:36:27","guid":{"rendered":"https:\/\/www.femmeharmone.com\/?page_id=2819"},"modified":"2022-12-09T17:01:22","modified_gmt":"2022-12-09T17:01:22","slug":"balogh-dora-a-tudatos-tervezes-dimenzioi-a-divatban","status":"publish","type":"page","link":"https:\/\/www.femmeharmone.com\/eng\/a-noi-dimenzio\/ii-evfolyam-kulonszam\/noiseg-es-tarsadalom\/balogh-dora-a-tudatos-tervezes-dimenzioi-a-divatban\/","title":{"rendered":"<em>Balogh D\u00f3ra:<\/em> A tudatos tervez\u00e9s dimenzi\u00f3i a divatban"},"content":{"rendered":"<p class=\"has-text-align-right\"><a href=\"https:\/\/doi.org\/10.55344\/andfhksz.2201248\" target=\"_blank\" rel=\"noreferrer noopener\">DOI: 10.55344\/andfhksz.2201248<\/a><\/p>\n\n\n\n<p><em>Absztrakt<\/em><\/p>\n\n\n\n<p>A dolgozat c\u00e9lja a kort\u00e1rs diz\u00e1jn paradigm\u00e1inak felt\u00e9rk\u00e9pez\u00e9se a tervez\u0151i tev\u00e9kenys\u00e9g \u00e9s a fogyaszt\u00f3i magatart\u00e1s vizsg\u00e1lata ment\u00e9n, r\u00e9szletesebben t\u00e1rgyalva a divattervez\u00e9s \u00e9s a divatipar ter\u00fclet\u00e9t. Nem c\u00e9l egy \u00faj diz\u00e1jnfogalom meghat\u00e1roz\u00e1sa, a hangs\u00falyt a kort\u00e1rs szeml\u00e9let komplexit\u00e1s\u00e1nak \u00e9s hat\u00e1smechanizmusainak \u00e9rtelmez\u00e9s\u00e9re helyezem. A kutat\u00e1st a kult\u00faratudom\u00e1nyok, a diz\u00e1jn- \u00e9s divatelm\u00e9let ter\u00fcletein v\u00e9geztem, mindezt a t\u00e1rsadalomtudom\u00e1nyok, az eszt\u00e9tikai \u00e9s a diz\u00e1jnmenedzsment hat\u00e1rter\u00fclet\u00e9n mozogva. A kutat\u00e1s eredm\u00e9nyek\u00e9ppen elmondhat\u00f3, hogy a diz\u00e1jngondolkod\u00e1s \u00e9s a tudatos diz\u00e1jn tervez\u00e9si m\u00f3dszereinek alkalmaz\u00e1sa komplex tartalommal ruh\u00e1zza fel a diz\u00e1jnterm\u00e9ket. A kort\u00e1rs diz\u00e1jn t\u00e1rgya maga a koncepci\u00f3, \u00e9s annak \u00e9lm\u00e9nyalap\u00fa \u00e1tad\u00e1sa a szeml\u00e9letform\u00e1l\u00e1s c\u00e9lj\u00e1b\u00f3l.<\/p>\n\n\n\n<p><em>Kulcsszavak:<\/em> kult\u00faratudom\u00e1ny, diz\u00e1jnelm\u00e9let, tervez\u00e9s, koncepci\u00f3, divat, tudatos.<\/p>\n\n\n\n<p class=\"has-text-align-center\"><strong>On Some Dimensions of Conscious Design in Fashion<\/strong><\/p>\n\n\n\n<p><em>Abstract<\/em><\/p>\n\n\n\n<p>The aim of the paper is to present some paradigms of the contemporary design through the designer\u2019s activity and the examination of the consumer\u2019s behaviour, dealing with the area of the fashion design and industry. Our goal is not setting up a new design definition, the emphasis is on the interpretation of some contemporary views and the modes of their action. The main disciplinary fields of the research are social sciences, design and fashion theory, aesthetics and design management. Our main findings are the following: practicing the process of the design thinking and conscious design invests a design product with a complex content. The object of contemporary design is the concept and itself and its experience based deliverance in order to shape views.<\/p>\n\n\n\n<p><em>Keywords:<\/em> culture, design theory, concept, fashion, conscious.<\/p>\n\n\n\n<div style=\"height:100px\" aria-hidden=\"true\" class=\"wp-block-spacer\"><\/div>\n\n\n\n<div data-wp-interactive=\"core\/file\" class=\"wp-block-file\"><object data-wp-bind--hidden=\"!state.hasPdfPreview\"  class=\"wp-block-file__embed\" data=\"https:\/\/www.femmeharmone.com\/wp-content\/uploads\/2022\/12\/ND_2022KSZ_v2_2_BaloghDora.pdf\" type=\"application\/pdf\" style=\"width:100%;height:1100px\" aria-label=\"Embed of ND_2022KSZ_v2_2_BaloghDora.\"><\/object><a id=\"wp-block-file--media-e45f107d-33e5-43f1-81ce-1328338dea94\" href=\"https:\/\/www.femmeharmone.com\/wp-content\/uploads\/2022\/12\/ND_2022KSZ_v2_2_BaloghDora.pdf\">ND_2022KSZ_v2_2_BaloghDora<\/a><a href=\"https:\/\/www.femmeharmone.com\/wp-content\/uploads\/2022\/12\/ND_2022KSZ_v2_2_BaloghDora.pdf\" class=\"wp-block-file__button wp-element-button\" download aria-describedby=\"wp-block-file--media-e45f107d-33e5-43f1-81ce-1328338dea94\">Let\u00f6lt\u00e9s<\/a><\/div>","protected":false},"excerpt":{"rendered":"<p>DOI: 10.55344\/andfhksz.2201248 Absztrakt A dolgozat c\u00e9lja a kort\u00e1rs diz\u00e1jn paradigm\u00e1inak felt\u00e9rk\u00e9pez\u00e9se a tervez\u0151i tev\u00e9kenys\u00e9g \u00e9s a fogyaszt\u00f3i magatart\u00e1s vizsg\u00e1lata ment\u00e9n, r\u00e9szletesebben t\u00e1rgyalva a divattervez\u00e9s \u00e9s a divatipar ter\u00fclet\u00e9t. Nem c\u00e9l egy \u00faj diz\u00e1jnfogalom meghat\u00e1roz\u00e1sa, a hangs\u00falyt a kort\u00e1rs szeml\u00e9let komplexit\u00e1s\u00e1nak \u00e9s hat\u00e1smechanizmusainak \u00e9rtelmez\u00e9s\u00e9re helyezem. A kutat\u00e1st a kult\u00faratudom\u00e1nyok, a diz\u00e1jn- \u00e9s divatelm\u00e9let ter\u00fcletein v\u00e9geztem, mindezt&hellip;<\/p>","protected":false},"author":1,"featured_media":0,"parent":2733,"menu_order":4,"comment_status":"closed","ping_status":"closed","template":"page-article.php","meta":{"inline_featured_image":false,"footnotes":""},"categories":[],"tags":[],"_links":{"self":[{"href":"https:\/\/www.femmeharmone.com\/eng\/wp-json\/wp\/v2\/pages\/2819"}],"collection":[{"href":"https:\/\/www.femmeharmone.com\/eng\/wp-json\/wp\/v2\/pages"}],"about":[{"href":"https:\/\/www.femmeharmone.com\/eng\/wp-json\/wp\/v2\/types\/page"}],"author":[{"embeddable":true,"href":"https:\/\/www.femmeharmone.com\/eng\/wp-json\/wp\/v2\/users\/1"}],"replies":[{"embeddable":true,"href":"https:\/\/www.femmeharmone.com\/eng\/wp-json\/wp\/v2\/comments?post=2819"}],"version-history":[{"count":3,"href":"https:\/\/www.femmeharmone.com\/eng\/wp-json\/wp\/v2\/pages\/2819\/revisions"}],"predecessor-version":[{"id":2965,"href":"https:\/\/www.femmeharmone.com\/eng\/wp-json\/wp\/v2\/pages\/2819\/revisions\/2965"}],"up":[{"embeddable":true,"href":"https:\/\/www.femmeharmone.com\/eng\/wp-json\/wp\/v2\/pages\/2733"}],"wp:attachment":[{"href":"https:\/\/www.femmeharmone.com\/eng\/wp-json\/wp\/v2\/media?parent=2819"}],"wp:term":[{"taxonomy":"category","embeddable":true,"href":"https:\/\/www.femmeharmone.com\/eng\/wp-json\/wp\/v2\/categories?post=2819"},{"taxonomy":"post_tag","embeddable":true,"href":"https:\/\/www.femmeharmone.com\/eng\/wp-json\/wp\/v2\/tags?post=2819"}],"curies":[{"name":"wp","href":"https:\/\/api.w.org\/{rel}","templated":true}]}}