{"id":2889,"date":"2022-12-01T02:48:38","date_gmt":"2022-12-01T02:48:38","guid":{"rendered":"https:\/\/www.femmeharmone.com\/?page_id=2889"},"modified":"2022-12-09T16:59:55","modified_gmt":"2022-12-09T16:59:55","slug":"varga-gyongyi-az-anyameh-gyumolcse-jutalom-gyermektelenseg-a-biblia-vilagaban","status":"publish","type":"page","link":"https:\/\/www.femmeharmone.com\/eng\/a-noi-dimenzio\/ii-evfolyam-kulonszam\/noi-kiteljesedes\/varga-gyongyi-az-anyameh-gyumolcse-jutalom-gyermektelenseg-a-biblia-vilagaban\/","title":{"rendered":"<em>Varga Gy\u00f6ngyi:<\/em> \u201eAz anyam\u00e9h gy\u00fcm\u00f6lcse jutalom?\u201d \u2013 gyermektelens\u00e9g a Biblia vil\u00e1g\u00e1ban"},"content":{"rendered":"<p class=\"has-text-align-right\"><a href=\"https:\/\/doi.org\/10.55344\/andfhksz.2201184\" target=\"_blank\" rel=\"noreferrer noopener\">DOI: 10.55344\/andfhksz.2201184<\/a><\/p>\n\n\n\n<p><em>Absztrakt<\/em><\/p>\n\n\n\n<p>Az \u00d3sz\u00f6vets\u00e9g vil\u00e1g\u00e1ban tiszt\u00e1ban voltak azzal, hogy<em>gyermeknek \u00e9letet adni nem els\u0151sorban emberi elv\u00e1r\u00e1son alapul\u00f3 k\u00f6teless\u00e9g, hanem mindenek el\u0151tt Istent\u0151l kapott lehet\u0151s\u00e9g.<\/em><strong> <\/strong>A t\u00f6rt\u00e9neteket olvasva ugyanakkor gyakran szembes\u00fcl\u00fcnk a gyermektelens\u00e9g \u00edns\u00e9g\u00e9vel, a medd\u0151s\u00e9g, term\u00e9ketlens\u00e9g szomor\u00fa \u00e9s rem\u00e9nytelen helyzeteivel. Ebben a tanulm\u00e1nyban azt a nagy k\u00e9rd\u00e9sk\u00f6rt j\u00e1rjuk k\u00f6r\u00fcl, hogy a bibliai emberek hogyan \u00e9lt\u00e9k meg a gyermektelens\u00e9g tapasztalat\u00e1t, hogyan \u201edacoltak\u201d a n\u0151k a biol\u00f3giai term\u00e9ketlens\u00e9ggel, ennek milyen lenyomatai vannak az egyes sz\u00f6vegekben, \u00e9s milyen teol\u00f3giai reflexi\u00f3k, illetve etikai dilemm\u00e1k kapcsol\u00f3dnak ezekhez a sorsokhoz, d\u00f6nt\u00e9sekhez, az \u00f3kori mediterr\u00e1n t\u00e1rsadalmi normarendszer keretei k\u00f6z\u00f6tt. <strong><\/strong><\/p>\n\n\n\n<p><em>Kulcsszavak:<\/em> \u00d3sz\u00f6vets\u00e9g, anyas\u00e1g, anyam\u00e9h, term\u00e9ketlens\u00e9g, \u0151ssz\u00fcl\u0151k t\u00f6rt\u00e9netei, \u00edg\u00e9retek, \u00f3kori mediterr\u00e1n t\u00e1rsadalmi normarendszer.<\/p>\n\n\n\n<p class=\"has-text-align-center\"><strong>\u201eThe fruit of the womb is GOD\u2019s reward?\u201d &#8211; Barrenness in the World of the Bible<\/strong><\/p>\n\n\n\n<p><em>Abstract<\/em><\/p>\n\n\n\n<p>In the world of the Old Testament <em>giving birth to a child is not a duty arising from human expectation, but, first and foremost, a chance given by God.<\/em> Reading the stories one often faces with the distress caused by childlessness, the grief and hopeless situations of infertility and sterility. This study is aimed at exploring this complex problem, the way people from the Bible experienced childlessness, how women \u201edefied\u201d biological inferitility, what prints individual texts have preserved, what theological reflections and dilemmas of ethics are related to these fates, decisions in the normative system of ancient Mediterranean societies.<\/p>\n\n\n\n<p><em>Keywords:<\/em> Old Testament, maternity, womb, barrenness, patriarchal \u2013 matriarchal narratives, promises, Mediterranean society and norm-system in the antiquity.<\/p>\n\n\n\n<div style=\"height:100px\" aria-hidden=\"true\" class=\"wp-block-spacer\"><\/div>\n\n\n\n<div data-wp-interactive=\"core\/file\" class=\"wp-block-file\"><object data-wp-bind--hidden=\"!state.hasPdfPreview\"  class=\"wp-block-file__embed\" data=\"https:\/\/www.femmeharmone.com\/wp-content\/uploads\/2022\/12\/ND_2022KSZ_v2_2_VargaGyongyi.pdf\" type=\"application\/pdf\" style=\"width:100%;height:1100px\" aria-label=\"Embed of ND_2022KSZ_v2_2_VargaGyongyi.\"><\/object><a id=\"wp-block-file--media-23ec4899-0caa-4122-8758-5c77aea85a31\" href=\"https:\/\/www.femmeharmone.com\/wp-content\/uploads\/2022\/12\/ND_2022KSZ_v2_2_VargaGyongyi.pdf\">ND_2022KSZ_v2_2_VargaGyongyi<\/a><a href=\"https:\/\/www.femmeharmone.com\/wp-content\/uploads\/2022\/12\/ND_2022KSZ_v2_2_VargaGyongyi.pdf\" class=\"wp-block-file__button wp-element-button\" download aria-describedby=\"wp-block-file--media-23ec4899-0caa-4122-8758-5c77aea85a31\">Let\u00f6lt\u00e9s<\/a><\/div>","protected":false},"excerpt":{"rendered":"<p>DOI: 10.55344\/andfhksz.2201184 Absztrakt Az \u00d3sz\u00f6vets\u00e9g vil\u00e1g\u00e1ban tiszt\u00e1ban voltak azzal, hogygyermeknek \u00e9letet adni nem els\u0151sorban emberi elv\u00e1r\u00e1son alapul\u00f3 k\u00f6teless\u00e9g, hanem mindenek el\u0151tt Istent\u0151l kapott lehet\u0151s\u00e9g. A t\u00f6rt\u00e9neteket olvasva ugyanakkor gyakran szembes\u00fcl\u00fcnk a gyermektelens\u00e9g \u00edns\u00e9g\u00e9vel, a medd\u0151s\u00e9g, term\u00e9ketlens\u00e9g szomor\u00fa \u00e9s rem\u00e9nytelen helyzeteivel. Ebben a tanulm\u00e1nyban azt a nagy k\u00e9rd\u00e9sk\u00f6rt j\u00e1rjuk k\u00f6r\u00fcl, hogy a bibliai emberek hogyan \u00e9lt\u00e9k&hellip;<\/p>","protected":false},"author":1,"featured_media":0,"parent":2731,"menu_order":3,"comment_status":"closed","ping_status":"closed","template":"page-article.php","meta":{"inline_featured_image":false,"footnotes":""},"categories":[],"tags":[],"_links":{"self":[{"href":"https:\/\/www.femmeharmone.com\/eng\/wp-json\/wp\/v2\/pages\/2889"}],"collection":[{"href":"https:\/\/www.femmeharmone.com\/eng\/wp-json\/wp\/v2\/pages"}],"about":[{"href":"https:\/\/www.femmeharmone.com\/eng\/wp-json\/wp\/v2\/types\/page"}],"author":[{"embeddable":true,"href":"https:\/\/www.femmeharmone.com\/eng\/wp-json\/wp\/v2\/users\/1"}],"replies":[{"embeddable":true,"href":"https:\/\/www.femmeharmone.com\/eng\/wp-json\/wp\/v2\/comments?post=2889"}],"version-history":[{"count":3,"href":"https:\/\/www.femmeharmone.com\/eng\/wp-json\/wp\/v2\/pages\/2889\/revisions"}],"predecessor-version":[{"id":2962,"href":"https:\/\/www.femmeharmone.com\/eng\/wp-json\/wp\/v2\/pages\/2889\/revisions\/2962"}],"up":[{"embeddable":true,"href":"https:\/\/www.femmeharmone.com\/eng\/wp-json\/wp\/v2\/pages\/2731"}],"wp:attachment":[{"href":"https:\/\/www.femmeharmone.com\/eng\/wp-json\/wp\/v2\/media?parent=2889"}],"wp:term":[{"taxonomy":"category","embeddable":true,"href":"https:\/\/www.femmeharmone.com\/eng\/wp-json\/wp\/v2\/categories?post=2889"},{"taxonomy":"post_tag","embeddable":true,"href":"https:\/\/www.femmeharmone.com\/eng\/wp-json\/wp\/v2\/tags?post=2889"}],"curies":[{"name":"wp","href":"https:\/\/api.w.org\/{rel}","templated":true}]}}