{"id":290,"date":"2021-12-21T15:16:10","date_gmt":"2021-12-21T15:16:10","guid":{"rendered":"https:\/\/www.femmeharmone.com\/?page_id=290"},"modified":"2022-04-04T11:20:42","modified_gmt":"2022-04-04T11:20:42","slug":"kortars-noi-reflexiok-foruma","status":"publish","type":"page","link":"https:\/\/www.femmeharmone.com\/eng\/kortars-noi-reflexiok-foruma\/","title":{"rendered":"<br><br>Forum for Contemporary Women\u2019s Reflections"},"content":{"rendered":"<h3 class=\"has-text-align-center has-text-color wp-block-heading\" style=\"color:#d19c20\">The self-representation of women in all segments of culture, in the greatest possible complexity: Responsibility, Intention and Hope.<\/h3>\n\n\n\n<div style=\"height:53px\" aria-hidden=\"true\" class=\"wp-block-spacer\"><\/div>\n\n\n\n<p class=\"has-text-align-left has-text-color\" style=\"color:#000a52\"><strong>The Forum for Contemporary Women's Reflections carries its name in the intellectual position that has been defined in the past about femininity. It has the status of a given in a discursive space previously opened up by others. As a self-coordinated definition, it is forced to reflect on previous trends, and in this way it is not only the distinction, but also towrds the values and new ways of thinking that are taking shape on the basis of self-initiated trajectories of thought and new strategies of resolution.<\/strong><\/p>","protected":false},"excerpt":{"rendered":"<p>A n\u0151 \u00f6nreprezent\u00e1ci\u00f3ja a kult\u00fara minden szegmens\u00e9ben, a lehet\u0151 legnagyobb komplexit\u00e1sban: felel\u0151ss\u00e9g, sz\u00e1nd\u00e9k \u00e9s rem\u00e9ny. A Kort\u00e1rs N\u0151i Reflexi\u00f3k F\u00f3ruma \u2013 nev\u00e9ben hordozza azt a szellemi poz\u00edci\u00f3t, amit a n\u0151is\u00e9gr\u0151l kor\u00e1bban m\u00e1sok \u00e1ltal megnyitott diskurzust\u00e9rben adotts\u00e1gk\u00e9nt kell kezelnie. \u00d6nmaga koordin\u00e1lt meghat\u00e1roz\u00e1s\u00e1hoz k\u00e9nyszer\u00fcl reflekt\u00e1lni kor\u00e1bbi ir\u00e1nyzatokra, s ilyen m\u00f3don nemcsak a megk\u00fcl\u00f6nb\u00f6ztet\u00e9s, hanem a saj\u00e1t kezdem\u00e9nyez\u00e9s\u0171&hellip;<\/p>","protected":false},"author":2,"featured_media":0,"parent":0,"menu_order":0,"comment_status":"closed","ping_status":"closed","template":"","meta":{"inline_featured_image":false,"footnotes":""},"categories":[6],"tags":[],"_links":{"self":[{"href":"https:\/\/www.femmeharmone.com\/eng\/wp-json\/wp\/v2\/pages\/290"}],"collection":[{"href":"https:\/\/www.femmeharmone.com\/eng\/wp-json\/wp\/v2\/pages"}],"about":[{"href":"https:\/\/www.femmeharmone.com\/eng\/wp-json\/wp\/v2\/types\/page"}],"author":[{"embeddable":true,"href":"https:\/\/www.femmeharmone.com\/eng\/wp-json\/wp\/v2\/users\/2"}],"replies":[{"embeddable":true,"href":"https:\/\/www.femmeharmone.com\/eng\/wp-json\/wp\/v2\/comments?post=290"}],"version-history":[{"count":17,"href":"https:\/\/www.femmeharmone.com\/eng\/wp-json\/wp\/v2\/pages\/290\/revisions"}],"predecessor-version":[{"id":1279,"href":"https:\/\/www.femmeharmone.com\/eng\/wp-json\/wp\/v2\/pages\/290\/revisions\/1279"}],"wp:attachment":[{"href":"https:\/\/www.femmeharmone.com\/eng\/wp-json\/wp\/v2\/media?parent=290"}],"wp:term":[{"taxonomy":"category","embeddable":true,"href":"https:\/\/www.femmeharmone.com\/eng\/wp-json\/wp\/v2\/categories?post=290"},{"taxonomy":"post_tag","embeddable":true,"href":"https:\/\/www.femmeharmone.com\/eng\/wp-json\/wp\/v2\/tags?post=290"}],"curies":[{"name":"wp","href":"https:\/\/api.w.org\/{rel}","templated":true}]}}