{"id":3033,"date":"2022-12-29T15:09:46","date_gmt":"2022-12-29T15:09:46","guid":{"rendered":"https:\/\/www.femmeharmone.com\/?page_id=3033"},"modified":"2022-12-29T15:10:37","modified_gmt":"2022-12-29T15:10:37","slug":"szerkesztoi-koszonto","status":"publish","type":"page","link":"https:\/\/www.femmeharmone.com\/eng\/a-noi-dimenzio\/ii-evfolyam-3-szam\/koszonto\/szerkesztoi-koszonto\/","title":{"rendered":"Szerkeszt\u0151i k\u00f6sz\u00f6nt\u0151"},"content":{"rendered":"<h2 class=\"has-text-align-center wp-block-heading\"><strong>J\u00f6jj\u00f6n a h\u00f3takar\u00f3<\/strong><\/h2>\n\n\n\n<p>Terveink szerint az \u00e9vszakokhoz k\u00f6tj\u00fck sz\u00e1mainkat, \u00fagy a megjelen\u00e9s id\u0151pontj\u00e1t, mint tartalm\u00e1t illet\u0151en. \u00c9s most bele tudunk helyezkedni a terveink szerinti keretbe. M\u00e9g \u00e1t\u00e9rezz\u00fck azt a szeptemberi lend\u00fcletet, ami a ny\u00e1rb\u00f3l maradt r\u00e1nk, \u00e9s amivel nekifutottunk az \u0151szi sz\u00e1m anyaggy\u0171jt\u00e9s\u00e9nek, de m\u00e1r itt toporgunk az \u00e9v v\u00e9ge el\u0151tt, n\u00e9zz\u00fck a f\u00e1k kopaszod\u00f3 \u00e1gait, \u00e9s lelk\u00fcnkben \u00e9rik a cs\u00f6nd. Ideje van a sz\u00e1mad\u00e1snak.<\/p>\n\n\n\n<p>Nem lehet\u00fcnk el\u00e9gedetlenek. N\u00e9gy \u00e9vszakunkban megt\u00f6rt\u00e9nt az, amire az \u00e9vszak rendeltetett. Volt \u00e9led\u00e9s, form\u00e1l\u00f3d\u00e1s, azut\u00e1n ki\u00e1rad\u00e1s, tombol\u00e1s, majd \u00e9rlel\u0151d\u00e9s \u00e9s be\u00e9r\u00e9s, most pedig a betakar\u00edt\u00e1s \u00e9s elcsendesed\u00e9s. \u00c9s egy dolgot biztosan \u00e1ll\u00edthatunk, hogy ebben a folyamatban l\u00e9trej\u00f6tt valami. Azt, ami l\u00e9trej\u00f6tt, nek\u00fcnk nincs m\u00f3dunkban min\u0151s\u00edteni, de ha esetleg csak a kimutathat\u00f3s\u00e1g hat\u00e1r\u00e1n is, a vil\u00e1g bizonyosan m\u00e1s lett, mintha nem j\u00f6tt volna l\u00e9tre.<\/p>\n\n\n\n<p>V\u00e9gign\u00e9zve elk\u00e9sz\u00fclt sz\u00e1mainkon, az eredeti elk\u00e9pzel\u00e9s\u00fcnk szerint siker\u00fclt sz\u00e9lesre nyitni a megsz\u00f3laltatott kultur\u00e1lis tartom\u00e1nyok palett\u00e1j\u00e1t. \u00c9s a megsz\u00f3lal\u00e1sok min\u0151s\u00e9g\u00e9ben sem k\u00e9nyszer\u00fclt\u00fcnk kompromisszumra. Mindig volt k\u00e9nyszerk\u00e9pzetek n\u00e9lk\u00fcli \u00f6tlet vagy spont\u00e1n befut\u00f3 tartalom, ami a sportt\u00f3l a tudom\u00e1nyon \u00e1t a m\u0171v\u00e9szetekig elevenen tartotta a rovatokat. Nem minden t\u00f6rt\u00e9nt tervezetten, de tervezett volt a l\u00e9tez\u00e9s spontaneit\u00e1sa sz\u00e1m\u00e1ra a t\u00e9r szabadon hagy\u00e1sa is. A koncepci\u00f3 pedig, a n\u0151i koncepci\u00f3, a harm\u00f3nia \u2013 oly laza, hogy \u00e9pp akkor m\u0171k\u00f6dik, ha engedj\u00fck. Nem is \u00e9l mag\u00e1ban meg, k\u00e9ri az interakci\u00f3t, mik\u00e9nt a t\u00e1ncban a sz\u00f3l\u00f3t csak a p\u00e1r megjelen\u00e9se oldhatja fel.<\/p>\n\n\n\n<p>Ebben a sz\u00e1munkban is tarka sokf\u00e9les\u00e9gben igyeksz\u00fcnk \u00fcltetgetni az emberarc\u00fa l\u00e9tez\u00e9s gondolatmagvait. Tudunk egy\u00fctt \u00f6r\u00fclni azokkal, akik \u00faj dolgokat v\u00e9ltek felfedezni, vagy feltornyosult probl\u00e9m\u00e1kat oldottak meg. M\u00e9gis, szeretn\u00e9nk a figyelem f\u00f3kusz\u00e1b\u00f3l nem kiengedni azt, hogy minden felv\u00e1llalt \u00e9s sikerk\u00e9nt elk\u00f6nyvelt l\u00e9p\u00e9s ir\u00e1nyt szab \u00e9s korl\u00e1toz\u00f3an hat a k\u00f6vetkez\u0151 l\u00e9p\u00e9sre. T\u00e1rsadalmi szinten ez a gyakorlat vezet evidenci\u00e1k r\u00f6gz\u00fcl\u00e9s\u00e9hez. \u00c9s minden kult\u00fara az evidenci\u00e1iba hal bele.<\/p>\n\n\n\n<p>\u0150szi vet\u00e9s\u00fcnkbe nem v\u00e9letlen\u00fcl csemp\u00e9szt\u00fcnk olyan gondolatokat, amelyek tal\u00e1n majd j\u00f6v\u0151re fognak sz\u00e1rba sz\u00f6kni, \u00e9s engedik elengedn\u00fcnk a m\u00e9goly bizony\u00edtottnak gondolt \u00e1lhiteinket.<\/p>\n\n\n\n<p>A vil\u00e1g \u00e1ltalunk teremt\u0151dik. Nincs enn\u00e9l nagyobb hatalom.<\/p>\n\n\n\n<p class=\"has-text-align-right\"><em>&nbsp;&nbsp;&nbsp;&nbsp;&nbsp;&nbsp;&nbsp;&nbsp;&nbsp;&nbsp;&nbsp;&nbsp;&nbsp;&nbsp;&nbsp;&nbsp;&nbsp;&nbsp;&nbsp;&nbsp;&nbsp;&nbsp;&nbsp;&nbsp;&nbsp;&nbsp;&nbsp;&nbsp;&nbsp;&nbsp;&nbsp;&nbsp;&nbsp;&nbsp;&nbsp;&nbsp;&nbsp;&nbsp;&nbsp;&nbsp;&nbsp;&nbsp;&nbsp;&nbsp;&nbsp;&nbsp;&nbsp;&nbsp;&nbsp;&nbsp;&nbsp;&nbsp;&nbsp;&nbsp;&nbsp;&nbsp;&nbsp;&nbsp;&nbsp;&nbsp;&nbsp;&nbsp;&nbsp;&nbsp;&nbsp;&nbsp;&nbsp;&nbsp;&nbsp;&nbsp;&nbsp;&nbsp;&nbsp;&nbsp;&nbsp;&nbsp;&nbsp;&nbsp;&nbsp;&nbsp;&nbsp;&nbsp;&nbsp;&nbsp;&nbsp;&nbsp;&nbsp;&nbsp;&nbsp;&nbsp;&nbsp;&nbsp;&nbsp;&nbsp;&nbsp;&nbsp;&nbsp;&nbsp;&nbsp;&nbsp;&nbsp;&nbsp;&nbsp;&nbsp;&nbsp;&nbsp;&nbsp;&nbsp;&nbsp;&nbsp;&nbsp;&nbsp;&nbsp;&nbsp;&nbsp;&nbsp;&nbsp;&nbsp;&nbsp; Major Gy\u00f6ngyi<\/em><\/p>","protected":false},"excerpt":{"rendered":"<p>J\u00f6jj\u00f6n a h\u00f3takar\u00f3 Terveink szerint az \u00e9vszakokhoz k\u00f6tj\u00fck sz\u00e1mainkat, \u00fagy a megjelen\u00e9s id\u0151pontj\u00e1t, mint tartalm\u00e1t illet\u0151en. \u00c9s most bele tudunk helyezkedni a terveink szerinti keretbe. M\u00e9g \u00e1t\u00e9rezz\u00fck azt a szeptemberi lend\u00fcletet, ami a ny\u00e1rb\u00f3l maradt r\u00e1nk, \u00e9s amivel nekifutottunk az \u0151szi sz\u00e1m anyaggy\u0171jt\u00e9s\u00e9nek, de m\u00e1r itt toporgunk az \u00e9v v\u00e9ge el\u0151tt, n\u00e9zz\u00fck a f\u00e1k kopaszod\u00f3&hellip;<\/p>","protected":false},"author":1,"featured_media":0,"parent":3031,"menu_order":1,"comment_status":"closed","ping_status":"closed","template":"page-article.php","meta":{"inline_featured_image":false,"footnotes":""},"categories":[],"tags":[],"_links":{"self":[{"href":"https:\/\/www.femmeharmone.com\/eng\/wp-json\/wp\/v2\/pages\/3033"}],"collection":[{"href":"https:\/\/www.femmeharmone.com\/eng\/wp-json\/wp\/v2\/pages"}],"about":[{"href":"https:\/\/www.femmeharmone.com\/eng\/wp-json\/wp\/v2\/types\/page"}],"author":[{"embeddable":true,"href":"https:\/\/www.femmeharmone.com\/eng\/wp-json\/wp\/v2\/users\/1"}],"replies":[{"embeddable":true,"href":"https:\/\/www.femmeharmone.com\/eng\/wp-json\/wp\/v2\/comments?post=3033"}],"version-history":[{"count":1,"href":"https:\/\/www.femmeharmone.com\/eng\/wp-json\/wp\/v2\/pages\/3033\/revisions"}],"predecessor-version":[{"id":3034,"href":"https:\/\/www.femmeharmone.com\/eng\/wp-json\/wp\/v2\/pages\/3033\/revisions\/3034"}],"up":[{"embeddable":true,"href":"https:\/\/www.femmeharmone.com\/eng\/wp-json\/wp\/v2\/pages\/3031"}],"wp:attachment":[{"href":"https:\/\/www.femmeharmone.com\/eng\/wp-json\/wp\/v2\/media?parent=3033"}],"wp:term":[{"taxonomy":"category","embeddable":true,"href":"https:\/\/www.femmeharmone.com\/eng\/wp-json\/wp\/v2\/categories?post=3033"},{"taxonomy":"post_tag","embeddable":true,"href":"https:\/\/www.femmeharmone.com\/eng\/wp-json\/wp\/v2\/tags?post=3033"}],"curies":[{"name":"wp","href":"https:\/\/api.w.org\/{rel}","templated":true}]}}