{"id":3060,"date":"2022-12-29T15:41:21","date_gmt":"2022-12-29T15:41:21","guid":{"rendered":"https:\/\/www.femmeharmone.com\/?page_id=3060"},"modified":"2022-12-29T18:44:02","modified_gmt":"2022-12-29T18:44:02","slug":"sziraky-gabor-tango-appassionato","status":"publish","type":"page","link":"https:\/\/www.femmeharmone.com\/eng\/a-noi-dimenzio\/ii-evfolyam-3-szam\/tancmuveszet\/sziraky-gabor-tango-appassionato\/","title":{"rendered":"<em>Szir\u00e1ky G\u00e1bor:<\/em> Tango Appassionato"},"content":{"rendered":"<figure class=\"wp-block-embed aligncenter is-type-video is-provider-youtube wp-block-embed-youtube wp-embed-aspect-16-9 wp-has-aspect-ratio\"><div class=\"wp-block-embed__wrapper\">\n<iframe loading=\"lazy\" title=\"Gabor Sziraky: Tango Appassionato\" width=\"750\" height=\"422\" src=\"https:\/\/www.youtube.com\/embed\/r3G6s4B5u1g?feature=oembed\" frameborder=\"0\" allow=\"accelerometer; autoplay; clipboard-write; encrypted-media; gyroscope; picture-in-picture\" allowfullscreen><\/iframe>\n<\/div><\/figure>\n\n\n\n<p><strong>Zene: Ill\u00e9s J\u00e1nos &#8211; Le Vieux Tzigane<br>Koreogr\u00e1fus \u00e9s rendez\u0151: Szir\u00e1ky G\u00e1bor<br>Sz\u00f3list\u00e1k: Sz\u00fcll\u0151 \u00c9va, Orosz J\u00f3zsef<br>V\u00e1g\u00f3 \u00e9s operat\u0151r: G\u00e1bor Andr\u00e1s<br>Operat\u0151r: L\u00e1szl\u00f3 P\u00e9ter<\/strong><\/p>\n\n\n\n<div style=\"height:100px\" aria-hidden=\"true\" class=\"wp-block-spacer\"><\/div>\n\n\n\n<p class=\"has-text-align-center\">Ady Endre<\/p>\n\n\n\n<p class=\"has-text-align-center\"><strong>H\u00e9ja-n\u00e1sz az avaron<\/strong><\/p>\n\n\n\n<p class=\"has-text-align-center\">\u00datra kel\u00fcnk. Megy\u00fcnk az \u0150szbe,<br>Vijjogva, s\u00edrva, kerget\u0151zve,<br>K\u00e9t lankadt sz\u00e1rny\u00fa h\u00e9ja-mad\u00e1r.<\/p>\n\n\n\n<p class=\"has-text-align-center\">\u00daj rabl\u00f3i vannak a Ny\u00e1rnak,<br>Csattognak az \u00faj h\u00e9ja-sz\u00e1rnyak,<br>D\u00falnak a cs\u00f3kos \u00fctk\u00f6zetek.<\/p>\n\n\n\n<p class=\"has-text-align-center\">Sz\u00e1llunk a Ny\u00e1rb\u00f3l, \u0171zve sz\u00e1llunk,<br>Valahol az \u0150szben meg\u00e1llunk,<br>F\u00f6lborzolt tollal, szerelmesen.<\/p>\n\n\n\n<p class=\"has-text-align-center\">Ez az utols\u00f3 n\u00e1szunk n\u00e9k\u00fcnk:<br>Egym\u00e1s hus\u00e1ba belet\u00e9p\u00fcnk<br>S lehullunk az \u0151szi avaron.<\/p>","protected":false},"excerpt":{"rendered":"<p>Zene: Ill\u00e9s J\u00e1nos &#8211; Le Vieux TziganeKoreogr\u00e1fus \u00e9s rendez\u0151: Szir\u00e1ky G\u00e1borSz\u00f3list\u00e1k: Sz\u00fcll\u0151 \u00c9va, Orosz J\u00f3zsefV\u00e1g\u00f3 \u00e9s operat\u0151r: G\u00e1bor Andr\u00e1sOperat\u0151r: L\u00e1szl\u00f3 P\u00e9ter Ady Endre H\u00e9ja-n\u00e1sz az avaron \u00datra kel\u00fcnk. Megy\u00fcnk az \u0150szbe,Vijjogva, s\u00edrva, kerget\u0151zve,K\u00e9t lankadt sz\u00e1rny\u00fa h\u00e9ja-mad\u00e1r. \u00daj rabl\u00f3i vannak a Ny\u00e1rnak,Csattognak az \u00faj h\u00e9ja-sz\u00e1rnyak,D\u00falnak a cs\u00f3kos \u00fctk\u00f6zetek. Sz\u00e1llunk a Ny\u00e1rb\u00f3l, \u0171zve sz\u00e1llunk,Valahol az \u0150szben meg\u00e1llunk,F\u00f6lborzolt&hellip;<\/p>","protected":false},"author":1,"featured_media":0,"parent":3037,"menu_order":1,"comment_status":"closed","ping_status":"closed","template":"page-article.php","meta":{"inline_featured_image":false,"footnotes":""},"categories":[],"tags":[],"_links":{"self":[{"href":"https:\/\/www.femmeharmone.com\/eng\/wp-json\/wp\/v2\/pages\/3060"}],"collection":[{"href":"https:\/\/www.femmeharmone.com\/eng\/wp-json\/wp\/v2\/pages"}],"about":[{"href":"https:\/\/www.femmeharmone.com\/eng\/wp-json\/wp\/v2\/types\/page"}],"author":[{"embeddable":true,"href":"https:\/\/www.femmeharmone.com\/eng\/wp-json\/wp\/v2\/users\/1"}],"replies":[{"embeddable":true,"href":"https:\/\/www.femmeharmone.com\/eng\/wp-json\/wp\/v2\/comments?post=3060"}],"version-history":[{"count":2,"href":"https:\/\/www.femmeharmone.com\/eng\/wp-json\/wp\/v2\/pages\/3060\/revisions"}],"predecessor-version":[{"id":3188,"href":"https:\/\/www.femmeharmone.com\/eng\/wp-json\/wp\/v2\/pages\/3060\/revisions\/3188"}],"up":[{"embeddable":true,"href":"https:\/\/www.femmeharmone.com\/eng\/wp-json\/wp\/v2\/pages\/3037"}],"wp:attachment":[{"href":"https:\/\/www.femmeharmone.com\/eng\/wp-json\/wp\/v2\/media?parent=3060"}],"wp:term":[{"taxonomy":"category","embeddable":true,"href":"https:\/\/www.femmeharmone.com\/eng\/wp-json\/wp\/v2\/categories?post=3060"},{"taxonomy":"post_tag","embeddable":true,"href":"https:\/\/www.femmeharmone.com\/eng\/wp-json\/wp\/v2\/tags?post=3060"}],"curies":[{"name":"wp","href":"https:\/\/api.w.org\/{rel}","templated":true}]}}