{"id":3065,"date":"2022-12-29T15:53:00","date_gmt":"2022-12-29T15:53:00","guid":{"rendered":"https:\/\/www.femmeharmone.com\/?page_id=3065"},"modified":"2023-02-08T15:48:21","modified_gmt":"2023-02-08T15:48:21","slug":"jozsa-gyorgy-zoltan-ahmatova-noirodalom-a-tortenelmi-es-lirai-emlekezeterotereben","status":"publish","type":"page","link":"https:\/\/www.femmeharmone.com\/eng\/a-noi-dimenzio\/ii-evfolyam-3-szam\/irodalom\/jozsa-gyorgy-zoltan-ahmatova-noirodalom-a-tortenelmi-es-lirai-emlekezeterotereben\/","title":{"rendered":"<em>J\u00f3zsa Gy\u00f6rgy Zolt\u00e1n:<\/em> Ahmatova. N\u0151irodalom a t\u00f6rt\u00e9nelmi \u00e9s l\u00edrai eml\u00e9kezet er\u0151ter\u00e9ben"},"content":{"rendered":"<p class=\"has-text-align-right\"><a href=\"https:\/\/doi.org\/10.55344\/andfh.2203013\" target=\"_blank\" rel=\"noreferrer noopener\">DOI: 10.55344\/andfh.2203013<\/a><\/p>\n\n\n\n<p><em>Absztrakt<\/em><\/p>\n\n\n\n<p><strong>A dolgozat f\u0151 probl\u00e9mak\u00f6r\u00e9t a n\u0151\u00edr\u00f3 \u00e9s a nemzeti ikon fogalmainak \u00f6sszef\u00fcgg\u00e9sei, az eml\u00e9kezet k\u00f6zponti k\u00e9rd\u00e9se mint a m\u0171v\u00e9szet \u00e9s az ember antropol\u00f3giai l\u00e9nyege alkotj\u00e1k. A t\u00f6rt\u00e9nelmi eml\u00e9kezet az egy\u00e9n identit\u00e1s\u00e1nak r\u00e9sze Ahmatova \u00e9rtelmez\u00e9s\u00e9ben, aki tiszt\u00e1ban volt Oroszorsz\u00e1gnak a szovjethatalom bevezet\u00e9se k\u00f6vetkezt\u00e9ben t\u00f6rt\u00e9nt megsz\u0171n\u00e9s\u00e9vel, A felt\u00e1rulkoz\u00f3 forr\u00e1sok folyt\u00e1n hitelesebb k\u00e9pet kaphatunk a legnagyobb orosz k\u00f6lt\u0151n\u0151 \u00e9let\u00e9r\u0151l, jelent\u0151s\u00e9g\u00e9r\u0151l a m\u00falt sz\u00e1zad t\u00f6rt\u00e9net\u00e9ben, s arr\u00f3l, hogy az eml\u00e9kezetpolitika, ill. \u00e1llami cenz\u00fara milyen sz\u0171r\u0151ket v\u00e9lt sz\u00fcks\u00e9gesnek sz\u00f6vegei tekintet\u00e9ben. Irodalomt\u00f6rt\u00e9neti n\u00f3vumot k\u00edn\u00e1l a <em>Szt\u00e1lin v\u00e9delmez\u0151ihez<\/em> c\u00edm\u0171 vers hom\u00e1lyos keletkez\u00e9st\u00f6rt\u00e9net\u00e9t tiszt\u00e1z\u00e1s\u00e1ra ir\u00e1nyul\u00f3 k\u00eds\u00e9rlet, tov\u00e1bb\u00e1 a vele t\u00e1voli egyez\u00e9seket mutat\u00f3 <em>Szt\u00e1lin \u00f6r\u00f6k\u00f6sei<\/em> c\u00edm\u0171 Jevtusenko-vers k\u00fcl\u00f6n\u00f6s t\u00e9nyekkel tark\u00edtott k\u00f6zl\u00e9st\u00f6rt\u00e9nete. A tudom\u00e1nyos \u00e9s m\u0171v\u00e9szi eml\u00e9kezet k\u00f6z\u00f6tti k\u00fcl\u00f6nbs\u00e9gre vonatkoz\u00f3 k\u00f6vetkeztet\u00e9sek is megvonhat\u00f3k.<\/strong><\/p>\n\n\n\n<div style=\"height:100px\" aria-hidden=\"true\" class=\"wp-block-spacer\"><\/div>\n\n\n\n<div data-wp-interactive=\"core\/file\" class=\"wp-block-file\"><object data-wp-bind--hidden=\"!state.hasPdfPreview\"  class=\"wp-block-file__embed\" data=\"https:\/\/www.femmeharmone.com\/wp-content\/uploads\/2023\/02\/ND_2022_Osz_v3_Jozsa_Gyorgy_Zoltan.pdf\" type=\"application\/pdf\" style=\"width:100%;height:1500px\" aria-label=\"Embed of ND_2022_Osz_v3_J\u00f3zsa_Gy\u00f6rgy_Zolt\u00e1n.\"><\/object><a id=\"wp-block-file--media-cb6955a7-37ee-4759-831b-7ec027ead7a1\" href=\"https:\/\/www.femmeharmone.com\/wp-content\/uploads\/2023\/02\/ND_2022_Osz_v3_Jozsa_Gyorgy_Zoltan.pdf\">ND_2022_Osz_v3_J\u00f3zsa_Gy\u00f6rgy_Zolt\u00e1n<\/a><a href=\"https:\/\/www.femmeharmone.com\/wp-content\/uploads\/2023\/02\/ND_2022_Osz_v3_Jozsa_Gyorgy_Zoltan.pdf\" class=\"wp-block-file__button wp-element-button\" download aria-describedby=\"wp-block-file--media-cb6955a7-37ee-4759-831b-7ec027ead7a1\">Let\u00f6lt\u00e9s<\/a><\/div>","protected":false},"excerpt":{"rendered":"<p>DOI: 10.55344\/andfh.2203013 Absztrakt A dolgozat f\u0151 probl\u00e9mak\u00f6r\u00e9t a n\u0151\u00edr\u00f3 \u00e9s a nemzeti ikon fogalmainak \u00f6sszef\u00fcgg\u00e9sei, az eml\u00e9kezet k\u00f6zponti k\u00e9rd\u00e9se mint a m\u0171v\u00e9szet \u00e9s az ember antropol\u00f3giai l\u00e9nyege alkotj\u00e1k. A t\u00f6rt\u00e9nelmi eml\u00e9kezet az egy\u00e9n identit\u00e1s\u00e1nak r\u00e9sze Ahmatova \u00e9rtelmez\u00e9s\u00e9ben, aki tiszt\u00e1ban volt Oroszorsz\u00e1gnak a szovjethatalom bevezet\u00e9se k\u00f6vetkezt\u00e9ben t\u00f6rt\u00e9nt megsz\u0171n\u00e9s\u00e9vel, A felt\u00e1rulkoz\u00f3 forr\u00e1sok folyt\u00e1n hitelesebb k\u00e9pet kaphatunk a&hellip;<\/p>","protected":false},"author":1,"featured_media":0,"parent":3039,"menu_order":1,"comment_status":"closed","ping_status":"closed","template":"page-article.php","meta":{"inline_featured_image":false,"footnotes":""},"categories":[],"tags":[],"_links":{"self":[{"href":"https:\/\/www.femmeharmone.com\/eng\/wp-json\/wp\/v2\/pages\/3065"}],"collection":[{"href":"https:\/\/www.femmeharmone.com\/eng\/wp-json\/wp\/v2\/pages"}],"about":[{"href":"https:\/\/www.femmeharmone.com\/eng\/wp-json\/wp\/v2\/types\/page"}],"author":[{"embeddable":true,"href":"https:\/\/www.femmeharmone.com\/eng\/wp-json\/wp\/v2\/users\/1"}],"replies":[{"embeddable":true,"href":"https:\/\/www.femmeharmone.com\/eng\/wp-json\/wp\/v2\/comments?post=3065"}],"version-history":[{"count":7,"href":"https:\/\/www.femmeharmone.com\/eng\/wp-json\/wp\/v2\/pages\/3065\/revisions"}],"predecessor-version":[{"id":3301,"href":"https:\/\/www.femmeharmone.com\/eng\/wp-json\/wp\/v2\/pages\/3065\/revisions\/3301"}],"up":[{"embeddable":true,"href":"https:\/\/www.femmeharmone.com\/eng\/wp-json\/wp\/v2\/pages\/3039"}],"wp:attachment":[{"href":"https:\/\/www.femmeharmone.com\/eng\/wp-json\/wp\/v2\/media?parent=3065"}],"wp:term":[{"taxonomy":"category","embeddable":true,"href":"https:\/\/www.femmeharmone.com\/eng\/wp-json\/wp\/v2\/categories?post=3065"},{"taxonomy":"post_tag","embeddable":true,"href":"https:\/\/www.femmeharmone.com\/eng\/wp-json\/wp\/v2\/tags?post=3065"}],"curies":[{"name":"wp","href":"https:\/\/api.w.org\/{rel}","templated":true}]}}