{"id":3069,"date":"2022-12-29T16:00:31","date_gmt":"2022-12-29T16:00:31","guid":{"rendered":"https:\/\/www.femmeharmone.com\/?page_id=3069"},"modified":"2023-02-08T15:51:31","modified_gmt":"2023-02-08T15:51:31","slug":"hajnady-zoltan-nyelvi-szkepszis-es-szomagia-a-a-fet-kolteszeteben","status":"publish","type":"page","link":"https:\/\/www.femmeharmone.com\/eng\/a-noi-dimenzio\/ii-evfolyam-3-szam\/tudomany\/hajnady-zoltan-nyelvi-szkepszis-es-szomagia-a-a-fet-kolteszeteben\/","title":{"rendered":"<em>Hajn\u00e1dy Zolt\u00e1n:<\/em> Nyelvi szkepszis \u00e9s sz\u00f3m\u00e1gia A. A. Fet k\u00f6lt\u00e9szet\u00e9ben"},"content":{"rendered":"<p class=\"has-text-align-right\"><a href=\"https:\/\/doi.org\/10.55344\/andfh.2203040\" target=\"_blank\" rel=\"noreferrer noopener\">DOI: 10.55344\/andfh.2203040<\/a><\/p>\n\n\n\n<p><em>Absztrakt<\/em><\/p>\n\n\n\n<p><strong>Fet k\u00f6lt\u00e9szet\u00e9ben a virtu\u00f3z sz\u00f3haszn\u00e1lat nyelvi szkepszissel vegy\u00fcl, bele\u00e9rtve a verb\u00e1lis kifejez\u0151k\u00e9pess\u00e9g tagad\u00e1s\u00e1t \u00e9s a csend apote\u00f3zis\u00e1t. K\u00f6lt\u00e9szet\u00e9nek f\u0151 t\u00e9m\u00e1ja a kifejezhetetlen \u00e9s az elmondhatatlan, mely paradox m\u00f3don kifejezhet\u0151v\u00e9 \u00e9s le\u00edrhat\u00f3v\u00e1 v\u00e1lik az impresszionista k\u00e9prendszernek, a metaforikus nominalizmusnak, a zeneis\u00e9gnek \u00e9s a metanyelvi eszk\u00f6z\u00f6knek k\u00f6sz\u00f6nhet\u0151en. Fet verssz\u00f6vegeinek szemantikai r\u00e9tegei kimer\u00edthetetlenek.<\/strong><\/p>\n\n\n\n<div style=\"height:100px\" aria-hidden=\"true\" class=\"wp-block-spacer\"><\/div>\n\n\n\n<div data-wp-interactive=\"core\/file\" class=\"wp-block-file\"><object data-wp-bind--hidden=\"!state.hasPdfPreview\"  class=\"wp-block-file__embed\" data=\"https:\/\/www.femmeharmone.com\/wp-content\/uploads\/2023\/02\/ND_2022_Osz_v3_Hajnady_Zoltan.pdf\" type=\"application\/pdf\" style=\"width:100%;height:1500px\" aria-label=\"Embed of ND_2022_Osz_v3_Hajn\u00e1dy_Zolt\u00e1n.\"><\/object><a id=\"wp-block-file--media-9b7644fc-75b1-46dc-a077-56a95bc39213\" href=\"https:\/\/www.femmeharmone.com\/wp-content\/uploads\/2023\/02\/ND_2022_Osz_v3_Hajnady_Zoltan.pdf\">ND_2022_Osz_v3_Hajn\u00e1dy_Zolt\u00e1n<\/a><a href=\"https:\/\/www.femmeharmone.com\/wp-content\/uploads\/2023\/02\/ND_2022_Osz_v3_Hajnady_Zoltan.pdf\" class=\"wp-block-file__button wp-element-button\" download aria-describedby=\"wp-block-file--media-9b7644fc-75b1-46dc-a077-56a95bc39213\">Let\u00f6lt\u00e9s<\/a><\/div>","protected":false},"excerpt":{"rendered":"<p>DOI: 10.55344\/andfh.2203040 Absztrakt Fet k\u00f6lt\u00e9szet\u00e9ben a virtu\u00f3z sz\u00f3haszn\u00e1lat nyelvi szkepszissel vegy\u00fcl, bele\u00e9rtve a verb\u00e1lis kifejez\u0151k\u00e9pess\u00e9g tagad\u00e1s\u00e1t \u00e9s a csend apote\u00f3zis\u00e1t. K\u00f6lt\u00e9szet\u00e9nek f\u0151 t\u00e9m\u00e1ja a kifejezhetetlen \u00e9s az elmondhatatlan, mely paradox m\u00f3don kifejezhet\u0151v\u00e9 \u00e9s le\u00edrhat\u00f3v\u00e1 v\u00e1lik az impresszionista k\u00e9prendszernek, a metaforikus nominalizmusnak, a zeneis\u00e9gnek \u00e9s a metanyelvi eszk\u00f6z\u00f6knek k\u00f6sz\u00f6nhet\u0151en. Fet verssz\u00f6vegeinek szemantikai r\u00e9tegei kimer\u00edthetetlenek.<\/p>","protected":false},"author":1,"featured_media":0,"parent":3043,"menu_order":1,"comment_status":"closed","ping_status":"closed","template":"page-article.php","meta":{"inline_featured_image":false,"footnotes":""},"categories":[],"tags":[],"_links":{"self":[{"href":"https:\/\/www.femmeharmone.com\/eng\/wp-json\/wp\/v2\/pages\/3069"}],"collection":[{"href":"https:\/\/www.femmeharmone.com\/eng\/wp-json\/wp\/v2\/pages"}],"about":[{"href":"https:\/\/www.femmeharmone.com\/eng\/wp-json\/wp\/v2\/types\/page"}],"author":[{"embeddable":true,"href":"https:\/\/www.femmeharmone.com\/eng\/wp-json\/wp\/v2\/users\/1"}],"replies":[{"embeddable":true,"href":"https:\/\/www.femmeharmone.com\/eng\/wp-json\/wp\/v2\/comments?post=3069"}],"version-history":[{"count":4,"href":"https:\/\/www.femmeharmone.com\/eng\/wp-json\/wp\/v2\/pages\/3069\/revisions"}],"predecessor-version":[{"id":3303,"href":"https:\/\/www.femmeharmone.com\/eng\/wp-json\/wp\/v2\/pages\/3069\/revisions\/3303"}],"up":[{"embeddable":true,"href":"https:\/\/www.femmeharmone.com\/eng\/wp-json\/wp\/v2\/pages\/3043"}],"wp:attachment":[{"href":"https:\/\/www.femmeharmone.com\/eng\/wp-json\/wp\/v2\/media?parent=3069"}],"wp:term":[{"taxonomy":"category","embeddable":true,"href":"https:\/\/www.femmeharmone.com\/eng\/wp-json\/wp\/v2\/categories?post=3069"},{"taxonomy":"post_tag","embeddable":true,"href":"https:\/\/www.femmeharmone.com\/eng\/wp-json\/wp\/v2\/tags?post=3069"}],"curies":[{"name":"wp","href":"https:\/\/api.w.org\/{rel}","templated":true}]}}