{"id":3079,"date":"2022-12-29T16:11:48","date_gmt":"2022-12-29T16:11:48","guid":{"rendered":"https:\/\/www.femmeharmone.com\/?page_id=3079"},"modified":"2023-02-08T15:53:07","modified_gmt":"2023-02-08T15:53:07","slug":"ivancso-istvan-kegyeskedjek-a-szent-rendet-megalapitani-olykeppen-hogy-aza-gor-kath-no-ugyet-magasabb-nivora-emelje-a-mariapocsi-szent-bazil-rendinoverek-letelepitesene","status":"publish","type":"page","link":"https:\/\/www.femmeharmone.com\/eng\/a-noi-dimenzio\/ii-evfolyam-3-szam\/tudomany\/ivancso-istvan-kegyeskedjek-a-szent-rendet-megalapitani-olykeppen-hogy-aza-gor-kath-no-ugyet-magasabb-nivora-emelje-a-mariapocsi-szent-bazil-rendinoverek-letelepitesene\/","title":{"rendered":"<em>Ivancs\u00f3 Istv\u00e1n:<\/em> \u201eKegyeskedj\u00e9k a szent Rendet megalap\u00edtani olyk\u00e9ppen, hogy az a g\u00f6r. kath. n\u0151-\u00fcgyet magasabb n\u00edv\u00f3ra emelje\u201d \u2013<br>A m\u00e1riap\u00f3csi Szent Bazil-rendi n\u0151v\u00e9rek letelep\u00edt\u00e9s\u00e9nek ind\u00edtv\u00e1nya egy csal\u00e1di dokumentum t\u00fckr\u00e9ben"},"content":{"rendered":"<p class=\"has-text-align-right\"><a href=\"https:\/\/doi.org\/10.55344\/andfh.2203066\" target=\"_blank\" rel=\"noreferrer noopener\">DOI: 10.55344\/andfh.2203066<\/a><\/p>\n\n\n\n<p><em>Abszrakt<\/em><\/p>\n\n\n\n<p><strong>A jelen dolgozat egy olyan kezdem\u00e9nyez\u00e9st k\u00edv\u00e1n bemutatni, amely Magyarorsz\u00e1gon a g\u00f6r\u00f6gkatolikus ap\u00e1carend \u2013 a bazilissza n\u0151v\u00e9rek \u2013 \u00fajonnan t\u00f6rt\u00e9n\u0151 letelep\u00edt\u00e9s\u00e9t c\u00e9lozta meg 1917-ben. Val\u00f3j\u00e1ban \u00fajj\u00e1\u00e9leszt\u00e9sr\u0151l lett volna sz\u00f3, hiszen a biz\u00e1nci szertart\u00e1s\u00fa ap\u00e1c\u00e1k m\u00e1r Szent Istv\u00e1n kor\u00e1ban, s\u0151t el\u0151tte jelen voltak haz\u00e1nkban. Ivancs\u00f3 Anna nagyszab\u00e1s\u00fa \u00e9s r\u00e9szletekbe men\u0151 tervet dolgozott ki, amit az akkori megy\u00e9sp\u00fcsp\u00f6knek ny\u00fajtott be. A 20. sz\u00e1zad elej\u00e9n a \u201en\u0151-\u00fcgy\u201d magasabb n\u00edv\u00f3ra emel\u00e9s\u00e9t k\u00edv\u00e1nta el\u00e9rni: az im\u00e1dkoz\u00e1s mellett a szoci\u00e1lis, karitat\u00edv, oktat\u00e1si \u00e9s nevel\u00e9si tev\u00e9kenys\u00e9gek megval\u00f3s\u00edt\u00e1s\u00e1t t\u0171zte ki c\u00e9lul. A csal\u00e1di lev\u00e9lt\u00e1ri dokumentumon szerepl\u0151 p\u00fcsp\u00f6ki f\u00f6ljegyz\u00e9s azonban azt mutatja, hogy a k\u00e9r\u00e9s akkor nem volt aktu\u00e1lis, s a letelep\u00edt\u00e9s \u00e9s \u00fajrakezd\u00e9s csaknem k\u00e9t \u00e9vtized m\u00falva t\u00f6rt\u00e9nt meg.<\/strong><\/p>\n\n\n\n<div style=\"height:100px\" aria-hidden=\"true\" class=\"wp-block-spacer\"><\/div>\n\n\n\n<div data-wp-interactive=\"core\/file\" class=\"wp-block-file\"><object data-wp-bind--hidden=\"!state.hasPdfPreview\"  class=\"wp-block-file__embed\" data=\"https:\/\/www.femmeharmone.com\/wp-content\/uploads\/2023\/02\/ND_2022_Osz_v3_Ivancso_Istvan.pdf\" type=\"application\/pdf\" style=\"width:100%;height:1500px\" aria-label=\"Embed of ND_2022_Osz_v3_Ivancs\u00f3_Istv\u00e1n.\"><\/object><a id=\"wp-block-file--media-079b9590-f9b1-40b2-929b-fa07bf00d4f0\" href=\"https:\/\/www.femmeharmone.com\/wp-content\/uploads\/2023\/02\/ND_2022_Osz_v3_Ivancso_Istvan.pdf\">ND_2022_Osz_v3_Ivancs\u00f3_Istv\u00e1n<\/a><a href=\"https:\/\/www.femmeharmone.com\/wp-content\/uploads\/2023\/02\/ND_2022_Osz_v3_Ivancso_Istvan.pdf\" class=\"wp-block-file__button wp-element-button\" download aria-describedby=\"wp-block-file--media-079b9590-f9b1-40b2-929b-fa07bf00d4f0\">Let\u00f6lt\u00e9s<\/a><\/div>","protected":false},"excerpt":{"rendered":"<p>DOI: 10.55344\/andfh.2203066 Abszrakt A jelen dolgozat egy olyan kezdem\u00e9nyez\u00e9st k\u00edv\u00e1n bemutatni, amely Magyarorsz\u00e1gon a g\u00f6r\u00f6gkatolikus ap\u00e1carend \u2013 a bazilissza n\u0151v\u00e9rek \u2013 \u00fajonnan t\u00f6rt\u00e9n\u0151 letelep\u00edt\u00e9s\u00e9t c\u00e9lozta meg 1917-ben. Val\u00f3j\u00e1ban \u00fajj\u00e1\u00e9leszt\u00e9sr\u0151l lett volna sz\u00f3, hiszen a biz\u00e1nci szertart\u00e1s\u00fa ap\u00e1c\u00e1k m\u00e1r Szent Istv\u00e1n kor\u00e1ban, s\u0151t el\u0151tte jelen voltak haz\u00e1nkban. Ivancs\u00f3 Anna nagyszab\u00e1s\u00fa \u00e9s r\u00e9szletekbe men\u0151 tervet dolgozott ki,&hellip;<\/p>","protected":false},"author":1,"featured_media":0,"parent":3043,"menu_order":4,"comment_status":"closed","ping_status":"closed","template":"page-article.php","meta":{"inline_featured_image":false,"footnotes":""},"categories":[],"tags":[],"_links":{"self":[{"href":"https:\/\/www.femmeharmone.com\/eng\/wp-json\/wp\/v2\/pages\/3079"}],"collection":[{"href":"https:\/\/www.femmeharmone.com\/eng\/wp-json\/wp\/v2\/pages"}],"about":[{"href":"https:\/\/www.femmeharmone.com\/eng\/wp-json\/wp\/v2\/types\/page"}],"author":[{"embeddable":true,"href":"https:\/\/www.femmeharmone.com\/eng\/wp-json\/wp\/v2\/users\/1"}],"replies":[{"embeddable":true,"href":"https:\/\/www.femmeharmone.com\/eng\/wp-json\/wp\/v2\/comments?post=3079"}],"version-history":[{"count":6,"href":"https:\/\/www.femmeharmone.com\/eng\/wp-json\/wp\/v2\/pages\/3079\/revisions"}],"predecessor-version":[{"id":3306,"href":"https:\/\/www.femmeharmone.com\/eng\/wp-json\/wp\/v2\/pages\/3079\/revisions\/3306"}],"up":[{"embeddable":true,"href":"https:\/\/www.femmeharmone.com\/eng\/wp-json\/wp\/v2\/pages\/3043"}],"wp:attachment":[{"href":"https:\/\/www.femmeharmone.com\/eng\/wp-json\/wp\/v2\/media?parent=3079"}],"wp:term":[{"taxonomy":"category","embeddable":true,"href":"https:\/\/www.femmeharmone.com\/eng\/wp-json\/wp\/v2\/categories?post=3079"},{"taxonomy":"post_tag","embeddable":true,"href":"https:\/\/www.femmeharmone.com\/eng\/wp-json\/wp\/v2\/tags?post=3079"}],"curies":[{"name":"wp","href":"https:\/\/api.w.org\/{rel}","templated":true}]}}