{"id":3081,"date":"2022-12-29T16:15:09","date_gmt":"2022-12-29T16:15:09","guid":{"rendered":"https:\/\/www.femmeharmone.com\/?page_id=3081"},"modified":"2023-02-08T15:53:50","modified_gmt":"2023-02-08T15:53:50","slug":"keller-peter-kik-es-hogyan-gyogyitottak-egerben-gardonyi-fajo-csaladi-sebeitmegteres-es-megertes-a-katolikus-eger-es-papjai-gardonyi-geza-eleteben","status":"publish","type":"page","link":"https:\/\/www.femmeharmone.com\/eng\/a-noi-dimenzio\/ii-evfolyam-3-szam\/tudomany\/keller-peter-kik-es-hogyan-gyogyitottak-egerben-gardonyi-fajo-csaladi-sebeitmegteres-es-megertes-a-katolikus-eger-es-papjai-gardonyi-geza-eleteben\/","title":{"rendered":"<em>Keller P\u00e9ter:<\/em> Kik \u00e9s hogyan gy\u00f3gy\u00edtott\u00e1k Egerben G\u00e1rdonyi f\u00e1j\u00f3 csal\u00e1di sebeit?<br>Megt\u00e9r\u00e9s \u00e9s meg\u00e9rt\u00e9s: a katolikus Eger \u00e9s papjai G\u00e1rdonyi G\u00e9za \u00e9let\u00e9ben"},"content":{"rendered":"<p class=\"has-text-align-right\"><a href=\"https:\/\/doi.org\/10.55344\/andfh.2203081\" target=\"_blank\" rel=\"noreferrer noopener\">DOI: 10.55344\/andfh.2203081<\/a><\/p>\n\n\n\n<div style=\"height:100px\" aria-hidden=\"true\" class=\"wp-block-spacer\"><\/div>\n\n\n\n<div data-wp-interactive=\"core\/file\" class=\"wp-block-file\"><object data-wp-bind--hidden=\"!state.hasPdfPreview\"  class=\"wp-block-file__embed\" data=\"https:\/\/www.femmeharmone.com\/wp-content\/uploads\/2023\/02\/ND_2022_Osz_v3_Keller_Peter.pdf\" type=\"application\/pdf\" style=\"width:100%;height:1500px\" aria-label=\"Embed of ND_2022_Osz_v3_Keller_P\u00e9ter.\"><\/object><a id=\"wp-block-file--media-2790c39e-d026-4c86-9574-f253bba5f417\" href=\"https:\/\/www.femmeharmone.com\/wp-content\/uploads\/2023\/02\/ND_2022_Osz_v3_Keller_Peter.pdf\">ND_2022_Osz_v3_Keller_P\u00e9ter<\/a><a href=\"https:\/\/www.femmeharmone.com\/wp-content\/uploads\/2023\/02\/ND_2022_Osz_v3_Keller_Peter.pdf\" class=\"wp-block-file__button wp-element-button\" download aria-describedby=\"wp-block-file--media-2790c39e-d026-4c86-9574-f253bba5f417\">Let\u00f6lt\u00e9s<\/a><\/div>","protected":false},"excerpt":{"rendered":"<p>DOI: 10.55344\/andfh.2203081<\/p>","protected":false},"author":1,"featured_media":0,"parent":3043,"menu_order":5,"comment_status":"closed","ping_status":"closed","template":"page-article.php","meta":{"inline_featured_image":false,"footnotes":""},"categories":[],"tags":[],"_links":{"self":[{"href":"https:\/\/www.femmeharmone.com\/eng\/wp-json\/wp\/v2\/pages\/3081"}],"collection":[{"href":"https:\/\/www.femmeharmone.com\/eng\/wp-json\/wp\/v2\/pages"}],"about":[{"href":"https:\/\/www.femmeharmone.com\/eng\/wp-json\/wp\/v2\/types\/page"}],"author":[{"embeddable":true,"href":"https:\/\/www.femmeharmone.com\/eng\/wp-json\/wp\/v2\/users\/1"}],"replies":[{"embeddable":true,"href":"https:\/\/www.femmeharmone.com\/eng\/wp-json\/wp\/v2\/comments?post=3081"}],"version-history":[{"count":5,"href":"https:\/\/www.femmeharmone.com\/eng\/wp-json\/wp\/v2\/pages\/3081\/revisions"}],"predecessor-version":[{"id":3307,"href":"https:\/\/www.femmeharmone.com\/eng\/wp-json\/wp\/v2\/pages\/3081\/revisions\/3307"}],"up":[{"embeddable":true,"href":"https:\/\/www.femmeharmone.com\/eng\/wp-json\/wp\/v2\/pages\/3043"}],"wp:attachment":[{"href":"https:\/\/www.femmeharmone.com\/eng\/wp-json\/wp\/v2\/media?parent=3081"}],"wp:term":[{"taxonomy":"category","embeddable":true,"href":"https:\/\/www.femmeharmone.com\/eng\/wp-json\/wp\/v2\/categories?post=3081"},{"taxonomy":"post_tag","embeddable":true,"href":"https:\/\/www.femmeharmone.com\/eng\/wp-json\/wp\/v2\/tags?post=3081"}],"curies":[{"name":"wp","href":"https:\/\/api.w.org\/{rel}","templated":true}]}}