{"id":3083,"date":"2022-12-29T16:17:34","date_gmt":"2022-12-29T16:17:34","guid":{"rendered":"https:\/\/www.femmeharmone.com\/?page_id=3083"},"modified":"2022-12-29T16:18:07","modified_gmt":"2022-12-29T16:18:07","slug":"bevezeto-gondolatok-rockenbauer-antal-ket-tanulmanyahoz","status":"publish","type":"page","link":"https:\/\/www.femmeharmone.com\/eng\/a-noi-dimenzio\/ii-evfolyam-3-szam\/tudomany\/bevezeto-gondolatok-rockenbauer-antal-ket-tanulmanyahoz\/","title":{"rendered":"Bevezet\u0151 gondolatok Rockenbauer Antal k\u00e9t tanulm\u00e1ny\u00e1hoz"},"content":{"rendered":"<p>Aki csak a k\u00f6z\u00e9piskolai fizikaanyag elsaj\u00e1t\u00edt\u00e1sakor annak meg\u00e9rt\u00e9s\u00e9re is t\u00f6rekedett, nagyon pontosan tiszt\u00e1ban van a XIX. sz\u00e1zad v\u00e9g\u00e9t\u0151l vel\u00fcnk l\u00e9v\u0151 szeml\u00e9leti probl\u00e9ma l\u00e9nyeg\u00e9vel. Newton \u00faj korszakot nyitott a f\u00f6ldi vil\u00e1g fizikai jelens\u00e9geinek matematikai modellez\u00e9s\u00e9vel, azonban ezek a modellek l\u00e9nyeg\u00e9ben a szabad szemmel megfigyelhet\u0151, \u00e9s ez\u00e1ltal kontroll\u00e1lt fizikai jelens\u00e9gek vil\u00e1g\u00e1t jelentette. Mintegy 100\u2013150 \u00e9vvel ezel\u0151tt azonban elkezdett ez a szabad szemmel l\u00e1that\u00f3 vil\u00e1g a tudom\u00e1ny sz\u00e1m\u00e1ra sz\u0171knek bizonyulni, \u00e9s k\u00e9t ir\u00e1nyba is l\u00e9p\u00e9seket tett szeml\u00e9leti kereteinek b\u0151v\u00edt\u00e9s\u00e9re, m\u00e9ghozz\u00e1 \u00fagy a mikroszk\u00f3pikus, mind a f\u00f6ldi m\u00e9reteket meghalad\u00f3 makroszk\u00f3pikus ir\u00e1nyba. Ezeken az \u00faj ter\u00fcleteken azonban a k\u00f6zvetlen, \u00e9rz\u00e9ki kontroll lehet\u0151s\u00e9geit elvesztette, \u00e9s min\u00e9l jobban t\u00e1volodott a \u201eszabad szemmel l\u00e1that\u00f3s\u00e1g\u201d m\u00e9rt\u00e9k\u00e9t\u0151l, ann\u00e1l elm\u00e9letibb\u00e9 v\u00e1lt, vagyis ann\u00e1l ink\u00e1bb alapozta a m\u00e9lyebbre hat\u00f3 matematikai modelljeit a megl\u00e9v\u0151 matematikai modelljeire, \u00e9s ann\u00e1l nehezebben tudta valamilyen detekt\u00e1l\u00e1si m\u00f3dszerrel, m\u00e9rhet\u0151 \u201ehat\u00e1sokban\u201d kimutatni modelljei helyess\u00e9g\u00e9t. Nem r\u00e9szletezve az elm\u00e9letek f\u00f6l\u00f6tti kontroll \u00f6sszetett neh\u00e9zs\u00e9geit, az id\u0151 el\u0151rehaladt\u00e1val egyre vil\u00e1gosabb\u00e1 v\u00e1lik, hogy ugyan tudom\u00e1nyt\u00f6rt\u00e9neti szempontb\u00f3l mindig logikus az, ahogyan a kutat\u00e1sok el\u0151rehaladt\u00e1val, az \u00e9ppen keletkez\u0151 \u00faj ismeretek hat\u00e1s\u00e1ra egy kutat\u00f3i k\u00f6z\u00f6ss\u00e9g szeml\u00e9lete felvesz bizonyos ir\u00e1nyokat, \u00e9s ezekben az ir\u00e1nyokban konzekvensen egy bizonyos szeml\u00e9letben \u00e9rtelmez\u0151dnek a jelens\u00e9gek, azonban \u00e9ppen az id\u0151beli elt\u00e1volod\u00e1s ma m\u00e1r megenged m\u00e1s ir\u00e1ny\u00fa r\u00e1tekint\u00e9st is ugyanazokra a jelens\u00e9gekre, amit sokszor az\u00f3ta keletkezett \u00faj ismeretek inspir\u00e1lnak m\u00e1s szeml\u00e9letben \u00e9rtelmezni. A szeml\u00e9letv\u00e1ltoz\u00e1s pedig nem kiz\u00e1rhat\u00f3 m\u00f3don \u00e9rintheti a jelens\u00e9gek \u00e9rtelmez\u00e9s\u00e9nek ak\u00e1r az alapjait is.<\/p>\n\n\n\n<p>Rockenbauer Antal, fizikus, a tudom\u00e1nyok doktora, professzor emeritus (Anyag \u00e9s K\u00f6rnyezetk\u00e9miai Int\u00e9zet, Term\u00e9szettudom\u00e1nyi Kutat\u00f3k\u00f6zpont, Budapest Docteur honoris causa, University Aix-Marseille \u2013 sz\u00e1mos jelent\u0151s publik\u00e1ci\u00f3 szerz\u0151je) az al\u00e1bbi k\u00e9t tanulm\u00e1ny\u00e1ban r\u00e9szletesen indokolja, hogy a fizika tudom\u00e1ny\u00e1ban mi\u00e9rt lenne elengedhetetlen\u00fcl sz\u00fcks\u00e9ges a szabad szemmel \u00e9rz\u00e9kelhet\u0151 vil\u00e1gban kialakult \u201et\u00f6meg\u201d-alap\u00fa szeml\u00e9let\u00fcnk fogalomrendszer\u00e9t lecser\u00e9lni a val\u00f3j\u00e1ban legal\u00e1bb 100 \u00e9ve \u00e9rv\u00e9nyt nyert \u201emozg\u00e1s\u201d-alap\u00fa fogalomrendszerre. Tov\u00e1bb\u00e1 bemutatja, hogy a konzekvens fogalomhaszn\u00e1lat keretei k\u00f6z\u00f6tt bizony m\u00f3d van a jelens\u00e9geknek a m\u00e1r meggy\u00f6keresedetthez k\u00e9pest jelent\u0151sen elt\u00e9r\u0151 \u00e9rtelmez\u00e9st tulajdon\u00edtani, \u00e9s ak\u00e1r olyan k\u00f6zhaszn\u00e1latba ker\u00fclt fogalmak \u00e9rv\u00e9nyess\u00e9g\u00e9t is k\u00e9ts\u00e9gbe vonni, mint a \u201es\u00f6t\u00e9t anyag\u201d.<\/p>\n\n\n\n<p>Mi abban a biztos tudatban adunk helyet Rockenbauer Antal k\u00e9t tanulm\u00e1ny\u00e1nak, hogy egyr\u00e9szt a tudom\u00e1ny fejl\u0151d\u00e9s\u00e9t csakis az \u00f6nmag\u00e1ban val\u00f3 folytonos k\u00e9telked\u00e9s szolg\u00e1lhatja, m\u00e1sr\u00e9szt minden olyan probl\u00e9mafelvet\u00e9snek szabad mozg\u00e1steret kell nyitni, amelyik alapos szakmai felk\u00e9sz\u00fclts\u00e9g\u00e9hez \u00e9s \u00e9rdekmentes, k\u00f6vetkezetes megfogalmaz\u00e1s\u00e1hoz nem f\u00e9r k\u00e9ts\u00e9g. Ez\u00e9rt abban a rem\u00e9nyben bocs\u00e1tjuk \u00fatj\u00e1ra az al\u00e1bbi sorokat, hogy mindenkit, aki a benn\u00fck bonck\u00e9s al\u00e1 vett probl\u00e9m\u00e1khoz \u00e9rdemben viszonyul, \u00e9rdemi gondolkod\u00e1sra k\u00e9sztet.<\/p>\n\n\n\n<p class=\"has-text-align-right\"><em>(Szerk.)<\/em><em><br><\/em><\/p>","protected":false},"excerpt":{"rendered":"<p>Aki csak a k\u00f6z\u00e9piskolai fizikaanyag elsaj\u00e1t\u00edt\u00e1sakor annak meg\u00e9rt\u00e9s\u00e9re is t\u00f6rekedett, nagyon pontosan tiszt\u00e1ban van a XIX. sz\u00e1zad v\u00e9g\u00e9t\u0151l vel\u00fcnk l\u00e9v\u0151 szeml\u00e9leti probl\u00e9ma l\u00e9nyeg\u00e9vel. Newton \u00faj korszakot nyitott a f\u00f6ldi vil\u00e1g fizikai jelens\u00e9geinek matematikai modellez\u00e9s\u00e9vel, azonban ezek a modellek l\u00e9nyeg\u00e9ben a szabad szemmel megfigyelhet\u0151, \u00e9s ez\u00e1ltal kontroll\u00e1lt fizikai jelens\u00e9gek vil\u00e1g\u00e1t jelentette. Mintegy 100\u2013150 \u00e9vvel ezel\u0151tt azonban&hellip;<\/p>","protected":false},"author":1,"featured_media":0,"parent":3043,"menu_order":6,"comment_status":"closed","ping_status":"closed","template":"page-article.php","meta":{"inline_featured_image":false,"footnotes":""},"categories":[],"tags":[],"_links":{"self":[{"href":"https:\/\/www.femmeharmone.com\/eng\/wp-json\/wp\/v2\/pages\/3083"}],"collection":[{"href":"https:\/\/www.femmeharmone.com\/eng\/wp-json\/wp\/v2\/pages"}],"about":[{"href":"https:\/\/www.femmeharmone.com\/eng\/wp-json\/wp\/v2\/types\/page"}],"author":[{"embeddable":true,"href":"https:\/\/www.femmeharmone.com\/eng\/wp-json\/wp\/v2\/users\/1"}],"replies":[{"embeddable":true,"href":"https:\/\/www.femmeharmone.com\/eng\/wp-json\/wp\/v2\/comments?post=3083"}],"version-history":[{"count":1,"href":"https:\/\/www.femmeharmone.com\/eng\/wp-json\/wp\/v2\/pages\/3083\/revisions"}],"predecessor-version":[{"id":3084,"href":"https:\/\/www.femmeharmone.com\/eng\/wp-json\/wp\/v2\/pages\/3083\/revisions\/3084"}],"up":[{"embeddable":true,"href":"https:\/\/www.femmeharmone.com\/eng\/wp-json\/wp\/v2\/pages\/3043"}],"wp:attachment":[{"href":"https:\/\/www.femmeharmone.com\/eng\/wp-json\/wp\/v2\/media?parent=3083"}],"wp:term":[{"taxonomy":"category","embeddable":true,"href":"https:\/\/www.femmeharmone.com\/eng\/wp-json\/wp\/v2\/categories?post=3083"},{"taxonomy":"post_tag","embeddable":true,"href":"https:\/\/www.femmeharmone.com\/eng\/wp-json\/wp\/v2\/tags?post=3083"}],"curies":[{"name":"wp","href":"https:\/\/api.w.org\/{rel}","templated":true}]}}