{"id":3085,"date":"2022-12-29T16:20:38","date_gmt":"2022-12-29T16:20:38","guid":{"rendered":"https:\/\/www.femmeharmone.com\/?page_id=3085"},"modified":"2023-02-08T15:54:34","modified_gmt":"2023-02-08T15:54:34","slug":"rockenbauer-antal-a-modern-fizika-kopernikuszi-paradigmavaltasa-es-kovetkezmenyei-a-vilagkepunkre","status":"publish","type":"page","link":"https:\/\/www.femmeharmone.com\/eng\/a-noi-dimenzio\/ii-evfolyam-3-szam\/tudomany\/rockenbauer-antal-a-modern-fizika-kopernikuszi-paradigmavaltasa-es-kovetkezmenyei-a-vilagkepunkre\/","title":{"rendered":"<em>Rockenbauer Antal:<\/em> A modern fizika kopernikuszi paradigmav\u00e1lt\u00e1sa (\u00e9s k\u00f6vetkezm\u00e9nyei a vil\u00e1gk\u00e9p\u00fcnkre)"},"content":{"rendered":"<p class=\"has-text-align-right\"><a href=\"https:\/\/doi.org\/10.55344\/andfh.2203093\" target=\"_blank\" rel=\"noreferrer noopener\">DOI: 10.55344\/andfh.2203093<\/a><\/p>\n\n\n\n<p><em>Absztrakt<\/em><\/p>\n\n\n\n<p><strong>A t\u00f6megk\u00f6z\u00e9ppont\u00fa fizik\u00e1t a mozg\u00e1s els\u0151bbs\u00e9g\u00e9t vall\u00f3 gondolkod\u00e1snak kell felv\u00e1ltani. A t\u00e9r f\u00e9nysebess\u00e9g\u0171 mozg\u00e1sa nem valamilyen anyagi objektum vagy k\u00f6zeg mozg\u00e1sa, hanem teremt\u0151 mozg\u00e1s, amely l\u00e9trehozza az anyagot. A t\u00e9r pontjait g\u00f6mbszimmetrikus kett\u0151sforg\u00e1sok, vagyis fermionok jel\u00f6lik ki, melyek \u00f6nfenntart\u00f3 mozg\u00e1sok, ahol egyens\u00falyban van a kifel\u00e9 hat\u00f3 centrifug\u00e1lis er\u0151 \u00e9s a befel\u00e9 h\u00faz\u00f3 (centripet\u00e1lis) extr\u00e9m gravit\u00e1ci\u00f3, amit a f\u00e9nysebess\u00e9ggel forg\u00f3 t\u00e9r g\u00f6rb\u00fclete hoz l\u00e9tre. A fermionokat \u00f6sszek\u00f6tik a kibocs\u00e1tott \u00e9s elnyelt f\u00e9nysebess\u00e9ggel terjed\u0151 mozg\u00e1sok, melyeket a f\u00e9nysebess\u00e9ggel forg\u00f3 rendszerben m\u0171k\u00f6d\u0151 tehetetlens\u00e9gi er\u0151k (Coriolis \u00e9s Euler) id\u00e9znek el\u0151. Minden k\u00f6lcs\u00f6nhat\u00e1st f\u00e9nysebess\u00e9ggel terjed\u0151 mozg\u00e1s k\u00f6zvet\u00edt: bozon az elektrom\u00e1gneses \u00e9s er\u0151s k\u00f6lcs\u00f6nhat\u00e1sban (foton, illetve gluonok), egy bozon \u00e9s egy fermion (W- \u00e9s Z-bozon, illetve neutr\u00edn\u00f3), a gyenge k\u00f6lcs\u00f6nhat\u00e1sban, \u00e9s a spinnel nem rendelkez\u0151 kepleronok a gravit\u00e1ci\u00f3ban.<\/strong><\/p>\n\n\n\n<p><em>Kulcsszavak:<\/em> elemi r\u00e9szecsk\u00e9k, spin, k\u00f6lcs\u00f6nhat\u00e1si bozonok \u00e9s medi\u00e1torok<\/p>\n\n\n\n<div style=\"height:100px\" aria-hidden=\"true\" class=\"wp-block-spacer\"><\/div>\n\n\n\n<div data-wp-interactive=\"core\/file\" class=\"wp-block-file\"><object data-wp-bind--hidden=\"!state.hasPdfPreview\"  class=\"wp-block-file__embed\" data=\"https:\/\/www.femmeharmone.com\/wp-content\/uploads\/2023\/02\/ND_2022_Osz_v3_Rockenbauer_Antal_modern_fizika.pdf\" type=\"application\/pdf\" style=\"width:100%;height:1500px\" aria-label=\"Embed of ND_2022_Osz_v3_Rockenbauer_Antal_modern_fizika.\"><\/object><a id=\"wp-block-file--media-86b471b6-b317-46a6-9f1d-d7d8cb3cfbfa\" href=\"https:\/\/www.femmeharmone.com\/wp-content\/uploads\/2023\/02\/ND_2022_Osz_v3_Rockenbauer_Antal_modern_fizika.pdf\">ND_2022_Osz_v3_Rockenbauer_Antal_modern_fizika<\/a><a href=\"https:\/\/www.femmeharmone.com\/wp-content\/uploads\/2023\/02\/ND_2022_Osz_v3_Rockenbauer_Antal_modern_fizika.pdf\" class=\"wp-block-file__button wp-element-button\" download aria-describedby=\"wp-block-file--media-86b471b6-b317-46a6-9f1d-d7d8cb3cfbfa\">Let\u00f6lt\u00e9s<\/a><\/div>","protected":false},"excerpt":{"rendered":"<p>DOI: 10.55344\/andfh.2203093 Absztrakt A t\u00f6megk\u00f6z\u00e9ppont\u00fa fizik\u00e1t a mozg\u00e1s els\u0151bbs\u00e9g\u00e9t vall\u00f3 gondolkod\u00e1snak kell felv\u00e1ltani. A t\u00e9r f\u00e9nysebess\u00e9g\u0171 mozg\u00e1sa nem valamilyen anyagi objektum vagy k\u00f6zeg mozg\u00e1sa, hanem teremt\u0151 mozg\u00e1s, amely l\u00e9trehozza az anyagot. A t\u00e9r pontjait g\u00f6mbszimmetrikus kett\u0151sforg\u00e1sok, vagyis fermionok jel\u00f6lik ki, melyek \u00f6nfenntart\u00f3 mozg\u00e1sok, ahol egyens\u00falyban van a kifel\u00e9 hat\u00f3 centrifug\u00e1lis er\u0151 \u00e9s a befel\u00e9 h\u00faz\u00f3&hellip;<\/p>","protected":false},"author":1,"featured_media":0,"parent":3043,"menu_order":7,"comment_status":"closed","ping_status":"closed","template":"page-article.php","meta":{"inline_featured_image":false,"footnotes":""},"categories":[],"tags":[],"_links":{"self":[{"href":"https:\/\/www.femmeharmone.com\/eng\/wp-json\/wp\/v2\/pages\/3085"}],"collection":[{"href":"https:\/\/www.femmeharmone.com\/eng\/wp-json\/wp\/v2\/pages"}],"about":[{"href":"https:\/\/www.femmeharmone.com\/eng\/wp-json\/wp\/v2\/types\/page"}],"author":[{"embeddable":true,"href":"https:\/\/www.femmeharmone.com\/eng\/wp-json\/wp\/v2\/users\/1"}],"replies":[{"embeddable":true,"href":"https:\/\/www.femmeharmone.com\/eng\/wp-json\/wp\/v2\/comments?post=3085"}],"version-history":[{"count":4,"href":"https:\/\/www.femmeharmone.com\/eng\/wp-json\/wp\/v2\/pages\/3085\/revisions"}],"predecessor-version":[{"id":3308,"href":"https:\/\/www.femmeharmone.com\/eng\/wp-json\/wp\/v2\/pages\/3085\/revisions\/3308"}],"up":[{"embeddable":true,"href":"https:\/\/www.femmeharmone.com\/eng\/wp-json\/wp\/v2\/pages\/3043"}],"wp:attachment":[{"href":"https:\/\/www.femmeharmone.com\/eng\/wp-json\/wp\/v2\/media?parent=3085"}],"wp:term":[{"taxonomy":"category","embeddable":true,"href":"https:\/\/www.femmeharmone.com\/eng\/wp-json\/wp\/v2\/categories?post=3085"},{"taxonomy":"post_tag","embeddable":true,"href":"https:\/\/www.femmeharmone.com\/eng\/wp-json\/wp\/v2\/tags?post=3085"}],"curies":[{"name":"wp","href":"https:\/\/api.w.org\/{rel}","templated":true}]}}