{"id":3087,"date":"2022-12-29T16:24:11","date_gmt":"2022-12-29T16:24:11","guid":{"rendered":"https:\/\/www.femmeharmone.com\/?page_id=3087"},"modified":"2023-02-08T15:54:58","modified_gmt":"2023-02-08T15:54:58","slug":"rockenbauer-antal-sotet-anyag-nem-letezik-a-kepleron-koncepcio-alapjan","status":"publish","type":"page","link":"https:\/\/www.femmeharmone.com\/eng\/a-noi-dimenzio\/ii-evfolyam-3-szam\/tudomany\/rockenbauer-antal-sotet-anyag-nem-letezik-a-kepleron-koncepcio-alapjan\/","title":{"rendered":"<em>Rockenbauer Antal:<\/em> S\u00f6t\u00e9t anyag nem l\u00e9tezik a kepleron-koncepci\u00f3 alapj\u00e1n"},"content":{"rendered":"<p class=\"has-text-align-right\"><a href=\"https:\/\/doi.org\/10.55344\/andfh.2203108\" target=\"_blank\" rel=\"noreferrer noopener\">DOI: 10.55344\/andfh.2203108<\/a><\/p>\n\n\n\n<p><em>Absztrakt<\/em><\/p>\n\n\n\n<p><strong>A kepleron-koncepci\u00f3 alapj\u00e1n \u00e9rtelmezz\u00fck az univerzum t\u00e1gul\u00e1s\u00e1nak Hubble-t\u00f6rv\u00e9ny\u00e9t, \u00f6sszevetve a kozmol\u00f3gia s\u00f6t\u00e9t anyagon \u00e9s s\u00f6t\u00e9t energi\u00e1n alapul\u00f3 elm\u00e9let\u00e9vel. Azt tal\u00e1ltuk, hogy sz\u00e1mos csillag\u00e1szati megfigyel\u00e9s (az Androm\u00e9da-k\u00f6d k\u00f6zeled\u00e9se, a spir\u00e1lis karokban a csillagok azonos kering\u00e9si sebess\u00e9ge, a galaxisforg\u00e1sok l\u00e9trej\u00f6tte, csillaghull\u00e1mz\u00e1s a Tej\u00fatban, a Tej\u00fat lapos fel\u00e9p\u00edt\u00e9se, a galaxisok sz\u00e1m\u00e1nak nagys\u00e1grendi becsl\u00e9se) egyar\u00e1nt a kepleron-modell mellett sz\u00f3l, \u00e9s ez\u00e9rt nincsen sz\u00fcks\u00e9g a s\u00f6t\u00e9t anyag hipot\u00e9zis\u00e9re. A galaxisok stabilit\u00e1s\u00e1t \u00e9s szerkezet\u00e9t nem a vonz\u00f3er\u0151 megn\u00f6vel\u00e9se magyar\u00e1zza, hanem k\u00fcls\u0151 kompresszi\u00f3, amit a t\u00e1voli galaxisok id\u00e9znek el\u0151. A galaxisok k\u00f6z\u00f6tti antigravit\u00e1ci\u00f3 f\u00fcggetlen a t\u00e1vols\u00e1gt\u00f3l, \u00f6sszhangban az Einstein \u00e1ltal bevezetett, a t\u00e9rben minden\u00fctt jelenlev\u0151 kozmikus \u00e1lland\u00f3val. A s\u00f6t\u00e9t energia val\u00f3j\u00e1ban a galaxisok k\u00f6z\u00f6tti tasz\u00edt\u00e1si energia. A kozmol\u00f3gia elm\u00e9leti alapjait is \u00fajra kell gondolni, \u0151srobban\u00e1s helyett a kezdeti \u0151sk\u00e1oszb\u00f3l indulhatott el egy sz\u00e9tv\u00e1l\u00e1si folyamat, amely a galaxisok kialakul\u00e1s\u00e1t okozta. Az \u0151sk\u00e1osz magas h\u0151m\u00e9rs\u00e9klet\u00e9n az \u00e1raml\u00f3 t\u00f6lt\u00e9sek foglyul ejtett\u00e9k a f\u00e9nyt, majd a leh\u0171l\u00e9s vezetett el a f\u00e9ny kiszabadul\u00e1s\u00e1hoz, amit a mikrohull\u00e1m\u00fa h\u00e1tt\u00e9rsug\u00e1rz\u00e1s jelez.<\/strong><\/p>\n\n\n\n<p><em>Kulcsszavak:<\/em> s\u00f6t\u00e9t energia, s\u00f6t\u00e9t anyag, kozmol\u00f3gia, kepleron<\/p>\n\n\n\n<div style=\"height:100px\" aria-hidden=\"true\" class=\"wp-block-spacer\"><\/div>\n\n\n\n<div data-wp-interactive=\"core\/file\" class=\"wp-block-file\"><object data-wp-bind--hidden=\"!state.hasPdfPreview\"  class=\"wp-block-file__embed\" data=\"https:\/\/www.femmeharmone.com\/wp-content\/uploads\/2023\/02\/ND_2022_Osz_v3_Rockenbauer_Antal_sotet_anyag.pdf\" type=\"application\/pdf\" style=\"width:100%;height:1500px\" aria-label=\"Embed of ND_2022_Osz_v3_Rockenbauer_Antal_s\u00f6t\u00e9t_anyag.\"><\/object><a id=\"wp-block-file--media-ff38000a-39a5-4483-9309-e97ebe5e132f\" href=\"https:\/\/www.femmeharmone.com\/wp-content\/uploads\/2023\/02\/ND_2022_Osz_v3_Rockenbauer_Antal_sotet_anyag.pdf\">ND_2022_Osz_v3_Rockenbauer_Antal_s\u00f6t\u00e9t_anyag<\/a><a href=\"https:\/\/www.femmeharmone.com\/wp-content\/uploads\/2023\/02\/ND_2022_Osz_v3_Rockenbauer_Antal_sotet_anyag.pdf\" class=\"wp-block-file__button wp-element-button\" download aria-describedby=\"wp-block-file--media-ff38000a-39a5-4483-9309-e97ebe5e132f\">Let\u00f6lt\u00e9s<\/a><\/div>","protected":false},"excerpt":{"rendered":"<p>DOI: 10.55344\/andfh.2203108 Absztrakt A kepleron-koncepci\u00f3 alapj\u00e1n \u00e9rtelmezz\u00fck az univerzum t\u00e1gul\u00e1s\u00e1nak Hubble-t\u00f6rv\u00e9ny\u00e9t, \u00f6sszevetve a kozmol\u00f3gia s\u00f6t\u00e9t anyagon \u00e9s s\u00f6t\u00e9t energi\u00e1n alapul\u00f3 elm\u00e9let\u00e9vel. Azt tal\u00e1ltuk, hogy sz\u00e1mos csillag\u00e1szati megfigyel\u00e9s (az Androm\u00e9da-k\u00f6d k\u00f6zeled\u00e9se, a spir\u00e1lis karokban a csillagok azonos kering\u00e9si sebess\u00e9ge, a galaxisforg\u00e1sok l\u00e9trej\u00f6tte, csillaghull\u00e1mz\u00e1s a Tej\u00fatban, a Tej\u00fat lapos fel\u00e9p\u00edt\u00e9se, a galaxisok sz\u00e1m\u00e1nak nagys\u00e1grendi becsl\u00e9se) egyar\u00e1nt a&hellip;<\/p>","protected":false},"author":1,"featured_media":0,"parent":3043,"menu_order":8,"comment_status":"closed","ping_status":"closed","template":"page-article.php","meta":{"inline_featured_image":false,"footnotes":""},"categories":[],"tags":[],"_links":{"self":[{"href":"https:\/\/www.femmeharmone.com\/eng\/wp-json\/wp\/v2\/pages\/3087"}],"collection":[{"href":"https:\/\/www.femmeharmone.com\/eng\/wp-json\/wp\/v2\/pages"}],"about":[{"href":"https:\/\/www.femmeharmone.com\/eng\/wp-json\/wp\/v2\/types\/page"}],"author":[{"embeddable":true,"href":"https:\/\/www.femmeharmone.com\/eng\/wp-json\/wp\/v2\/users\/1"}],"replies":[{"embeddable":true,"href":"https:\/\/www.femmeharmone.com\/eng\/wp-json\/wp\/v2\/comments?post=3087"}],"version-history":[{"count":5,"href":"https:\/\/www.femmeharmone.com\/eng\/wp-json\/wp\/v2\/pages\/3087\/revisions"}],"predecessor-version":[{"id":3309,"href":"https:\/\/www.femmeharmone.com\/eng\/wp-json\/wp\/v2\/pages\/3087\/revisions\/3309"}],"up":[{"embeddable":true,"href":"https:\/\/www.femmeharmone.com\/eng\/wp-json\/wp\/v2\/pages\/3043"}],"wp:attachment":[{"href":"https:\/\/www.femmeharmone.com\/eng\/wp-json\/wp\/v2\/media?parent=3087"}],"wp:term":[{"taxonomy":"category","embeddable":true,"href":"https:\/\/www.femmeharmone.com\/eng\/wp-json\/wp\/v2\/categories?post=3087"},{"taxonomy":"post_tag","embeddable":true,"href":"https:\/\/www.femmeharmone.com\/eng\/wp-json\/wp\/v2\/tags?post=3087"}],"curies":[{"name":"wp","href":"https:\/\/api.w.org\/{rel}","templated":true}]}}