{"id":3089,"date":"2022-12-29T16:25:57","date_gmt":"2022-12-29T16:25:57","guid":{"rendered":"https:\/\/www.femmeharmone.com\/?page_id=3089"},"modified":"2023-02-08T15:55:28","modified_gmt":"2023-02-08T15:55:28","slug":"nagy-erika-varga-benedek-az-en-kardom-a-tudomany-az-en-pajzsom-a-munka-hugonnai-vilma-az-elso-magyar-orvosno-emlekezete","status":"publish","type":"page","link":"https:\/\/www.femmeharmone.com\/eng\/a-noi-dimenzio\/ii-evfolyam-3-szam\/noportrek\/nagy-erika-varga-benedek-az-en-kardom-a-tudomany-az-en-pajzsom-a-munka-hugonnai-vilma-az-elso-magyar-orvosno-emlekezete\/","title":{"rendered":"<em>Nagy Erika \u2013 Varga Benedek:<\/em> \u201eAz \u00e9n kardom a tudom\u00e1ny, az \u00e9n pajzsom a munka.\u201d<br>Hugonnai Vilma, az els\u0151 magyar orvosn\u0151 eml\u00e9kezete"},"content":{"rendered":"<div style=\"height:100px\" aria-hidden=\"true\" class=\"wp-block-spacer\"><\/div>\n\n\n\n<div data-wp-interactive=\"core\/file\" class=\"wp-block-file\"><object data-wp-bind--hidden=\"!state.hasPdfPreview\"  class=\"wp-block-file__embed\" data=\"https:\/\/www.femmeharmone.com\/wp-content\/uploads\/2023\/02\/ND_2022_Osz_v3_Nagy_Erika_Varga_Benedek.pdf\" type=\"application\/pdf\" style=\"width:100%;height:1500px\" aria-label=\"Embed of ND_2022_Osz_v3_Nagy_Erika_Varga_Benedek.\"><\/object><a id=\"wp-block-file--media-e8bd1db7-ff56-4058-9fd3-93f0fa54986a\" href=\"https:\/\/www.femmeharmone.com\/wp-content\/uploads\/2023\/02\/ND_2022_Osz_v3_Nagy_Erika_Varga_Benedek.pdf\">ND_2022_Osz_v3_Nagy_Erika_Varga_Benedek<\/a><a href=\"https:\/\/www.femmeharmone.com\/wp-content\/uploads\/2023\/02\/ND_2022_Osz_v3_Nagy_Erika_Varga_Benedek.pdf\" class=\"wp-block-file__button wp-element-button\" download aria-describedby=\"wp-block-file--media-e8bd1db7-ff56-4058-9fd3-93f0fa54986a\">Let\u00f6lt\u00e9s<\/a><\/div>","protected":false},"excerpt":{"rendered":"","protected":false},"author":1,"featured_media":0,"parent":3045,"menu_order":1,"comment_status":"closed","ping_status":"closed","template":"page-article.php","meta":{"inline_featured_image":false,"footnotes":""},"categories":[],"tags":[],"_links":{"self":[{"href":"https:\/\/www.femmeharmone.com\/eng\/wp-json\/wp\/v2\/pages\/3089"}],"collection":[{"href":"https:\/\/www.femmeharmone.com\/eng\/wp-json\/wp\/v2\/pages"}],"about":[{"href":"https:\/\/www.femmeharmone.com\/eng\/wp-json\/wp\/v2\/types\/page"}],"author":[{"embeddable":true,"href":"https:\/\/www.femmeharmone.com\/eng\/wp-json\/wp\/v2\/users\/1"}],"replies":[{"embeddable":true,"href":"https:\/\/www.femmeharmone.com\/eng\/wp-json\/wp\/v2\/comments?post=3089"}],"version-history":[{"count":4,"href":"https:\/\/www.femmeharmone.com\/eng\/wp-json\/wp\/v2\/pages\/3089\/revisions"}],"predecessor-version":[{"id":3310,"href":"https:\/\/www.femmeharmone.com\/eng\/wp-json\/wp\/v2\/pages\/3089\/revisions\/3310"}],"up":[{"embeddable":true,"href":"https:\/\/www.femmeharmone.com\/eng\/wp-json\/wp\/v2\/pages\/3045"}],"wp:attachment":[{"href":"https:\/\/www.femmeharmone.com\/eng\/wp-json\/wp\/v2\/media?parent=3089"}],"wp:term":[{"taxonomy":"category","embeddable":true,"href":"https:\/\/www.femmeharmone.com\/eng\/wp-json\/wp\/v2\/categories?post=3089"},{"taxonomy":"post_tag","embeddable":true,"href":"https:\/\/www.femmeharmone.com\/eng\/wp-json\/wp\/v2\/tags?post=3089"}],"curies":[{"name":"wp","href":"https:\/\/api.w.org\/{rel}","templated":true}]}}