{"id":3093,"date":"2022-12-29T16:31:15","date_gmt":"2022-12-29T16:31:15","guid":{"rendered":"https:\/\/www.femmeharmone.com\/?page_id=3093"},"modified":"2023-02-08T15:58:01","modified_gmt":"2023-02-08T15:58:01","slug":"nyelvertelmezesek-es-letezes-havasine-schultz-maria-lang-benedek-istvanproszeky-gabor-moderator-jozsa-gyorgy-zoltan","status":"publish","type":"page","link":"https:\/\/www.femmeharmone.com\/eng\/a-noi-dimenzio\/ii-evfolyam-3-szam\/kerekasztal\/nyelvertelmezesek-es-letezes-havasine-schultz-maria-lang-benedek-istvanproszeky-gabor-moderator-jozsa-gyorgy-zoltan\/","title":{"rendered":"Nyelv\u00e9rtelmez\u00e9sek \u00e9s l\u00e9tez\u00e9s<br><em>(Havasin\u00e9 Schultz M\u00e1ria, L\u00e1ng Benedek Istv\u00e1n, Pr\u00f3sz\u00e9ky G\u00e1bor, moder\u00e1tor: J\u00f3zsa Gy\u00f6rgy Zolt\u00e1n)<\/em>"},"content":{"rendered":"<div style=\"height:100px\" aria-hidden=\"true\" class=\"wp-block-spacer\"><\/div>\n\n\n\n<div data-wp-interactive=\"core\/file\" class=\"wp-block-file\"><object data-wp-bind--hidden=\"!state.hasPdfPreview\"  class=\"wp-block-file__embed\" data=\"https:\/\/www.femmeharmone.com\/wp-content\/uploads\/2023\/02\/ND_2022_Osz_v3_Kerekasztal_nyelv.pdf\" type=\"application\/pdf\" style=\"width:100%;height:1500px\" aria-label=\"Embed of ND_2022_Osz_v3_Kerekasztal_nyelv.\"><\/object><a id=\"wp-block-file--media-fee5092c-6b05-40a1-8250-8391b85685ed\" href=\"https:\/\/www.femmeharmone.com\/wp-content\/uploads\/2023\/02\/ND_2022_Osz_v3_Kerekasztal_nyelv.pdf\">ND_2022_Osz_v3_Kerekasztal_nyelv<\/a><a href=\"https:\/\/www.femmeharmone.com\/wp-content\/uploads\/2023\/02\/ND_2022_Osz_v3_Kerekasztal_nyelv.pdf\" class=\"wp-block-file__button wp-element-button\" download aria-describedby=\"wp-block-file--media-fee5092c-6b05-40a1-8250-8391b85685ed\">Let\u00f6lt\u00e9s<\/a><\/div>","protected":false},"excerpt":{"rendered":"","protected":false},"author":1,"featured_media":0,"parent":3047,"menu_order":2,"comment_status":"closed","ping_status":"closed","template":"page-article.php","meta":{"inline_featured_image":false,"footnotes":""},"categories":[],"tags":[],"_links":{"self":[{"href":"https:\/\/www.femmeharmone.com\/eng\/wp-json\/wp\/v2\/pages\/3093"}],"collection":[{"href":"https:\/\/www.femmeharmone.com\/eng\/wp-json\/wp\/v2\/pages"}],"about":[{"href":"https:\/\/www.femmeharmone.com\/eng\/wp-json\/wp\/v2\/types\/page"}],"author":[{"embeddable":true,"href":"https:\/\/www.femmeharmone.com\/eng\/wp-json\/wp\/v2\/users\/1"}],"replies":[{"embeddable":true,"href":"https:\/\/www.femmeharmone.com\/eng\/wp-json\/wp\/v2\/comments?post=3093"}],"version-history":[{"count":4,"href":"https:\/\/www.femmeharmone.com\/eng\/wp-json\/wp\/v2\/pages\/3093\/revisions"}],"predecessor-version":[{"id":3312,"href":"https:\/\/www.femmeharmone.com\/eng\/wp-json\/wp\/v2\/pages\/3093\/revisions\/3312"}],"up":[{"embeddable":true,"href":"https:\/\/www.femmeharmone.com\/eng\/wp-json\/wp\/v2\/pages\/3047"}],"wp:attachment":[{"href":"https:\/\/www.femmeharmone.com\/eng\/wp-json\/wp\/v2\/media?parent=3093"}],"wp:term":[{"taxonomy":"category","embeddable":true,"href":"https:\/\/www.femmeharmone.com\/eng\/wp-json\/wp\/v2\/categories?post=3093"},{"taxonomy":"post_tag","embeddable":true,"href":"https:\/\/www.femmeharmone.com\/eng\/wp-json\/wp\/v2\/tags?post=3093"}],"curies":[{"name":"wp","href":"https:\/\/api.w.org\/{rel}","templated":true}]}}