{"id":3097,"date":"2022-12-29T16:33:22","date_gmt":"2022-12-29T16:33:22","guid":{"rendered":"https:\/\/www.femmeharmone.com\/?page_id=3097"},"modified":"2023-02-08T15:59:13","modified_gmt":"2023-02-08T15:59:13","slug":"farkas-beata-gazdasag-es-vallas-a-gazdasagi-spiritualitas-innovativ-modelljei","status":"publish","type":"page","link":"https:\/\/www.femmeharmone.com\/eng\/a-noi-dimenzio\/ii-evfolyam-3-szam\/szemle\/farkas-beata-gazdasag-es-vallas-a-gazdasagi-spiritualitas-innovativ-modelljei\/","title":{"rendered":"<em>Farkas Be\u00e1ta:<\/em> Gazdas\u00e1g \u00e9s vall\u00e1s. A gazdas\u00e1gi spiritualit\u00e1s innovat\u00edv modelljei"},"content":{"rendered":"<div style=\"height:100px\" aria-hidden=\"true\" class=\"wp-block-spacer\"><\/div>\n\n\n\n<div data-wp-interactive=\"core\/file\" class=\"wp-block-file\"><object data-wp-bind--hidden=\"!state.hasPdfPreview\"  class=\"wp-block-file__embed\" data=\"https:\/\/www.femmeharmone.com\/wp-content\/uploads\/2023\/02\/ND_2022_Osz_v3_Farkas_Beata.pdf\" type=\"application\/pdf\" style=\"width:100%;height:1500px\" aria-label=\"Embed of ND_2022_Osz_v3_Farkas_Be\u00e1ta.\"><\/object><a id=\"wp-block-file--media-cbcf05ab-33ab-46c0-b677-80fc50d311d8\" href=\"https:\/\/www.femmeharmone.com\/wp-content\/uploads\/2023\/02\/ND_2022_Osz_v3_Farkas_Beata.pdf\">ND_2022_Osz_v3_Farkas_Be\u00e1ta<\/a><a href=\"https:\/\/www.femmeharmone.com\/wp-content\/uploads\/2023\/02\/ND_2022_Osz_v3_Farkas_Beata.pdf\" class=\"wp-block-file__button wp-element-button\" download aria-describedby=\"wp-block-file--media-cbcf05ab-33ab-46c0-b677-80fc50d311d8\">Let\u00f6lt\u00e9s<\/a><\/div>","protected":false},"excerpt":{"rendered":"","protected":false},"author":1,"featured_media":0,"parent":3049,"menu_order":2,"comment_status":"closed","ping_status":"closed","template":"page-article.php","meta":{"inline_featured_image":false,"footnotes":""},"categories":[],"tags":[],"_links":{"self":[{"href":"https:\/\/www.femmeharmone.com\/eng\/wp-json\/wp\/v2\/pages\/3097"}],"collection":[{"href":"https:\/\/www.femmeharmone.com\/eng\/wp-json\/wp\/v2\/pages"}],"about":[{"href":"https:\/\/www.femmeharmone.com\/eng\/wp-json\/wp\/v2\/types\/page"}],"author":[{"embeddable":true,"href":"https:\/\/www.femmeharmone.com\/eng\/wp-json\/wp\/v2\/users\/1"}],"replies":[{"embeddable":true,"href":"https:\/\/www.femmeharmone.com\/eng\/wp-json\/wp\/v2\/comments?post=3097"}],"version-history":[{"count":4,"href":"https:\/\/www.femmeharmone.com\/eng\/wp-json\/wp\/v2\/pages\/3097\/revisions"}],"predecessor-version":[{"id":3314,"href":"https:\/\/www.femmeharmone.com\/eng\/wp-json\/wp\/v2\/pages\/3097\/revisions\/3314"}],"up":[{"embeddable":true,"href":"https:\/\/www.femmeharmone.com\/eng\/wp-json\/wp\/v2\/pages\/3049"}],"wp:attachment":[{"href":"https:\/\/www.femmeharmone.com\/eng\/wp-json\/wp\/v2\/media?parent=3097"}],"wp:term":[{"taxonomy":"category","embeddable":true,"href":"https:\/\/www.femmeharmone.com\/eng\/wp-json\/wp\/v2\/categories?post=3097"},{"taxonomy":"post_tag","embeddable":true,"href":"https:\/\/www.femmeharmone.com\/eng\/wp-json\/wp\/v2\/tags?post=3097"}],"curies":[{"name":"wp","href":"https:\/\/api.w.org\/{rel}","templated":true}]}}