{"id":3105,"date":"2022-12-29T16:36:57","date_gmt":"2022-12-29T16:36:57","guid":{"rendered":"https:\/\/www.femmeharmone.com\/?page_id=3105"},"modified":"2024-12-06T14:10:35","modified_gmt":"2024-12-06T14:10:35","slug":"luca-virtualis-kiallitas","status":"publish","type":"page","link":"https:\/\/www.femmeharmone.com\/eng\/a-noi-dimenzio\/ii-evfolyam-3-szam\/ismeret-szerzo\/luca-virtualis-kiallitas\/","title":{"rendered":"Luca \u2013 virtu\u00e1lis ki\u00e1ll\u00edt\u00e1s"},"content":{"rendered":"<div style=\"height:100px\" aria-hidden=\"true\" class=\"wp-block-spacer\"><\/div>\n\n\n\n<p class=\"has-text-align-center has-large-font-size\">Luca ki\u00e1ll\u00edt\u00e1s: <a href=\"https:\/\/lucanap.hu\/\" target=\"_blank\" rel=\"noreferrer noopener\">https:\/\/lucanap.hu\/<\/a><\/p>\n\n\n\n<div style=\"height:100px\" aria-hidden=\"true\" class=\"wp-block-spacer\"><\/div>\n\n\n\n<div data-wp-interactive=\"core\/file\" class=\"wp-block-file\"><object data-wp-bind--hidden=\"!state.hasPdfPreview\"  class=\"wp-block-file__embed\" data=\"https:\/\/www.femmeharmone.com\/wp-content\/uploads\/2023\/02\/ND_2022_Osz_v3_Luca.pdf\" type=\"application\/pdf\" style=\"width:100%;height:1500px\" aria-label=\"Embed of ND_2022_Osz_v3_Luca.\"><\/object><a id=\"wp-block-file--media-48341ffb-18f9-45e6-878c-e000d2b3800f\" href=\"https:\/\/www.femmeharmone.com\/wp-content\/uploads\/2023\/02\/ND_2022_Osz_v3_Luca.pdf\">ND_2022_Osz_v3_Luca<\/a><a href=\"https:\/\/www.femmeharmone.com\/wp-content\/uploads\/2023\/02\/ND_2022_Osz_v3_Luca.pdf\" class=\"wp-block-file__button wp-element-button\" download aria-describedby=\"wp-block-file--media-48341ffb-18f9-45e6-878c-e000d2b3800f\">Let\u00f6lt\u00e9s<\/a><\/div>\n\n\n\n<div style=\"height:100px\" aria-hidden=\"true\" class=\"wp-block-spacer\"><\/div>\n\n\n\n<div data-wp-interactive=\"core\/file\" class=\"wp-block-file\"><object data-wp-bind--hidden=\"!state.hasPdfPreview\"  class=\"wp-block-file__embed\" data=\"https:\/\/www.femmeharmone.com\/wp-content\/uploads\/2024\/12\/LUCA_lapozo.pdf\" type=\"application\/pdf\" style=\"width:100%;height:800px\" aria-label=\"Embed of LUCA_lapozo.\"><\/object><a id=\"wp-block-file--media-cead0550-8b42-428f-8093-49394b053c89\" href=\"https:\/\/www.femmeharmone.com\/wp-content\/uploads\/2024\/12\/LUCA_lapozo.pdf\">LUCA_lapozo<\/a><a href=\"https:\/\/www.femmeharmone.com\/wp-content\/uploads\/2024\/12\/LUCA_lapozo.pdf\" class=\"wp-block-file__button wp-element-button\" download aria-describedby=\"wp-block-file--media-cead0550-8b42-428f-8093-49394b053c89\">Let\u00f6lt\u00e9s<\/a><\/div>","protected":false},"excerpt":{"rendered":"<p>Luca ki\u00e1ll\u00edt\u00e1s: https:\/\/lucanap.hu\/<\/p>","protected":false},"author":1,"featured_media":0,"parent":3051,"menu_order":3,"comment_status":"closed","ping_status":"closed","template":"page-article.php","meta":{"inline_featured_image":false,"footnotes":""},"categories":[],"tags":[],"_links":{"self":[{"href":"https:\/\/www.femmeharmone.com\/eng\/wp-json\/wp\/v2\/pages\/3105"}],"collection":[{"href":"https:\/\/www.femmeharmone.com\/eng\/wp-json\/wp\/v2\/pages"}],"about":[{"href":"https:\/\/www.femmeharmone.com\/eng\/wp-json\/wp\/v2\/types\/page"}],"author":[{"embeddable":true,"href":"https:\/\/www.femmeharmone.com\/eng\/wp-json\/wp\/v2\/users\/1"}],"replies":[{"embeddable":true,"href":"https:\/\/www.femmeharmone.com\/eng\/wp-json\/wp\/v2\/comments?post=3105"}],"version-history":[{"count":11,"href":"https:\/\/www.femmeharmone.com\/eng\/wp-json\/wp\/v2\/pages\/3105\/revisions"}],"predecessor-version":[{"id":5051,"href":"https:\/\/www.femmeharmone.com\/eng\/wp-json\/wp\/v2\/pages\/3105\/revisions\/5051"}],"up":[{"embeddable":true,"href":"https:\/\/www.femmeharmone.com\/eng\/wp-json\/wp\/v2\/pages\/3051"}],"wp:attachment":[{"href":"https:\/\/www.femmeharmone.com\/eng\/wp-json\/wp\/v2\/media?parent=3105"}],"wp:term":[{"taxonomy":"category","embeddable":true,"href":"https:\/\/www.femmeharmone.com\/eng\/wp-json\/wp\/v2\/categories?post=3105"},{"taxonomy":"post_tag","embeddable":true,"href":"https:\/\/www.femmeharmone.com\/eng\/wp-json\/wp\/v2\/tags?post=3105"}],"curies":[{"name":"wp","href":"https:\/\/api.w.org\/{rel}","templated":true}]}}