{"id":3113,"date":"2022-12-29T16:38:12","date_gmt":"2022-12-29T16:38:12","guid":{"rendered":"https:\/\/www.femmeharmone.com\/?page_id=3113"},"modified":"2023-02-08T16:06:45","modified_gmt":"2023-02-08T16:06:45","slug":"vegh-andras-brada-tibor-festomuvesz-emlekere","status":"publish","type":"page","link":"https:\/\/www.femmeharmone.com\/eng\/a-noi-dimenzio\/ii-evfolyam-3-szam\/in-memoriam\/vegh-andras-brada-tibor-festomuvesz-emlekere\/","title":{"rendered":"<em>V\u00e9gh Andr\u00e1s:<\/em> Br\u00e1da Tibor fest\u0151m\u0171v\u00e9sz eml\u00e9k\u00e9re"},"content":{"rendered":"<div style=\"height:100px\" aria-hidden=\"true\" class=\"wp-block-spacer\"><\/div>\n\n\n\n<div data-wp-interactive=\"core\/file\" class=\"wp-block-file\"><object data-wp-bind--hidden=\"!state.hasPdfPreview\"  class=\"wp-block-file__embed\" data=\"https:\/\/www.femmeharmone.com\/wp-content\/uploads\/2023\/02\/ND_2022_Osz_v3_Vegh_Andras.pdf\" type=\"application\/pdf\" style=\"width:100%;height:1500px\" aria-label=\"Embed of ND_2022_Osz_v3_V\u00e9gh_Andr\u00e1s.\"><\/object><a id=\"wp-block-file--media-5dee5671-1497-43c7-ad85-549c770490da\" href=\"https:\/\/www.femmeharmone.com\/wp-content\/uploads\/2023\/02\/ND_2022_Osz_v3_Vegh_Andras.pdf\">ND_2022_Osz_v3_V\u00e9gh_Andr\u00e1s<\/a><a href=\"https:\/\/www.femmeharmone.com\/wp-content\/uploads\/2023\/02\/ND_2022_Osz_v3_Vegh_Andras.pdf\" class=\"wp-block-file__button wp-element-button\" download aria-describedby=\"wp-block-file--media-5dee5671-1497-43c7-ad85-549c770490da\">Let\u00f6lt\u00e9s<\/a><\/div>","protected":false},"excerpt":{"rendered":"","protected":false},"author":1,"featured_media":0,"parent":3053,"menu_order":3,"comment_status":"closed","ping_status":"closed","template":"page-article.php","meta":{"inline_featured_image":false,"footnotes":""},"categories":[],"tags":[],"_links":{"self":[{"href":"https:\/\/www.femmeharmone.com\/eng\/wp-json\/wp\/v2\/pages\/3113"}],"collection":[{"href":"https:\/\/www.femmeharmone.com\/eng\/wp-json\/wp\/v2\/pages"}],"about":[{"href":"https:\/\/www.femmeharmone.com\/eng\/wp-json\/wp\/v2\/types\/page"}],"author":[{"embeddable":true,"href":"https:\/\/www.femmeharmone.com\/eng\/wp-json\/wp\/v2\/users\/1"}],"replies":[{"embeddable":true,"href":"https:\/\/www.femmeharmone.com\/eng\/wp-json\/wp\/v2\/comments?post=3113"}],"version-history":[{"count":4,"href":"https:\/\/www.femmeharmone.com\/eng\/wp-json\/wp\/v2\/pages\/3113\/revisions"}],"predecessor-version":[{"id":3322,"href":"https:\/\/www.femmeharmone.com\/eng\/wp-json\/wp\/v2\/pages\/3113\/revisions\/3322"}],"up":[{"embeddable":true,"href":"https:\/\/www.femmeharmone.com\/eng\/wp-json\/wp\/v2\/pages\/3053"}],"wp:attachment":[{"href":"https:\/\/www.femmeharmone.com\/eng\/wp-json\/wp\/v2\/media?parent=3113"}],"wp:term":[{"taxonomy":"category","embeddable":true,"href":"https:\/\/www.femmeharmone.com\/eng\/wp-json\/wp\/v2\/categories?post=3113"},{"taxonomy":"post_tag","embeddable":true,"href":"https:\/\/www.femmeharmone.com\/eng\/wp-json\/wp\/v2\/tags?post=3113"}],"curies":[{"name":"wp","href":"https:\/\/api.w.org\/{rel}","templated":true}]}}