{"id":3115,"date":"2022-12-29T16:40:21","date_gmt":"2022-12-29T16:40:21","guid":{"rendered":"https:\/\/www.femmeharmone.com\/?page_id=3115"},"modified":"2023-02-08T16:08:03","modified_gmt":"2023-02-08T16:08:03","slug":"magyari-beck-istvanra-az-mkt-kulturagazdasag-szakosztalyanak-alapito-elnokere-professor-emeritusra-emlekezunk","status":"publish","type":"page","link":"https:\/\/www.femmeharmone.com\/eng\/a-noi-dimenzio\/ii-evfolyam-3-szam\/in-memoriam\/magyari-beck-istvanra-az-mkt-kulturagazdasag-szakosztalyanak-alapito-elnokere-professor-emeritusra-emlekezunk\/","title":{"rendered":"Magyari-Beck Istv\u00e1nra, az MKT Kult\u00faragazdas\u00e1g Szakoszt\u00e1ly\u00e1nak alap\u00edt\u00f3 eln\u00f6k\u00e9re, professor emeritusra eml\u00e9kez\u00fcnk"},"content":{"rendered":"<p class=\"has-text-align-center\">MKT Kult\u00faragazdas\u00e1g Szakoszt\u00e1ly II. kerekasztal-konferencia<br>2014. j\u00fanius 13.<br>Magyari-Beck Istv\u00e1n bevezet\u0151 gondolatai:<\/p>\n\n\n\n<figure class=\"wp-block-audio\"><audio controls src=\"https:\/\/www.femmeharmone.com\/wp-content\/uploads\/2022\/12\/20140613_magyari_beck_cut.mp3\"><\/audio><\/figure>\n\n\n\n<div style=\"height:100px\" aria-hidden=\"true\" class=\"wp-block-spacer\"><\/div>\n\n\n\n<div data-wp-interactive=\"core\/file\" class=\"wp-block-file\"><object data-wp-bind--hidden=\"!state.hasPdfPreview\"  class=\"wp-block-file__embed\" data=\"https:\/\/www.femmeharmone.com\/wp-content\/uploads\/2023\/02\/ND_2022_Osz_v3_Magyari_Beck_Istvan.pdf\" type=\"application\/pdf\" style=\"width:100%;height:1500px\" aria-label=\"Embed of ND_2022_Osz_v3_Magyari_Beck_Istv\u00e1n.\"><\/object><a id=\"wp-block-file--media-2cb3b222-7f20-4cd4-8503-1e3cad1ec5c3\" href=\"https:\/\/www.femmeharmone.com\/wp-content\/uploads\/2023\/02\/ND_2022_Osz_v3_Magyari_Beck_Istvan.pdf\">ND_2022_Osz_v3_Magyari_Beck_Istv\u00e1n<\/a><a href=\"https:\/\/www.femmeharmone.com\/wp-content\/uploads\/2023\/02\/ND_2022_Osz_v3_Magyari_Beck_Istvan.pdf\" class=\"wp-block-file__button wp-element-button\" download aria-describedby=\"wp-block-file--media-2cb3b222-7f20-4cd4-8503-1e3cad1ec5c3\">Let\u00f6lt\u00e9s<\/a><\/div>","protected":false},"excerpt":{"rendered":"<p>MKT Kult\u00faragazdas\u00e1g Szakoszt\u00e1ly II. kerekasztal-konferencia2014. j\u00fanius 13.Magyari-Beck Istv\u00e1n bevezet\u0151 gondolatai:<\/p>","protected":false},"author":1,"featured_media":0,"parent":3053,"menu_order":4,"comment_status":"closed","ping_status":"closed","template":"page-article.php","meta":{"inline_featured_image":false,"footnotes":""},"categories":[],"tags":[],"_links":{"self":[{"href":"https:\/\/www.femmeharmone.com\/eng\/wp-json\/wp\/v2\/pages\/3115"}],"collection":[{"href":"https:\/\/www.femmeharmone.com\/eng\/wp-json\/wp\/v2\/pages"}],"about":[{"href":"https:\/\/www.femmeharmone.com\/eng\/wp-json\/wp\/v2\/types\/page"}],"author":[{"embeddable":true,"href":"https:\/\/www.femmeharmone.com\/eng\/wp-json\/wp\/v2\/users\/1"}],"replies":[{"embeddable":true,"href":"https:\/\/www.femmeharmone.com\/eng\/wp-json\/wp\/v2\/comments?post=3115"}],"version-history":[{"count":8,"href":"https:\/\/www.femmeharmone.com\/eng\/wp-json\/wp\/v2\/pages\/3115\/revisions"}],"predecessor-version":[{"id":3324,"href":"https:\/\/www.femmeharmone.com\/eng\/wp-json\/wp\/v2\/pages\/3115\/revisions\/3324"}],"up":[{"embeddable":true,"href":"https:\/\/www.femmeharmone.com\/eng\/wp-json\/wp\/v2\/pages\/3053"}],"wp:attachment":[{"href":"https:\/\/www.femmeharmone.com\/eng\/wp-json\/wp\/v2\/media?parent=3115"}],"wp:term":[{"taxonomy":"category","embeddable":true,"href":"https:\/\/www.femmeharmone.com\/eng\/wp-json\/wp\/v2\/categories?post=3115"},{"taxonomy":"post_tag","embeddable":true,"href":"https:\/\/www.femmeharmone.com\/eng\/wp-json\/wp\/v2\/tags?post=3115"}],"curies":[{"name":"wp","href":"https:\/\/api.w.org\/{rel}","templated":true}]}}