{"id":3221,"date":"2023-01-12T15:29:09","date_gmt":"2023-01-12T15:29:09","guid":{"rendered":"https:\/\/www.femmeharmone.com\/?page_id=3221"},"modified":"2023-11-04T12:50:00","modified_gmt":"2023-11-04T12:50:00","slug":"utodaink-jovoje","status":"publish","type":"page","link":"https:\/\/www.femmeharmone.com\/eng\/utodaink-jovoje\/","title":{"rendered":"Ut\u00f3daink j\u00f6v\u0151je"},"content":{"rendered":"<p>The <em>Future of Our Descendants<\/em> consistently validates the concept of orientation and information without bias. It presents readers with the possible explanations for the most current issues with a responsibility appropriate to the subject matter included in its title. Therefore, we can recommend it to all our readers.<\/p>\n\n\n\n<div style=\"height:50px\" aria-hidden=\"true\" class=\"wp-block-spacer\"><\/div>\n\n\n\n<div class=\"wp-block-buttons is-content-justification-center is-layout-flex wp-container-core-buttons-is-layout-1 wp-block-buttons-is-layout-flex\">\n<div class=\"wp-block-button\"><a class=\"wp-block-button__link wp-element-button\" href=\"https:\/\/utodaink-jovoje.hu\/\" target=\"_blank\" rel=\"noreferrer noopener\"><strong>Non-stop, future-oriented digital magazine<\/strong> (hungarian language only)<\/a><\/div>\n<\/div>\n\n\n\n<div style=\"height:50px\" aria-hidden=\"true\" class=\"wp-block-spacer\"><\/div>\n\n\n<div class=\"wp-block-image\">\n<figure class=\"aligncenter size-full\"><img loading=\"lazy\" decoding=\"async\" width=\"641\" height=\"480\" src=\"https:\/\/www.femmeharmone.com\/wp-content\/uploads\/2023\/01\/UtodainkJoveje_celok.jpg\" alt=\"\" class=\"wp-image-3232\" srcset=\"https:\/\/www.femmeharmone.com\/wp-content\/uploads\/2023\/01\/UtodainkJoveje_celok.jpg 641w, https:\/\/www.femmeharmone.com\/wp-content\/uploads\/2023\/01\/UtodainkJoveje_celok-300x225.jpg 300w, https:\/\/www.femmeharmone.com\/wp-content\/uploads\/2023\/01\/UtodainkJoveje_celok-16x12.jpg 16w\" sizes=\"(max-width: 641px) 100vw, 641px\" \/><\/figure><\/div>","protected":false},"excerpt":{"rendered":"<p>Az Ut\u00f3daink J\u00f6v\u0151je k\u00f6vetkezetesen \u00e9rv\u00e9nyes\u00edti az elfogults\u00e1g n\u00e9lk\u00fcli t\u00e1j\u00e9koz\u00f3d\u00e1s \u00e9s t\u00e1j\u00e9koztat\u00e1s koncepci\u00f3j\u00e1t. C\u00edm\u00e9be foglalt t\u00e1rgy\u00e1hoz ill\u0151 felel\u0151ss\u00e9ggel t\u00e1rja az olvas\u00f3k el\u00e9 a legaktu\u00e1lisabb k\u00e9rd\u00e9sekben a lehets\u00e9ges okfejt\u00e9seket. Ez\u00e9rt j\u00f3 sz\u00edvvel tudjuk aj\u00e1nlani minden olvas\u00f3nknak.<\/p>","protected":false},"author":1,"featured_media":0,"parent":0,"menu_order":6,"comment_status":"closed","ping_status":"closed","template":"","meta":{"inline_featured_image":false,"footnotes":""},"categories":[],"tags":[],"_links":{"self":[{"href":"https:\/\/www.femmeharmone.com\/eng\/wp-json\/wp\/v2\/pages\/3221"}],"collection":[{"href":"https:\/\/www.femmeharmone.com\/eng\/wp-json\/wp\/v2\/pages"}],"about":[{"href":"https:\/\/www.femmeharmone.com\/eng\/wp-json\/wp\/v2\/types\/page"}],"author":[{"embeddable":true,"href":"https:\/\/www.femmeharmone.com\/eng\/wp-json\/wp\/v2\/users\/1"}],"replies":[{"embeddable":true,"href":"https:\/\/www.femmeharmone.com\/eng\/wp-json\/wp\/v2\/comments?post=3221"}],"version-history":[{"count":8,"href":"https:\/\/www.femmeharmone.com\/eng\/wp-json\/wp\/v2\/pages\/3221\/revisions"}],"predecessor-version":[{"id":3776,"href":"https:\/\/www.femmeharmone.com\/eng\/wp-json\/wp\/v2\/pages\/3221\/revisions\/3776"}],"wp:attachment":[{"href":"https:\/\/www.femmeharmone.com\/eng\/wp-json\/wp\/v2\/media?parent=3221"}],"wp:term":[{"taxonomy":"category","embeddable":true,"href":"https:\/\/www.femmeharmone.com\/eng\/wp-json\/wp\/v2\/categories?post=3221"},{"taxonomy":"post_tag","embeddable":true,"href":"https:\/\/www.femmeharmone.com\/eng\/wp-json\/wp\/v2\/tags?post=3221"}],"curies":[{"name":"wp","href":"https:\/\/api.w.org\/{rel}","templated":true}]}}